{"id":87202,"date":"2024-06-30T17:53:38","date_gmt":"2024-06-30T18:05:44","guid":{"rendered":"https:\/\/factory.sale\/?post_type=product&#038;p=87202"},"modified":"2026-02-11T03:06:07","modified_gmt":"2026-02-11T00:06:07","slug":"ofuro-palju-integroidulla-kamiinalla-12x19m","status":"publish","type":"product","link":"https:\/\/factory.sale\/fi\/tuote\/ofuro-palju-integroidulla-kamiinalla-12x19m\/","title":{"rendered":"Ofuro palju integroidulla kamiinalla 1,2&#215;1,9m"},"content":{"rendered":"<p>Meid\u00e4n Ofuro palju integroidulla uunilla on luotu huolellisesti ja taidolla. Uusin malli sis\u00e4lt\u00e4\u00e4 tehokkaan 30 kW integroidun uunin, joka luo t\u00e4ydellisen romanttisen ilmapiirin kahdelle.<br \/>\nOta ensimm\u00e4inen askel kohti ylellist\u00e4 kylpyl\u00e4kokemusta kotona. Tilaa oma Ofuro t\u00e4n\u00e4\u00e4n ja koe mukavuus ja rentoutuminen uudella tavalla.<\/p>\n<p>&nbsp;<\/p>\n<p>&nbsp;<\/p>\n<p><strong>Tekniset tiedot:<\/strong><\/p>\n<div class=\"TyagGW_tableContainer\">\n<div class=\"group TyagGW_tableWrapper flex w-fit flex-col-reverse\" tabindex=\"-1\">\n<table class=\"w-fit min-w-(--thread-content-width)\" style=\"height: 244px;\" width=\"428\" data-start=\"487\" data-end=\"854\">\n<thead data-start=\"487\" data-end=\"532\">\n<tr data-start=\"487\" data-end=\"532\">\n<th data-start=\"487\" data-end=\"509\" data-col-size=\"sm\"><\/th>\n<th data-start=\"509\" data-end=\"532\" data-col-size=\"sm\"><\/th>\n<\/tr>\n<\/thead>\n<tbody data-start=\"579\" data-end=\"854\">\n<tr data-start=\"579\" data-end=\"624\">\n<td data-start=\"579\" data-end=\"601\" data-col-size=\"sm\">Muoto<\/td>\n<td data-start=\"601\" data-end=\"624\" data-col-size=\"sm\">Soikea<\/td>\n<\/tr>\n<tr data-start=\"625\" data-end=\"670\">\n<td data-start=\"625\" data-end=\"647\" data-col-size=\"sm\">Sis\u00e4inen halkaisija<\/td>\n<td data-start=\"647\" data-end=\"670\" data-col-size=\"sm\">100 cm \u00d7 170 cm<\/td>\n<\/tr>\n<tr data-start=\"671\" data-end=\"716\">\n<td data-start=\"671\" data-end=\"693\" data-col-size=\"sm\">Ulkoinen halkaisija<\/td>\n<td data-start=\"693\" data-end=\"716\" data-col-size=\"sm\">120 cm \u00d7 190 cm<\/td>\n<\/tr>\n<tr data-start=\"717\" data-end=\"762\">\n<td data-start=\"717\" data-end=\"739\" data-col-size=\"sm\">Sein\u00e4n korkeus<\/td>\n<td data-start=\"739\" data-end=\"762\" data-col-size=\"sm\">1 m<\/td>\n<\/tr>\n<tr data-start=\"763\" data-end=\"808\">\n<td data-start=\"763\" data-end=\"785\" data-col-size=\"sm\">Tilavuus<\/td>\n<td data-start=\"785\" data-end=\"808\" data-col-size=\"sm\">750\u2013800 l<\/td>\n<\/tr>\n<tr data-start=\"809\" data-end=\"854\">\n<td data-start=\"809\" data-end=\"831\" data-col-size=\"sm\">Paino<\/td>\n<td data-start=\"831\" data-end=\"854\" data-col-size=\"sm\">200 kg<\/td>\n<\/tr>\n<\/tbody>\n<\/table>\n<\/div>\n<\/div>\n<p>&nbsp;<\/p>\n<p>&nbsp;<\/p>\n<p><strong>Hinta sis\u00e4lt\u00e4\u00e4:<\/strong><\/p>\n<ul>\n<li>Ofuro lasikuitu kylpytynnyri verhoiltuna kuusesta<\/li>\n<li>Integroitu\u00a020kw kamiina, 304 ter\u00e4s<\/li>\n<li>2 metrin savupiippu<\/li>\n<li>Py\u00f6re\u00e4t portaat<\/li>\n<li>Minibaari<\/li>\n<li>Veden poisto hanalla<\/li>\n<li>Digitaalinen l\u00e4mp\u00f6mittari<\/li>\n<li>Eristys<\/li>\n<\/ul>\n<p>&nbsp;<\/p>\n<p>&nbsp;<\/p>\n<p>&nbsp;<\/p>\n<h2>Lis\u00e4varusteet<\/h2>\n<p><strong>Lasikuidun v\u00e4rivaihtoehdot:<\/strong><\/p>\n<p><img loading=\"lazy\" decoding=\"async\" class=\"alignnone wp-image-139582\" src=\"https:\/\/factory.sale\/wp-content\/uploads\/2024\/06\/Ufuro-vari-factory-sale-300x128.png\" alt=\"\" width=\"342\" height=\"146\" srcset=\"https:\/\/factory.sale\/wp-content\/uploads\/2024\/06\/Ufuro-vari-factory-sale-300x128.png 300w, https:\/\/factory.sale\/wp-content\/uploads\/2024\/06\/Ufuro-vari-factory-sale-150x64.png 150w, https:\/\/factory.sale\/wp-content\/uploads\/2024\/06\/Ufuro-vari-factory-sale-600x256.png 600w, https:\/\/factory.sale\/wp-content\/uploads\/2024\/06\/Ufuro-vari-factory-sale.png 722w\" sizes=\"auto, (max-width: 342px) 100vw, 342px\" \/><\/p>\n<p>&nbsp;<\/p>\n<p><strong>L\u00e4mmitin:<\/strong><\/p>\n<p><img loading=\"lazy\" decoding=\"async\" class=\"alignnone wp-image-139622\" src=\"https:\/\/factory.sale\/wp-content\/uploads\/2024\/06\/Ufuro-lammitin-factory-sale-300x61.png\" alt=\"\" width=\"640\" height=\"130\" srcset=\"https:\/\/factory.sale\/wp-content\/uploads\/2024\/06\/Ufuro-lammitin-factory-sale-300x61.png 300w, https:\/\/factory.sale\/wp-content\/uploads\/2024\/06\/Ufuro-lammitin-factory-sale-1024x208.png 1024w, https:\/\/factory.sale\/wp-content\/uploads\/2024\/06\/Ufuro-lammitin-factory-sale-150x30.png 150w, https:\/\/factory.sale\/wp-content\/uploads\/2024\/06\/Ufuro-lammitin-factory-sale-768x156.png 768w, https:\/\/factory.sale\/wp-content\/uploads\/2024\/06\/Ufuro-lammitin-factory-sale-1536x312.png 1536w, https:\/\/factory.sale\/wp-content\/uploads\/2024\/06\/Ufuro-lammitin-factory-sale-600x122.png 600w, https:\/\/factory.sale\/wp-content\/uploads\/2024\/06\/Ufuro-lammitin-factory-sale.png 1822w\" sizes=\"auto, (max-width: 640px) 100vw, 640px\" \/><\/p>\n<p>&nbsp;<\/p>\n<p>&nbsp;<\/p>\n<p><strong>Verhous:<\/strong><\/p>\n<p><img loading=\"lazy\" decoding=\"async\" class=\"alignnone wp-image-139587\" src=\"https:\/\/factory.sale\/wp-content\/uploads\/2024\/06\/Ufuro-verhous-factory-sale-300x50.png\" alt=\"\" width=\"690\" height=\"115\" srcset=\"https:\/\/factory.sale\/wp-content\/uploads\/2024\/06\/Ufuro-verhous-factory-sale-300x50.png 300w, https:\/\/factory.sale\/wp-content\/uploads\/2024\/06\/Ufuro-verhous-factory-sale-1024x171.png 1024w, https:\/\/factory.sale\/wp-content\/uploads\/2024\/06\/Ufuro-verhous-factory-sale-150x25.png 150w, https:\/\/factory.sale\/wp-content\/uploads\/2024\/06\/Ufuro-verhous-factory-sale-768x128.png 768w, https:\/\/factory.sale\/wp-content\/uploads\/2024\/06\/Ufuro-verhous-factory-sale-1536x257.png 1536w, https:\/\/factory.sale\/wp-content\/uploads\/2024\/06\/Ufuro-verhous-factory-sale-600x100.png 600w, https:\/\/factory.sale\/wp-content\/uploads\/2024\/06\/Ufuro-verhous-factory-sale.png 1818w\" sizes=\"auto, (max-width: 690px) 100vw, 690px\" \/><\/p>\n<p>&nbsp;<\/p>\n<p><strong>SPA j\u00e4rjestelm\u00e4:<\/strong><\/p>\n<p><img loading=\"lazy\" decoding=\"async\" class=\"alignnone wp-image-139591\" src=\"https:\/\/factory.sale\/wp-content\/uploads\/2024\/06\/Ufuro-jarjestelma-factory-sale-300x58.png\" alt=\"\" width=\"683\" height=\"132\" srcset=\"https:\/\/factory.sale\/wp-content\/uploads\/2024\/06\/Ufuro-jarjestelma-factory-sale-300x58.png 300w, https:\/\/factory.sale\/wp-content\/uploads\/2024\/06\/Ufuro-jarjestelma-factory-sale-1024x199.png 1024w, https:\/\/factory.sale\/wp-content\/uploads\/2024\/06\/Ufuro-jarjestelma-factory-sale-150x29.png 150w, https:\/\/factory.sale\/wp-content\/uploads\/2024\/06\/Ufuro-jarjestelma-factory-sale-768x149.png 768w, https:\/\/factory.sale\/wp-content\/uploads\/2024\/06\/Ufuro-jarjestelma-factory-sale-1536x299.png 1536w, https:\/\/factory.sale\/wp-content\/uploads\/2024\/06\/Ufuro-jarjestelma-factory-sale-600x117.png 600w, https:\/\/factory.sale\/wp-content\/uploads\/2024\/06\/Ufuro-jarjestelma-factory-sale.png 1850w\" sizes=\"auto, (max-width: 683px) 100vw, 683px\" \/><\/p>\n<p>&nbsp;<\/p>\n<p><strong>LED valaistus:<\/strong><\/p>\n<p><img loading=\"lazy\" decoding=\"async\" class=\"alignnone wp-image-139596\" src=\"https:\/\/factory.sale\/wp-content\/uploads\/2024\/06\/Ufuro-led-valaistus-factory-sale-300x52.png\" alt=\"\" width=\"681\" height=\"118\" srcset=\"https:\/\/factory.sale\/wp-content\/uploads\/2024\/06\/Ufuro-led-valaistus-factory-sale-300x52.png 300w, https:\/\/factory.sale\/wp-content\/uploads\/2024\/06\/Ufuro-led-valaistus-factory-sale-1024x179.png 1024w, https:\/\/factory.sale\/wp-content\/uploads\/2024\/06\/Ufuro-led-valaistus-factory-sale-150x26.png 150w, https:\/\/factory.sale\/wp-content\/uploads\/2024\/06\/Ufuro-led-valaistus-factory-sale-768x134.png 768w, https:\/\/factory.sale\/wp-content\/uploads\/2024\/06\/Ufuro-led-valaistus-factory-sale-1536x268.png 1536w, https:\/\/factory.sale\/wp-content\/uploads\/2024\/06\/Ufuro-led-valaistus-factory-sale-600x105.png 600w, https:\/\/factory.sale\/wp-content\/uploads\/2024\/06\/Ufuro-led-valaistus-factory-sale.png 1854w\" sizes=\"auto, (max-width: 681px) 100vw, 681px\" \/><\/p>\n<p>&nbsp;<\/p>\n<p><strong>Kannet:<\/strong><\/p>\n<p><img loading=\"lazy\" decoding=\"async\" class=\"alignnone wp-image-139600\" src=\"https:\/\/factory.sale\/wp-content\/uploads\/2024\/06\/Ufuro-kannet-factory-sale-300x59.png\" alt=\"\" width=\"681\" height=\"134\" srcset=\"https:\/\/factory.sale\/wp-content\/uploads\/2024\/06\/Ufuro-kannet-factory-sale-300x59.png 300w, https:\/\/factory.sale\/wp-content\/uploads\/2024\/06\/Ufuro-kannet-factory-sale-1024x201.png 1024w, https:\/\/factory.sale\/wp-content\/uploads\/2024\/06\/Ufuro-kannet-factory-sale-150x30.png 150w, https:\/\/factory.sale\/wp-content\/uploads\/2024\/06\/Ufuro-kannet-factory-sale-768x151.png 768w, https:\/\/factory.sale\/wp-content\/uploads\/2024\/06\/Ufuro-kannet-factory-sale-1536x302.png 1536w, https:\/\/factory.sale\/wp-content\/uploads\/2024\/06\/Ufuro-kannet-factory-sale-600x118.png 600w, https:\/\/factory.sale\/wp-content\/uploads\/2024\/06\/Ufuro-kannet-factory-sale.png 1596w\" sizes=\"auto, (max-width: 681px) 100vw, 681px\" \/><\/p>\n<p>&nbsp;<\/p>\n<p><strong>Suodattimet:<\/strong><\/p>\n<p><img loading=\"lazy\" decoding=\"async\" class=\"alignnone wp-image-139604\" src=\"https:\/\/factory.sale\/wp-content\/uploads\/2024\/06\/Ufuro-suodattimet-factory-sale-300x72.png\" alt=\"\" width=\"658\" height=\"158\" srcset=\"https:\/\/factory.sale\/wp-content\/uploads\/2024\/06\/Ufuro-suodattimet-factory-sale-300x72.png 300w, https:\/\/factory.sale\/wp-content\/uploads\/2024\/06\/Ufuro-suodattimet-factory-sale-1024x245.png 1024w, https:\/\/factory.sale\/wp-content\/uploads\/2024\/06\/Ufuro-suodattimet-factory-sale-150x36.png 150w, https:\/\/factory.sale\/wp-content\/uploads\/2024\/06\/Ufuro-suodattimet-factory-sale-768x183.png 768w, https:\/\/factory.sale\/wp-content\/uploads\/2024\/06\/Ufuro-suodattimet-factory-sale-1536x367.png 1536w, https:\/\/factory.sale\/wp-content\/uploads\/2024\/06\/Ufuro-suodattimet-factory-sale-600x143.png 600w, https:\/\/factory.sale\/wp-content\/uploads\/2024\/06\/Ufuro-suodattimet-factory-sale.png 1876w\" sizes=\"auto, (max-width: 658px) 100vw, 658px\" \/><\/p>\n<p>&nbsp;<\/p>\n<p><strong>Lis\u00e4t:<\/strong><\/p>\n<p><img loading=\"lazy\" decoding=\"async\" class=\"alignnone wp-image-139608\" src=\"https:\/\/factory.sale\/wp-content\/uploads\/2024\/06\/Ufuro-lisat-1-factory-sale-300x78.png\" alt=\"\" width=\"650\" height=\"169\" srcset=\"https:\/\/factory.sale\/wp-content\/uploads\/2024\/06\/Ufuro-lisat-1-factory-sale-300x78.png 300w, https:\/\/factory.sale\/wp-content\/uploads\/2024\/06\/Ufuro-lisat-1-factory-sale-1024x265.png 1024w, https:\/\/factory.sale\/wp-content\/uploads\/2024\/06\/Ufuro-lisat-1-factory-sale-150x39.png 150w, https:\/\/factory.sale\/wp-content\/uploads\/2024\/06\/Ufuro-lisat-1-factory-sale-768x199.png 768w, https:\/\/factory.sale\/wp-content\/uploads\/2024\/06\/Ufuro-lisat-1-factory-sale-1536x398.png 1536w, https:\/\/factory.sale\/wp-content\/uploads\/2024\/06\/Ufuro-lisat-1-factory-sale-600x155.png 600w, https:\/\/factory.sale\/wp-content\/uploads\/2024\/06\/Ufuro-lisat-1-factory-sale.png 1760w\" sizes=\"auto, (max-width: 650px) 100vw, 650px\" \/><\/p>\n<p><img loading=\"lazy\" decoding=\"async\" class=\"alignnone wp-image-139611\" src=\"https:\/\/factory.sale\/wp-content\/uploads\/2024\/06\/Ufuro-lisat-2-factory-sale-300x68.png\" alt=\"\" width=\"648\" height=\"147\" srcset=\"https:\/\/factory.sale\/wp-content\/uploads\/2024\/06\/Ufuro-lisat-2-factory-sale-300x68.png 300w, https:\/\/factory.sale\/wp-content\/uploads\/2024\/06\/Ufuro-lisat-2-factory-sale-1024x232.png 1024w, https:\/\/factory.sale\/wp-content\/uploads\/2024\/06\/Ufuro-lisat-2-factory-sale-150x34.png 150w, https:\/\/factory.sale\/wp-content\/uploads\/2024\/06\/Ufuro-lisat-2-factory-sale-768x174.png 768w, https:\/\/factory.sale\/wp-content\/uploads\/2024\/06\/Ufuro-lisat-2-factory-sale-1536x348.png 1536w, https:\/\/factory.sale\/wp-content\/uploads\/2024\/06\/Ufuro-lisat-2-factory-sale-600x136.png 600w, https:\/\/factory.sale\/wp-content\/uploads\/2024\/06\/Ufuro-lisat-2-factory-sale.png 1634w\" sizes=\"auto, (max-width: 648px) 100vw, 648px\" \/><\/p>\n<p>&nbsp;<\/p>\n<p><strong>Piirustukset:<\/strong><\/p>\n<p><img loading=\"lazy\" decoding=\"async\" class=\"alignnone wp-image-139616\" src=\"https:\/\/factory.sale\/wp-content\/uploads\/2024\/06\/Ufuro-piirustukset-factory-sale-300x118.png\" alt=\"\" width=\"427\" height=\"168\" srcset=\"https:\/\/factory.sale\/wp-content\/uploads\/2024\/06\/Ufuro-piirustukset-factory-sale-300x118.png 300w, https:\/\/factory.sale\/wp-content\/uploads\/2024\/06\/Ufuro-piirustukset-factory-sale-150x59.png 150w, https:\/\/factory.sale\/wp-content\/uploads\/2024\/06\/Ufuro-piirustukset-factory-sale-768x302.png 768w, https:\/\/factory.sale\/wp-content\/uploads\/2024\/06\/Ufuro-piirustukset-factory-sale-600x236.png 600w, https:\/\/factory.sale\/wp-content\/uploads\/2024\/06\/Ufuro-piirustukset-factory-sale.png 838w\" sizes=\"auto, (max-width: 427px) 100vw, 427px\" \/><\/p>\n<p>&nbsp;<\/p>\n<p><a href=\"https:\/\/factory.sale\/wp-content\/uploads\/2024\/06\/Ofuro-palju-integroidulla-kamiinalla-ohjeet-FIN.pdf\" target=\"_blank\" rel=\"noopener\">Ofuro palju integroidulla kamiinalla 1,2&#215;1,9m k\u00e4ytt\u00f6ohje<\/a><\/p>\n<p>&nbsp;<\/p>\n<div class=\"video-wrapper \"><\/div>\n","protected":false},"excerpt":{"rendered":"<p>Meid\u00e4n Ofuro palju integroidulla uunilla on luotu huolellisesti ja taidolla. Uusin malli sis\u00e4lt\u00e4\u00e4 tehokkaan 30 kW integroidun uunin, joka luo t\u00e4ydellisen romanttisen ilmapiirin kahdelle.<br \/>\nOta ensimm\u00e4inen askel kohti ylellist\u00e4 kylpyl\u00e4kokemusta kotona. Tilaa oma Ofuro t\u00e4n\u00e4\u00e4n ja koe mukavuus ja rentoutuminen uudella tavalla.<\/p>\n","protected":false},"featured_media":135137,"comment_status":"open","ping_status":"closed","template":"","meta":{"_acf_changed":false},"factory":[],"free-shipment":[],"product_brand":[],"product_cat":[2210,2588],"product_tag":[1488,2846,1489],"class_list":{"0":"post-87202","1":"product","2":"type-product","3":"status-publish","4":"has-post-thumbnail","6":"product_cat-kylpytynnyrit","7":"product_cat-lasikuituiset-kylpytynnyrit","8":"product_tag-garden-fi","9":"product_tag-hot-tub-fi","10":"product_tag-yard-fi","12":"first","13":"instock","14":"sale","15":"taxable","16":"shipping-taxable","17":"purchasable","18":"product-type-simple"},"acf":[],"_links":{"self":[{"href":"https:\/\/factory.sale\/fi\/wp-json\/wp\/v2\/product\/87202","targetHints":{"allow":["GET"]}}],"collection":[{"href":"https:\/\/factory.sale\/fi\/wp-json\/wp\/v2\/product"}],"about":[{"href":"https:\/\/factory.sale\/fi\/wp-json\/wp\/v2\/types\/product"}],"replies":[{"embeddable":true,"href":"https:\/\/factory.sale\/fi\/wp-json\/wp\/v2\/comments?post=87202"}],"wp:featuredmedia":[{"embeddable":true,"href":"https:\/\/factory.sale\/fi\/wp-json\/wp\/v2\/media\/135137"}],"wp:attachment":[{"href":"https:\/\/factory.sale\/fi\/wp-json\/wp\/v2\/media?parent=87202"}],"wp:term":[{"taxonomy":"factory","embeddable":true,"href":"https:\/\/factory.sale\/fi\/wp-json\/wp\/v2\/factory?post=87202"},{"taxonomy":"free-shipment","embeddable":true,"href":"https:\/\/factory.sale\/fi\/wp-json\/wp\/v2\/free-shipment?post=87202"},{"taxonomy":"product_brand","embeddable":true,"href":"https:\/\/factory.sale\/fi\/wp-json\/wp\/v2\/product_brand?post=87202"},{"taxonomy":"product_cat","embeddable":true,"href":"https:\/\/factory.sale\/fi\/wp-json\/wp\/v2\/product_cat?post=87202"},{"taxonomy":"product_tag","embeddable":true,"href":"https:\/\/factory.sale\/fi\/wp-json\/wp\/v2\/product_tag?post=87202"}],"curies":[{"name":"wp","href":"https:\/\/api.w.org\/{rel}","templated":true}]}}