{"id":87160,"date":"2024-06-29T09:03:06","date_gmt":"2024-06-30T08:07:59","guid":{"rendered":"https:\/\/factory.sale\/?post_type=product&#038;p=87160"},"modified":"2024-07-07T23:27:38","modified_gmt":"2024-07-07T23:27:38","slug":"palju-180-20-ulkoisella-40-kw-lammittimella","status":"publish","type":"product","link":"https:\/\/factory.sale\/fi\/tuote\/palju-180-20-ulkoisella-40-kw-lammittimella\/","title":{"rendered":"Palju 1,80\/2,0 ulkoisella 40 kW l\u00e4mmittimell\u00e4"},"content":{"rendered":"<p>T\u00e4m\u00e4 palju on py\u00f6re\u00e4 ja siin\u00e4 on lasikuitusisus, joka mahtuu jopa 6-8 henkil\u00f6\u00e4. Ulkoinen liesi on valmistettu ter\u00e4ksest\u00e4 304 ja siin\u00e4 on 2 metrin savupiippu katolla. Liesi voi l\u00e4mmitt\u00e4\u00e4 vett\u00e4 4,5-6 tunnissa s\u00e4\u00e4n ja veden l\u00e4mp\u00f6tilan mukaan. Puupinnoitteeksi voi valita siperialaisen kuusen, l\u00e4mp\u00f6puun tai tummanharmaan WPC. Paljussa on my\u00f6s puinen verhoilu, joka antaa sille luonnollisen ja l\u00e4mpim\u00e4n ilmeen. Mukana on my\u00f6s ulkoiset puiset portaat, jotka takaavat helpon p\u00e4\u00e4syn. Voit my\u00f6s personoida paljuasi lis\u00e4varusteilla.<\/p>\n<p>&nbsp;<\/p>\n<p>&nbsp;<\/p>\n<p><strong>Tekniset tiedot:<\/strong><\/p>\n<p>Muoto: Py\u00f6re\u00e4<br \/>\nSis\u00e4halkaisija: 1,8 m;<br \/>\nUlkohalkaisija: 2,0 m;<br \/>\nSein\u00e4n korkeus: 0,93 m;<br \/>\nPenkin korkeus: 28 cm;<br \/>\nVerhouslautojen paksuus: 20 mm;<br \/>\nTilavuus: 1500 l;<br \/>\nPaino: 230 kg;<br \/>\nSopii: 6-8 henkil\u00f6\u00e4.<\/p>\n<p>&nbsp;<\/p>\n<p>&nbsp;<\/p>\n<p><strong>Vakiosetti:<\/strong><\/p>\n<p>Puu \u2013 kuusi (standardi); Valinnainen: l\u00e4mp\u00f6puu, WPC (puumuovikomposiitti \u2013 koostuu 30 % puusta, 60 % muovista ja 10 % muista aineksista);<br \/>\nLasikuitupenkit;<br \/>\nUlkoinen l\u00e4mmitin;<br \/>\nUlkopuoliset puiset portaat.<br \/>\nPalju 40 kW ulkoisella l\u00e4mmittimell\u00e4:<\/p>\n<p><em>Ennen paljun k\u00e4ytt\u00f6\u00f6nottoa suosittelemme lukemaan yleiset tiedot.<\/em><\/p>\n<p>&nbsp;<\/p>\n<p>&nbsp;<\/p>\n<p><strong>Lasikuidun v\u00e4rit:<\/strong><\/p>\n<p>Helmenharmaa, helmenvalkoinen, helmen sininen<\/p>\n<p><img loading=\"lazy\" decoding=\"async\" class=\"alignnone wp-image-87089\" src=\"https:\/\/factory.sale\/wp-content\/uploads\/2024\/06\/fiberglass-colour-300x85.png\" alt=\"\" width=\"593\" height=\"168\" srcset=\"https:\/\/factory.sale\/wp-content\/uploads\/2024\/06\/fiberglass-colour-300x85.png 300w, https:\/\/factory.sale\/wp-content\/uploads\/2024\/06\/fiberglass-colour-150x43.png 150w, https:\/\/factory.sale\/wp-content\/uploads\/2024\/06\/fiberglass-colour-600x170.png 600w, https:\/\/factory.sale\/wp-content\/uploads\/2024\/06\/fiberglass-colour.png 648w\" sizes=\"auto, (max-width: 593px) 100vw, 593px\" \/><\/p>\n<p>&nbsp;<\/p>\n<p><strong>Puun vaihtoehdot:<\/strong><\/p>\n<p>Kuusi 0.- \/ L\u00e4mp\u00f6puu 302,1 .-\/ WPC 228 .-<\/p>\n<p>Ulkoinen kyll\u00e4stys \/ maalaus: 51,3 .-<\/p>\n<p><img loading=\"lazy\" decoding=\"async\" class=\"alignnone wp-image-87150\" src=\"https:\/\/factory.sale\/wp-content\/uploads\/2024\/06\/wooden-me-wood-300x64.png\" alt=\"\" width=\"581\" height=\"124\" srcset=\"https:\/\/factory.sale\/wp-content\/uploads\/2024\/06\/wooden-me-wood-300x64.png 300w, https:\/\/factory.sale\/wp-content\/uploads\/2024\/06\/wooden-me-wood-150x32.png 150w, https:\/\/factory.sale\/wp-content\/uploads\/2024\/06\/wooden-me-wood-600x127.png 600w, https:\/\/factory.sale\/wp-content\/uploads\/2024\/06\/wooden-me-wood.png 622w\" sizes=\"auto, (max-width: 581px) 100vw, 581px\" \/><\/p>\n<p>&nbsp;<\/p>\n<p>&nbsp;<\/p>\n<p><strong>L<\/strong><strong>\u00e4mmitin:<\/strong><\/p>\n<p>Ter\u00e4s 304 \/ 0 .-<\/p>\n<p>Ter\u00e4s 316 \/ 188,1 .-<\/p>\n<p>&nbsp;<\/p>\n<p>&nbsp;<\/p>\n<p><strong>Lis\u00e4varusteet l\u00e4mmittimelle:<\/strong><\/p>\n<p>Ruostumattomasta ter\u00e4ksest\u00e4 kaaret ulkoiselle l\u00e4mmittimelle (2 kpl) 51,3 .-<\/p>\n<p>Savupiipun hattu kipin\u00e4suojalla tavallisen savupiipun sijasta 17,1 .-<\/p>\n<p>Savupiipun suoja 39,9 .-<\/p>\n<p>1 m lis\u00e4savupiippu 22,8 .-<\/p>\n<p>&nbsp;<\/p>\n<p>&nbsp;<\/p>\n<p><strong>Lis\u00e4l\u00e4mmitysvaihtoehdot:<\/strong><\/p>\n<p>L\u00e4mmitys \u2013 s\u00e4hk\u00f6inen 3 KW\/220v\/ 627 .-<\/p>\n<p>L\u00e4mmitys \u2013 s\u00e4hk\u00f6inen 6 KW\/380v\/ 627 .-<\/p>\n<p>&nbsp;<\/p>\n<p>&nbsp;<\/p>\n<p><strong>Kannet (musta, ruskea, harmaa):<\/strong><\/p>\n<p>Telttakansi 125,4 .-<\/p>\n<p>L\u00e4mp\u00f6kansi 250,8 .-<\/p>\n<p><img loading=\"lazy\" decoding=\"async\" class=\"alignnone wp-image-87094\" src=\"https:\/\/factory.sale\/wp-content\/uploads\/2024\/06\/covers-300x69.png\" alt=\"\" width=\"591\" height=\"136\" srcset=\"https:\/\/factory.sale\/wp-content\/uploads\/2024\/06\/covers-300x69.png 300w, https:\/\/factory.sale\/wp-content\/uploads\/2024\/06\/covers-150x34.png 150w, https:\/\/factory.sale\/wp-content\/uploads\/2024\/06\/covers-600x137.png 600w, https:\/\/factory.sale\/wp-content\/uploads\/2024\/06\/covers.png 612w\" sizes=\"auto, (max-width: 591px) 100vw, 591px\" \/><\/p>\n<p>&nbsp;<\/p>\n<p>&nbsp;<\/p>\n<p><strong>PVC-kannen v\u00e4ri:<\/strong><\/p>\n<p><img loading=\"lazy\" decoding=\"async\" class=\"alignnone wp-image-87097\" src=\"https:\/\/factory.sale\/wp-content\/uploads\/2024\/06\/PVC-300x58.png\" alt=\"\" width=\"595\" height=\"115\" srcset=\"https:\/\/factory.sale\/wp-content\/uploads\/2024\/06\/PVC-300x58.png 300w, https:\/\/factory.sale\/wp-content\/uploads\/2024\/06\/PVC-150x29.png 150w, https:\/\/factory.sale\/wp-content\/uploads\/2024\/06\/PVC-600x116.png 600w, https:\/\/factory.sale\/wp-content\/uploads\/2024\/06\/PVC.png 650w\" sizes=\"auto, (max-width: 595px) 100vw, 595px\" \/><\/p>\n<p>&nbsp;<\/p>\n<p>&nbsp;<\/p>\n<p><strong>SPA-j\u00e4rjestelm\u00e4t:<\/strong><\/p>\n<p>Vesi SPA -j\u00e4rjestelm\u00e4 6 suutinta 313,5 .-<\/p>\n<p>Ilma SPA -j\u00e4rjestelm\u00e4 12 suutinta 313,5 .-<\/p>\n<p>Lis\u00e4suutin 11,4 .-<\/p>\n<p>Vuotokytkin 79,8 .-<\/p>\n<p>&nbsp;<\/p>\n<p>&nbsp;<\/p>\n<p><strong>LED-valaistus:<\/strong><\/p>\n<p>1 LED 62,7 .-<\/p>\n<p>6 MINI LED \u00e4 96,9 .-<\/p>\n<p>Lis\u00e4 MINI LED 11,4 .-<\/p>\n<p>&nbsp;<\/p>\n<p>&nbsp;<\/p>\n<p>&nbsp;<\/p>\n<p><strong>Hiekkasuodatin ja tarvikkeet:<\/strong><\/p>\n<p>Hiekkasuodatin 438,9 .-<\/p>\n<p>Suodatusliit\u00e4nn\u00e4t 96,9 .-<\/p>\n<p>Koristelaatikko hiekkasuodattimelle 39,9 .-<\/p>\n<p>Puu laatikko hiekkasuodattimelle 62,7 .-<\/p>\n<p>&nbsp;<\/p>\n<p>&nbsp;<\/p>\n<p><strong><em>Saatavilla on enemm\u00e4n lis\u00e4varusteita, kysy lis\u00e4\u00e4.<\/em><\/strong><\/p>\n<p>&nbsp;<\/p>\n<p>&nbsp;<\/p>\n<p><a href=\"https:\/\/factory.sale\/wp-content\/uploads\/2024\/07\/Porealtaan-kayttoohje.pdf\" target=\"_blank\" rel=\"noopener\">Porealtaan k\u00e4ytt\u00f6ohje<\/a><\/p>\n","protected":false},"excerpt":{"rendered":"<p>T\u00e4m\u00e4 palju on py\u00f6re\u00e4 ja siin\u00e4 on lasikuitusisus, joka mahtuu jopa 6-8 henkil\u00f6\u00e4. Ulkoinen liesi on valmistettu ter\u00e4ksest\u00e4 304 ja siin\u00e4 on 2 metrin savupiippu katolla. Liesi voi l\u00e4mmitt\u00e4\u00e4 vett\u00e4 4,5-6 tunnissa s\u00e4\u00e4n ja veden l\u00e4mp\u00f6tilan mukaan. Puupinnoitteeksi voi valita siperialaisen kuusen, l\u00e4mp\u00f6puun tai tummanharmaan WPC.<\/p>\n","protected":false},"featured_media":87139,"comment_status":"open","ping_status":"closed","template":"","meta":{"_acf_changed":false},"factory":[],"free-shipment":[],"product_brand":[],"product_cat":[2210,2588],"product_tag":[1488,2846,1489],"class_list":{"0":"post-87160","1":"product","2":"type-product","3":"status-publish","4":"has-post-thumbnail","6":"product_cat-kylpytynnyrit","7":"product_cat-lasikuituiset-kylpytynnyrit","8":"product_tag-garden-fi","9":"product_tag-hot-tub-fi","10":"product_tag-yard-fi","12":"first","13":"instock","14":"sale","15":"taxable","16":"shipping-taxable","17":"purchasable","18":"product-type-simple"},"acf":[],"_links":{"self":[{"href":"https:\/\/factory.sale\/fi\/wp-json\/wp\/v2\/product\/87160","targetHints":{"allow":["GET"]}}],"collection":[{"href":"https:\/\/factory.sale\/fi\/wp-json\/wp\/v2\/product"}],"about":[{"href":"https:\/\/factory.sale\/fi\/wp-json\/wp\/v2\/types\/product"}],"replies":[{"embeddable":true,"href":"https:\/\/factory.sale\/fi\/wp-json\/wp\/v2\/comments?post=87160"}],"wp:featuredmedia":[{"embeddable":true,"href":"https:\/\/factory.sale\/fi\/wp-json\/wp\/v2\/media\/87139"}],"wp:attachment":[{"href":"https:\/\/factory.sale\/fi\/wp-json\/wp\/v2\/media?parent=87160"}],"wp:term":[{"taxonomy":"factory","embeddable":true,"href":"https:\/\/factory.sale\/fi\/wp-json\/wp\/v2\/factory?post=87160"},{"taxonomy":"free-shipment","embeddable":true,"href":"https:\/\/factory.sale\/fi\/wp-json\/wp\/v2\/free-shipment?post=87160"},{"taxonomy":"product_brand","embeddable":true,"href":"https:\/\/factory.sale\/fi\/wp-json\/wp\/v2\/product_brand?post=87160"},{"taxonomy":"product_cat","embeddable":true,"href":"https:\/\/factory.sale\/fi\/wp-json\/wp\/v2\/product_cat?post=87160"},{"taxonomy":"product_tag","embeddable":true,"href":"https:\/\/factory.sale\/fi\/wp-json\/wp\/v2\/product_tag?post=87160"}],"curies":[{"name":"wp","href":"https:\/\/api.w.org\/{rel}","templated":true}]}}