{"id":86956,"date":"2024-06-25T23:29:46","date_gmt":"2024-06-26T06:43:21","guid":{"rendered":"https:\/\/factory.sale\/?post_type=product&#038;p=86956"},"modified":"2024-06-26T09:06:02","modified_gmt":"2024-06-26T09:06:02","slug":"moduulisauna-grilli","status":"publish","type":"product","link":"https:\/\/factory.sale\/fi\/tuote\/moduulisauna-grilli\/","title":{"rendered":"Moduulisauna + grilli"},"content":{"rendered":"<p><strong>Tekniset tiedot:<\/strong><\/p>\n<p>Pituus: 5,5 m (2,5 m sauna + 3 m avoin grilli);<br \/>\nLeveys: 2,4 m;<br \/>\nKorkeus: 5 m (ilman savupiippua);<br \/>\nMateriaali:<br \/>\nAvoin grilli \u2013 runko Kuusipuu 95\u00d745 mm. Ulkopuoli on p\u00e4\u00e4llystetty 20 mm paksuilla viimeistelylaudoilla, lattian runko puuta 95\u00d745 mm, p\u00e4\u00e4llystetty kyll\u00e4stetyill\u00e4 32 mm lattialaudoilla.<\/p>\n<p>Sauna: runko Kuusipuu 95\u00d745 mm. Ulkopuoli on p\u00e4\u00e4llystetty 20 mm paksuilla viimeistelylaudoilla, lattian runko puuta 95\u00d745 mm, p\u00e4\u00e4llystetty kyll\u00e4stetyill\u00e4 32 mm lattialaudoilla. Kaikki saunan rungot on eristetty 10 cm kivivillalla. Sisustus on paneloitu lepp\u00e4puulla.<\/p>\n<p>Ovi: Lasinen ovi on valmistettu 8 mm tummennetusta, karkaistusta lasista.<br \/>\nIkkuna: panoraamaikkuna 2 m x 2 m on valmistettu 8 mm tummennetusta, karkaistusta lasista.<\/p>\n<p>&nbsp;<\/p>\n<p>&nbsp;<\/p>\n<p><strong>Vakiosetti:<\/strong><\/p>\n<p>Keskusvakio BBQ + Laajennettava vakiosavupiippu<br \/>\nEristetty saunahuone + avoin grillihuone<br \/>\nLaajennettava vakiosavupiippu<br \/>\nKaksitasoiset saunapenkit<br \/>\nKaksi penkki\u00e4 grillihuoneessa<br \/>\nS\u00e4hk\u00f6kiuas Harvia Cilinder 9 kW<br \/>\nS\u00e4hk\u00f6asennus<br \/>\nTuuletus<br \/>\nToimitetaan t\u00e4ysin koottuna (BBQ-savupiippu pakattuna erikseen). Valmis k\u00e4ytett\u00e4v\u00e4ksi!<\/p>\n<p>&nbsp;<\/p>\n<p><strong>V\u00e4rvit:<\/strong><\/p>\n<p><img loading=\"lazy\" decoding=\"async\" class=\"alignnone  wp-image-86977\" src=\"https:\/\/factory.sale\/wp-content\/uploads\/2024\/06\/colours-sauna-1-1-265x300.png\" alt=\"\" width=\"345\" height=\"391\" srcset=\"https:\/\/factory.sale\/wp-content\/uploads\/2024\/06\/colours-sauna-1-1-265x300.png 265w, https:\/\/factory.sale\/wp-content\/uploads\/2024\/06\/colours-sauna-1-1-132x150.png 132w, https:\/\/factory.sale\/wp-content\/uploads\/2024\/06\/colours-sauna-1-1-600x680.png 600w, https:\/\/factory.sale\/wp-content\/uploads\/2024\/06\/colours-sauna-1-1.png 676w\" sizes=\"auto, (max-width: 345px) 100vw, 345px\" \/><img loading=\"lazy\" decoding=\"async\" class=\"alignnone wp-image-86980\" src=\"https:\/\/factory.sale\/wp-content\/uploads\/2024\/06\/colours-sauna-2-1-300x227.png\" alt=\"\" width=\"354\" height=\"268\" \/><\/p>\n<p>&nbsp;<\/p>\n<p>&nbsp;<\/p>\n<p><strong>Saunan lis\u00e4varusteet:<\/strong><\/p>\n<p>Puiset kauha 17,25 .-<\/p>\n<p>L\u00e4mp\u00f6mittari-kosteusmittari 40,25 .-<\/p>\n<p>Vaatekoukku 11,5 .-<\/p>\n<p>P\u00e4\u00e4nalunen 28,75 .-<\/p>\n<p>&nbsp;<\/p>\n<p><a href=\"https:\/\/dealers.woodenme.com\/sauna-usage-maintenance-guidelines\/\" target=\"_blank\" rel=\"noopener\">Saunan k\u00e4ytt\u00f6- ja huolto-ohjeet<\/a><\/p>\n<p>&nbsp;<\/p>\n<p>&nbsp;<\/p>\n<div class=\"video-wrapper \"><iframe loading=\"lazy\" title=\"Sauna + Grill\" width=\"500\" height=\"281\" src=\"https:\/\/www.youtube.com\/embed\/fzcB0ipB2_0?feature=oembed\" frameborder=\"0\" allow=\"accelerometer; autoplay; clipboard-write; encrypted-media; gyroscope; picture-in-picture; web-share\" referrerpolicy=\"strict-origin-when-cross-origin\" allowfullscreen><\/iframe><\/div>\n","protected":false},"excerpt":{"rendered":"<ul>\n<li>Keskusvakio BBQ + Laajennettava vakiosavupiippu<\/li>\n<li>Eristetty saunahuone + avoin grillihuone<\/li>\n<li>Laajennettava vakiosavupiippu<\/li>\n<li>Kaksitasoiset saunapenkit<\/li>\n<li>Kaksi penkki\u00e4 grillihuoneessa<\/li>\n<li>S\u00e4hk\u00f6kiuas Harvia Cilinder 9 kW<\/li>\n<li>S\u00e4hk\u00f6asennus<\/li>\n<li>Tuuletus<\/li>\n<li>Toimitetaan t\u00e4ysin koottuna (BBQ-savupiippu pakattuna erikseen). Valmis k\u00e4ytett\u00e4v\u00e4ksi!<\/li>\n<\/ul>\n","protected":false},"featured_media":86940,"comment_status":"open","ping_status":"closed","template":"","meta":{"_acf_changed":false},"factory":[],"free-shipment":[],"product_brand":[],"product_cat":[1317,2258],"product_tag":[],"class_list":{"0":"post-86956","1":"product","2":"type-product","3":"status-publish","4":"has-post-thumbnail","6":"product_cat-sauna-fi","7":"product_cat-saunakuutiot","9":"first","10":"instock","11":"sale","12":"taxable","13":"shipping-taxable","14":"purchasable","15":"product-type-simple"},"acf":[],"_links":{"self":[{"href":"https:\/\/factory.sale\/fi\/wp-json\/wp\/v2\/product\/86956","targetHints":{"allow":["GET"]}}],"collection":[{"href":"https:\/\/factory.sale\/fi\/wp-json\/wp\/v2\/product"}],"about":[{"href":"https:\/\/factory.sale\/fi\/wp-json\/wp\/v2\/types\/product"}],"replies":[{"embeddable":true,"href":"https:\/\/factory.sale\/fi\/wp-json\/wp\/v2\/comments?post=86956"}],"wp:featuredmedia":[{"embeddable":true,"href":"https:\/\/factory.sale\/fi\/wp-json\/wp\/v2\/media\/86940"}],"wp:attachment":[{"href":"https:\/\/factory.sale\/fi\/wp-json\/wp\/v2\/media?parent=86956"}],"wp:term":[{"taxonomy":"factory","embeddable":true,"href":"https:\/\/factory.sale\/fi\/wp-json\/wp\/v2\/factory?post=86956"},{"taxonomy":"free-shipment","embeddable":true,"href":"https:\/\/factory.sale\/fi\/wp-json\/wp\/v2\/free-shipment?post=86956"},{"taxonomy":"product_brand","embeddable":true,"href":"https:\/\/factory.sale\/fi\/wp-json\/wp\/v2\/product_brand?post=86956"},{"taxonomy":"product_cat","embeddable":true,"href":"https:\/\/factory.sale\/fi\/wp-json\/wp\/v2\/product_cat?post=86956"},{"taxonomy":"product_tag","embeddable":true,"href":"https:\/\/factory.sale\/fi\/wp-json\/wp\/v2\/product_tag?post=86956"}],"curies":[{"name":"wp","href":"https:\/\/api.w.org\/{rel}","templated":true}]}}