{"id":86917,"date":"2024-06-26T10:56:35","date_gmt":"2024-06-26T10:57:55","guid":{"rendered":"https:\/\/factory.sale\/?post_type=product&#038;p=86917"},"modified":"2024-10-31T10:51:47","modified_gmt":"2024-10-31T07:51:47","slug":"paviljon-double-165-m%c2%b2-165-m%c2%b2","status":"publish","type":"product","link":"https:\/\/factory.sale\/fi\/tuote\/paviljon-double-165-m%c2%b2-165-m%c2%b2\/","title":{"rendered":"Paviljon Double 16,5 m\u00b2 + 16,5 m\u00b2"},"content":{"rendered":"<p>Paviljon Double 16,5 m\u00b2 + 16,5 m\u00b2, jossa 3 m k\u00e4yt\u00e4v\u00e4, on upea kauneuden ja muotoilun taideteos. T\u00e4m\u00e4 paviljonki her\u00e4tt\u00e4\u00e4 naapureiden, vieraiden tai uteliaiden ohikulkijoiden huomion. Takaamme, ett\u00e4 nautit jokaisesta hetkest\u00e4, jonka viet\u00e4t omassa miniravintolassasi. Sinulla on loistava paikka paeta huoliasi ja uppoutua omaan rauhallisuuden keitaaseesi.<\/p>\n<p>&nbsp;<\/p>\n<p>&nbsp;<\/p>\n<p><strong>Tekniset tiedot:<\/strong><\/p>\n<p>Majoituskapasiteetti: 15-30 henkil\u00f6\u00e4<br \/>\nPuu: m\u00e4nty<br \/>\nMuoto: kahdeksankulmainen<br \/>\nUlkomitat: 12,02 m x 4,52 m<br \/>\nSis\u00e4tila: 2 x 16,5 m\u00b2 + 5,4 m\u00b2 k\u00e4yt\u00e4v\u00e4<br \/>\nKorkeus: 3,574 m<br \/>\nSein\u00e4n korkeus: 1,95 m<br \/>\nSein\u00e4n paksuus: 45 mm<br \/>\nLattialautojen paksuus: 18 mm<br \/>\nKattolaudan paksuus: 18 mm<br \/>\nKattomateriaali: suomalaiset bitumikattotiilet<br \/>\nIkkunan koko: 13 kpl (7 avattavaa) kaksinkertaisella lasilla, ikkunan koko 1020 x 1060 mm<br \/>\nOven koko: 1020 x 1600 mm, liimapuuta (m\u00e4nty)<\/p>\n<p>T\u00e4m\u00e4 paviljonki toimitetaan k\u00e4sittelem\u00e4tt\u00f6m\u00e4n\u00e4\/maalaamattomana.<\/p>\n<p>&nbsp;<\/p>\n<p>&nbsp;<\/p>\n<p><strong>Vakiovarustus:<\/strong><\/p>\n<p>Lattialaudat<br \/>\nPaviljongin sein\u00e4t<br \/>\nKatto peitetty bitumikattotiilill\u00e4<br \/>\n13 kaksinkertaisella lasilla varustettua ikkunaa (7 avattavaa)<br \/>\n2 ranskalaista tyyli\u00e4 olevaa kaksinkertaisella lasilla varustettua ovea puukahvalla ja lukolla<br \/>\nHuom: BBQ-setti, penkit ja sis\u00e4sein\u00e4t eiv\u00e4t sis\u00e4lly pakkaukseen ja ne tulee tilata erikseen.<\/p>\n<p>&nbsp;<\/p>\n<p><strong>Toimitus:<\/strong> paviljonki toimitetaan lavoilla, lavan koko:<\/p>\n<p>1 lava (1,2 x 3,5 x 2,6) 1800 kg<br \/>\n1 lava (1,2 x 3,5 x 2,6) 1800 kg<br \/>\n1 lava (1,2 x 4,0 x 2,6) 900 kg<\/p>\n<p><img loading=\"lazy\" decoding=\"async\" class=\"alignnone wp-image-86912\" src=\"https:\/\/factory.sale\/wp-content\/uploads\/2024\/06\/grill-moodud-6-300x163.png\" alt=\"\" width=\"683\" height=\"371\" srcset=\"https:\/\/factory.sale\/wp-content\/uploads\/2024\/06\/grill-moodud-6-300x163.png 300w, https:\/\/factory.sale\/wp-content\/uploads\/2024\/06\/grill-moodud-6-1024x555.png 1024w, https:\/\/factory.sale\/wp-content\/uploads\/2024\/06\/grill-moodud-6-150x81.png 150w, https:\/\/factory.sale\/wp-content\/uploads\/2024\/06\/grill-moodud-6-1536x833.png 1536w, https:\/\/factory.sale\/wp-content\/uploads\/2024\/06\/grill-moodud-6-2048x1111.png 2048w, https:\/\/factory.sale\/wp-content\/uploads\/2024\/06\/grill-moodud-6-600x325.png 600w\" sizes=\"auto, (max-width: 683px) 100vw, 683px\" \/><\/p>\n<p>&nbsp;<\/p>\n<p>&nbsp;<\/p>\n<p><strong>Katon v\u00e4ri:<\/strong><\/p>\n<p>Musta, punainen, vihre\u00e4, harmaa<\/p>\n<p><img loading=\"lazy\" decoding=\"async\" class=\"alignnone wp-image-86383\" src=\"https:\/\/factory.sale\/wp-content\/uploads\/2024\/06\/colours-2-300x69.png\" alt=\"\" width=\"757\" height=\"174\" srcset=\"https:\/\/factory.sale\/wp-content\/uploads\/2024\/06\/colours-2-300x69.png 300w, https:\/\/factory.sale\/wp-content\/uploads\/2024\/06\/colours-2-150x35.png 150w, https:\/\/factory.sale\/wp-content\/uploads\/2024\/06\/colours-2-600x139.png 600w, https:\/\/factory.sale\/wp-content\/uploads\/2024\/06\/colours-2.png 640w\" sizes=\"auto, (max-width: 757px) 100vw, 757px\" \/><\/p>\n<p>&nbsp;<\/p>\n<p>&nbsp;<\/p>\n<p><strong>Lis\u00e4ksi saatavilla (hinnat ilman ALV):<\/strong><\/p>\n<p><strong>BBQ grilli ja savupiippu:<\/strong><\/p>\n<p>Standard 8 kulmaa 661,25 .-<br \/>\nLuxury 1075,25 .-<br \/>\nFlame 1219 .-<br \/>\nLarge flame 1598,5 .-<br \/>\nGrillip\u00f6yd\u00e4n turvakaide 80,5 .-<br \/>\nBBQ p\u00f6yd\u00e4n kansi 23 .-<br \/>\nSavunpoistaja 506 .-<br \/>\nLuksus BBQ p\u00f6yt\u00e4 103,5 .-<\/p>\n<p>&nbsp;<\/p>\n<p><strong>Sis\u00e4penkit:<\/strong><\/p>\n<p>Yhdess\u00e4 paviljongissa 126,5 .-<br \/>\nKahdessa paviljongissa 253 .-<br \/>\nV\u00e4lisein\u00e4 ovilla 189,75 .-<\/p>\n<p>&nbsp;<\/p>\n<p><strong>Avattavat ikkunat:<\/strong><\/p>\n<p>7 kolmestatoista (vakio) \/ 0 .-<br \/>\n8 kolmestatoista \/ 75,9 .-<br \/>\n9 kolmestatoista \/ 155,25 .-<br \/>\n10 kolmestatoista \/ 230 .-<br \/>\n11 kolmestatoista \/ 303,6 .-<br \/>\n12 kolmestatoista \/ 379,5 .-<br \/>\n13 kolmestatoista \/ 455,4 .-<\/p>\n<p>&nbsp;<\/p>\n<p><strong>Lattiavaihtoehdot:<\/strong><\/p>\n<p>Luksuslattia 28 mm 885,5 .-<br \/>\nLuksus eristetty lattia 1265 .-<br \/>\nLuksus eristetty lattia ilmanvaihdolla 28 mm 1581,25 .-<\/p>\n<p>&nbsp;<\/p>\n<p><strong><em>Saatavilla my\u00f6s lis\u00e4varusteita, kysy lis\u00e4tietoja.<\/em><\/strong><\/p>\n<div style=\"width: 1920px;\" class=\"wp-video\"><!--[if lt IE 9]><script>document.createElement('video');<\/script><![endif]-->\n<video class=\"wp-video-shortcode\" id=\"video-86917-1\" width=\"1920\" height=\"1080\" preload=\"metadata\" controls=\"controls\"><source type=\"video\/mp4\" src=\"https:\/\/factory.sale\/wp-content\/uploads\/2024\/06\/VID_20200513_113117.mp4?_=1\" \/><a href=\"https:\/\/factory.sale\/wp-content\/uploads\/2024\/06\/VID_20200513_113117.mp4\">https:\/\/factory.sale\/wp-content\/uploads\/2024\/06\/VID_20200513_113117.mp4<\/a><\/video><\/div>\n","protected":false},"excerpt":{"rendered":"<p>Paviljon Double 16,5 m\u00b2 + 16,5 m\u00b2, jossa 3 m k\u00e4yt\u00e4v\u00e4, on upea kauneuden ja muotoilun taideteos. T\u00e4m\u00e4 paviljonki her\u00e4tt\u00e4\u00e4 naapureiden, vieraiden tai uteliaiden ohikulkijoiden huomion. Takaamme, ett\u00e4 nautit jokaisesta hetkest\u00e4, jonka viet\u00e4t omassa miniravintolassasi. Sinulla on loistava paikka paeta huoliasi ja uppoutua omaan rauhallisuuden keitaaseesi.<\/p>\n","protected":false},"featured_media":87048,"comment_status":"open","ping_status":"closed","template":"","meta":{"_acf_changed":false},"factory":[],"free-shipment":[],"product_brand":[],"product_cat":[2925,997],"product_tag":[1488,1489],"class_list":{"0":"post-86917","1":"product","2":"type-product","3":"status-publish","4":"has-post-thumbnail","6":"product_cat-grillikatokset","7":"product_cat-piha-puutarha-fi","8":"product_tag-garden-fi","9":"product_tag-yard-fi","11":"first","12":"instock","13":"sale","14":"taxable","15":"shipping-taxable","16":"purchasable","17":"product-type-simple"},"acf":[],"_links":{"self":[{"href":"https:\/\/factory.sale\/fi\/wp-json\/wp\/v2\/product\/86917","targetHints":{"allow":["GET"]}}],"collection":[{"href":"https:\/\/factory.sale\/fi\/wp-json\/wp\/v2\/product"}],"about":[{"href":"https:\/\/factory.sale\/fi\/wp-json\/wp\/v2\/types\/product"}],"replies":[{"embeddable":true,"href":"https:\/\/factory.sale\/fi\/wp-json\/wp\/v2\/comments?post=86917"}],"wp:featuredmedia":[{"embeddable":true,"href":"https:\/\/factory.sale\/fi\/wp-json\/wp\/v2\/media\/87048"}],"wp:attachment":[{"href":"https:\/\/factory.sale\/fi\/wp-json\/wp\/v2\/media?parent=86917"}],"wp:term":[{"taxonomy":"factory","embeddable":true,"href":"https:\/\/factory.sale\/fi\/wp-json\/wp\/v2\/factory?post=86917"},{"taxonomy":"free-shipment","embeddable":true,"href":"https:\/\/factory.sale\/fi\/wp-json\/wp\/v2\/free-shipment?post=86917"},{"taxonomy":"product_brand","embeddable":true,"href":"https:\/\/factory.sale\/fi\/wp-json\/wp\/v2\/product_brand?post=86917"},{"taxonomy":"product_cat","embeddable":true,"href":"https:\/\/factory.sale\/fi\/wp-json\/wp\/v2\/product_cat?post=86917"},{"taxonomy":"product_tag","embeddable":true,"href":"https:\/\/factory.sale\/fi\/wp-json\/wp\/v2\/product_tag?post=86917"}],"curies":[{"name":"wp","href":"https:\/\/api.w.org\/{rel}","templated":true}]}}