{"id":86904,"date":"2024-06-25T22:10:43","date_gmt":"2024-06-25T22:18:41","guid":{"rendered":"https:\/\/factory.sale\/?post_type=product&#038;p=86904"},"modified":"2024-10-31T10:53:49","modified_gmt":"2024-10-31T07:53:49","slug":"kaksiosainen-grillimokki-165-m%c2%b2-25-m%c2%b2","status":"publish","type":"product","link":"https:\/\/factory.sale\/fi\/tuote\/kaksiosainen-grillimokki-165-m%c2%b2-25-m%c2%b2\/","title":{"rendered":"Kaksiosainen grillim\u00f6kki 16,5 m\u00b2 + 25 m\u00b2"},"content":{"rendered":"<p>Kaksiosainen grillim\u00f6kki 16,5 m\u00b2 + 25 m\u00b2, jossa 2,5 m k\u00e4yt\u00e4v\u00e4, on upea kauneuden ja muotoilun taideteos. T\u00e4m\u00e4 m\u00f6kki her\u00e4tt\u00e4\u00e4 naapureiden, vieraiden tai uteliaiden ohikulkijoiden huomion. Takaamme, ett\u00e4 nautit jokaisesta hetkest\u00e4, jonka viet\u00e4t omassa miniravintolassasi. Sinulla on loistava paikka paeta huoliasi ja uppoutua omaan rauhallisuuden keitaaseesi.<\/p>\n<p>&nbsp;<\/p>\n<p>&nbsp;<\/p>\n<p><strong>Tekniset tiedot:<\/strong><\/p>\n<p>Majoituskapasiteetti: 21-36 henkil\u00f6\u00e4<br \/>\nPuu: m\u00e4nty<br \/>\nMuoto: kahdeksankulmainen<br \/>\nSis\u00e4tila: 16,5 m\u00b2 + 25 m\u00b2, jossa 2,5 m k\u00e4yt\u00e4v\u00e4<br \/>\nKorkeus: 4,65 m<br \/>\nSein\u00e4n korkeus: 1,20 m<br \/>\nSein\u00e4n paksuus: 45 mm<br \/>\nLattialautojen paksuus: 18 mm<br \/>\nKattolaudan paksuus: 18 mm<br \/>\nKattomateriaali: suomalaiset bitumikattotiilet<br \/>\nIkkunan koko: 880 x 510 mm, 8 kpl (4 avattavaa)<br \/>\nOven koko: 780 x 1500 mm, liimapuuta (m\u00e4nty)<\/p>\n<p>&nbsp;<\/p>\n<p>&nbsp;<\/p>\n<p><strong>Vakiovarustus:<\/strong><\/p>\n<p>Lattialaudat<br \/>\nSuorat sein\u00e4t<br \/>\nKatto peitetty bitumikattotiilill\u00e4<br \/>\nLaajennettava vakiosavupiippu<br \/>\n9 kaksinkertaisella lasilla varustettua ikkunaa (5 avattavaa)<br \/>\nHuom: BBQ-setti, penkit ja sis\u00e4sein\u00e4t eiv\u00e4t sis\u00e4lly pakkaukseen ja ne tulee tilata erikseen.<\/p>\n<p>&nbsp;<\/p>\n<p><strong>Toimitus:<\/strong> m\u00f6kki toimitetaan lavoilla, lavan koko:<\/p>\n<p>1 kpl (1,2 x 2,45 x 2,6) 1100 kg<br \/>\n1 kpl (1,2 x 3,5 x 2,6) 1800 kg<br \/>\n1 kpl (1,2 x 2,45 x 2,6) 700 kg<\/p>\n<p><img loading=\"lazy\" decoding=\"async\" class=\"alignnone wp-image-86886\" src=\"https:\/\/factory.sale\/wp-content\/uploads\/2024\/06\/grill-moodud-5-300x156.png\" alt=\"\" width=\"548\" height=\"285\" srcset=\"https:\/\/factory.sale\/wp-content\/uploads\/2024\/06\/grill-moodud-5-300x156.png 300w, https:\/\/factory.sale\/wp-content\/uploads\/2024\/06\/grill-moodud-5-1024x532.png 1024w, https:\/\/factory.sale\/wp-content\/uploads\/2024\/06\/grill-moodud-5-150x78.png 150w, https:\/\/factory.sale\/wp-content\/uploads\/2024\/06\/grill-moodud-5-1536x798.png 1536w, https:\/\/factory.sale\/wp-content\/uploads\/2024\/06\/grill-moodud-5-2048x1063.png 2048w, https:\/\/factory.sale\/wp-content\/uploads\/2024\/06\/grill-moodud-5-600x312.png 600w\" sizes=\"auto, (max-width: 548px) 100vw, 548px\" \/><\/p>\n<p>&nbsp;<\/p>\n<p><strong>Katon v\u00e4ri:<\/strong><\/p>\n<p>Musta, punainen, vihre\u00e4, harmaa<\/p>\n<p><img loading=\"lazy\" decoding=\"async\" class=\"alignnone wp-image-86383\" src=\"https:\/\/factory.sale\/wp-content\/uploads\/2024\/06\/colours-2-300x69.png\" alt=\"\" width=\"626\" height=\"144\" srcset=\"https:\/\/factory.sale\/wp-content\/uploads\/2024\/06\/colours-2-300x69.png 300w, https:\/\/factory.sale\/wp-content\/uploads\/2024\/06\/colours-2-150x35.png 150w, https:\/\/factory.sale\/wp-content\/uploads\/2024\/06\/colours-2-600x139.png 600w, https:\/\/factory.sale\/wp-content\/uploads\/2024\/06\/colours-2.png 640w\" sizes=\"auto, (max-width: 626px) 100vw, 626px\" \/><\/p>\n<p>&nbsp;<\/p>\n<p><strong>Lis\u00e4ksi saatavilla (hinnat ilman ALV):<\/strong><\/p>\n<p><strong>BBQ grilli ja savupiippu:<\/strong><\/p>\n<p>Standard 8 kulmaa 661,25 .-<br \/>\nLuxury 1075,25 .-<br \/>\nFlame 1219 .-<br \/>\nLarge flame 1598,5 .-<br \/>\nGrillip\u00f6yd\u00e4n turvakaide 80,5 .-<br \/>\nBBQ p\u00f6yd\u00e4n kansi 20,7 .-<br \/>\nSavunpoistaja 506 .-<br \/>\nLuksus BBQ p\u00f6yt\u00e4 103,5 .-<\/p>\n<p>&nbsp;<\/p>\n<p>&nbsp;<\/p>\n<p><strong>Sis\u00e4penkit:<\/strong><\/p>\n<p>Yhdess\u00e4 m\u00f6kiss\u00e4 126,5 .-<br \/>\nKahdessa m\u00f6kiss\u00e4 253 .-<br \/>\nV\u00e4lisein\u00e4 ovilla 189,75 .-<\/p>\n<p>&nbsp;<\/p>\n<p><strong>Ikkunat:<\/strong><\/p>\n<p>Kattoikkuna 189,75 .-<br \/>\nKattoluukku 569,25 .-<br \/>\nVerhot 32,2 .-<\/p>\n<p>&nbsp;<\/p>\n<p>&nbsp;<\/p>\n<p><strong>Sein\u00e4n korkeus:<\/strong><\/p>\n<p>Vakio 120 cm 0 .-<br \/>\n133 cm 379,5 .-<br \/>\n146 cm 759 .-<\/p>\n<p>&nbsp;<\/p>\n<p>&nbsp;<\/p>\n<p><strong>Avattavat ikkunat:<\/strong><\/p>\n<p>5 yhdeks\u00e4st\u00e4 (vakio) \/ 0 .-<br \/>\n6 yhdeks\u00e4st\u00e4 \/ 74,75 .-<br \/>\n7 yhdeks\u00e4st\u00e4 \/ 115 .-<br \/>\n8 yhdeks\u00e4st\u00e4 \/ 155,25 .-<br \/>\n9 yhdeks\u00e4st\u00e4 \/ 195,5 .-<br \/>\nEristetty katto \/ 1581,25 .-<\/p>\n<p>&nbsp;<\/p>\n<p>&nbsp;<\/p>\n<p><strong>Lattiavaihtoehdot:<\/strong><\/p>\n<p>Luksuslattia 28 mm 1012 .-<br \/>\nLuksus eristetty lattia 1454,75 .-<br \/>\nLuksus eristetty lattia ilmanvaihdolla 28 mm 1960,75 .-<\/p>\n<p>&nbsp;<\/p>\n<p><strong><em>Saatavilla my\u00f6s lis\u00e4varusteita, kysy lis\u00e4tietoja.<\/em><\/strong><\/p>\n<p>&nbsp;<\/p>\n<p>&nbsp;<\/p>\n<p>&nbsp;<\/p>\n<p><a href=\"https:\/\/factory.sale\/wp-content\/uploads\/2024\/06\/Double-25-assembly-instruction.pdf\" target=\"_blank\" rel=\"noopener\">Asennus<\/a><\/p>\n<p><a href=\"https:\/\/factory.sale\/wp-content\/uploads\/2024\/06\/Roof-insulation.pdf\" target=\"_blank\" rel=\"noopener\">Eristetty katto<\/a><\/p>\n<div style=\"width: 1920px;\" class=\"wp-video\"><!--[if lt IE 9]><script>document.createElement('video');<\/script><![endif]-->\n<video class=\"wp-video-shortcode\" id=\"video-86904-1\" width=\"1920\" height=\"1080\" preload=\"metadata\" controls=\"controls\"><source type=\"video\/mp4\" src=\"https:\/\/factory.sale\/wp-content\/uploads\/2024\/06\/VID_20200513_113117.mp4?_=1\" \/><a href=\"https:\/\/factory.sale\/wp-content\/uploads\/2024\/06\/VID_20200513_113117.mp4\">https:\/\/factory.sale\/wp-content\/uploads\/2024\/06\/VID_20200513_113117.mp4<\/a><\/video><\/div>\n","protected":false},"excerpt":{"rendered":"<p>Kaksiosainen grillim\u00f6kki 16,5 m\u00b2 + 25 m\u00b2, jossa 2,5 m k\u00e4yt\u00e4v\u00e4, on upea kauneuden ja muotoilun taideteos. T\u00e4m\u00e4 m\u00f6kki her\u00e4tt\u00e4\u00e4 naapureiden, vieraiden tai uteliaiden ohikulkijoiden huomion. Takaamme, ett\u00e4 nautit jokaisesta hetkest\u00e4, jonka viet\u00e4t omassa miniravintolassasi. Sinulla on loistava paikka paeta huoliasi ja uppoutua omaan rauhallisuuden keitaaseesi.<\/p>\n","protected":false},"featured_media":86897,"comment_status":"open","ping_status":"closed","template":"","meta":{"_acf_changed":false},"factory":[],"free-shipment":[],"product_brand":[],"product_cat":[2925,997],"product_tag":[],"class_list":{"0":"post-86904","1":"product","2":"type-product","3":"status-publish","4":"has-post-thumbnail","6":"product_cat-grillikatokset","7":"product_cat-piha-puutarha-fi","9":"first","10":"instock","11":"sale","12":"taxable","13":"shipping-taxable","14":"purchasable","15":"product-type-simple"},"acf":[],"_links":{"self":[{"href":"https:\/\/factory.sale\/fi\/wp-json\/wp\/v2\/product\/86904","targetHints":{"allow":["GET"]}}],"collection":[{"href":"https:\/\/factory.sale\/fi\/wp-json\/wp\/v2\/product"}],"about":[{"href":"https:\/\/factory.sale\/fi\/wp-json\/wp\/v2\/types\/product"}],"replies":[{"embeddable":true,"href":"https:\/\/factory.sale\/fi\/wp-json\/wp\/v2\/comments?post=86904"}],"wp:featuredmedia":[{"embeddable":true,"href":"https:\/\/factory.sale\/fi\/wp-json\/wp\/v2\/media\/86897"}],"wp:attachment":[{"href":"https:\/\/factory.sale\/fi\/wp-json\/wp\/v2\/media?parent=86904"}],"wp:term":[{"taxonomy":"factory","embeddable":true,"href":"https:\/\/factory.sale\/fi\/wp-json\/wp\/v2\/factory?post=86904"},{"taxonomy":"free-shipment","embeddable":true,"href":"https:\/\/factory.sale\/fi\/wp-json\/wp\/v2\/free-shipment?post=86904"},{"taxonomy":"product_brand","embeddable":true,"href":"https:\/\/factory.sale\/fi\/wp-json\/wp\/v2\/product_brand?post=86904"},{"taxonomy":"product_cat","embeddable":true,"href":"https:\/\/factory.sale\/fi\/wp-json\/wp\/v2\/product_cat?post=86904"},{"taxonomy":"product_tag","embeddable":true,"href":"https:\/\/factory.sale\/fi\/wp-json\/wp\/v2\/product_tag?post=86904"}],"curies":[{"name":"wp","href":"https:\/\/api.w.org\/{rel}","templated":true}]}}