{"id":86877,"date":"2024-06-26T11:07:09","date_gmt":"2024-06-26T11:08:24","guid":{"rendered":"https:\/\/factory.sale\/?post_type=product&#038;p=86877"},"modified":"2024-10-31T10:49:50","modified_gmt":"2024-10-31T07:49:50","slug":"twin-grillimokki-165-m%c2%b2","status":"publish","type":"product","link":"https:\/\/factory.sale\/fi\/tuote\/twin-grillimokki-165-m%c2%b2\/","title":{"rendered":"Twin grillim\u00f6kki 16,5 m\u00b2"},"content":{"rendered":"<p>Twin grillim\u00f6kki 16,5 m\u00b2 on upea kauneuden ja muotoilun taideteos. T\u00e4m\u00e4 m\u00f6kki her\u00e4tt\u00e4\u00e4 naapureiden, vieraiden tai uteliaiden ohikulkijoiden huomion. Takaamme, ett\u00e4 nautit jokaisesta hetkest\u00e4, jonka viet\u00e4t omassa miniravintolassasi.<\/p>\n<p>&nbsp;<\/p>\n<p>&nbsp;<\/p>\n<p><strong>Tekniset tiedot:<\/strong><\/p>\n<p>Majoituskapasiteetti: 26-39 henkil\u00f6\u00e4<br \/>\nPuu: m\u00e4nty<br \/>\nMuoto: 2 toisiinsa yhdistetty\u00e4 kahdeksankulmaista m\u00f6kki\u00e4<br \/>\nUlkomitat: 5,13 m x 12,66 m<br \/>\nSis\u00e4mitat: 4,53 m x 12,06 m<br \/>\nSis\u00e4tila: 2 x 16,5 m\u00b2 m\u00f6kki + 5,78 m\u00b2 k\u00e4yt\u00e4v\u00e4<br \/>\nKorkeus: 3,55 m<br \/>\nSein\u00e4n korkeus: 1,20 m<br \/>\nSein\u00e4n paksuus: 45 mm<br \/>\nLattialautojen paksuus: 18 mm<br \/>\nKattolaudan paksuus: 18 mm<br \/>\nKattomateriaali: suomalaiset bitumikattotiilet<br \/>\nIkkunan koko: 9 kpl (5 avattavaa) kaksinkertaisella lasilla, ikkunan koko 880 x 510 mm<br \/>\nOven koko: 780 x 1500 mm, liimapuuta (m\u00e4nty)<\/p>\n<p>&nbsp;<\/p>\n<p>&nbsp;<\/p>\n<p><strong>Vakiovarustus:<\/strong><\/p>\n<p>Lattialaudat<br \/>\nSuorat sein\u00e4t<br \/>\nKatto peitetty bitumikattotiilill\u00e4<br \/>\nLaajennettava vakiosavupiippu<br \/>\n9 kaksinkertaisella lasilla varustettua ikkunaa (5 avattavaa)<br \/>\nHuom: BBQ-setti, penkit ja sis\u00e4sein\u00e4t eiv\u00e4t sis\u00e4lly pakkaukseen ja ne tulee tilata erikseen.<\/p>\n<p>&nbsp;<\/p>\n<p><strong>Toimitus:<\/strong> m\u00f6kki toimitetaan lavoilla, lavan koko:<\/p>\n<p>1 kpl (1,2 x 3,5 x 2,6) 1800 kg<br \/>\n1 kpl (1,2 x 3,5 x 2,6) 1800 kg<br \/>\n1 kpl (1,2 x 3,8 x 2,6) 900 kg<\/p>\n<p><img loading=\"lazy\" decoding=\"async\" class=\"alignnone wp-image-86876\" src=\"https:\/\/factory.sale\/wp-content\/uploads\/2024\/06\/grill-moodud-4-300x172.png\" alt=\"\" width=\"588\" height=\"337\" srcset=\"https:\/\/factory.sale\/wp-content\/uploads\/2024\/06\/grill-moodud-4-300x172.png 300w, https:\/\/factory.sale\/wp-content\/uploads\/2024\/06\/grill-moodud-4-1024x586.png 1024w, https:\/\/factory.sale\/wp-content\/uploads\/2024\/06\/grill-moodud-4-150x86.png 150w, https:\/\/factory.sale\/wp-content\/uploads\/2024\/06\/grill-moodud-4-1536x879.png 1536w, https:\/\/factory.sale\/wp-content\/uploads\/2024\/06\/grill-moodud-4-600x343.png 600w, https:\/\/factory.sale\/wp-content\/uploads\/2024\/06\/grill-moodud-4.png 1640w\" sizes=\"auto, (max-width: 588px) 100vw, 588px\" \/><\/p>\n<p>&nbsp;<\/p>\n<p>&nbsp;<\/p>\n<p><strong>Katon v\u00e4ri:<\/strong><\/p>\n<p>Musta, punainen, vihre\u00e4, harmaa<\/p>\n<p><img loading=\"lazy\" decoding=\"async\" class=\"alignnone wp-image-86383\" src=\"https:\/\/factory.sale\/wp-content\/uploads\/2024\/06\/colours-2-300x69.png\" alt=\"\" width=\"704\" height=\"162\" srcset=\"https:\/\/factory.sale\/wp-content\/uploads\/2024\/06\/colours-2-300x69.png 300w, https:\/\/factory.sale\/wp-content\/uploads\/2024\/06\/colours-2-150x35.png 150w, https:\/\/factory.sale\/wp-content\/uploads\/2024\/06\/colours-2-600x139.png 600w, https:\/\/factory.sale\/wp-content\/uploads\/2024\/06\/colours-2.png 640w\" sizes=\"auto, (max-width: 704px) 100vw, 704px\" \/><\/p>\n<p>&nbsp;<\/p>\n<p><strong>Lis\u00e4ksi saatavilla (hinnat ilman ALV):<\/strong><\/p>\n<p><strong>BBQ grilli ja savupiippu:<\/strong><\/p>\n<p>Standard 6 kulmaa 598 .-<br \/>\nLuxury 1075,25 .-<br \/>\nFlame 1219 .-<br \/>\nLarge flame 1598,5 .-<br \/>\nGrillip\u00f6yd\u00e4n turvakaide 80,5 .-<br \/>\nBBQ p\u00f6yd\u00e4n kansi 20,7 .-<br \/>\nSavunpoistaja 506 .-<br \/>\nLuksus BBQ p\u00f6yt\u00e4 103,5 .-<\/p>\n<p>&nbsp;<\/p>\n<p>&nbsp;<\/p>\n<p><strong>Sis\u00e4penkit:<\/strong><\/p>\n<p>Yhdess\u00e4 m\u00f6kiss\u00e4 126,5 .-<br \/>\nKahdessa m\u00f6kiss\u00e4 253 .-<br \/>\nV\u00e4lisein\u00e4 ovilla 189,75 .-<\/p>\n<p>&nbsp;<\/p>\n<p>&nbsp;<\/p>\n<p><strong>Ikkunat:<\/strong><\/p>\n<p>Kattoikkuna 189,75 .-<br \/>\nKattoluukku 569,25 .-<br \/>\nVerhot 32,2 .-<\/p>\n<p>&nbsp;<\/p>\n<p>&nbsp;<\/p>\n<p><strong>Sein\u00e4n korkeus:<\/strong><\/p>\n<p>Vakio 120 cm 0 .-<br \/>\n133 cm 379,5 .-<br \/>\n146 cm 759 .-<\/p>\n<p>&nbsp;<\/p>\n<p><strong>Avattavat ikkunat:<\/strong><\/p>\n<p>5 yhdeks\u00e4st\u00e4 (vakio) \/ 0 .-<br \/>\n6 yhdeks\u00e4st\u00e4 \/ 40,25 .-<br \/>\n7 yhdeks\u00e4st\u00e4 \/ 74,75 .-<br \/>\n8 yhdeks\u00e4st\u00e4 \/ 115 .-<br \/>\n9 yhdeks\u00e4st\u00e4 \/ 155,25 .-<\/p>\n<p>&nbsp;<\/p>\n<p>Eristetty katto \/ 1581,25 .-<\/p>\n<p>&nbsp;<\/p>\n<p>&nbsp;<\/p>\n<p><strong>Lattiavaihtoehdot:<\/strong><\/p>\n<p>Luksuslattia 28 mm 885,5 .-<br \/>\nLuksus eristetty lattia 1265 .-<br \/>\nLuksus eristetty lattia ilmanvaihdolla 28 mm 1581,25 .-<\/p>\n<p>&nbsp;<\/p>\n<p>&nbsp;<\/p>\n<p><em><strong>Saatavilla my\u00f6s lis\u00e4varusteita, kysy lis\u00e4tietoja.<\/strong><\/em><\/p>\n<p>&nbsp;<\/p>\n<p><a href=\"https:\/\/factory.sale\/wp-content\/uploads\/2024\/06\/Grill-Cabin-16.5-16.5-assembly.pdf\" target=\"_blank\" rel=\"noopener\">Asennus<\/a><\/p>\n<p><a href=\"https:\/\/factory.sale\/wp-content\/uploads\/2024\/06\/Grill-Cabin-16.5-16.5-facade.pdf\" target=\"_blank\" rel=\"noopener\">Julkisivupiirustus<\/a><\/p>\n<div style=\"width: 1920px;\" class=\"wp-video\"><!--[if lt IE 9]><script>document.createElement('video');<\/script><![endif]-->\n<video class=\"wp-video-shortcode\" id=\"video-86877-1\" width=\"1920\" height=\"1080\" preload=\"metadata\" controls=\"controls\"><source type=\"video\/mp4\" src=\"https:\/\/factory.sale\/wp-content\/uploads\/2024\/06\/VID_20200513_113117.mp4?_=1\" \/><a href=\"https:\/\/factory.sale\/wp-content\/uploads\/2024\/06\/VID_20200513_113117.mp4\">https:\/\/factory.sale\/wp-content\/uploads\/2024\/06\/VID_20200513_113117.mp4<\/a><\/video><\/div>\n","protected":false},"excerpt":{"rendered":"<p>Twin grillim\u00f6kki 16,5 m\u00b2 on upea kauneuden ja muotoilun taideteos. T\u00e4m\u00e4 m\u00f6kki her\u00e4tt\u00e4\u00e4 naapureiden, vieraiden tai uteliaiden ohikulkijoiden huomion. Takaamme, ett\u00e4 nautit jokaisesta hetkest\u00e4, jonka viet\u00e4t omassa miniravintolassasi.<\/p>\n","protected":false},"featured_media":87057,"comment_status":"open","ping_status":"closed","template":"","meta":{"_acf_changed":false},"factory":[],"free-shipment":[],"product_brand":[],"product_cat":[2925,997],"product_tag":[1488,1489],"class_list":{"0":"post-86877","1":"product","2":"type-product","3":"status-publish","4":"has-post-thumbnail","6":"product_cat-grillikatokset","7":"product_cat-piha-puutarha-fi","8":"product_tag-garden-fi","9":"product_tag-yard-fi","11":"first","12":"instock","13":"sale","14":"taxable","15":"shipping-taxable","16":"purchasable","17":"product-type-simple"},"acf":[],"_links":{"self":[{"href":"https:\/\/factory.sale\/fi\/wp-json\/wp\/v2\/product\/86877","targetHints":{"allow":["GET"]}}],"collection":[{"href":"https:\/\/factory.sale\/fi\/wp-json\/wp\/v2\/product"}],"about":[{"href":"https:\/\/factory.sale\/fi\/wp-json\/wp\/v2\/types\/product"}],"replies":[{"embeddable":true,"href":"https:\/\/factory.sale\/fi\/wp-json\/wp\/v2\/comments?post=86877"}],"wp:featuredmedia":[{"embeddable":true,"href":"https:\/\/factory.sale\/fi\/wp-json\/wp\/v2\/media\/87057"}],"wp:attachment":[{"href":"https:\/\/factory.sale\/fi\/wp-json\/wp\/v2\/media?parent=86877"}],"wp:term":[{"taxonomy":"factory","embeddable":true,"href":"https:\/\/factory.sale\/fi\/wp-json\/wp\/v2\/factory?post=86877"},{"taxonomy":"free-shipment","embeddable":true,"href":"https:\/\/factory.sale\/fi\/wp-json\/wp\/v2\/free-shipment?post=86877"},{"taxonomy":"product_brand","embeddable":true,"href":"https:\/\/factory.sale\/fi\/wp-json\/wp\/v2\/product_brand?post=86877"},{"taxonomy":"product_cat","embeddable":true,"href":"https:\/\/factory.sale\/fi\/wp-json\/wp\/v2\/product_cat?post=86877"},{"taxonomy":"product_tag","embeddable":true,"href":"https:\/\/factory.sale\/fi\/wp-json\/wp\/v2\/product_tag?post=86877"}],"curies":[{"name":"wp","href":"https:\/\/api.w.org\/{rel}","templated":true}]}}