{"id":86842,"date":"2024-06-25T19:10:17","date_gmt":"2024-06-25T19:38:01","guid":{"rendered":"https:\/\/factory.sale\/?post_type=product&#038;p=86842"},"modified":"2024-10-31T10:55:36","modified_gmt":"2024-10-31T07:55:36","slug":"camping-grillimokki-92-m%c2%b2-92-m%c2%b2","status":"publish","type":"product","link":"https:\/\/factory.sale\/fi\/tuote\/camping-grillimokki-92-m%c2%b2-92-m%c2%b2\/","title":{"rendered":"Camping grillim\u00f6kki 9,2 m\u00b2 + 9,2 m\u00b2"},"content":{"rendered":"<p>Camping grillim\u00f6kki 9,2 m\u00b2 + 9,2 m\u00b2: Ihmiset rakastavat m\u00f6kkien kuusikulmaista muotoa ja k\u00e4ytt\u00e4v\u00e4t niit\u00e4 usein puutarhavajoina, kes\u00e4asuntoina, ty\u00f6pajoina, kalastajam\u00f6kkein\u00e4, leirim\u00f6kkein\u00e4, ravintoloina, joulum\u00f6kkein\u00e4 ja moniin muihin tarkoituksiin.<\/p>\n<p>&nbsp;<\/p>\n<p><strong>Tekniset tiedot:<\/strong><\/p>\n<p>Majoituskapasiteetti: 24-30 henkil\u00f6\u00e4<br \/>\nPuu: m\u00e4nty<br \/>\nMuoto: kuusikulmio<br \/>\nUlkomitat: 3,77 m x 8,41 m<br \/>\nSis\u00e4tila: 9,2 m\u00b2 (2 kpl) + 3,38 m\u00b2 k\u00e4yt\u00e4v\u00e4<br \/>\nKorkeus: 2,90 m<br \/>\nSein\u00e4n korkeus: 1,20 m<br \/>\nSein\u00e4n paksuus: 45 mm<br \/>\nLattialautojen paksuus: 18 mm<br \/>\nKattolaudan paksuus: 18 mm<br \/>\nKattomateriaali: suomalaiset bitumikattotiilet<br \/>\nIkkunan koko: 7 kpl (3 avattavaa) kaksinkertaisella lasilla, ikkunan koko 880 x 510 mm<br \/>\nOven koko: 780 x 1500 mm, liimapuuta (m\u00e4nty)<\/p>\n<p>&nbsp;<\/p>\n<p>&nbsp;<\/p>\n<p><strong>Vakiovarustus:<\/strong><\/p>\n<p>Lattialaudat<br \/>\nSuorat sein\u00e4t<br \/>\nKatto peitetty bitumikattotiilill\u00e4<br \/>\nLaajennettava vakiosavupiippu<br \/>\n7 kaksinkertaisella lasilla varustettua ikkunaa (3 avattavaa)<br \/>\nHuom: BBQ-setti, penkit ja sis\u00e4sein\u00e4t eiv\u00e4t sis\u00e4lly pakkaukseen ja ne tulee tilata erikseen.<\/p>\n<p>&nbsp;<\/p>\n<p>&nbsp;<\/p>\n<p><strong>Toimitus: m\u00f6kki toimitetaan lavoilla, lavan koko:<\/strong><\/p>\n<p>1 lava (1,2 x 2,5 x 2,6) 1200 kg, 1 lava (1,2 x 2,5 x 2,6) 1200 kg ja 1 lava (1,2 x 3,0 x 2,6) 600 kg<\/p>\n<p><img loading=\"lazy\" decoding=\"async\" class=\"alignnone wp-image-86846\" src=\"https:\/\/factory.sale\/wp-content\/uploads\/2024\/06\/grill-moodud-2-300x194.png\" alt=\"\" width=\"577\" height=\"373\" srcset=\"https:\/\/factory.sale\/wp-content\/uploads\/2024\/06\/grill-moodud-2-300x194.png 300w, https:\/\/factory.sale\/wp-content\/uploads\/2024\/06\/grill-moodud-2-1024x662.png 1024w, https:\/\/factory.sale\/wp-content\/uploads\/2024\/06\/grill-moodud-2-150x97.png 150w, https:\/\/factory.sale\/wp-content\/uploads\/2024\/06\/grill-moodud-2-1536x993.png 1536w, https:\/\/factory.sale\/wp-content\/uploads\/2024\/06\/grill-moodud-2-600x388.png 600w, https:\/\/factory.sale\/wp-content\/uploads\/2024\/06\/grill-moodud-2.png 1590w\" sizes=\"auto, (max-width: 577px) 100vw, 577px\" \/><\/p>\n<p>&nbsp;<\/p>\n<p><strong>Katon v\u00e4ri:<\/strong><\/p>\n<p>Musta, punainen, vihre\u00e4, harmaa<\/p>\n<p><img loading=\"lazy\" decoding=\"async\" class=\"alignnone wp-image-86381\" src=\"https:\/\/factory.sale\/wp-content\/uploads\/2024\/06\/colours-2-300x69.png\" alt=\"\" width=\"526\" height=\"121\" srcset=\"https:\/\/factory.sale\/wp-content\/uploads\/2024\/06\/colours-2-300x69.png 300w, https:\/\/factory.sale\/wp-content\/uploads\/2024\/06\/colours-2-150x35.png 150w, https:\/\/factory.sale\/wp-content\/uploads\/2024\/06\/colours-2-600x139.png 600w, https:\/\/factory.sale\/wp-content\/uploads\/2024\/06\/colours-2.png 640w\" sizes=\"auto, (max-width: 526px) 100vw, 526px\" \/><\/p>\n<p>&nbsp;<\/p>\n<p>&nbsp;<\/p>\n<p><strong>Sis\u00e4penkit:<\/strong><\/p>\n<p>Yhdess\u00e4 m\u00f6kiss\u00e4 126,5 .-<br \/>\nKahdessa m\u00f6kiss\u00e4 253 .-<br \/>\nTyynysarja 138 .-<\/p>\n<p>V\u00e4lisein\u00e4 ovilla 189,75 .-<\/p>\n<p>&nbsp;<\/p>\n<p>&nbsp;<\/p>\n<p><strong>Ikkunat:<\/strong><\/p>\n<p>Kattoikkuna 189,75 .-<br \/>\nKattoluukku 569,25 .-<br \/>\nVerhot 32,2 .-<\/p>\n<p>&nbsp;<\/p>\n<p>&nbsp;<\/p>\n<p><strong>Sein\u00e4n korkeus:<\/strong><\/p>\n<p>Vakio 120 cm 0 .-<br \/>\n133 cm 379,5 .-<br \/>\n146 cm 759 .-<\/p>\n<p>&nbsp;<\/p>\n<p>&nbsp;<\/p>\n<p><strong>Avattavat ikkunat:<\/strong><\/p>\n<p>3 seitsem\u00e4st\u00e4 (vakio) \/ 0 .-<br \/>\n4 seitsem\u00e4st\u00e4 \/ 40,25 .-<br \/>\n5 seitsem\u00e4st\u00e4 \/ 74,75 .-<br \/>\n6 seitsem\u00e4st\u00e4 \/ 115 .-<br \/>\n7 seitsem\u00e4st\u00e4 \/ 155,25 .-<\/p>\n<p>Eristetty katto 1201,75 .-<\/p>\n<p>&nbsp;<\/p>\n<p>&nbsp;<\/p>\n<p><strong>Lattiavaihtoehdot:<\/strong><\/p>\n<p>Luksuslattia 28 mm 506 .-<br \/>\nLuksus eristetty lattia 28 mm 736 .-<br \/>\nLuksus eristetty lattia ilmanvaihdolla 28 mm 1115,5 .-<\/p>\n<p>&nbsp;<\/p>\n<p>&nbsp;<\/p>\n<p><em><strong>Saatavilla my\u00f6s lis\u00e4varusteita, kysy lis\u00e4tietoja.<\/strong><\/em><\/p>\n<p>&nbsp;<\/p>\n<div style=\"width: 1920px;\" class=\"wp-video\"><!--[if lt IE 9]><script>document.createElement('video');<\/script><![endif]-->\n<video class=\"wp-video-shortcode\" id=\"video-86842-1\" width=\"1920\" height=\"1080\" preload=\"metadata\" controls=\"controls\"><source type=\"video\/mp4\" src=\"https:\/\/factory.sale\/wp-content\/uploads\/2024\/06\/VID_20200513_113117.mp4?_=1\" \/><a href=\"https:\/\/factory.sale\/wp-content\/uploads\/2024\/06\/VID_20200513_113117.mp4\">https:\/\/factory.sale\/wp-content\/uploads\/2024\/06\/VID_20200513_113117.mp4<\/a><\/video><\/div>\n","protected":false},"excerpt":{"rendered":"<p>Camping grillim\u00f6kki 9,2 m\u00b2 + 9,2 m\u00b2: Ihmiset rakastavat m\u00f6kkien kuusikulmaista muotoa ja k\u00e4ytt\u00e4v\u00e4t niit\u00e4 usein puutarhavajoina, kes\u00e4asuntoina, ty\u00f6pajoina, kalastajam\u00f6kkein\u00e4, leirim\u00f6kkein\u00e4, ravintoloina, joulum\u00f6kkein\u00e4 ja moniin muihin tarkoituksiin.<\/p>\n","protected":false},"featured_media":86832,"comment_status":"open","ping_status":"closed","template":"","meta":{"_acf_changed":false},"factory":[],"free-shipment":[],"product_brand":[],"product_cat":[2925,997],"product_tag":[1488],"class_list":{"0":"post-86842","1":"product","2":"type-product","3":"status-publish","4":"has-post-thumbnail","6":"product_cat-grillikatokset","7":"product_cat-piha-puutarha-fi","8":"product_tag-garden-fi","10":"first","11":"instock","12":"sale","13":"taxable","14":"shipping-taxable","15":"purchasable","16":"product-type-simple"},"acf":[],"_links":{"self":[{"href":"https:\/\/factory.sale\/fi\/wp-json\/wp\/v2\/product\/86842","targetHints":{"allow":["GET"]}}],"collection":[{"href":"https:\/\/factory.sale\/fi\/wp-json\/wp\/v2\/product"}],"about":[{"href":"https:\/\/factory.sale\/fi\/wp-json\/wp\/v2\/types\/product"}],"replies":[{"embeddable":true,"href":"https:\/\/factory.sale\/fi\/wp-json\/wp\/v2\/comments?post=86842"}],"wp:featuredmedia":[{"embeddable":true,"href":"https:\/\/factory.sale\/fi\/wp-json\/wp\/v2\/media\/86832"}],"wp:attachment":[{"href":"https:\/\/factory.sale\/fi\/wp-json\/wp\/v2\/media?parent=86842"}],"wp:term":[{"taxonomy":"factory","embeddable":true,"href":"https:\/\/factory.sale\/fi\/wp-json\/wp\/v2\/factory?post=86842"},{"taxonomy":"free-shipment","embeddable":true,"href":"https:\/\/factory.sale\/fi\/wp-json\/wp\/v2\/free-shipment?post=86842"},{"taxonomy":"product_brand","embeddable":true,"href":"https:\/\/factory.sale\/fi\/wp-json\/wp\/v2\/product_brand?post=86842"},{"taxonomy":"product_cat","embeddable":true,"href":"https:\/\/factory.sale\/fi\/wp-json\/wp\/v2\/product_cat?post=86842"},{"taxonomy":"product_tag","embeddable":true,"href":"https:\/\/factory.sale\/fi\/wp-json\/wp\/v2\/product_tag?post=86842"}],"curies":[{"name":"wp","href":"https:\/\/api.w.org\/{rel}","templated":true}]}}