{"id":86822,"date":"2024-06-26T10:34:15","date_gmt":"2024-06-26T10:35:36","guid":{"rendered":"https:\/\/factory.sale\/?post_type=product&#038;p=86822"},"modified":"2024-10-31T10:57:03","modified_gmt":"2024-10-31T07:57:03","slug":"camping-grill-mokki-92-m%c2%b2-levealla-laajennuksella-4-m","status":"publish","type":"product","link":"https:\/\/factory.sale\/fi\/tuote\/camping-grill-mokki-92-m%c2%b2-levealla-laajennuksella-4-m\/","title":{"rendered":"Camping Grill -m\u00f6kki 9,2 m\u00b2 leve\u00e4ll\u00e4 laajennuksella (4 m)"},"content":{"rendered":"<p>Grillim\u00f6kki 9,2 m\u00b2 leve\u00e4ll\u00e4 laajennuksella (2,5 m) on upea kauneuden ja muotoilun taideteos. T\u00e4m\u00e4 m\u00f6kki her\u00e4tt\u00e4\u00e4 naapureiden, vieraiden tai uteliaiden ohikulkijoiden huomion. Takaamme, ett\u00e4 nautit jokaisesta hetkest\u00e4, jonka viet\u00e4t omassa miniravintolassasi. Sinulla on loistava paikka paeta huoliasi ja uppoutua omaan rauhallisuuden keitaaseesi.<\/p>\n<p>&nbsp;<\/p>\n<p>&nbsp;<\/p>\n<p><strong>Tekniset tiedot:<\/strong><\/p>\n<p>Majoituskapasiteetti: 12-15 henkil\u00f6\u00e4<br \/>\nPuu: m\u00e4nty<br \/>\nMuoto: kuusikulmio<br \/>\nUlkomitat: 3,77 m x 7,30 m<br \/>\nSis\u00e4tila: 9,2 m\u00b2 + 9,2 m\u00b2 laajennus<br \/>\nKorkeus: 2,90 m<br \/>\nSein\u00e4n korkeus: 1,20 m<br \/>\nSein\u00e4n paksuus: 45 mm<br \/>\nLattialautojen paksuus: 18 mm<br \/>\nKattolaudan paksuus: 18 mm<br \/>\nKattomateriaali: suomalaiset bitumikattotiilet<br \/>\nIkkunan koko: 3 kpl (1 avattava) kaksinkertaisella lasilla, ikkunan koko 880 x 510 mm<br \/>\nOven koko: 780 x 1500 mm, liimapuuta (m\u00e4nty)<\/p>\n<p>&nbsp;<\/p>\n<p>&nbsp;<\/p>\n<p><strong>Vakiovarustus:<\/strong><\/p>\n<p>Lattialaudat<br \/>\nSuorat sein\u00e4t<br \/>\nKatto peitetty bitumikattotiilill\u00e4<br \/>\nLaajennettava vakio savupiippu<br \/>\n3 kaksinkertaisella lasilla varustettua ikkunaa (1 avattava)<br \/>\nOvi, jossa kaksinkertainen lasi, kuusikulmainen ikkuna, puukahva ja lukko<br \/>\nKeskell\u00e4 vakio BBQ<br \/>\nGrillin ymp\u00e4rille asennettu p\u00f6yt\u00e4<br \/>\n4 penkki\u00e4 (2 pidennett\u00e4v\u00e4\u00e4 nukkumiseen)<br \/>\nPatjat penkeill\u00e4<br \/>\nToimitetaan k\u00e4sittelem\u00e4tt\u00f6m\u00e4n\u00e4 \/ maalaamattomana<\/p>\n<p>&nbsp;<\/p>\n<p>&nbsp;<\/p>\n<p><strong>Toimitus:<\/strong> m\u00f6kki toimitetaan lavoilla, lavan koko<\/p>\n<p>1 lava (1,2 x 3,0 x 2,6) 1100 kg ja (1,2 x 2,45 x 2,6) 800 kg<\/p>\n<p><strong><img loading=\"lazy\" decoding=\"async\" class=\"alignnone wp-image-86818\" src=\"https:\/\/factory.sale\/wp-content\/uploads\/2024\/06\/moodud-grill-212x300.png\" alt=\"\" width=\"430\" height=\"609\" srcset=\"https:\/\/factory.sale\/wp-content\/uploads\/2024\/06\/moodud-grill-212x300.png 212w, https:\/\/factory.sale\/wp-content\/uploads\/2024\/06\/moodud-grill-724x1024.png 724w, https:\/\/factory.sale\/wp-content\/uploads\/2024\/06\/moodud-grill-106x150.png 106w, https:\/\/factory.sale\/wp-content\/uploads\/2024\/06\/moodud-grill-600x849.png 600w, https:\/\/factory.sale\/wp-content\/uploads\/2024\/06\/moodud-grill.png 728w\" sizes=\"auto, (max-width: 430px) 100vw, 430px\" \/><\/strong><\/p>\n<p>&nbsp;<\/p>\n<p>&nbsp;<\/p>\n<p><strong>Katon v\u00e4ri:<\/strong><\/p>\n<p><img loading=\"lazy\" decoding=\"async\" class=\"alignnone wp-image-86383\" src=\"https:\/\/factory.sale\/wp-content\/uploads\/2024\/06\/colours-2-300x69.png\" alt=\"\" width=\"500\" height=\"115\" srcset=\"https:\/\/factory.sale\/wp-content\/uploads\/2024\/06\/colours-2-300x69.png 300w, https:\/\/factory.sale\/wp-content\/uploads\/2024\/06\/colours-2-150x35.png 150w, https:\/\/factory.sale\/wp-content\/uploads\/2024\/06\/colours-2-600x139.png 600w, https:\/\/factory.sale\/wp-content\/uploads\/2024\/06\/colours-2.png 640w\" sizes=\"auto, (max-width: 500px) 100vw, 500px\" \/><\/p>\n<p>&nbsp;<\/p>\n<p>&nbsp;<\/p>\n<p><strong>Lis\u00e4ksi saatavilla (hinnat ilman ALV):<\/strong><\/p>\n<p><strong>BBQ grilli ja savupiippu:<\/strong><\/p>\n<p>Vakio 0.-<br \/>\nLuksus 517,5 .-<br \/>\nLiekkigrilli 569,25 .-<br \/>\nIso liekkigrilli 966 .-<\/p>\n<p>&nbsp;<\/p>\n<p><strong>Tyynysarja:<\/strong><\/p>\n<p>Sininen\/ruskea 0.-<br \/>\nLuksus tyynysarja 63,25 .-<\/p>\n<p>Kattoikkuna 189,75 .-<br \/>\nKattoluukku 569,25 .-<br \/>\nVerhot 32,2 .-<\/p>\n<p>&nbsp;<\/p>\n<p><strong>Sein\u00e4n korkeus:<\/strong><\/p>\n<p>Vakio 120 cm 0.-<br \/>\n133 cm 230 .-<br \/>\n146 cm 460 .-<br \/>\nV\u00e4lisein\u00e4 ovien ja laajennuksen v\u00e4lille 189,75 .-<\/p>\n<p>&nbsp;<\/p>\n<p><strong>Avattavat ikkunat:<\/strong><\/p>\n<p>1 kolmesta (vakio) &#8211; 0.-<br \/>\n2 kolmesta &#8211; 40,25 .-<br \/>\n3 kolmesta &#8211; 74,75 .-<br \/>\nLis\u00e4ikkuna 80,5 .-<br \/>\nEristetty katto 695,75 .-<\/p>\n<p>&nbsp;<\/p>\n<p><strong>Lattiavaihtoehdot:<\/strong><\/p>\n<p>Vakio 18 mm 0.-<br \/>\nLuksuslattia 28 mm 356,5 .-<br \/>\nLuksus eristetty lattia 28 mm 557,75 .-<br \/>\nLuksus eristetty lattia ilmanvaihdolla 28 mm 770,5 .-<\/p>\n<p>&nbsp;<\/p>\n<p><strong><em>Saatavilla my\u00f6s lis\u00e4varusteita, kysy lis\u00e4tietoja.<\/em><\/strong><\/p>\n<div style=\"width: 1920px;\" class=\"wp-video\"><!--[if lt IE 9]><script>document.createElement('video');<\/script><![endif]-->\n<video class=\"wp-video-shortcode\" id=\"video-86822-1\" width=\"1920\" height=\"1080\" preload=\"metadata\" controls=\"controls\"><source type=\"video\/mp4\" src=\"https:\/\/factory.sale\/wp-content\/uploads\/2024\/06\/VID_20200513_113117.mp4?_=1\" \/><a href=\"https:\/\/factory.sale\/wp-content\/uploads\/2024\/06\/VID_20200513_113117.mp4\">https:\/\/factory.sale\/wp-content\/uploads\/2024\/06\/VID_20200513_113117.mp4<\/a><\/video><\/div>\n","protected":false},"excerpt":{"rendered":"<p>Grillim\u00f6kki 9,2 m\u00b2 leve\u00e4ll\u00e4 laajennuksella (2,5 m) on upea kauneuden ja muotoilun taideteos. T\u00e4m\u00e4 m\u00f6kki her\u00e4tt\u00e4\u00e4 naapureiden, vieraiden tai uteliaiden ohikulkijoiden huomion. Takaamme, ett\u00e4 nautit jokaisesta hetkest\u00e4, jonka viet\u00e4t omassa miniravintolassasi. Sinulla on loistava paikka paeta huoliasi ja uppoutua omaan rauhallisuuden keitaaseesi.<\/p>\n","protected":false},"featured_media":87023,"comment_status":"open","ping_status":"closed","template":"","meta":{"_acf_changed":false},"factory":[],"free-shipment":[],"product_brand":[],"product_cat":[2923,917],"product_tag":[],"class_list":{"0":"post-86822","1":"product","2":"type-product","3":"status-publish","4":"has-post-thumbnail","6":"product_cat-grill-cabins-2","7":"product_cat-garden-yard","9":"first","10":"instock","11":"sale","12":"taxable","13":"shipping-taxable","14":"purchasable","15":"product-type-simple"},"acf":[],"_links":{"self":[{"href":"https:\/\/factory.sale\/fi\/wp-json\/wp\/v2\/product\/86822","targetHints":{"allow":["GET"]}}],"collection":[{"href":"https:\/\/factory.sale\/fi\/wp-json\/wp\/v2\/product"}],"about":[{"href":"https:\/\/factory.sale\/fi\/wp-json\/wp\/v2\/types\/product"}],"replies":[{"embeddable":true,"href":"https:\/\/factory.sale\/fi\/wp-json\/wp\/v2\/comments?post=86822"}],"wp:featuredmedia":[{"embeddable":true,"href":"https:\/\/factory.sale\/fi\/wp-json\/wp\/v2\/media\/87023"}],"wp:attachment":[{"href":"https:\/\/factory.sale\/fi\/wp-json\/wp\/v2\/media?parent=86822"}],"wp:term":[{"taxonomy":"factory","embeddable":true,"href":"https:\/\/factory.sale\/fi\/wp-json\/wp\/v2\/factory?post=86822"},{"taxonomy":"free-shipment","embeddable":true,"href":"https:\/\/factory.sale\/fi\/wp-json\/wp\/v2\/free-shipment?post=86822"},{"taxonomy":"product_brand","embeddable":true,"href":"https:\/\/factory.sale\/fi\/wp-json\/wp\/v2\/product_brand?post=86822"},{"taxonomy":"product_cat","embeddable":true,"href":"https:\/\/factory.sale\/fi\/wp-json\/wp\/v2\/product_cat?post=86822"},{"taxonomy":"product_tag","embeddable":true,"href":"https:\/\/factory.sale\/fi\/wp-json\/wp\/v2\/product_tag?post=86822"}],"curies":[{"name":"wp","href":"https:\/\/api.w.org\/{rel}","templated":true}]}}