{"id":86785,"date":"2024-06-25T11:29:42","date_gmt":"2024-06-25T11:53:18","guid":{"rendered":"https:\/\/factory.sale\/?post_type=product&#038;p=86785"},"modified":"2024-09-20T20:52:53","modified_gmt":"2024-09-20T17:52:53","slug":"parvellinen-mokki-250-m%c2%b2","status":"publish","type":"product","link":"https:\/\/factory.sale\/fi\/tuote\/parvellinen-mokki-250-m%c2%b2\/","title":{"rendered":"Parvellinen m\u00f6kki 25,0 m\u00b2"},"content":{"rendered":"<p>Parvellinen m\u00f6kki \u2013 eristetty m\u00f6kki. Se on erinomainen valinta leirint\u00e4alueille. Parvella on tarpeeksi tilaa makuuhuoneelle. Parven alle voidaan asentaa WC. T\u00e4m\u00e4 on m\u00f6kki, jossa haluaisitte viett\u00e4\u00e4 viikonlopun vain kahdestaan.<\/p>\n<p>&nbsp;<\/p>\n<p>&nbsp;<\/p>\n<p><strong>Tekniset tiedot:<\/strong><\/p>\n<p>Mahdollinen majoituskapasiteetti: 2-6 henkil\u00f6\u00e4<br \/>\nUlkomitat: 6442 x k 5338 mm<br \/>\nSis\u00e4tila: 25,0 m\u00b2<br \/>\nPuu: m\u00e4nty<br \/>\nSein\u00e4t: m\u00e4ntypaneelit sis\u00e4lt\u00e4 ja ulkoa: 18 mm; Eristettyjen seinien paksuus: 249 mm<br \/>\nLattia: Ensimm\u00e4inen kerros: laudat 28 mm, vedenpit\u00e4v\u00e4, puurunko 45\u00d795 mm, kivivillaeristys 100 mm, hengitt\u00e4v\u00e4 kalvo, OSB 18 mm; Parven lattia: laudat 28 mm, hengitt\u00e4v\u00e4 kalvo, puurunko 45\u00d7120 mm, kivivillaeristys 100 mm, vedenpit\u00e4v\u00e4, puupaneelit 18 mm<br \/>\nIkkunan koko: 1200 x 1300 mm<br \/>\nOven koko: 1580 x 2150 mm<br \/>\nKivivillaeristys: 200 mm (katto ja sein\u00e4t), 100 mm (parven lattia), 100 mm (ensimm\u00e4isen kerroksen lattia)<br \/>\nKatto: 1. Bitumikatto 18 mm; 2. Puupaneelit 18\u00d7145 mm; 3. Diffuusiokalvo; 4. Puupalkit 45 mm, kivivillaeristys 200 mm; 5. H\u00f6yrynsulkukalvo; 6. Puupaneelit 18\u00d7145 mm; 7. Ilmarako (tuuletettu), puus\u00e4leet 18\u00d770 mm; 8. Puupaneelit 18\u00d7145 mm<\/p>\n<p>&nbsp;<\/p>\n<p>&nbsp;<\/p>\n<p><strong>Vakiovarustus:<\/strong><\/p>\n<p>Eristetyt lattialevyt<br \/>\nEristetyt sein\u00e4levyt<br \/>\n6 kaksinkertaista lasi-ikkunaa (6 avattavaa)<br \/>\nEristetyt kattopaneelit, p\u00e4\u00e4llystetty bitumikattotiilill\u00e4<br \/>\nRanskalainen kaksinkertaisella lasilla varustettu ovi, jossa puukahva ja lukko<br \/>\nTuotteen pakkaus \u2013 litte\u00e4 paketti (KIT)<\/p>\n<p>&nbsp;<\/p>\n<p><strong>Toimitus:<\/strong><\/p>\n<p>1 kpl x 1,2 x 6,2 x 2,6 m<br \/>\n3 kpl x 1,2 x 3,4 x 2,4 m<br \/>\n2 kpl x 1,2 x 3,3 x 2,4 m<br \/>\nKokonaispaino: 8500 kg<\/p>\n<p>&nbsp;<\/p>\n<p>&nbsp;<\/p>\n<p><strong>Saatavilla olevat bitumikattotiilien v\u00e4rit:<\/strong><\/p>\n<p>Musta, vihre\u00e4, punainen<\/p>\n<p><img loading=\"lazy\" decoding=\"async\" class=\"alignnone wp-image-86158\" src=\"https:\/\/factory.sale\/wp-content\/uploads\/2024\/06\/colours-wooden-me-300x82.png\" alt=\"\" width=\"556\" height=\"152\" srcset=\"https:\/\/factory.sale\/wp-content\/uploads\/2024\/06\/colours-wooden-me-300x82.png 300w, https:\/\/factory.sale\/wp-content\/uploads\/2024\/06\/colours-wooden-me-150x41.png 150w, https:\/\/factory.sale\/wp-content\/uploads\/2024\/06\/colours-wooden-me-600x164.png 600w, https:\/\/factory.sale\/wp-content\/uploads\/2024\/06\/colours-wooden-me.png 638w\" sizes=\"auto, (max-width: 556px) 100vw, 556px\" \/><\/p>\n<p>&nbsp;<\/p>\n<p><em><strong>Saatavilla my\u00f6s paljon huonekaluja, kysy lis\u00e4\u00e4 tietoja.<\/strong><\/em><\/p>\n<p>&nbsp;<\/p>\n<p><img loading=\"lazy\" decoding=\"async\" class=\"alignnone wp-image-86772\" src=\"https:\/\/factory.sale\/wp-content\/uploads\/2024\/06\/plan-1-300x222.png\" alt=\"\" width=\"488\" height=\"361\" srcset=\"https:\/\/factory.sale\/wp-content\/uploads\/2024\/06\/plan-1-300x222.png 300w, https:\/\/factory.sale\/wp-content\/uploads\/2024\/06\/plan-1-1024x757.png 1024w, https:\/\/factory.sale\/wp-content\/uploads\/2024\/06\/plan-1-150x111.png 150w, https:\/\/factory.sale\/wp-content\/uploads\/2024\/06\/plan-1-1536x1136.png 1536w, https:\/\/factory.sale\/wp-content\/uploads\/2024\/06\/plan-1-600x444.png 600w, https:\/\/factory.sale\/wp-content\/uploads\/2024\/06\/plan-1.png 1590w\" sizes=\"auto, (max-width: 488px) 100vw, 488px\" \/><\/p>\n<p><img loading=\"lazy\" decoding=\"async\" class=\"alignnone wp-image-86775\" src=\"https:\/\/factory.sale\/wp-content\/uploads\/2024\/06\/plan-2-261x300.png\" alt=\"\" width=\"434\" height=\"499\" srcset=\"https:\/\/factory.sale\/wp-content\/uploads\/2024\/06\/plan-2-261x300.png 261w, https:\/\/factory.sale\/wp-content\/uploads\/2024\/06\/plan-2-890x1024.png 890w, https:\/\/factory.sale\/wp-content\/uploads\/2024\/06\/plan-2-130x150.png 130w, https:\/\/factory.sale\/wp-content\/uploads\/2024\/06\/plan-2-600x690.png 600w, https:\/\/factory.sale\/wp-content\/uploads\/2024\/06\/plan-2.png 1036w\" sizes=\"auto, (max-width: 434px) 100vw, 434px\" \/><\/p>\n<p><img loading=\"lazy\" decoding=\"async\" class=\"alignnone wp-image-86778\" src=\"https:\/\/factory.sale\/wp-content\/uploads\/2024\/06\/facade-plan-300x210.png\" alt=\"\" width=\"539\" height=\"377\" srcset=\"https:\/\/factory.sale\/wp-content\/uploads\/2024\/06\/facade-plan-300x210.png 300w, https:\/\/factory.sale\/wp-content\/uploads\/2024\/06\/facade-plan-1024x718.png 1024w, https:\/\/factory.sale\/wp-content\/uploads\/2024\/06\/facade-plan-150x105.png 150w, https:\/\/factory.sale\/wp-content\/uploads\/2024\/06\/facade-plan-1536x1077.png 1536w, https:\/\/factory.sale\/wp-content\/uploads\/2024\/06\/facade-plan-600x421.png 600w, https:\/\/factory.sale\/wp-content\/uploads\/2024\/06\/facade-plan.png 1688w\" sizes=\"auto, (max-width: 539px) 100vw, 539px\" \/><\/p>\n","protected":false},"excerpt":{"rendered":"<p>Parvellinen m\u00f6kki \u2013 eristetty m\u00f6kki. Se on erinomainen valinta leirint\u00e4alueille. Parvella on tarpeeksi tilaa makuuhuoneelle. Parven alle voidaan asentaa WC. T\u00e4m\u00e4 on m\u00f6kki, jossa haluaisitte viett\u00e4\u00e4 viikonlopun vain kahdestaan.<\/p>\n","protected":false},"featured_media":86762,"comment_status":"open","ping_status":"closed","template":"","meta":{"_acf_changed":false},"factory":[],"free-shipment":[],"product_brand":[],"product_cat":[1112,2889],"product_tag":[],"class_list":{"0":"post-86785","1":"product","2":"type-product","3":"status-publish","4":"has-post-thumbnail","6":"product_cat-elementtitalot","7":"product_cat-leirintamokit","9":"first","10":"instock","11":"sale","12":"taxable","13":"shipping-taxable","14":"purchasable","15":"product-type-simple"},"acf":[],"_links":{"self":[{"href":"https:\/\/factory.sale\/fi\/wp-json\/wp\/v2\/product\/86785","targetHints":{"allow":["GET"]}}],"collection":[{"href":"https:\/\/factory.sale\/fi\/wp-json\/wp\/v2\/product"}],"about":[{"href":"https:\/\/factory.sale\/fi\/wp-json\/wp\/v2\/types\/product"}],"replies":[{"embeddable":true,"href":"https:\/\/factory.sale\/fi\/wp-json\/wp\/v2\/comments?post=86785"}],"wp:featuredmedia":[{"embeddable":true,"href":"https:\/\/factory.sale\/fi\/wp-json\/wp\/v2\/media\/86762"}],"wp:attachment":[{"href":"https:\/\/factory.sale\/fi\/wp-json\/wp\/v2\/media?parent=86785"}],"wp:term":[{"taxonomy":"factory","embeddable":true,"href":"https:\/\/factory.sale\/fi\/wp-json\/wp\/v2\/factory?post=86785"},{"taxonomy":"free-shipment","embeddable":true,"href":"https:\/\/factory.sale\/fi\/wp-json\/wp\/v2\/free-shipment?post=86785"},{"taxonomy":"product_brand","embeddable":true,"href":"https:\/\/factory.sale\/fi\/wp-json\/wp\/v2\/product_brand?post=86785"},{"taxonomy":"product_cat","embeddable":true,"href":"https:\/\/factory.sale\/fi\/wp-json\/wp\/v2\/product_cat?post=86785"},{"taxonomy":"product_tag","embeddable":true,"href":"https:\/\/factory.sale\/fi\/wp-json\/wp\/v2\/product_tag?post=86785"}],"curies":[{"name":"wp","href":"https:\/\/api.w.org\/{rel}","templated":true}]}}