{"id":86714,"date":"2024-06-25T10:19:16","date_gmt":"2024-06-25T10:34:46","guid":{"rendered":"https:\/\/factory.sale\/?post_type=product&#038;p=86714"},"modified":"2025-01-12T22:22:15","modified_gmt":"2025-01-12T19:22:15","slug":"eristetty-leirintamokki-24-m-x-66-m-sivusisaankaynnilla","status":"publish","type":"product","link":"https:\/\/factory.sale\/fi\/tuote\/eristetty-leirintamokki-24-m-x-66-m-sivusisaankaynnilla\/","title":{"rendered":"Eristetty leirint\u00e4m\u00f6kki 2,4 m x 6,6 m (sivusis\u00e4\u00e4nk\u00e4ynnill\u00e4)"},"content":{"rendered":"<p>Eristetty leirint\u00e4m\u00f6kki (sivusis\u00e4\u00e4nk\u00e4ynnill\u00e4) on ainutlaatuinen design-tuote, joka on suosittu ymp\u00e4ri Eurooppaa. T\u00e4t\u00e4 m\u00f6kki\u00e4 voidaan k\u00e4ytt\u00e4\u00e4 my\u00f6s talvella, ja se voidaan sijoittaa suoraan jaloille tai esimerkiksi puuterassille, lautalle tai per\u00e4vaunulle. M\u00f6kki on siirrett\u00e4v\u00e4 ja helppo siirt\u00e4\u00e4 paikasta toiseen.<\/p>\n<p>&nbsp;<\/p>\n<p>&nbsp;<\/p>\n<p><strong>Tekniset tiedot:<\/strong><\/p>\n<p>Koko: 2\u20136 henkil\u00f6\u00e4<br \/>\nHuoneita: 1<br \/>\nSis\u00e4pinta-ala: 12,8 m\u00b2<br \/>\nUlkomitat: 2,4 m x 6,6 m<br \/>\nKorkeus: 2,6 m<br \/>\nPuu: M\u00e4nty<br \/>\nSein\u00e4t: M\u00e4ntypaneelit sis\u00e4- ja ulkopuolella: 14 mm; Eristetty sivusein\u00e4n paksuus: 126 mm; Eristetty etu- ja takasein\u00e4n paksuus: 118 mm<br \/>\nLattia: M\u00e4ntylattia: 28 mm; Eristetyn lattian paksuus: 158 mm<br \/>\nKivivillaeristys: 100 mm (lattia ja sein\u00e4t)<br \/>\nKaton viimeistely: Suomalaista bitumikattotiilt\u00e4<br \/>\nIkkunan koko: 700 x 900 mm<br \/>\nOven koko: 1010 x 1820 mm<\/p>\n<p>&nbsp;<\/p>\n<p>&nbsp;<\/p>\n<p>&nbsp;<\/p>\n<p><strong>Vakiovarustus:<\/strong><\/p>\n<p>Eristetyt pod-sein\u00e4t, peitetty bitumikattotiileill\u00e4<br \/>\nEristetty m\u00e4ntylattia<br \/>\n2 avattavaa tuplalasitettua ikkunaa etu- ja takaseiniss\u00e4<br \/>\nTanskalainen tuplalasitettu ovi, jossa vakio-ovenkahva ja lukko<\/p>\n<p>&nbsp;<\/p>\n<p>&nbsp;<\/p>\n<p><strong>Toimitus:<\/strong><\/p>\n<p>Lavan koko (LxPxK): 1 lava (1,2 x 6,6 x 2,6), 3400 kg<\/p>\n<p>Kootun podin mitat (LxPxK): 2,4 x 6,7 x 2,6, 3400 kg<\/p>\n<p><img loading=\"lazy\" decoding=\"async\" class=\"alignnone wp-image-86691\" src=\"https:\/\/factory.sale\/wp-content\/uploads\/2024\/06\/6.6m-moodud-300x155.png\" alt=\"\" width=\"592\" height=\"306\" srcset=\"https:\/\/factory.sale\/wp-content\/uploads\/2024\/06\/6.6m-moodud-300x155.png 300w, https:\/\/factory.sale\/wp-content\/uploads\/2024\/06\/6.6m-moodud-1024x529.png 1024w, https:\/\/factory.sale\/wp-content\/uploads\/2024\/06\/6.6m-moodud-150x77.png 150w, https:\/\/factory.sale\/wp-content\/uploads\/2024\/06\/6.6m-moodud-1536x793.png 1536w, https:\/\/factory.sale\/wp-content\/uploads\/2024\/06\/6.6m-moodud-2048x1058.png 2048w, https:\/\/factory.sale\/wp-content\/uploads\/2024\/06\/6.6m-moodud-600x310.png 600w\" sizes=\"auto, (max-width: 592px) 100vw, 592px\" \/><\/p>\n<p>&nbsp;<\/p>\n<p><strong>Saatavilla olevat bitumikattotiilien v\u00e4rit:<\/strong><\/p>\n<p>Musta, vihre\u00e4, punainen<\/p>\n<p><strong><img loading=\"lazy\" decoding=\"async\" class=\"alignnone wp-image-86156\" src=\"https:\/\/factory.sale\/wp-content\/uploads\/2024\/06\/colours-wooden-me-300x82.png\" alt=\"\" width=\"563\" height=\"154\" srcset=\"https:\/\/factory.sale\/wp-content\/uploads\/2024\/06\/colours-wooden-me-300x82.png 300w, https:\/\/factory.sale\/wp-content\/uploads\/2024\/06\/colours-wooden-me-150x41.png 150w, https:\/\/factory.sale\/wp-content\/uploads\/2024\/06\/colours-wooden-me-600x164.png 600w, https:\/\/factory.sale\/wp-content\/uploads\/2024\/06\/colours-wooden-me.png 638w\" sizes=\"auto, (max-width: 563px) 100vw, 563px\" \/><\/strong><\/p>\n<p>&nbsp;<\/p>\n<p><strong>Lis\u00e4ksi saatavilla (hinnat ilman ALV ):<\/strong><\/p>\n<p>Puolipanoraamaikkuna 1265 \u20ac<br \/>\nT\u00e4ysi panoraamaikkuna 1518 \u20ac<br \/>\nTuplalasitettu ikkuna, ammattimaisesti maalattu maalauskammiossa antrasiitin v\u00e4riseksi, takasein\u00e4ss\u00e4 63,25 \u20ac<br \/>\nVakiokoristelautat 0 \u20ac<br \/>\nLiimatut koristelaudat 126,5 \u20ac<br \/>\nVakiov\u00e4yl\u00e4ovi 0 \u20ac<br \/>\nPremium-yksitt\u00e4isovi antrasiitin v\u00e4risen\u00e4 189,75 \u20ac<br \/>\nLis\u00e4sein\u00e4 sis\u00e4tiloihin 366,85 \u20ac<br \/>\nLis\u00e4sein\u00e4 ovella 506 \u20ac<\/p>\n<p>&nbsp;<\/p>\n<p><strong>S\u00e4hk\u00f6varustelu:<\/strong><\/p>\n<p>Yksi pistorasia 69 \u20ac<br \/>\nTuplapistorasia 74,75 \u20ac<br \/>\nYksi kytkin 69 \u20ac<br \/>\nTuplakytkin 86,25 \u20ac<br \/>\nJohto yhdelle lampulle 28,75 \u20ac<br \/>\nSulaketaulu 138 \u20ac<br \/>\nUlkomaalin v\u00e4ri: 189,75 \u20ac<\/p>\n<p>&nbsp;<\/p>\n<p>&nbsp;<\/p>\n<p><strong>Saatavilla my\u00f6s paljon huonekaluja, kysy lis\u00e4\u00e4.<\/strong><\/p>\n<p>&nbsp;<\/p>\n<p>&nbsp;<\/p>\n<p><a href=\"https:\/\/factory.sale\/wp-content\/uploads\/2024\/06\/Luxury-Insulated-Camping-Pod-5.5-x-2.4-1.pdf\" target=\"_blank\" rel=\"noopener\">Ohjeet<\/a><\/p>\n<p>&nbsp;<\/p>\n<p>&nbsp;<\/p>\n<div class=\"video-wrapper \"><iframe loading=\"lazy\" title=\"The folding bench from Woodprofesionals\" width=\"500\" height=\"281\" src=\"https:\/\/www.youtube.com\/embed\/rihF8b40BVs?feature=oembed\" frameborder=\"0\" allow=\"accelerometer; autoplay; clipboard-write; encrypted-media; gyroscope; picture-in-picture; web-share\" referrerpolicy=\"strict-origin-when-cross-origin\" allowfullscreen><\/iframe><\/div>\n<p>&nbsp;<\/p>\n","protected":false},"excerpt":{"rendered":"<p>Eristetty leirint\u00e4m\u00f6kki (sivusis\u00e4\u00e4nk\u00e4ynnill\u00e4), on eritt\u00e4in suosittu kaikkialla Euroopassa. T\u00e4m\u00e4 talo ei varsinaisesti tarvitse perustusta, se voidaan sijoittaa yksinkertaisesti pehmusteille tai vaikka puiselle terassille, lautalle, per\u00e4k\u00e4rrylle. T\u00e4m\u00e4 m\u00f6kki on liikkuva ja helposti siirrett\u00e4viss\u00e4 paikasta toiseen.<\/p>\n","protected":false},"featured_media":86696,"comment_status":"open","ping_status":"closed","template":"","meta":{"_acf_changed":false},"factory":[],"free-shipment":[],"product_brand":[],"product_cat":[1112,2889],"product_tag":[],"class_list":{"0":"post-86714","1":"product","2":"type-product","3":"status-publish","4":"has-post-thumbnail","6":"product_cat-elementtitalot","7":"product_cat-leirintamokit","9":"first","10":"instock","11":"sale","12":"taxable","13":"shipping-taxable","14":"purchasable","15":"product-type-simple"},"acf":[],"_links":{"self":[{"href":"https:\/\/factory.sale\/fi\/wp-json\/wp\/v2\/product\/86714","targetHints":{"allow":["GET"]}}],"collection":[{"href":"https:\/\/factory.sale\/fi\/wp-json\/wp\/v2\/product"}],"about":[{"href":"https:\/\/factory.sale\/fi\/wp-json\/wp\/v2\/types\/product"}],"replies":[{"embeddable":true,"href":"https:\/\/factory.sale\/fi\/wp-json\/wp\/v2\/comments?post=86714"}],"wp:featuredmedia":[{"embeddable":true,"href":"https:\/\/factory.sale\/fi\/wp-json\/wp\/v2\/media\/86696"}],"wp:attachment":[{"href":"https:\/\/factory.sale\/fi\/wp-json\/wp\/v2\/media?parent=86714"}],"wp:term":[{"taxonomy":"factory","embeddable":true,"href":"https:\/\/factory.sale\/fi\/wp-json\/wp\/v2\/factory?post=86714"},{"taxonomy":"free-shipment","embeddable":true,"href":"https:\/\/factory.sale\/fi\/wp-json\/wp\/v2\/free-shipment?post=86714"},{"taxonomy":"product_brand","embeddable":true,"href":"https:\/\/factory.sale\/fi\/wp-json\/wp\/v2\/product_brand?post=86714"},{"taxonomy":"product_cat","embeddable":true,"href":"https:\/\/factory.sale\/fi\/wp-json\/wp\/v2\/product_cat?post=86714"},{"taxonomy":"product_tag","embeddable":true,"href":"https:\/\/factory.sale\/fi\/wp-json\/wp\/v2\/product_tag?post=86714"}],"curies":[{"name":"wp","href":"https:\/\/api.w.org\/{rel}","templated":true}]}}