{"id":86663,"date":"2024-06-25T09:32:06","date_gmt":"2024-06-25T09:41:16","guid":{"rendered":"https:\/\/factory.sale\/?post_type=product&#038;p=86663"},"modified":"2024-06-26T01:31:04","modified_gmt":"2024-06-26T01:31:04","slug":"camping-mokki-165-m%c2%b2-kahdella-laajennuksella","status":"publish","type":"product","link":"https:\/\/factory.sale\/fi\/tuote\/camping-mokki-165-m%c2%b2-kahdella-laajennuksella\/","title":{"rendered":"Camping-m\u00f6kki 16,5 m\u00b2 kahdella laajennuksella"},"content":{"rendered":"<p>Suurempi ja tilavampi camping-m\u00f6kki tarjoaa runsaasti tilaa kaikille tavaroillesi, olipa kyseess\u00e4 v\u00e4liaikainen tai pysyv\u00e4 s\u00e4ilytys. Kahdella laajennuksella varustettu m\u00f6kki on suurempi ja tilavampi, joten se tarjoaa enemm\u00e4n asumistilaa, jota voit k\u00e4ytt\u00e4\u00e4 varastotilana. N\u00e4m\u00e4 m\u00f6kit soveltuvat my\u00f6s erinomaisesti leirint\u00e4alueille. Kolme erillist\u00e4 tilaa mahdollistavat m\u00f6kin j\u00e4rjest\u00e4misen olohuoneeksi, makuuhuoneeksi ja kylpyhuoneeksi.<\/p>\n<p>Camping-m\u00f6kin sein\u00e4t on valmistettu py\u00f6ristetyist\u00e4 kuusilaudoista, joiden mitat ovat 45 x 145 mm. M\u00f6kin katto koostuu kahdeksasta kattopaneelista. Jokaisen laajennuksen katto on valmistettu kahdesta paneelista. Koko katto on peitetty 6-kerroksisilla bitumikattotiilill\u00e4. Laajennuksen koko on noin 4 neli\u00f6metri\u00e4 (P x L \u2013 2,5 x 1,6 m). Lattia on helposti koottavissa erillisist\u00e4 osista. Camping-m\u00f6kiss\u00e4 on tyylik\u00e4s rustiikkinen sis\u00e4\u00e4nk\u00e4ynti. Ovi, jossa on kuusikulmainen kaksoislasitettu ikkuna. Lukittavan oven yl\u00e4puolella on kuisti.<\/p>\n<p>T\u00e4m\u00e4 camping-m\u00f6kki kest\u00e4\u00e4 talvis\u00e4\u00e4t\u00e4 ja tarjoaa t\u00e4ydellisen tilan rentoutumiseen my\u00f6s talvella. Lis\u00e4ksi voit valita eristetyll\u00e4 katolla ja lattialla varustetun m\u00f6kin. Eristys: 5 cm paksu kivivilla. Eristetyill\u00e4 katto- ja lattiapaneeleilla varustettuna camping-m\u00f6kki on houkuttelevampi k\u00e4ytt\u00e4\u00e4 sek\u00e4 kes\u00e4ll\u00e4 ett\u00e4 talvella. Kes\u00e4kaudella eristys pit\u00e4\u00e4 l\u00e4mm\u00f6n poissa ja m\u00f6kki ei kuumene. Talvella eristys ei p\u00e4\u00e4st\u00e4 l\u00e4mp\u00f6\u00e4 ulos.<\/p>\n<p>&nbsp;<\/p>\n<p><strong>Tekniset tiedot:<\/strong><\/p>\n<p>Ihmiset: 5-6 henkil\u00f6\u00e4<br \/>\nPuu: kuusi<br \/>\nMuoto: kahdeksankulmainen + 2 suorakulmiota<br \/>\nHuoneet: 3<br \/>\nSis\u00e4tila: 24,5 m\u00b2<br \/>\nKokonaiskorkeus: 3446 mm<br \/>\nSein\u00e4n korkeus: 1155 mm<br \/>\nLattian paksuus: 18 mm<br \/>\nKaton paksuus: 18 mm<br \/>\nSein\u00e4n paksuus: 45 mm<br \/>\nUlkomitat: 8150 x 6240 mm<br \/>\nOven koko: 780 x 1500 mm<br \/>\nIkkunan koko: 880 x 510 mm<\/p>\n<p>&nbsp;<\/p>\n<p>&nbsp;<\/p>\n<p><strong>Vakiovarustus:<\/strong><\/p>\n<p>Puiset sein\u00e4t, lattiat, kattopaneelit;<br \/>\nKatto katettu valitsemillasi bitumikattotiilill\u00e4: punainen, vihre\u00e4, musta;<br \/>\n4 kaksinkertaista lasi-ikkunaa (kaikki avattavia);<br \/>\nLukittava ovi kaksinkertaisella lasituksella ja kuusikulmainen ikkuna;<br \/>\n3 huonetta: kahdeksankulmainen m\u00f6kki ja 2 suorakulmaista laajennusta;<\/p>\n<p>&nbsp;<\/p>\n<p>&nbsp;<\/p>\n<p><strong>Toimitus:<\/strong><\/p>\n<p>Rahtikoko: 2 lavaa: 1. lava \u2013 3,75 x 1,2 x 2,55 m ja 2. lava \u2013 3,75 x 1,2 x 2,55 m.<br \/>\nPaino: 2500 kg.<br \/>\nCamping-m\u00f6kki 16,5 m\u00b2 kahdella laajennuksella toimitetaan asiakkaalle kokoamattomana, mutta t\u00e4ysin valmiina, yksityiskohtaisilla kokoamisohjeilla, piirustuksilla ja huolto-ohjeilla.<\/p>\n<p><img loading=\"lazy\" decoding=\"async\" class=\"alignnone  wp-image-86636\" src=\"https:\/\/factory.sale\/wp-content\/uploads\/2024\/06\/16.5m-foundation-300x206.png\" alt=\"\" width=\"523\" height=\"359\" srcset=\"https:\/\/factory.sale\/wp-content\/uploads\/2024\/06\/16.5m-foundation-300x206.png 300w, https:\/\/factory.sale\/wp-content\/uploads\/2024\/06\/16.5m-foundation-1024x704.png 1024w, https:\/\/factory.sale\/wp-content\/uploads\/2024\/06\/16.5m-foundation-150x103.png 150w, https:\/\/factory.sale\/wp-content\/uploads\/2024\/06\/16.5m-foundation-600x413.png 600w, https:\/\/factory.sale\/wp-content\/uploads\/2024\/06\/16.5m-foundation.png 1326w\" sizes=\"auto, (max-width: 523px) 100vw, 523px\" \/><\/p>\n<p>&nbsp;<\/p>\n<p><strong>Saatavilla olevat bitumikattotiilien v\u00e4rit:<\/strong><\/p>\n<p>Musta, vihre\u00e4, punainen<\/p>\n<p><strong><img loading=\"lazy\" decoding=\"async\" class=\"alignnone  wp-image-86158\" src=\"https:\/\/factory.sale\/wp-content\/uploads\/2024\/06\/colours-wooden-me-300x82.png\" alt=\"\" width=\"563\" height=\"154\" srcset=\"https:\/\/factory.sale\/wp-content\/uploads\/2024\/06\/colours-wooden-me-300x82.png 300w, https:\/\/factory.sale\/wp-content\/uploads\/2024\/06\/colours-wooden-me-150x41.png 150w, https:\/\/factory.sale\/wp-content\/uploads\/2024\/06\/colours-wooden-me-600x164.png 600w, https:\/\/factory.sale\/wp-content\/uploads\/2024\/06\/colours-wooden-me.png 638w\" sizes=\"auto, (max-width: 563px) 100vw, 563px\" \/><\/strong><\/p>\n<p>&nbsp;<\/p>\n<p><strong>Lis\u00e4ksi saatavilla (hinnat ilman ALV):<\/strong><\/p>\n<p><strong>Rakennusvaihtoehdot:<\/strong><\/p>\n<p>Eristetty lattia 621 .-<br \/>\nEristetty katto 1702 .-<br \/>\n28 mm lattialaudat pontilla 874 .-<\/p>\n<p>&nbsp;<\/p>\n<p><strong>Sein\u00e4n korkeus:<\/strong><\/p>\n<p>Standardi 115,5 cm 0 .-<br \/>\nYksi segmentti korkeampi 128,5 cm 408,25 .-<br \/>\nKaksi segmentti\u00e4 korkeampi 141,5 cm 787,75 .-<\/p>\n<p>&nbsp;<\/p>\n<p>&nbsp;<\/p>\n<p><strong>V\u00e4lisein\u00e4 ovilla m\u00f6kin ja laajennuksen v\u00e4lill\u00e4:<\/strong><\/p>\n<p>1 kpl 241,5 .-<br \/>\n2 kpl 483 .-<\/p>\n<p>&nbsp;<\/p>\n<p><strong>Kattopaneeli ikkunalla:<\/strong> 442,75 .-<\/p>\n<p>&nbsp;<\/p>\n<p><strong>Lis\u00e4varusteet:<\/strong><\/p>\n<p>Verhot 46 .-<br \/>\nOven pidike 23 .-<br \/>\nRuostumattomasta ter\u00e4ksest\u00e4 valmistettu ovikynnys 34,5 .-<br \/>\nHylly 46 .-<br \/>\nKukkaruukku 80,5 .-<br \/>\nPorontaljat 218,5 .-<\/p>\n<p><strong>Ulkomaalaus. P\u00c4\u00c4V\u00c4RI<\/strong> 1104 .-<br \/>\n<strong>Ulkomaalaus. TOINEN V\u00c4RI<\/strong> 281,75 .-<\/p>\n<p>&nbsp;<\/p>\n<p>&nbsp;<\/p>\n<p><a href=\"https:\/\/factory.sale\/wp-content\/uploads\/2024\/06\/16.5-m2-Cabin-with-exten-GRILL-CAMPING-SAUNA-ASSEMBLY-INSTRUCTION.pdf\" target=\"_blank\" rel=\"noopener\">Ohjeet<\/a><\/p>\n<p><a href=\"https:\/\/factory.sale\/wp-content\/uploads\/2024\/06\/Only-Extensions-ASSEMBLY-INSTRUCTION.pdf\" target=\"_blank\" rel=\"noopener\">Asennusohje laajennuksille<\/a><\/p>\n","protected":false},"excerpt":{"rendered":"<p>Suurempi ja tilavampi camping-m\u00f6kki tarjoaa runsaasti tilaa kaikille tavaroillesi, olipa kyseess\u00e4 v\u00e4liaikainen tai pysyv\u00e4 s\u00e4ilytys. Kahdella laajennuksella varustettu m\u00f6kki on suurempi ja tilavampi, joten se tarjoaa enemm\u00e4n asumistilaa, jota voit k\u00e4ytt\u00e4\u00e4 varastotilana. N\u00e4m\u00e4 m\u00f6kit soveltuvat my\u00f6s erinomaisesti leirint\u00e4alueille. Kolme erillist\u00e4 tilaa mahdollistavat m\u00f6kin j\u00e4rjest\u00e4misen olohuoneeksi, makuuhuoneeksi ja kylpyhuoneeksi.<\/p>\n","protected":false},"featured_media":86645,"comment_status":"open","ping_status":"closed","template":"","meta":{"_acf_changed":false},"factory":[],"free-shipment":[],"product_brand":[],"product_cat":[2889,4242],"product_tag":[],"class_list":{"0":"post-86663","1":"product","2":"type-product","3":"status-publish","4":"has-post-thumbnail","6":"product_cat-leirintamokit","7":"product_cat-puutarharakennukset","9":"first","10":"instock","11":"sale","12":"taxable","13":"shipping-taxable","14":"purchasable","15":"product-type-simple"},"acf":[],"_links":{"self":[{"href":"https:\/\/factory.sale\/fi\/wp-json\/wp\/v2\/product\/86663","targetHints":{"allow":["GET"]}}],"collection":[{"href":"https:\/\/factory.sale\/fi\/wp-json\/wp\/v2\/product"}],"about":[{"href":"https:\/\/factory.sale\/fi\/wp-json\/wp\/v2\/types\/product"}],"replies":[{"embeddable":true,"href":"https:\/\/factory.sale\/fi\/wp-json\/wp\/v2\/comments?post=86663"}],"wp:featuredmedia":[{"embeddable":true,"href":"https:\/\/factory.sale\/fi\/wp-json\/wp\/v2\/media\/86645"}],"wp:attachment":[{"href":"https:\/\/factory.sale\/fi\/wp-json\/wp\/v2\/media?parent=86663"}],"wp:term":[{"taxonomy":"factory","embeddable":true,"href":"https:\/\/factory.sale\/fi\/wp-json\/wp\/v2\/factory?post=86663"},{"taxonomy":"free-shipment","embeddable":true,"href":"https:\/\/factory.sale\/fi\/wp-json\/wp\/v2\/free-shipment?post=86663"},{"taxonomy":"product_brand","embeddable":true,"href":"https:\/\/factory.sale\/fi\/wp-json\/wp\/v2\/product_brand?post=86663"},{"taxonomy":"product_cat","embeddable":true,"href":"https:\/\/factory.sale\/fi\/wp-json\/wp\/v2\/product_cat?post=86663"},{"taxonomy":"product_tag","embeddable":true,"href":"https:\/\/factory.sale\/fi\/wp-json\/wp\/v2\/product_tag?post=86663"}],"curies":[{"name":"wp","href":"https:\/\/api.w.org\/{rel}","templated":true}]}}