{"id":86627,"date":"2024-06-24T23:21:16","date_gmt":"2024-06-24T23:28:26","guid":{"rendered":"https:\/\/factory.sale\/?post_type=product&#038;p=86627"},"modified":"2025-01-12T22:44:48","modified_gmt":"2025-01-12T19:44:48","slug":"eristetty-leirintamokki-3-m-x-5-9-m","status":"publish","type":"product","link":"https:\/\/factory.sale\/fi\/tuote\/eristetty-leirintamokki-3-m-x-5-9-m\/","title":{"rendered":"Eristetty leirint\u00e4m\u00f6kki 3 m x 5.9 m"},"content":{"rendered":"<p>Leirint\u00e4m\u00f6kki, tunnetaan my\u00f6s nimell\u00e4 Glamping Pod, on loistava valinta ulkoilmael\u00e4miseen. Se tarjoaa kodikasta, mukavaa ja avaraa majoitusta 2-6 henkil\u00f6lle (valitusta koosta riippuen). Sen ainutlaatuinen muoto sulautuu maisemaan, tehden n\u00e4kym\u00e4st\u00e4 hyvin luonnollisen ja houkuttelevan.<\/p>\n<p>Leirint\u00e4m\u00f6kki mahdollistaa ihmisten nauttia ulkoilmasta, joten leirint\u00e4alueiden omistajat ja musiikkifestivaalien j\u00e4rjest\u00e4j\u00e4t valitsevat sen usein tarjotakseen asiakkailleen hienostuneemman ja mukavamman telttatyypin.<\/p>\n<p>Leirint\u00e4m\u00f6kit voidaan t\u00e4ydellisesti k\u00e4ytt\u00e4\u00e4 my\u00f6s kauniina puutarha- tai vierastalona, kes\u00e4asuntona, kotitoimistona, ty\u00f6pajana, kalastajan m\u00f6kkin\u00e4, rantam\u00f6kkin\u00e4, vapaa-ajanviettopaikkana tai lasten leikkim\u00f6kkin\u00e4.<\/p>\n<p>Parhaista laadukkaista materiaaleista valmistetut leirint\u00e4m\u00f6kit tarjoavat ainutlaatuisen leirint\u00e4majoituksen, tarjoten uskomattoman vapaa-ajan kokemuksen.<\/p>\n<p>&nbsp;<\/p>\n<p><strong>Tekniset tiedot:<\/strong><\/p>\n<p>Koko: 2-6 henkil\u00f6\u00e4<br \/>\nHuoneet: 2<br \/>\nSis\u00e4tila: 14.73 m\u00b2<br \/>\nUlkomitat: 3.25 m x 5.9 m<br \/>\nKorkeus: 2.75 m<br \/>\nPuu: m\u00e4nty<br \/>\nSein\u00e4t: m\u00e4ntypaneelit sis\u00e4lt\u00e4 ja ulkoa: 14 mm; Eristetyn sivusein\u00e4n paksuus: 126 mm; Eristetyn etu- ja takasein\u00e4n paksuus: 118 mm<br \/>\nLattia: m\u00e4nty: 28 mm; Eristetyn lattian paksuus: 158 mm<br \/>\nKivivillaeristys: 100 mm (lattia ja sein\u00e4t)<br \/>\nKattop\u00e4\u00e4llyste: suomalaiset bitumikattotiilet<br \/>\nIkkunan koko: 700 x 900 mm<br \/>\nOven koko: 1010 x 1820 mm<br \/>\nTerassi: pituus r\u00e4\u00e4t\u00e4l\u00f6ity (lis\u00e4hintaan)<\/p>\n<p>&nbsp;<\/p>\n<p><strong>Vakiovarustus:<\/strong><\/p>\n<p>Eristetyt podin sein\u00e4t, jotka on p\u00e4\u00e4llystetty bitumikattotiilill\u00e4<br \/>\nEristetty m\u00e4ntylattia<br \/>\n1 kaksinkertaisella lasilla avattava ikkuna takasein\u00e4ss\u00e4<br \/>\nTanskalainen kaksinkertaisella lasilla varustettu ovi vakiokahvalla ja lukolla<br \/>\nSis\u00e4tila pienell\u00e4 huoneella, jossa on ovi (kylpyhuoneelle)<\/p>\n<p><strong>Toimitus:<\/strong> paino 3200 kg, koko: kokoamaton m\u00f6kki 1.2 m x 5.9 m x 2.6 m<\/p>\n<p>&nbsp;<\/p>\n<p><strong>Saatavilla olevat bitumikattotiilien v\u00e4rit:<\/strong><\/p>\n<p>Musta, vihre\u00e4, punainen<br \/>\n<img loading=\"lazy\" decoding=\"async\" class=\"alignnone wp-image-86158\" src=\"https:\/\/factory.sale\/wp-content\/uploads\/2024\/06\/colours-wooden-me-300x82.png\" alt=\"\" width=\"611\" height=\"167\" srcset=\"https:\/\/factory.sale\/wp-content\/uploads\/2024\/06\/colours-wooden-me-300x82.png 300w, https:\/\/factory.sale\/wp-content\/uploads\/2024\/06\/colours-wooden-me-150x41.png 150w, https:\/\/factory.sale\/wp-content\/uploads\/2024\/06\/colours-wooden-me-600x164.png 600w, https:\/\/factory.sale\/wp-content\/uploads\/2024\/06\/colours-wooden-me.png 638w\" sizes=\"auto, (max-width: 611px) 100vw, 611px\" \/><\/p>\n<p>&nbsp;<\/p>\n<p>&nbsp;<\/p>\n<p><strong>Lis\u00e4ksi saatavilla (hinnat ilman ALV):<\/strong><\/p>\n<p>Puolipanoraamaikkuna 1265 .-<br \/>\nT\u00e4ysipanoraamaikkuna 1518 .-<br \/>\nKaksinkertaisella lasilla varustettu ikkuna, ammattimaisesti maalattu maalauskammiossa antrasiitin v\u00e4riseksi, takasein\u00e4ss\u00e4 63,25 .-<\/p>\n<p>&nbsp;<\/p>\n<p><strong>Terassi:<\/strong><\/p>\n<p>Ei terassia 0 .-<br \/>\n1 m pitk\u00e4 terassi 143,75 .-<br \/>\n2 m pitk\u00e4 terassi 281,75 .-<br \/>\n3 m pitk\u00e4 terassi 419,75 .-<\/p>\n<p>&nbsp;<\/p>\n<p>&nbsp;<\/p>\n<p><strong><em>Saatavilla my\u00f6s paljon huonekaluja, kysy lis\u00e4\u00e4 tietoja.<\/em><\/strong><\/p>\n<p>&nbsp;<\/p>\n<p>&nbsp;<\/p>\n<p>&nbsp;<\/p>\n<div class=\"video-wrapper \"><iframe loading=\"lazy\" title=\"The folding bench from Woodprofesionals\" width=\"500\" height=\"281\" src=\"https:\/\/www.youtube.com\/embed\/rihF8b40BVs?feature=oembed\" frameborder=\"0\" allow=\"accelerometer; autoplay; clipboard-write; encrypted-media; gyroscope; picture-in-picture; web-share\" referrerpolicy=\"strict-origin-when-cross-origin\" allowfullscreen><\/iframe><\/div>\n","protected":false},"excerpt":{"rendered":"<p>Leirint\u00e4m\u00f6kki, tunnetaan my\u00f6s nimell\u00e4 Glamping Pod, on loistava valinta ulkoilmael\u00e4miseen. Se tarjoaa kodikasta, mukavaa ja avaraa majoitusta 2-6 henkil\u00f6lle (valitusta koosta riippuen). Sen ainutlaatuinen muoto sulautuu maisemaan, tehden n\u00e4kym\u00e4st\u00e4 hyvin luonnollisen ja houkuttelevan.<\/p>\n","protected":false},"featured_media":86624,"comment_status":"open","ping_status":"closed","template":"","meta":{"_acf_changed":false},"factory":[],"free-shipment":[],"product_brand":[],"product_cat":[1112,2889],"product_tag":[],"class_list":{"0":"post-86627","1":"product","2":"type-product","3":"status-publish","4":"has-post-thumbnail","6":"product_cat-elementtitalot","7":"product_cat-leirintamokit","9":"first","10":"instock","11":"sale","12":"taxable","13":"shipping-taxable","14":"purchasable","15":"product-type-simple"},"acf":[],"_links":{"self":[{"href":"https:\/\/factory.sale\/fi\/wp-json\/wp\/v2\/product\/86627","targetHints":{"allow":["GET"]}}],"collection":[{"href":"https:\/\/factory.sale\/fi\/wp-json\/wp\/v2\/product"}],"about":[{"href":"https:\/\/factory.sale\/fi\/wp-json\/wp\/v2\/types\/product"}],"replies":[{"embeddable":true,"href":"https:\/\/factory.sale\/fi\/wp-json\/wp\/v2\/comments?post=86627"}],"wp:featuredmedia":[{"embeddable":true,"href":"https:\/\/factory.sale\/fi\/wp-json\/wp\/v2\/media\/86624"}],"wp:attachment":[{"href":"https:\/\/factory.sale\/fi\/wp-json\/wp\/v2\/media?parent=86627"}],"wp:term":[{"taxonomy":"factory","embeddable":true,"href":"https:\/\/factory.sale\/fi\/wp-json\/wp\/v2\/factory?post=86627"},{"taxonomy":"free-shipment","embeddable":true,"href":"https:\/\/factory.sale\/fi\/wp-json\/wp\/v2\/free-shipment?post=86627"},{"taxonomy":"product_brand","embeddable":true,"href":"https:\/\/factory.sale\/fi\/wp-json\/wp\/v2\/product_brand?post=86627"},{"taxonomy":"product_cat","embeddable":true,"href":"https:\/\/factory.sale\/fi\/wp-json\/wp\/v2\/product_cat?post=86627"},{"taxonomy":"product_tag","embeddable":true,"href":"https:\/\/factory.sale\/fi\/wp-json\/wp\/v2\/product_tag?post=86627"}],"curies":[{"name":"wp","href":"https:\/\/api.w.org\/{rel}","templated":true}]}}