{"id":86615,"date":"2024-06-24T22:39:45","date_gmt":"2024-06-24T23:11:13","guid":{"rendered":"https:\/\/factory.sale\/?post_type=product&#038;p=86615"},"modified":"2024-09-26T21:13:46","modified_gmt":"2024-09-26T18:13:46","slug":"leirintamokki-sivulla-olevalla-sisaankaynnilla-2-4x5-9-m","status":"publish","type":"product","link":"https:\/\/factory.sale\/fi\/tuote\/leirintamokki-sivulla-olevalla-sisaankaynnilla-2-4x5-9-m\/","title":{"rendered":"Leirint\u00e4m\u00f6kki sivulla olevalla sis\u00e4\u00e4nk\u00e4ynnill\u00e4 2.4\u00d75.9 m"},"content":{"rendered":"<p><strong>Tekniset tiedot:<\/strong><\/p>\n<p>Ihmiset: 2 \u2013 4 henkil\u00f6\u00e4<br \/>\nPuu: kuusi<br \/>\nMuoto: podi<br \/>\nHuoneet: 2<br \/>\nSis\u00e4tila: 12,0 m\u00b2<br \/>\nKokonaiskorkeus: 2280 mm<br \/>\nLattian paksuus: 28 mm<br \/>\nKaton paksuus: 38 mm<br \/>\nSein\u00e4n paksuus: 38 mm<br \/>\nUlkomitat: 5900 x 2400 mm<br \/>\nOven koko: 1020 x 1700 mm<br \/>\nIkkunan koko: 672 x 704 mm<\/p>\n<p>&nbsp;<\/p>\n<p>&nbsp;<\/p>\n<p><strong>Vakiovarustus:<\/strong><\/p>\n<p>Kuusesta valmistettu podi;<br \/>\nKatto katettu valitsemillasi bitumikattotiilill\u00e4;<br \/>\nKaksinkertaiset avattavat ikkunat sivuseiniss\u00e4 (t\u00e4yskorkea lasisein\u00e4 lis\u00e4varusteena. Mitat (L x K): 2995 x 2995 mm; Lasin paksuus: 10 mm karkaistu lasi (ruskea));<br \/>\nKaksinkertaiset ovet lukolla ja kaksinkertaisilla lasi-ikkunoilla;<br \/>\nRanskalainen kaksinkertaisella lasilla varustettu ovi lukolla ja vakiokahvalla edess\u00e4;<br \/>\n2 avattavaa ikkunaa sivuseiniss\u00e4;<br \/>\nTuuletus;<br \/>\nSis\u00e4sein\u00e4 jakaa nukkumis- ja oleskelutilat.<br \/>\nToimitus: Podi toimitetaan asiakkaalle t\u00e4ysin koottuna!<\/p>\n<p>&nbsp;<\/p>\n<p><strong>Toimitus:<\/strong><\/p>\n<p>Rahtikoko (P x L x K): 6 x 2,4 x 2,6 m;<br \/>\nPaino: 2200 kg.<br \/>\nToimitusaika: 4\u20138 viikkoa.<\/p>\n<p>&nbsp;<\/p>\n<p><strong>Saatavilla olevat bitumikattotiilien v\u00e4rit:<\/strong><\/p>\n<p>Musta, vihre\u00e4, punainen<\/p>\n<p><img loading=\"lazy\" decoding=\"async\" class=\"alignnone wp-image-86158\" src=\"https:\/\/factory.sale\/wp-content\/uploads\/2024\/06\/colours-wooden-me-300x82.png\" alt=\"\" width=\"633\" height=\"173\" srcset=\"https:\/\/factory.sale\/wp-content\/uploads\/2024\/06\/colours-wooden-me-300x82.png 300w, https:\/\/factory.sale\/wp-content\/uploads\/2024\/06\/colours-wooden-me-150x41.png 150w, https:\/\/factory.sale\/wp-content\/uploads\/2024\/06\/colours-wooden-me-600x164.png 600w, https:\/\/factory.sale\/wp-content\/uploads\/2024\/06\/colours-wooden-me.png 638w\" sizes=\"auto, (max-width: 633px) 100vw, 633px\" \/><\/p>\n<p>&nbsp;<\/p>\n<p><strong>Lis\u00e4ksi saatavilla (hinnat ilman ALV):<\/strong><\/p>\n<p>T\u00e4yslasinen sivusein\u00e4 1040,75 .-<br \/>\nKyll\u00e4stys ulkopuunsuojamaalilla 569,25 .-<br \/>\nKyll\u00e4stys ulkopuumaalilla 569,25 .-<\/p>\n<p>&nbsp;<\/p>\n<p>&nbsp;<\/p>\n<p><strong>Huonekalut:<\/strong><\/p>\n<p>Parivuode 178,25 .-<br \/>\nP\u00f6yt\u00e4 69 .-<br \/>\nRahi 69 .-<br \/>\nYhden hengen vuode 109,25 .-<br \/>\nRuostumattomasta ter\u00e4ksest\u00e4 valmistettu ovikynnys 34,5 .-<\/p>\n<p>&nbsp;<\/p>\n<p>&nbsp;<\/p>\n<p><a href=\"https:\/\/factory.sale\/wp-content\/uploads\/2024\/06\/plan-59-side-entry.pdf\" target=\"_blank\" rel=\"noopener\">Suunnitelma<\/a><\/p>\n","protected":false},"excerpt":{"rendered":"<ul>\n<li>Kuusesta valmistettu podi;<\/li>\n<li>Katto katettu valitsemillasi bitumikattotiilill\u00e4;<\/li>\n<li>Kaksinkertaiset avattavat ikkunat sivuseiniss\u00e4 (t\u00e4yskorkea lasisein\u00e4 lis\u00e4varusteena. Mitat (L x K): 2995 x 2995 mm; Lasin paksuus: 10 mm karkaistu lasi (ruskea));<\/li>\n<li>Kaksinkertaiset ovet lukolla ja kaksinkertaisilla lasi-ikkunoilla;<\/li>\n<li>Ranskalainen kaksinkertaisella lasilla varustettu ovi lukolla ja vakiokahvalla edess\u00e4;<\/li>\n<li>2 avattavaa ikkunaa sivuseiniss\u00e4;<\/li>\n<li>Tuuletus;<\/li>\n<li>Sis\u00e4sein\u00e4 jakaa nukkumis- ja oleskelutilat.<\/li>\n<\/ul>\n","protected":false},"featured_media":86605,"comment_status":"open","ping_status":"closed","template":"","meta":{"_acf_changed":false},"factory":[],"free-shipment":[],"product_brand":[],"product_cat":[1112,2889],"product_tag":[],"class_list":{"0":"post-86615","1":"product","2":"type-product","3":"status-publish","4":"has-post-thumbnail","6":"product_cat-elementtitalot","7":"product_cat-leirintamokit","9":"first","10":"instock","11":"sale","12":"taxable","13":"shipping-taxable","14":"purchasable","15":"product-type-simple"},"acf":[],"_links":{"self":[{"href":"https:\/\/factory.sale\/fi\/wp-json\/wp\/v2\/product\/86615","targetHints":{"allow":["GET"]}}],"collection":[{"href":"https:\/\/factory.sale\/fi\/wp-json\/wp\/v2\/product"}],"about":[{"href":"https:\/\/factory.sale\/fi\/wp-json\/wp\/v2\/types\/product"}],"replies":[{"embeddable":true,"href":"https:\/\/factory.sale\/fi\/wp-json\/wp\/v2\/comments?post=86615"}],"wp:featuredmedia":[{"embeddable":true,"href":"https:\/\/factory.sale\/fi\/wp-json\/wp\/v2\/media\/86605"}],"wp:attachment":[{"href":"https:\/\/factory.sale\/fi\/wp-json\/wp\/v2\/media?parent=86615"}],"wp:term":[{"taxonomy":"factory","embeddable":true,"href":"https:\/\/factory.sale\/fi\/wp-json\/wp\/v2\/factory?post=86615"},{"taxonomy":"free-shipment","embeddable":true,"href":"https:\/\/factory.sale\/fi\/wp-json\/wp\/v2\/free-shipment?post=86615"},{"taxonomy":"product_brand","embeddable":true,"href":"https:\/\/factory.sale\/fi\/wp-json\/wp\/v2\/product_brand?post=86615"},{"taxonomy":"product_cat","embeddable":true,"href":"https:\/\/factory.sale\/fi\/wp-json\/wp\/v2\/product_cat?post=86615"},{"taxonomy":"product_tag","embeddable":true,"href":"https:\/\/factory.sale\/fi\/wp-json\/wp\/v2\/product_tag?post=86615"}],"curies":[{"name":"wp","href":"https:\/\/api.w.org\/{rel}","templated":true}]}}