{"id":86596,"date":"2024-06-24T22:12:57","date_gmt":"2024-06-24T22:20:50","guid":{"rendered":"https:\/\/factory.sale\/?post_type=product&#038;p=86596"},"modified":"2024-09-28T23:05:13","modified_gmt":"2024-09-28T20:05:13","slug":"eristetty-leirintamokki-3-m-x-48-m","status":"publish","type":"product","link":"https:\/\/factory.sale\/fi\/tuote\/eristetty-leirintamokki-3-m-x-48-m\/","title":{"rendered":"Eristetty leirint\u00e4m\u00f6kki 3 m x 4,8 m"},"content":{"rendered":"<p>Eristetty leirint\u00e4m\u00f6kki, on eritt\u00e4in suosittu kaikkialla Euroopassa. T\u00e4m\u00e4 talo ei varsinaisesti tarvitse perustusta, se voidaan sijoittaa yksinkertaisesti pehmusteille tai vaikka puiselle terassille, lautalle, per\u00e4k\u00e4rrylle. T\u00e4m\u00e4 m\u00f6kki on liikkuva ja helposti siirrett\u00e4viss\u00e4 paikasta toiseen.<\/p>\n<p>&nbsp;<\/p>\n<p>&nbsp;<\/p>\n<p><strong>Tekniset tiedot:<\/strong><\/p>\n<p>Koko: 2-6 henkil\u00f6\u00e4<br \/>\nHuoneet: 2<br \/>\nSis\u00e4tila: 11,46 m\u00b2<br \/>\nUlkomitat: 3,25 m x 4,8 m<br \/>\nKorkeus: 2,75 m<br \/>\nPuu: m\u00e4nty<br \/>\nSein\u00e4t: m\u00e4ntypaneelit sis\u00e4- ja ulkopuolelta: 14 mm; Eristetyn sivusein\u00e4n paksuus: 126 mm; Eristetyn etu- ja takasein\u00e4n paksuus: 118 mm<br \/>\nLattia: m\u00e4nty: 28 mm; Eristetyn lattian paksuus: 158 mm<br \/>\nKivivillaeristys: 100 mm (lattia ja sein\u00e4t)<br \/>\nKattop\u00e4\u00e4llyste: suomalaiset bitumikattotiilet<br \/>\nIkkunan koko: 700 x 900 mm<br \/>\nOven koko: 1010 x 1820 mm<br \/>\nTerassi: pituus r\u00e4\u00e4t\u00e4l\u00f6ity (lis\u00e4hintaan)<\/p>\n<p>&nbsp;<\/p>\n<p>&nbsp;<\/p>\n<p><strong>Vakiovarustus:<\/strong><\/p>\n<p>Eristetyt sein\u00e4t, jotka on p\u00e4\u00e4llystetty bitumikattotiilill\u00e4<br \/>\nEristetty m\u00e4ntylattia<br \/>\n1 kaksinkertaisella lasilla avattava ikkuna takasein\u00e4ss\u00e4<br \/>\nTanskalainen kaksinkertaisella lasilla varustettu ovi vakiokahvalla ja lukolla<br \/>\nSis\u00e4tila pienell\u00e4 huoneella, jossa on ovi (kylpyhuoneelle)<br \/>\nTerassi 28 mm kyll\u00e4stetyist\u00e4 terassilaudoista (valinnaisena)<\/p>\n<p>&nbsp;<\/p>\n<p>&nbsp;<\/p>\n<p><strong>Toimitus:<\/strong><\/p>\n<p>Lavan koko (LxPxK): 1p (1,2 x 4,8 x 2,6) 2400 kg<\/p>\n<p><img loading=\"lazy\" decoding=\"async\" class=\"alignnone wp-image-86578\" src=\"https:\/\/factory.sale\/wp-content\/uploads\/2024\/06\/Insulated-pod-3.0-x-4.8-moodud-300x200.png\" alt=\"\" width=\"620\" height=\"413\" srcset=\"https:\/\/factory.sale\/wp-content\/uploads\/2024\/06\/Insulated-pod-3.0-x-4.8-moodud-300x200.png 300w, https:\/\/factory.sale\/wp-content\/uploads\/2024\/06\/Insulated-pod-3.0-x-4.8-moodud-1024x682.png 1024w, https:\/\/factory.sale\/wp-content\/uploads\/2024\/06\/Insulated-pod-3.0-x-4.8-moodud-150x100.png 150w, https:\/\/factory.sale\/wp-content\/uploads\/2024\/06\/Insulated-pod-3.0-x-4.8-moodud-600x400.png 600w, https:\/\/factory.sale\/wp-content\/uploads\/2024\/06\/Insulated-pod-3.0-x-4.8-moodud.png 1438w\" sizes=\"auto, (max-width: 620px) 100vw, 620px\" \/><\/p>\n<p>&nbsp;<\/p>\n<p>&nbsp;<\/p>\n<p><strong>Saatavilla olevat bitumikattotiilien v\u00e4rit:<\/strong><\/p>\n<p>Musta, vihre\u00e4, punainen<\/p>\n<p><img loading=\"lazy\" decoding=\"async\" class=\"alignnone wp-image-86158\" src=\"https:\/\/factory.sale\/wp-content\/uploads\/2024\/06\/colours-wooden-me-300x82.png\" alt=\"\" width=\"538\" height=\"147\" srcset=\"https:\/\/factory.sale\/wp-content\/uploads\/2024\/06\/colours-wooden-me-300x82.png 300w, https:\/\/factory.sale\/wp-content\/uploads\/2024\/06\/colours-wooden-me-150x41.png 150w, https:\/\/factory.sale\/wp-content\/uploads\/2024\/06\/colours-wooden-me-600x164.png 600w, https:\/\/factory.sale\/wp-content\/uploads\/2024\/06\/colours-wooden-me.png 638w\" sizes=\"auto, (max-width: 538px) 100vw, 538px\" \/><\/p>\n<p>&nbsp;<\/p>\n<p><strong>Lis\u00e4ksi saatavilla (hinnat ilman ALV):<\/strong><\/p>\n<p>Puolipanoraamaikkuna 1265 .-<br \/>\nT\u00e4ysipanoraamaikkuna 1518 .-<br \/>\nKaksinkertaisella lasilla varustettu ikkuna, ammattimaisesti maalattu maalauskammiossa antrasiitin v\u00e4riseksi, takasein\u00e4ss\u00e4 63,25 .-<\/p>\n<p>&nbsp;<\/p>\n<p><strong>Terassi:<\/strong><\/p>\n<p>Ei terassia 0 .-<br \/>\n1 m pitk\u00e4 terassi 143,75 .-<br \/>\n2 m pitk\u00e4 terassi 281,75 .-<br \/>\n3 m pitk\u00e4 terassi 419,75 .-<\/p>\n<p>&nbsp;<\/p>\n<p>&nbsp;<\/p>\n<p><em><strong>Saatavilla my\u00f6s paljon huonekaluja, kysy lis\u00e4\u00e4 tietoja.<\/strong><\/em><\/p>\n<p>&nbsp;<\/p>\n<p>&nbsp;<\/p>\n<p>&nbsp;<\/p>\n<p><a href=\"https:\/\/factory.sale\/wp-content\/uploads\/2024\/06\/Luxury-Insulated-Camping-Pod-5.5-x-2.4.pdf\" target=\"_blank\" rel=\"noopener\">Ohjeet<\/a><\/p>\n<p>&nbsp;<\/p>\n<p>&nbsp;<\/p>\n<div class=\"video-wrapper \"><iframe loading=\"lazy\" title=\"The folding bench from Woodprofesionals\" width=\"500\" height=\"281\" src=\"https:\/\/www.youtube.com\/embed\/rihF8b40BVs?feature=oembed\" frameborder=\"0\" allow=\"accelerometer; autoplay; clipboard-write; encrypted-media; gyroscope; picture-in-picture; web-share\" referrerpolicy=\"strict-origin-when-cross-origin\" allowfullscreen><\/iframe><\/div>\n","protected":false},"excerpt":{"rendered":"<p>Eristetty leirint\u00e4m\u00f6kki, se on ainutlaatuinen design-tuote, joka on suosittu koko Euroopassa. T\u00e4t\u00e4 m\u00f6kki\u00e4 voi k\u00e4ytt\u00e4\u00e4 my\u00f6s talvella, se voidaan asentaa suoraan tyynyjen p\u00e4\u00e4lle tai jopa puuterassille, lautalle, per\u00e4vaunulle. T\u00e4m\u00e4 m\u00f6kki on liikkuva ja sit\u00e4 voidaan helposti siirt\u00e4\u00e4 paikasta toiseen.<\/p>\n","protected":false},"featured_media":86581,"comment_status":"open","ping_status":"closed","template":"","meta":{"_acf_changed":false},"factory":[],"free-shipment":[],"product_brand":[],"product_cat":[1112,2889],"product_tag":[],"class_list":{"0":"post-86596","1":"product","2":"type-product","3":"status-publish","4":"has-post-thumbnail","6":"product_cat-elementtitalot","7":"product_cat-leirintamokit","9":"first","10":"instock","11":"sale","12":"taxable","13":"shipping-taxable","14":"purchasable","15":"product-type-simple"},"acf":[],"_links":{"self":[{"href":"https:\/\/factory.sale\/fi\/wp-json\/wp\/v2\/product\/86596","targetHints":{"allow":["GET"]}}],"collection":[{"href":"https:\/\/factory.sale\/fi\/wp-json\/wp\/v2\/product"}],"about":[{"href":"https:\/\/factory.sale\/fi\/wp-json\/wp\/v2\/types\/product"}],"replies":[{"embeddable":true,"href":"https:\/\/factory.sale\/fi\/wp-json\/wp\/v2\/comments?post=86596"}],"wp:featuredmedia":[{"embeddable":true,"href":"https:\/\/factory.sale\/fi\/wp-json\/wp\/v2\/media\/86581"}],"wp:attachment":[{"href":"https:\/\/factory.sale\/fi\/wp-json\/wp\/v2\/media?parent=86596"}],"wp:term":[{"taxonomy":"factory","embeddable":true,"href":"https:\/\/factory.sale\/fi\/wp-json\/wp\/v2\/factory?post=86596"},{"taxonomy":"free-shipment","embeddable":true,"href":"https:\/\/factory.sale\/fi\/wp-json\/wp\/v2\/free-shipment?post=86596"},{"taxonomy":"product_brand","embeddable":true,"href":"https:\/\/factory.sale\/fi\/wp-json\/wp\/v2\/product_brand?post=86596"},{"taxonomy":"product_cat","embeddable":true,"href":"https:\/\/factory.sale\/fi\/wp-json\/wp\/v2\/product_cat?post=86596"},{"taxonomy":"product_tag","embeddable":true,"href":"https:\/\/factory.sale\/fi\/wp-json\/wp\/v2\/product_tag?post=86596"}],"curies":[{"name":"wp","href":"https:\/\/api.w.org\/{rel}","templated":true}]}}