{"id":86572,"date":"2024-06-24T21:42:56","date_gmt":"2024-06-24T21:57:22","guid":{"rendered":"https:\/\/factory.sale\/?post_type=product&#038;p=86572"},"modified":"2024-09-28T23:01:59","modified_gmt":"2024-09-28T20:01:59","slug":"eristetty-leirintamokki-24-m-x-48-m-sivusisaankaynnilla","status":"publish","type":"product","link":"https:\/\/factory.sale\/fi\/tuote\/eristetty-leirintamokki-24-m-x-48-m-sivusisaankaynnilla\/","title":{"rendered":"Eristetty leirint\u00e4m\u00f6kki 2,4 m x 4,8 m (sivusis\u00e4\u00e4nk\u00e4ynnill\u00e4)"},"content":{"rendered":"<p>Eristetty leirint\u00e4m\u00f6kki (sivusis\u00e4\u00e4nk\u00e4ynnill\u00e4) on ainutlaatuinen design-tuote, joka on suosittu kaikkialla Euroopassa. T\u00e4t\u00e4 m\u00f6kki\u00e4 voidaan k\u00e4ytt\u00e4\u00e4 my\u00f6s talvella, se voidaan asettaa suoraan jalustalle tai jopa puiselle terassille, lautalle tai per\u00e4vaunulle. T\u00e4m\u00e4 m\u00f6kki on siirrett\u00e4v\u00e4 ja sit\u00e4 voidaan helposti siirt\u00e4\u00e4 paikasta toiseen.<\/p>\n<p>&nbsp;<\/p>\n<p>&nbsp;<\/p>\n<p><strong>Tekniset tiedot:<\/strong><\/p>\n<p>Koko: 2-4 henkil\u00f6\u00e4<br \/>\nSis\u00e4tila: 8,1 m\u00b2<br \/>\nUlkopituudet: 2,4 m x 4,8 m<br \/>\nKorkeus: 2,6 m<br \/>\nPuu: M\u00e4nty<br \/>\nSein\u00e4t: M\u00e4ntypaneelit sis\u00e4- ja ulkopuolella: 14 mm; eristetty sivusein\u00e4n paksuus: 126 mm; eristetty etu- ja takasein\u00e4n paksuus: 118 mm<br \/>\nLattia: M\u00e4nty: 28 mm; eristetty lattian paksuus: 158 mm<br \/>\nKivivillaeristys: 100 mm (lattiat ja sein\u00e4t)<br \/>\nKatto: Suomalaiset bitumikatot<br \/>\nIkkunan koko: 700 x 900 mm<br \/>\nOven koko: 1010 x 1820 mm<\/p>\n<p>&nbsp;<\/p>\n<p><strong>Vakiovarustus:<\/strong><\/p>\n<p>Eristetyt pod-sein\u00e4t, jotka on peitetty bitumikatolla<br \/>\nEristetty m\u00e4ntylattia<br \/>\n2 kaksinkertaista lasitusta oleva avattava ikkuna edess\u00e4 ja takasein\u00e4ss\u00e4<br \/>\nTanskalainen kaksinkertaisesti lasitettu ovi, jossa on vakiokahva ja lukko<\/p>\n<p>&nbsp;<\/p>\n<p>&nbsp;<\/p>\n<p><strong>Toimitus:<\/strong><\/p>\n<p>Lavakoko (LxPxK): 1p (1,2 x 4,8 x 2,6) 2200 kg<br \/>\nKokoamaton podin koko (LxPxK): (2,4 x 4,9 x 2,6) 2200 kg<\/p>\n<p><img loading=\"lazy\" decoding=\"async\" class=\"alignnone wp-image-86551\" src=\"https:\/\/factory.sale\/wp-content\/uploads\/2024\/06\/Insulated-pod-4.8m-with-side-entrance-moodud-300x203.png\" alt=\"\" width=\"578\" height=\"391\" srcset=\"https:\/\/factory.sale\/wp-content\/uploads\/2024\/06\/Insulated-pod-4.8m-with-side-entrance-moodud-300x203.png 300w, https:\/\/factory.sale\/wp-content\/uploads\/2024\/06\/Insulated-pod-4.8m-with-side-entrance-moodud-150x102.png 150w, https:\/\/factory.sale\/wp-content\/uploads\/2024\/06\/Insulated-pod-4.8m-with-side-entrance-moodud-600x406.png 600w, https:\/\/factory.sale\/wp-content\/uploads\/2024\/06\/Insulated-pod-4.8m-with-side-entrance-moodud.png 1004w\" sizes=\"auto, (max-width: 578px) 100vw, 578px\" \/><\/p>\n<p>&nbsp;<\/p>\n<p>&nbsp;<\/p>\n<p><strong>Saatavilla oleva bitumikaton v\u00e4ri:<\/strong><\/p>\n<p>Musta, vihre\u00e4, punainen<\/p>\n<p><img loading=\"lazy\" decoding=\"async\" class=\"alignnone wp-image-86158\" src=\"https:\/\/factory.sale\/wp-content\/uploads\/2024\/06\/colours-wooden-me-300x82.png\" alt=\"\" width=\"534\" height=\"146\" srcset=\"https:\/\/factory.sale\/wp-content\/uploads\/2024\/06\/colours-wooden-me-300x82.png 300w, https:\/\/factory.sale\/wp-content\/uploads\/2024\/06\/colours-wooden-me-150x41.png 150w, https:\/\/factory.sale\/wp-content\/uploads\/2024\/06\/colours-wooden-me-600x164.png 600w, https:\/\/factory.sale\/wp-content\/uploads\/2024\/06\/colours-wooden-me.png 638w\" sizes=\"auto, (max-width: 534px) 100vw, 534px\" \/><\/p>\n<p>&nbsp;<\/p>\n<p>&nbsp;<\/p>\n<p><strong>Lis\u00e4varusteet (hinnat ilman ALV):<\/strong><\/p>\n<p>Puolipanoraamaikkuna 1265 .-<br \/>\nT\u00e4ysipanoraamaikkuna 1518 .-<br \/>\nKaksinkertaisesti lasitettu ikkuna, ammattimaisesti maalattu maalikammiolla antrasiitin v\u00e4riseksi, takasein\u00e4ss\u00e4 63,25 .-<\/p>\n<p>Vakio koristeelliset laudat 0.-<\/p>\n<p>Liimatut koristeelliset laudat 126,5 .-<\/p>\n<p>Vakio-ovi 0.-<\/p>\n<p>Premium-yksitt\u00e4isovi antrasiitin v\u00e4risen\u00e4 189,75 .-<\/p>\n<p>&nbsp;<\/p>\n<p>&nbsp;<\/p>\n<p><strong>S\u00e4hk\u00f6:<\/strong><\/p>\n<p>Yksitt\u00e4inen pistorasia 69 .-<br \/>\nKaksoispistorasia 74,75 .-<br \/>\nYksitt\u00e4inen kytkin 69 .-<br \/>\nKaksoiskytkin 86,25 .-<br \/>\nKaapeli yhdelle lampulle 28,75 .-<br \/>\nSulaketaulu 138 .-<\/p>\n<p>&nbsp;<\/p>\n<p>&nbsp;<\/p>\n<p><em><strong>Ulkomaalin v\u00e4ri 189,75 .-<\/strong><\/em><\/p>\n<p><em><strong>Saatavilla my\u00f6s paljon huonekaluja, kysy lis\u00e4\u00e4.<\/strong><\/em><\/p>\n<p>&nbsp;<\/p>\n<p><a href=\"https:\/\/factory.sale\/wp-content\/uploads\/2024\/06\/Luxury-Insulated-Camping-Pod-5.5-x-2.4-1.pdf\" target=\"_blank\" rel=\"noopener\">Ohjeet<\/a><\/p>\n<p>&nbsp;<\/p>\n<p>&nbsp;<\/p>\n<div class=\"video-wrapper \"><iframe loading=\"lazy\" title=\"The folding bench from Woodprofesionals\" width=\"500\" height=\"281\" src=\"https:\/\/www.youtube.com\/embed\/rihF8b40BVs?feature=oembed\" frameborder=\"0\" allow=\"accelerometer; autoplay; clipboard-write; encrypted-media; gyroscope; picture-in-picture; web-share\" referrerpolicy=\"strict-origin-when-cross-origin\" allowfullscreen><\/iframe><\/div>\n","protected":false},"excerpt":{"rendered":"<p>Eristetty leirint\u00e4m\u00f6kki (sivusis\u00e4\u00e4nk\u00e4ynnill\u00e4) on ainutlaatuinen design-tuote, joka on suosittu kaikkialla Euroopassa. T\u00e4t\u00e4 m\u00f6kki\u00e4 voidaan k\u00e4ytt\u00e4\u00e4 my\u00f6s talvella, se voidaan asettaa suoraan jalustalle tai jopa puiselle terassille, lautalle tai per\u00e4vaunulle. T\u00e4m\u00e4 m\u00f6kki on siirrett\u00e4v\u00e4 ja sit\u00e4 voidaan helposti siirt\u00e4\u00e4 paikasta toiseen.<\/p>\n","protected":false},"featured_media":86554,"comment_status":"open","ping_status":"closed","template":"","meta":{"_acf_changed":false},"factory":[],"free-shipment":[],"product_brand":[],"product_cat":[1112,2889],"product_tag":[],"class_list":{"0":"post-86572","1":"product","2":"type-product","3":"status-publish","4":"has-post-thumbnail","6":"product_cat-elementtitalot","7":"product_cat-leirintamokit","9":"first","10":"instock","11":"sale","12":"taxable","13":"shipping-taxable","14":"purchasable","15":"product-type-simple"},"acf":[],"_links":{"self":[{"href":"https:\/\/factory.sale\/fi\/wp-json\/wp\/v2\/product\/86572","targetHints":{"allow":["GET"]}}],"collection":[{"href":"https:\/\/factory.sale\/fi\/wp-json\/wp\/v2\/product"}],"about":[{"href":"https:\/\/factory.sale\/fi\/wp-json\/wp\/v2\/types\/product"}],"replies":[{"embeddable":true,"href":"https:\/\/factory.sale\/fi\/wp-json\/wp\/v2\/comments?post=86572"}],"wp:featuredmedia":[{"embeddable":true,"href":"https:\/\/factory.sale\/fi\/wp-json\/wp\/v2\/media\/86554"}],"wp:attachment":[{"href":"https:\/\/factory.sale\/fi\/wp-json\/wp\/v2\/media?parent=86572"}],"wp:term":[{"taxonomy":"factory","embeddable":true,"href":"https:\/\/factory.sale\/fi\/wp-json\/wp\/v2\/factory?post=86572"},{"taxonomy":"free-shipment","embeddable":true,"href":"https:\/\/factory.sale\/fi\/wp-json\/wp\/v2\/free-shipment?post=86572"},{"taxonomy":"product_brand","embeddable":true,"href":"https:\/\/factory.sale\/fi\/wp-json\/wp\/v2\/product_brand?post=86572"},{"taxonomy":"product_cat","embeddable":true,"href":"https:\/\/factory.sale\/fi\/wp-json\/wp\/v2\/product_cat?post=86572"},{"taxonomy":"product_tag","embeddable":true,"href":"https:\/\/factory.sale\/fi\/wp-json\/wp\/v2\/product_tag?post=86572"}],"curies":[{"name":"wp","href":"https:\/\/api.w.org\/{rel}","templated":true}]}}