{"id":86545,"date":"2024-06-24T21:14:09","date_gmt":"2024-06-24T21:27:02","guid":{"rendered":"https:\/\/factory.sale\/?post_type=product&#038;p=86545"},"modified":"2025-01-12T21:35:28","modified_gmt":"2025-01-12T18:35:28","slug":"leirintamokki-3-m-x-59-m","status":"publish","type":"product","link":"https:\/\/factory.sale\/fi\/tuote\/leirintamokki-3-m-x-59-m\/","title":{"rendered":"Leirint\u00e4m\u00f6kki 3 m x 5,9 m"},"content":{"rendered":"<p>Leirint\u00e4m\u00f6kki, joka tunnetaan my\u00f6s nimell\u00e4 Glamping Pod, on erinomainen valinta ulkona asumiseen. Se tarjoaa kodikasta, mukavaa ja avaraa majoitusta 2-6 hengelle (valitusta koosta riippuen). Sen ainutlaatuinen muoto sulautuu maisemaan tehden siit\u00e4 luonnollisen ja houkuttelevan n\u00e4k\u00f6isen.<\/p>\n<p>Leirint\u00e4m\u00f6kki mahdollistaa luonnon helmassa nauttimisen, ja siksi se valitaan usein leirint\u00e4alueiden omistajien ja musiikkifestivaalien j\u00e4rjest\u00e4jien toimesta, jotka haluavat tarjota asiakkailleen hienostuneemman ja mukavamman teltan.<\/p>\n<p>Leirint\u00e4m\u00f6kit voidaan my\u00f6s k\u00e4ytt\u00e4\u00e4 kauniina puutarha- tai vierastalona, kes\u00e4asuntona, kotitoimistona, ty\u00f6pajana, kalastajan m\u00f6kkin\u00e4, rantam\u00f6kkin\u00e4, virkistysalueena tai lasten leikkim\u00f6kkin\u00e4.<\/p>\n<p>Valmistettu parhaista laadukkaista materiaaleista, Camping Podit edustavat ainutlaatuista telttailumajoitusta tarjoten uskomattoman vapaa-ajan kokemuksen.<\/p>\n<p>&nbsp;<\/p>\n<p><strong>Tekniset tiedot:<\/strong><\/p>\n<p>Koko: 2-4 henkil\u00f6\u00e4<br \/>\nHuoneita: 2<br \/>\nSis\u00e4tila: 15,03 m\u00b2<br \/>\nUlkomitat: 3,0 m x 5,9 m<br \/>\nKorkeus: 2,7 m<br \/>\nPuu: m\u00e4nty<br \/>\nSein\u00e4n paksuus: 46 mm<br \/>\nLattian paksuus: 28 mm<br \/>\nKaton viimeistely: suomalaiset bitumikatot<br \/>\nIkkunan koko: 700 x 900 mm<br \/>\nOven koko: 1030 x 1900 mm<\/p>\n<p>&nbsp;<\/p>\n<p><strong>Vakiosetti:<\/strong><\/p>\n<p>Podin sein\u00e4t, jotka on p\u00e4\u00e4llystetty bitumikatolla<br \/>\nLattia 28 mm m\u00e4ntylautaa<br \/>\n1 avattava kaksinkertainen lasi-ikkuna takasein\u00e4ss\u00e4<br \/>\nRanskalaistyylinen kaksinkertainen lasiovi tavallisella kahvalla ja lukolla<br \/>\nSis\u00e4ll\u00e4 pieni huone ovella (kylpyhuoneelle)<br \/>\nToimitus: paino 3000 kg, koko: kokoamaton m\u00f6kki 1,2 m x 5,9 m x 1,3 m.<\/p>\n<p><img loading=\"lazy\" decoding=\"async\" class=\"alignnone wp-image-86538\" src=\"https:\/\/factory.sale\/wp-content\/uploads\/2024\/06\/camping-pod-3.0-m-x-5.9-m-moodud-300x182.png\" alt=\"\" width=\"603\" height=\"366\" srcset=\"https:\/\/factory.sale\/wp-content\/uploads\/2024\/06\/camping-pod-3.0-m-x-5.9-m-moodud-300x182.png 300w, https:\/\/factory.sale\/wp-content\/uploads\/2024\/06\/camping-pod-3.0-m-x-5.9-m-moodud-1024x620.png 1024w, https:\/\/factory.sale\/wp-content\/uploads\/2024\/06\/camping-pod-3.0-m-x-5.9-m-moodud-150x91.png 150w, https:\/\/factory.sale\/wp-content\/uploads\/2024\/06\/camping-pod-3.0-m-x-5.9-m-moodud-1536x931.png 1536w, https:\/\/factory.sale\/wp-content\/uploads\/2024\/06\/camping-pod-3.0-m-x-5.9-m-moodud-600x364.png 600w, https:\/\/factory.sale\/wp-content\/uploads\/2024\/06\/camping-pod-3.0-m-x-5.9-m-moodud.png 1644w\" sizes=\"auto, (max-width: 603px) 100vw, 603px\" \/><\/p>\n<p>&nbsp;<\/p>\n<p><strong>Saatavilla olevat bitumikaton v\u00e4rit:<\/strong><\/p>\n<p>Musta, vihre\u00e4, punainen<\/p>\n<p><img loading=\"lazy\" decoding=\"async\" class=\"alignnone wp-image-86158\" src=\"https:\/\/factory.sale\/wp-content\/uploads\/2024\/06\/colours-wooden-me-300x82.png\" alt=\"\" width=\"571\" height=\"156\" srcset=\"https:\/\/factory.sale\/wp-content\/uploads\/2024\/06\/colours-wooden-me-300x82.png 300w, https:\/\/factory.sale\/wp-content\/uploads\/2024\/06\/colours-wooden-me-150x41.png 150w, https:\/\/factory.sale\/wp-content\/uploads\/2024\/06\/colours-wooden-me-600x164.png 600w, https:\/\/factory.sale\/wp-content\/uploads\/2024\/06\/colours-wooden-me.png 638w\" sizes=\"auto, (max-width: 571px) 100vw, 571px\" \/><\/p>\n<p>&nbsp;<\/p>\n<p>&nbsp;<\/p>\n<p><strong>Lis\u00e4ksi saatavilla (hinnat ilman arvonlis\u00e4veroa):<\/strong><\/p>\n<p>Puolipanoraamaikkuna 1265 .-<\/p>\n<p>T\u00e4yspanoraamaikkuna 1518 .-<\/p>\n<p>Kaksinkertainen lasi-ikkuna, ammattimaisesti maalattu maalauskammiossa antrasiitin v\u00e4riseksi, takasein\u00e4ss\u00e4 63,25 .-<\/p>\n<p>&nbsp;<\/p>\n<p><strong>Terassi:<\/strong><\/p>\n<p>Ei terassia 0 .-<\/p>\n<p>Terassi, pituus 1 m 143,75 .-<\/p>\n<p>Terassi, pituus 2 m 281,75 .-<\/p>\n<p>Terassi, pituus 3 m 419,75 .-<\/p>\n<p>&nbsp;<\/p>\n<p><strong><em>Saatavilla my\u00f6s paljon huonekaluja, kysy lis\u00e4\u00e4.<\/em><\/strong><\/p>\n<p>&nbsp;<\/p>\n<p>&nbsp;<\/p>\n<p><a href=\"https:\/\/factory.sale\/wp-content\/uploads\/2024\/06\/Camping-Pod-2.4-x-4.0-m.pdf\" target=\"_blank\" rel=\"noopener\">Ohjeet<\/a><\/p>\n<div class=\"video-wrapper \"><iframe loading=\"lazy\" title=\"The folding bench from Woodprofesionals\" width=\"500\" height=\"281\" src=\"https:\/\/www.youtube.com\/embed\/rihF8b40BVs?feature=oembed\" frameborder=\"0\" allow=\"accelerometer; autoplay; clipboard-write; encrypted-media; gyroscope; picture-in-picture; web-share\" referrerpolicy=\"strict-origin-when-cross-origin\" allowfullscreen><\/iframe><\/div>\n","protected":false},"excerpt":{"rendered":"<p>Leirint\u00e4m\u00f6kki, joka tunnetaan my\u00f6s nimell\u00e4 Glamping Pod, on erinomainen valinta ulkona asumiseen. Se tarjoaa kodikasta, mukavaa ja avaraa majoitusta 2-6 hengelle (valitusta koosta riippuen). Sen ainutlaatuinen muoto sulautuu maisemaan tehden siit\u00e4 luonnollisen ja houkuttelevan n\u00e4k\u00f6isen.<\/p>\n","protected":false},"featured_media":86541,"comment_status":"open","ping_status":"closed","template":"","meta":{"_acf_changed":false},"factory":[],"free-shipment":[],"product_brand":[],"product_cat":[1112,2889],"product_tag":[],"class_list":{"0":"post-86545","1":"product","2":"type-product","3":"status-publish","4":"has-post-thumbnail","6":"product_cat-elementtitalot","7":"product_cat-leirintamokit","9":"first","10":"instock","11":"sale","12":"taxable","13":"shipping-taxable","14":"purchasable","15":"product-type-simple"},"acf":[],"_links":{"self":[{"href":"https:\/\/factory.sale\/fi\/wp-json\/wp\/v2\/product\/86545","targetHints":{"allow":["GET"]}}],"collection":[{"href":"https:\/\/factory.sale\/fi\/wp-json\/wp\/v2\/product"}],"about":[{"href":"https:\/\/factory.sale\/fi\/wp-json\/wp\/v2\/types\/product"}],"replies":[{"embeddable":true,"href":"https:\/\/factory.sale\/fi\/wp-json\/wp\/v2\/comments?post=86545"}],"wp:featuredmedia":[{"embeddable":true,"href":"https:\/\/factory.sale\/fi\/wp-json\/wp\/v2\/media\/86541"}],"wp:attachment":[{"href":"https:\/\/factory.sale\/fi\/wp-json\/wp\/v2\/media?parent=86545"}],"wp:term":[{"taxonomy":"factory","embeddable":true,"href":"https:\/\/factory.sale\/fi\/wp-json\/wp\/v2\/factory?post=86545"},{"taxonomy":"free-shipment","embeddable":true,"href":"https:\/\/factory.sale\/fi\/wp-json\/wp\/v2\/free-shipment?post=86545"},{"taxonomy":"product_brand","embeddable":true,"href":"https:\/\/factory.sale\/fi\/wp-json\/wp\/v2\/product_brand?post=86545"},{"taxonomy":"product_cat","embeddable":true,"href":"https:\/\/factory.sale\/fi\/wp-json\/wp\/v2\/product_cat?post=86545"},{"taxonomy":"product_tag","embeddable":true,"href":"https:\/\/factory.sale\/fi\/wp-json\/wp\/v2\/product_tag?post=86545"}],"curies":[{"name":"wp","href":"https:\/\/api.w.org\/{rel}","templated":true}]}}