{"id":86531,"date":"2024-06-26T10:19:14","date_gmt":"2024-06-26T10:20:02","guid":{"rendered":"https:\/\/factory.sale\/?post_type=product&#038;p=86531"},"modified":"2024-09-28T22:37:22","modified_gmt":"2024-09-28T19:37:22","slug":"leirintamokki-30-x-59-m","status":"publish","type":"product","link":"https:\/\/factory.sale\/fi\/tuote\/leirintamokki-30-x-59-m\/","title":{"rendered":"Leirint\u00e4m\u00f6kki 3,0 x 5,9 m"},"content":{"rendered":"<p>Leirint\u00e4m\u00f6kki 5,9 m, ainutlaatuinen tuote, joka on eritt\u00e4in suosittu kaikkialla Euroopassa. T\u00e4m\u00e4 talo ei tarvitse perustuksia, vaan sen voi asettaa yksinkertaisesti tyynyjen p\u00e4\u00e4lle tai jopa puuterassille, lautalle tai per\u00e4vaunulle. T\u00e4m\u00e4 m\u00f6kki on liikuteltava ja sit\u00e4 voidaan helposti siirt\u00e4\u00e4 paikasta toiseen. Erinomainen valinta leirint\u00e4\u00e4n. Huonekalut voi valita lis\u00e4varusteena valikoimastamme tai omien mieltymystesi mukaan.<\/p>\n<p>Koska tuotteen leveys on 3 metri\u00e4, se voidaan toimittaa vain litte\u00e4n\u00e4 pakettina. Helppoa kokoamista varten mukana tulee visuaalinen ohjekirja.<\/p>\n<p>&nbsp;<\/p>\n<p>&nbsp;<\/p>\n<p><strong>Tekniset tiedot:<\/strong><\/p>\n<p>Koko: 2-4 henkil\u00f6\u00e4<br \/>\nHuoneet: 2<br \/>\nPuu: M\u00e4nnyst\u00e4<br \/>\nSis\u00e4tila: 11,4 m\u00b2<br \/>\nUlkomitat: 3,0 m x 5,9 m<br \/>\nKorkeus: 2,7 m<br \/>\nSein\u00e4n paksuus: 46 mm<br \/>\nLattian paksuus: 28 mm<br \/>\nKatto: Viimeistellyt bitumikatteet<br \/>\nOven koko: 700 x 1800 mm<br \/>\nIkkuna: 700 x 900 mm<br \/>\nTerassi: 0,2 m<\/p>\n<p>&nbsp;<\/p>\n<p>&nbsp;<\/p>\n<p><strong>Vakiosarja:<\/strong><\/p>\n<p>Puiset tynnyrisein\u00e4t<br \/>\nRuostumattomasta ter\u00e4ksest\u00e4 valmistetut kiristysnauhat<br \/>\nKatto, jossa bitumikatetta<br \/>\nLattia 28 mm paksuista m\u00e4ntylaudoista<br \/>\nKaksinkertaisella lasituksella varustettu avattava ikkuna tynnyrin takana<br \/>\nOvi, jossa kaksinkertaisesti lasitettu kuusikulmainen ikkuna, vakiokahva ja lukko tynnyrin etuosassa<\/p>\n<p>&nbsp;<\/p>\n<p>&nbsp;<\/p>\n<p>&nbsp;<\/p>\n<p>&nbsp;<\/p>\n<p><img loading=\"lazy\" decoding=\"async\" class=\"alignnone wp-image-86525\" src=\"https:\/\/factory.sale\/wp-content\/uploads\/2024\/06\/3.0-x-5.9-m-moodud-300x190.png\" alt=\"\" width=\"627\" height=\"397\" srcset=\"https:\/\/factory.sale\/wp-content\/uploads\/2024\/06\/3.0-x-5.9-m-moodud-300x190.png 300w, https:\/\/factory.sale\/wp-content\/uploads\/2024\/06\/3.0-x-5.9-m-moodud-1024x649.png 1024w, https:\/\/factory.sale\/wp-content\/uploads\/2024\/06\/3.0-x-5.9-m-moodud-150x95.png 150w, https:\/\/factory.sale\/wp-content\/uploads\/2024\/06\/3.0-x-5.9-m-moodud-1536x974.png 1536w, https:\/\/factory.sale\/wp-content\/uploads\/2024\/06\/3.0-x-5.9-m-moodud-600x380.png 600w, https:\/\/factory.sale\/wp-content\/uploads\/2024\/06\/3.0-x-5.9-m-moodud.png 1612w\" sizes=\"auto, (max-width: 627px) 100vw, 627px\" \/><\/p>\n<p>&nbsp;<\/p>\n<p><strong>Saatavilla olevat bitumikatteen v\u00e4rit:<\/strong><\/p>\n<p>Musta, punainen, vihre\u00e4, harmaa<\/p>\n<p>&nbsp;<\/p>\n<p><img loading=\"lazy\" decoding=\"async\" class=\"alignnone wp-image-86381\" src=\"https:\/\/factory.sale\/wp-content\/uploads\/2024\/06\/colours-2-300x69.png\" alt=\"\" width=\"591\" height=\"136\" srcset=\"https:\/\/factory.sale\/wp-content\/uploads\/2024\/06\/colours-2-300x69.png 300w, https:\/\/factory.sale\/wp-content\/uploads\/2024\/06\/colours-2-150x35.png 150w, https:\/\/factory.sale\/wp-content\/uploads\/2024\/06\/colours-2-600x139.png 600w, https:\/\/factory.sale\/wp-content\/uploads\/2024\/06\/colours-2.png 640w\" sizes=\"auto, (max-width: 591px) 100vw, 591px\" \/><\/p>\n<p>&nbsp;<\/p>\n<p>&nbsp;<\/p>\n<p><strong>Sivuosa liukuovella WC-tilaa varten: 569,25 \u20ac<\/strong><\/p>\n<p><strong>Saatavilla my\u00f6s paljon huonekaluja, kysy lis\u00e4\u00e4.<\/strong><\/p>\n<p>&nbsp;<\/p>\n<p>&nbsp;<\/p>\n<div class=\"video-wrapper \"><iframe loading=\"lazy\" title=\"The folding bench from Woodprofesionals\" width=\"500\" height=\"281\" src=\"https:\/\/www.youtube.com\/embed\/rihF8b40BVs?feature=oembed\" frameborder=\"0\" allow=\"accelerometer; autoplay; clipboard-write; encrypted-media; gyroscope; picture-in-picture; web-share\" referrerpolicy=\"strict-origin-when-cross-origin\" allowfullscreen><\/iframe><\/div>\n","protected":false},"excerpt":{"rendered":"<p>Leirint\u00e4m\u00f6kki 5,9 m, ainutlaatuinen tuote, joka on eritt\u00e4in suosittu kaikkialla Euroopassa. T\u00e4m\u00e4 talo ei tarvitse perustuksia, vaan sen voi asettaa yksinkertaisesti tyynyjen p\u00e4\u00e4lle tai jopa puuterassille, lautalle tai per\u00e4vaunulle. T\u00e4m\u00e4 m\u00f6kki on liikuteltava ja sit\u00e4 voidaan helposti siirt\u00e4\u00e4 paikasta toiseen. Erinomainen valinta leirint\u00e4\u00e4n. Huonekalut voi valita lis\u00e4varusteena valikoimastamme tai omien mieltymystesi mukaan.<\/p>\n","protected":false},"featured_media":87013,"comment_status":"open","ping_status":"closed","template":"","meta":{"_acf_changed":false},"factory":[],"free-shipment":[],"product_brand":[],"product_cat":[1112,2889],"product_tag":[],"class_list":{"0":"post-86531","1":"product","2":"type-product","3":"status-publish","4":"has-post-thumbnail","6":"product_cat-elementtitalot","7":"product_cat-leirintamokit","9":"first","10":"instock","11":"sale","12":"taxable","13":"shipping-taxable","14":"purchasable","15":"product-type-simple"},"acf":[],"_links":{"self":[{"href":"https:\/\/factory.sale\/fi\/wp-json\/wp\/v2\/product\/86531","targetHints":{"allow":["GET"]}}],"collection":[{"href":"https:\/\/factory.sale\/fi\/wp-json\/wp\/v2\/product"}],"about":[{"href":"https:\/\/factory.sale\/fi\/wp-json\/wp\/v2\/types\/product"}],"replies":[{"embeddable":true,"href":"https:\/\/factory.sale\/fi\/wp-json\/wp\/v2\/comments?post=86531"}],"wp:featuredmedia":[{"embeddable":true,"href":"https:\/\/factory.sale\/fi\/wp-json\/wp\/v2\/media\/87013"}],"wp:attachment":[{"href":"https:\/\/factory.sale\/fi\/wp-json\/wp\/v2\/media?parent=86531"}],"wp:term":[{"taxonomy":"factory","embeddable":true,"href":"https:\/\/factory.sale\/fi\/wp-json\/wp\/v2\/factory?post=86531"},{"taxonomy":"free-shipment","embeddable":true,"href":"https:\/\/factory.sale\/fi\/wp-json\/wp\/v2\/free-shipment?post=86531"},{"taxonomy":"product_brand","embeddable":true,"href":"https:\/\/factory.sale\/fi\/wp-json\/wp\/v2\/product_brand?post=86531"},{"taxonomy":"product_cat","embeddable":true,"href":"https:\/\/factory.sale\/fi\/wp-json\/wp\/v2\/product_cat?post=86531"},{"taxonomy":"product_tag","embeddable":true,"href":"https:\/\/factory.sale\/fi\/wp-json\/wp\/v2\/product_tag?post=86531"}],"curies":[{"name":"wp","href":"https:\/\/api.w.org\/{rel}","templated":true}]}}