{"id":86521,"date":"2024-06-26T09:25:12","date_gmt":"2024-06-26T09:54:13","guid":{"rendered":"https:\/\/factory.sale\/?post_type=product&#038;p=86521"},"modified":"2026-01-23T18:13:39","modified_gmt":"2026-01-23T15:13:39","slug":"saunabussi-5-9m","status":"publish","type":"product","link":"https:\/\/factory.sale\/fi\/tuote\/saunabussi-5-9m\/","title":{"rendered":"Saunabussi 5,9 m \u2013 Innovatiivista muotoilua ja ylellisi\u00e4 l\u00f6ylyj\u00e4 (4-6 hl\u00f6)"},"content":{"rendered":"<p data-path-to-node=\"4\"><span style=\"font-size: 14pt;\"><b data-path-to-node=\"4\" data-index-in-node=\"0\">Sauna Bussi 5,9 m \u2013 Innovatiivista muotoilua ja ylellisi\u00e4 l\u00f6ylyj\u00e4<\/b><\/span><\/p>\n<p data-path-to-node=\"5\"><span style=\"font-size: 12pt;\">L\u00f6yd\u00e4 t\u00e4ysin uudenlainen tapa nauttia saunomisesta. T\u00e4m\u00e4 omistautuneen tiimimme huolella suunnittelema saunarakennus yhdist\u00e4\u00e4 ikonisen &#8220;karavaani-hengen&#8221; ja modernin suomalaisen saunaperinteen. Toisin kuin perinteiset pihasaunat, Sauna Bussi 5,9 m tarjoaa virtaviivaisen, per\u00e4vaunumaiseen muotoiluun perustuvan ulkoasun, joka on sek\u00e4 kest\u00e4v\u00e4 ett\u00e4 visuaalisesti pys\u00e4ytt\u00e4v\u00e4. Se on t\u00e4ydellinen sekoitus toiminnallisuutta, tyyli\u00e4 ja pitk\u00e4ik\u00e4ist\u00e4 laatua ulkoilmael\u00e4m\u00e4st\u00e4 nauttiville.<\/span><\/p>\n<p data-path-to-node=\"5\">\n<p data-path-to-node=\"7\"><span style=\"font-size: 14pt;\"><b data-path-to-node=\"7\" data-index-in-node=\"0\">Tilaa, mukavuutta ja vaivatonta toimitusta<\/b><\/span><\/p>\n<ul data-path-to-node=\"8\">\n<li>\n<p data-path-to-node=\"8,0,0\"><span style=\"font-size: 12pt;\"><b data-path-to-node=\"8,0,0\" data-index-in-node=\"0\">Kapasiteetti:<\/b> T\u00e4m\u00e4 5,9 metrin malli majoittaa mukavasti <b data-path-to-node=\"8,0,0\" data-index-in-node=\"56\">4\u20136 henkil\u00f6\u00e4<\/b>, mik\u00e4 tekee siit\u00e4 erinomaisen valinnan perheille tai kokoontumispaikaksi yst\u00e4v\u00e4porukalle.<\/span><\/p>\n<\/li>\n<li>\n<p data-path-to-node=\"8,1,0\"><span style=\"font-size: 12pt;\"><b data-path-to-node=\"8,1,0\" data-index-in-node=\"0\">\u00c4lyk\u00e4s tilank\u00e4ytt\u00f6:<\/b> Saunassa on suuri l\u00f6ylyhuone sek\u00e4 erillinen taukohuone rentoutumista varten, runsaasti s\u00e4ilytystilaa saunatarvikkeille, paikka suihkunurkalle.<\/span><\/p>\n<\/li>\n<li>\n<p data-path-to-node=\"8,2,0\"><span style=\"font-size: 12pt;\"><b data-path-to-node=\"8,2,0\" data-index-in-node=\"0\">Valmiina k\u00e4ytt\u00f6\u00f6n:<\/b> Sauna on 2,3 metri\u00e4 leve\u00e4, mink\u00e4 ansiosta voimme toimittaa sen <strong>purettuna tai <\/strong><b data-path-to-node=\"8,2,0\" data-index-in-node=\"82\">t\u00e4ysin valmiiksi koottuna<\/b> rekalla tai HIAB nosturiautolla suoraan tehtaalta pihallesi.<\/span><\/p>\n<\/li>\n<li>\n<p data-path-to-node=\"8,3,0\"><span style=\"font-size: 12pt;\"><b data-path-to-node=\"8,3,0\" data-index-in-node=\"0\">Tee-se-itse vaihtoehto:<\/b> Halutessasi voit tilata tuotteen my\u00f6s elementtein\u00e4 (purettuna versiona) ja koota sen itse selkeiden ohjeidemme avulla.<\/span><\/p>\n<\/li>\n<\/ul>\n<p>&nbsp;<\/p>\n<p><span style=\"font-size: 14pt;\"><strong>Tekniset tiedot:<\/strong><\/span><\/p>\n<p><span style=\"font-size: 12pt;\">Koko: 4-6 henkil\u00f6\u00e4<\/span><br \/>\n<span style=\"font-size: 12pt;\">Huoneita: 3<\/span><br \/>\n<span style=\"font-size: 12pt;\">Sis\u00e4pinta-ala: 11,03 m\u00b2<\/span><br \/>\n<span style=\"font-size: 12pt;\">Ulkomitat: 2,3 m x 5,9 m<\/span><br \/>\n<span style=\"font-size: 12pt;\">Korkeus: 2,6 m<\/span><br \/>\n<span style=\"font-size: 12pt;\">Puu: M\u00e4nty<\/span><br \/>\n<span style=\"font-size: 12pt;\">Sein\u00e4n paksuus: 46 mm<\/span><br \/>\n<span style=\"font-size: 12pt;\">Lattian paksuus: 28 mm<\/span><br \/>\n<span style=\"font-size: 12pt;\">Katon viimeistely: Suomalaista bitumikattoa<\/span><br \/>\n<span style=\"font-size: 12pt;\">Ovi: 700 x 1800 mm<\/span><br \/>\n<span style=\"font-size: 12pt;\">Ikkunat: Pod: 700 x 900 mm; Pavilion: 1020 x 1060 mm<\/span><\/p>\n<p>&nbsp;<\/p>\n<p><span style=\"font-size: 14pt;\"><strong>Hinta sis\u00e4lt\u00e4\u00e4:<\/strong><\/span><\/p>\n<p><span style=\"font-size: 12pt;\">46mm puiset sein\u00e4t<\/span><\/p>\n<p><span style=\"font-size: 12pt;\">Sauna purettuna<\/span><br \/>\n<span style=\"font-size: 12pt;\">Ruostumattomasta ter\u00e4ksest\u00e4 kiristysvanteet<\/span><br \/>\n<span style=\"font-size: 12pt;\">Huopakatto<\/span><br \/>\n<span style=\"font-size: 12pt;\">Lattia 28 mm m\u00e4ntylaudasta<\/span><br \/>\n<span style=\"font-size: 12pt;\">2 avattavaa tuplalasitettua ikkunaa l\u00f6yly- ja taukohuoneessa<\/span><br \/>\n<span style=\"font-size: 12pt;\">Karkaistu savun s\u00e4vyinen lasiovi, joka erottaa v\u00e4litilalla saunan ja taukohuoneen<\/span><br \/>\n<span style=\"font-size: 12pt;\">2-tasoiset lauteet (kulma tai suora) haavasta tai lep\u00e4st\u00e4<\/span><br \/>\n<span style=\"font-size: 12pt;\">2 kpl siirrett\u00e4v\u00e4 jakkara l\u00f6ylyhuoneessa (kulmalauteilla versiossa)<\/span><br \/>\n<span style=\"font-size: 12pt;\">Palosuojalevyt kiukaalle<\/span><\/p>\n<p>&nbsp;<\/p>\n<p><span style=\"font-size: 14pt;\"><strong>Toimitus:<\/strong><\/span><\/p>\n<p><span style=\"font-size: 12pt;\">Purettu saunan lavan koko (LxPxK): 1 lava (1,2 x 6,0 x 1,2) 3000 kg<\/span><\/p>\n<p><span style=\"font-size: 12pt;\">Kasatun m\u00f6kin mitat: (2,4 x 6,0 x 2,6) 3000 kg<\/span><\/p>\n<p>&nbsp;<\/p>\n<p><span style=\"font-size: 12pt;\"><strong>Pohjapiirustukset:<\/strong><\/span><\/p>\n<p><span style=\"font-size: 12pt;\"><img loading=\"lazy\" decoding=\"async\" class=\"alignnone wp-image-86516\" src=\"https:\/\/factory.sale\/wp-content\/uploads\/2024\/06\/Camping-bus-5.9-m-moodud-300x175.png\" alt=\"\" width=\"561\" height=\"327\" srcset=\"https:\/\/factory.sale\/wp-content\/uploads\/2024\/06\/Camping-bus-5.9-m-moodud-300x175.png 300w, https:\/\/factory.sale\/wp-content\/uploads\/2024\/06\/Camping-bus-5.9-m-moodud-1024x598.png 1024w, https:\/\/factory.sale\/wp-content\/uploads\/2024\/06\/Camping-bus-5.9-m-moodud-150x88.png 150w, https:\/\/factory.sale\/wp-content\/uploads\/2024\/06\/Camping-bus-5.9-m-moodud-600x351.png 600w, https:\/\/factory.sale\/wp-content\/uploads\/2024\/06\/Camping-bus-5.9-m-moodud.png 1184w\" sizes=\"auto, (max-width: 561px) 100vw, 561px\" \/><\/span><\/p>\n<p><span style=\"font-size: 12pt;\"><a href=\"https:\/\/factory.sale\/wp-content\/uploads\/2024\/06\/camping-bus-59m-plan.pdf\" target=\"_blank\" rel=\"noopener\">Pohjapiirustukset_2<\/a><\/span><\/p>\n<p>&nbsp;<\/p>\n<p>&nbsp;<\/p>\n<p><span style=\"font-size: 12pt;\"><strong>Saatavilla olevat bitumikattojen v\u00e4rit:<\/strong><\/span><\/p>\n<p><span style=\"font-size: 12pt;\">Musta, vihre\u00e4, punainen<\/span><\/p>\n<p><span style=\"font-size: 12pt;\"><strong><img loading=\"lazy\" decoding=\"async\" class=\"alignnone wp-image-86156\" src=\"https:\/\/factory.sale\/wp-content\/uploads\/2024\/06\/colours-wooden-me-300x82.png\" alt=\"\" width=\"563\" height=\"154\" srcset=\"https:\/\/factory.sale\/wp-content\/uploads\/2024\/06\/colours-wooden-me-300x82.png 300w, https:\/\/factory.sale\/wp-content\/uploads\/2024\/06\/colours-wooden-me-150x41.png 150w, https:\/\/factory.sale\/wp-content\/uploads\/2024\/06\/colours-wooden-me-600x164.png 600w, https:\/\/factory.sale\/wp-content\/uploads\/2024\/06\/colours-wooden-me.png 638w\" sizes=\"auto, (max-width: 563px) 100vw, 563px\" \/><\/strong><\/span><\/p>\n<p>&nbsp;<\/p>\n<p>&nbsp;<\/p>\n<p><span style=\"font-size: 12pt;\"><strong>Lis\u00e4ksi saatavilla (hinnat ilman ALV):<\/strong><\/span><br \/>\n<span style=\"font-size: 12pt;\"><strong>S\u00e4hk\u00f6varustelu:<\/strong><\/span><\/p>\n<p><span style=\"font-size: 12pt;\">Yksi pistorasia 69 \u20ac<\/span><br \/>\n<span style=\"font-size: 12pt;\">Tuplapistorasia 74,75 \u20ac<\/span><br \/>\n<span style=\"font-size: 12pt;\">Yksi kytkin 69 \u20ac<\/span><br \/>\n<span style=\"font-size: 12pt;\">Tuplakytkin 86,25 \u20ac<\/span><br \/>\n<span style=\"font-size: 12pt;\">Johto yhdelle lampulle 28,75 \u20ac<\/span><br \/>\n<span style=\"font-size: 12pt;\">Sulaketaulu 138 \u20ac<\/span><br \/>\n<span style=\"font-size: 12pt;\">Puusuoja\/maalaus: 552 \u20ac<\/span><\/p>\n<p>&nbsp;<\/p>\n<p><span style=\"font-size: 12pt;\"><strong>Saatavilla my\u00f6s paljon huonekaluja, kysy lis\u00e4\u00e4.<\/strong><\/span><\/p>\n<p>&nbsp;<\/p>\n<p>&nbsp;<\/p>\n<div class=\"video-wrapper \"><iframe loading=\"lazy\" title=\"The folding bench from Woodprofesionals\" width=\"500\" height=\"281\" src=\"https:\/\/www.youtube.com\/embed\/rihF8b40BVs?feature=oembed\" frameborder=\"0\" allow=\"accelerometer; autoplay; clipboard-write; encrypted-media; gyroscope; picture-in-picture; web-share\" referrerpolicy=\"strict-origin-when-cross-origin\" allowfullscreen><\/iframe><\/div>\n<p>&nbsp;<\/p>\n<p>&nbsp;<\/p>\n<p>&nbsp;<\/p>\n","protected":false},"excerpt":{"rendered":"<p>Saunabussi on saanut inspiraationsa klassisten asuntovaunujen ja karavaani-el\u00e4m\u00e4n vapaudesta. Olemme yhdist\u00e4neet perinteisen asuntovaunumuotoilun ja modernin luksussaunan parhaat puolet. T\u00e4m\u00e4 ei ole pelkk\u00e4 piharakennus, vaan huolellisesti suunniteltu saunakokonaisus, jossa yhdistyv\u00e4t kest\u00e4v\u00e4 laatu, tyylik\u00e4s viimeistely ja ensiluokkaiset l\u00f6ylyt. Koe ainutlaatuinen saunaseikkailu laadusta tinkim\u00e4tt\u00e4.<\/p>\n","protected":false},"featured_media":86986,"comment_status":"open","ping_status":"closed","template":"","meta":{"_acf_changed":false},"factory":[],"free-shipment":[],"product_brand":[],"product_cat":[1112,2889,1317,2258,1644],"product_tag":[],"class_list":{"0":"post-86521","1":"product","2":"type-product","3":"status-publish","4":"has-post-thumbnail","6":"product_cat-elementtitalot","7":"product_cat-leirintamokit","8":"product_cat-sauna-fi","9":"product_cat-saunakuutiot","10":"product_cat-tynnyrisauna","12":"first","13":"instock","14":"sale","15":"taxable","16":"shipping-taxable","17":"purchasable","18":"product-type-simple"},"acf":[],"_links":{"self":[{"href":"https:\/\/factory.sale\/fi\/wp-json\/wp\/v2\/product\/86521","targetHints":{"allow":["GET"]}}],"collection":[{"href":"https:\/\/factory.sale\/fi\/wp-json\/wp\/v2\/product"}],"about":[{"href":"https:\/\/factory.sale\/fi\/wp-json\/wp\/v2\/types\/product"}],"replies":[{"embeddable":true,"href":"https:\/\/factory.sale\/fi\/wp-json\/wp\/v2\/comments?post=86521"}],"wp:featuredmedia":[{"embeddable":true,"href":"https:\/\/factory.sale\/fi\/wp-json\/wp\/v2\/media\/86986"}],"wp:attachment":[{"href":"https:\/\/factory.sale\/fi\/wp-json\/wp\/v2\/media?parent=86521"}],"wp:term":[{"taxonomy":"factory","embeddable":true,"href":"https:\/\/factory.sale\/fi\/wp-json\/wp\/v2\/factory?post=86521"},{"taxonomy":"free-shipment","embeddable":true,"href":"https:\/\/factory.sale\/fi\/wp-json\/wp\/v2\/free-shipment?post=86521"},{"taxonomy":"product_brand","embeddable":true,"href":"https:\/\/factory.sale\/fi\/wp-json\/wp\/v2\/product_brand?post=86521"},{"taxonomy":"product_cat","embeddable":true,"href":"https:\/\/factory.sale\/fi\/wp-json\/wp\/v2\/product_cat?post=86521"},{"taxonomy":"product_tag","embeddable":true,"href":"https:\/\/factory.sale\/fi\/wp-json\/wp\/v2\/product_tag?post=86521"}],"curies":[{"name":"wp","href":"https:\/\/api.w.org\/{rel}","templated":true}]}}