{"id":86502,"date":"2024-06-22T22:32:27","date_gmt":"2024-06-22T22:46:56","guid":{"rendered":"https:\/\/factory.sale\/?post_type=product&#038;p=86502"},"modified":"2024-09-19T13:16:02","modified_gmt":"2024-09-19T10:16:02","slug":"leirintamokki-eristetty-2-4-m-x-4-8-m","status":"publish","type":"product","link":"https:\/\/factory.sale\/fi\/tuote\/leirintamokki-eristetty-2-4-m-x-4-8-m\/","title":{"rendered":"Leirint\u00e4m\u00f6kki eristetty 2.4 m x 4.8 m"},"content":{"rendered":"<p>Camping Pod, joka tunnetaan my\u00f6s nimell\u00e4 Glamping Pod, on erinomainen valinta ulkoilmael\u00e4m\u00e4\u00e4n. Se tarjoaa viihtyis\u00e4n, mukavan ja tilavan majoituksen 4-6 henkil\u00f6lle. Sen poikkeuksellinen muoto sulautuu maisemaan, mik\u00e4 tekee siit\u00e4 luonnollisen ja houkuttelevan n\u00e4k\u00f6isen.<\/p>\n<p>Camping Podit mahdollistavat luonnosta nauttimisen, ja siksi leirint\u00e4alueiden omistajat ja musiikkifestivaalien j\u00e4rjest\u00e4j\u00e4t valitsevat niit\u00e4 usein tarjotakseen asiakkailleen hienostuneemman ja mukavamman teltan tyypin.<\/p>\n<p>Camping Podit sopivat my\u00f6s kauniiksi puutarha- tai vierasmajaksi, kes\u00e4asunnoksi, kotitoimistoksi, ty\u00f6pajaksi, kalastajien m\u00f6kiksi, rantamajaksi, vapaa-ajan viettopaikaksi tai lasten leikkim\u00f6kiksi.<\/p>\n<p>Parhaista materiaaleista valmistetut Camping Podit edustavat ainutlaatuista leirint\u00e4majoitusta, tarjoten uskomattoman vapaa-ajan kokemuksen.<\/p>\n<p>&nbsp;<\/p>\n<p><strong>Tekniset tiedot:<\/strong><br \/>\nKoko: 2-4 henkil\u00f6\u00e4<br \/>\nHuoneet: 2<br \/>\nSis\u00e4tila: 8,1 m\u00b2<br \/>\nUlkomitat: 2,4 m x 4,8 m<br \/>\nKorkeus: 2,6 m<br \/>\nPuu: m\u00e4ntypuu<br \/>\nSein\u00e4t: M\u00e4ntypuupaneelit sis\u00e4lt\u00e4 ja ulkoa: 14 mm; Eristetyn sivusein\u00e4n paksuus: 126 mm; Eristetyn etu- ja takasein\u00e4n paksuus: 118 mm<br \/>\nLattia: m\u00e4ntypuu: 28 mm; Eristetyn lattian paksuus: 158 mm<br \/>\nKivivillaeristys: 100 mm (lattia ja sein\u00e4t)<br \/>\nKaton viimeistely: Suomen bitumikattohuopa<br \/>\nIkkunan koko: 700 x 900 mm<br \/>\nOven koko: 1010 x 1820 mm<\/p>\n<p>&nbsp;<\/p>\n<p>&nbsp;<\/p>\n<p><strong>Vakiovarusteet:<\/strong><\/p>\n<p>Eristetyt sein\u00e4t, peitetty bitumikattohuovalla<br \/>\nEristetty m\u00e4ntypuulattia<br \/>\n1 avattava kaksoislasitettu ikkuna takasein\u00e4ss\u00e4<br \/>\nTanskalainen kaksoislasitettu ovi, jossa on vakiokahva ja lukko<br \/>\nSis\u00e4sein\u00e4 (jakaa kupolin kahteen huoneeseen) kuuluu kupoliin (mahdollista ilman jakavaa sein\u00e4\u00e4)<\/p>\n<p>&nbsp;<\/p>\n<p>&nbsp;<\/p>\n<p><strong>Toimitus:<\/strong><\/p>\n<p>Lavakoko (LxPxK): 1p (1,2 x 4,8 x 2,6) 2200 kg<br \/>\nKoottu kupolin koko (LxPxK): (2,4 x 4,9 x 2,6) 2200 kg<\/p>\n<p><img loading=\"lazy\" decoding=\"async\" class=\"alignnone wp-image-86484\" src=\"https:\/\/factory.sale\/wp-content\/uploads\/2024\/06\/Insulated-pod-2.4-x-4.8-moodud-300x187.png\" alt=\"\" width=\"573\" height=\"357\" srcset=\"https:\/\/factory.sale\/wp-content\/uploads\/2024\/06\/Insulated-pod-2.4-x-4.8-moodud-300x187.png 300w, https:\/\/factory.sale\/wp-content\/uploads\/2024\/06\/Insulated-pod-2.4-x-4.8-moodud-1024x640.png 1024w, https:\/\/factory.sale\/wp-content\/uploads\/2024\/06\/Insulated-pod-2.4-x-4.8-moodud-150x94.png 150w, https:\/\/factory.sale\/wp-content\/uploads\/2024\/06\/Insulated-pod-2.4-x-4.8-moodud-600x375.png 600w, https:\/\/factory.sale\/wp-content\/uploads\/2024\/06\/Insulated-pod-2.4-x-4.8-moodud.png 1130w\" sizes=\"auto, (max-width: 573px) 100vw, 573px\" \/><\/p>\n<p>&nbsp;<\/p>\n<p><strong>Saatavilla olevat bitumikattohuovan v\u00e4rit:<\/strong><\/p>\n<p>Musta, vihre\u00e4, punainen<\/p>\n<p><img loading=\"lazy\" decoding=\"async\" class=\"alignnone wp-image-86158\" src=\"https:\/\/factory.sale\/wp-content\/uploads\/2024\/06\/colours-wooden-me-300x82.png\" alt=\"\" width=\"662\" height=\"181\" srcset=\"https:\/\/factory.sale\/wp-content\/uploads\/2024\/06\/colours-wooden-me-300x82.png 300w, https:\/\/factory.sale\/wp-content\/uploads\/2024\/06\/colours-wooden-me-150x41.png 150w, https:\/\/factory.sale\/wp-content\/uploads\/2024\/06\/colours-wooden-me-600x164.png 600w, https:\/\/factory.sale\/wp-content\/uploads\/2024\/06\/colours-wooden-me.png 638w\" sizes=\"auto, (max-width: 662px) 100vw, 662px\" \/><\/p>\n<p>&nbsp;<\/p>\n<p>&nbsp;<\/p>\n<p><strong>Lis\u00e4varusteet (hinnat ilman arvonlis\u00e4veroa):<\/strong><\/p>\n<p>Puolipanoraamaikkuna 1265 .-<br \/>\nT\u00e4yspanoraamaikkuna 1518 .-<br \/>\nKaksoislasitettu ikkuna, ammattilaisesti maalattu maalauskammiossa antrasiitin v\u00e4riseksi, takasein\u00e4ss\u00e4 63,25 .-<\/p>\n<p>&nbsp;<\/p>\n<p><strong>Terassi:<\/strong><\/p>\n<p>Ei terassia 0 .-<br \/>\n60 cm pituinen terassi 0 .-<br \/>\n100 cm pituinen terassi 63,25 .-<br \/>\nVakiokoristelevyt 0 .-<br \/>\nLiimatut koristelevyt 126,5 .-<br \/>\nVakio-ovi 0 .-<br \/>\nPremium yksitt\u00e4inen ovi antrasiitin v\u00e4risen\u00e4 189,75 .-<\/p>\n<p>&nbsp;<\/p>\n<p><strong>S\u00e4hk\u00f6:<\/strong><\/p>\n<p>Yksitt\u00e4inen pistorasia 69 .-<br \/>\nKaksoispistorasia 74,75 .-<br \/>\nYksitt\u00e4inen kytkin 69 .-<br \/>\nKaksoiskytkin 86,25 .-<br \/>\nJohto yhdelle lampulle 28,75 .-<br \/>\nSulaketaulu 138 .-<br \/>\nUlkov\u00e4ritys Camping PODille 189,75 .-<\/p>\n<p><strong>Saatavilla on my\u00f6s paljon huonekaluja, kysy lis\u00e4\u00e4.<\/strong><\/p>\n<p>&nbsp;<\/p>\n<p>&nbsp;<\/p>\n<p><a href=\"https:\/\/factory.sale\/wp-content\/uploads\/2024\/06\/Luxury-Insulated-Camping-Pod-5.5-x-2.4-1.pdf\" target=\"_blank\" rel=\"noopener\">Ohjeet<\/a><\/p>\n<p>&nbsp;<\/p>\n<p>&nbsp;<\/p>\n<div class=\"video-wrapper \"><iframe loading=\"lazy\" title=\"The folding bench from Woodprofesionals\" width=\"500\" height=\"281\" src=\"https:\/\/www.youtube.com\/embed\/rihF8b40BVs?feature=oembed\" frameborder=\"0\" allow=\"accelerometer; autoplay; clipboard-write; encrypted-media; gyroscope; picture-in-picture; web-share\" referrerpolicy=\"strict-origin-when-cross-origin\" allowfullscreen><\/iframe><\/div>\n","protected":false},"excerpt":{"rendered":"<p>Camping Pod, joka tunnetaan my\u00f6s nimell\u00e4 Glamping Pod, on erinomainen valinta ulkoilmael\u00e4m\u00e4\u00e4n. Se tarjoaa viihtyis\u00e4n, mukavan ja tilavan majoituksen 4-6 henkil\u00f6lle. Sen poikkeuksellinen muoto sulautuu maisemaan, mik\u00e4 tekee siit\u00e4 luonnollisen ja houkuttelevan n\u00e4k\u00f6isen.<\/p>\n","protected":false},"featured_media":86490,"comment_status":"open","ping_status":"closed","template":"","meta":{"_acf_changed":false},"factory":[],"free-shipment":[],"product_brand":[],"product_cat":[1112,2889],"product_tag":[],"class_list":{"0":"post-86502","1":"product","2":"type-product","3":"status-publish","4":"has-post-thumbnail","6":"product_cat-elementtitalot","7":"product_cat-leirintamokit","9":"first","10":"instock","11":"sale","12":"taxable","13":"shipping-taxable","14":"purchasable","15":"product-type-simple"},"acf":[],"_links":{"self":[{"href":"https:\/\/factory.sale\/fi\/wp-json\/wp\/v2\/product\/86502","targetHints":{"allow":["GET"]}}],"collection":[{"href":"https:\/\/factory.sale\/fi\/wp-json\/wp\/v2\/product"}],"about":[{"href":"https:\/\/factory.sale\/fi\/wp-json\/wp\/v2\/types\/product"}],"replies":[{"embeddable":true,"href":"https:\/\/factory.sale\/fi\/wp-json\/wp\/v2\/comments?post=86502"}],"wp:featuredmedia":[{"embeddable":true,"href":"https:\/\/factory.sale\/fi\/wp-json\/wp\/v2\/media\/86490"}],"wp:attachment":[{"href":"https:\/\/factory.sale\/fi\/wp-json\/wp\/v2\/media?parent=86502"}],"wp:term":[{"taxonomy":"factory","embeddable":true,"href":"https:\/\/factory.sale\/fi\/wp-json\/wp\/v2\/factory?post=86502"},{"taxonomy":"free-shipment","embeddable":true,"href":"https:\/\/factory.sale\/fi\/wp-json\/wp\/v2\/free-shipment?post=86502"},{"taxonomy":"product_brand","embeddable":true,"href":"https:\/\/factory.sale\/fi\/wp-json\/wp\/v2\/product_brand?post=86502"},{"taxonomy":"product_cat","embeddable":true,"href":"https:\/\/factory.sale\/fi\/wp-json\/wp\/v2\/product_cat?post=86502"},{"taxonomy":"product_tag","embeddable":true,"href":"https:\/\/factory.sale\/fi\/wp-json\/wp\/v2\/product_tag?post=86502"}],"curies":[{"name":"wp","href":"https:\/\/api.w.org\/{rel}","templated":true}]}}