{"id":86470,"date":"2024-06-22T21:15:30","date_gmt":"2024-06-22T21:24:43","guid":{"rendered":"https:\/\/factory.sale\/?post_type=product&#038;p=86470"},"modified":"2024-09-19T13:16:04","modified_gmt":"2024-09-19T10:16:04","slug":"leirintamokki-92-m%c2%b2-kahdella-laajennuksella","status":"publish","type":"product","link":"https:\/\/factory.sale\/fi\/tuote\/leirintamokki-92-m%c2%b2-kahdella-laajennuksella\/","title":{"rendered":"Leirint\u00e4m\u00f6kki 9,2 m\u00b2 kahdella laajennuksella"},"content":{"rendered":"<p>Pieni ja kodikas ja tilavampi leirint\u00e4m\u00f6kki kahdella laajennuksella antaa runsaasti tilaa kaikille tavaroillesi, sek\u00e4 tilap\u00e4isesti ett\u00e4 pysyv\u00e4sti. Kahdella laajennuksella varustettu m\u00f6kki on suurempi ja tilavampi rakenne, joten se tarjoaa enemm\u00e4n asuintilaa, jota voit k\u00e4ytt\u00e4\u00e4 varastotilana. N\u00e4m\u00e4 m\u00f6kit ovat my\u00f6s hyvi\u00e4 leirint\u00e4alueille. Kolme erillist\u00e4 tilaa mahdollistavat m\u00f6kin j\u00e4rjest\u00e4misen olohuoneeksi, makuuhuoneeksi ja kylpyhuoneeksi.<\/p>\n<p>T\u00e4m\u00e4 leirint\u00e4m\u00f6kki kest\u00e4\u00e4 talvis\u00e4\u00e4t\u00e4 ja tarjoaa t\u00e4ydellisen rentoutumistilan my\u00f6s talvella. Voit valita vaihtoehdoiksi eristetyn katon ja lattian t\u00e4lle m\u00f6kille. Eristys: 5 cm paksu kivivilla. Eristetyill\u00e4 katto- ja lattiapaneeleilla leirint\u00e4m\u00f6kki muuttuu houkuttelevammaksi k\u00e4ytett\u00e4v\u00e4ksi sek\u00e4 kes\u00e4ll\u00e4 ett\u00e4 talvella. Kes\u00e4kaudella eristys pit\u00e4\u00e4 l\u00e4mm\u00f6n poissa eik\u00e4 m\u00f6kki kuumene. Talvella eristys ei p\u00e4\u00e4st\u00e4 l\u00e4mp\u00f6\u00e4 ulos.<\/p>\n<p>&nbsp;<\/p>\n<p>&nbsp;<\/p>\n<p><strong>Tekniset tiedot:<\/strong><\/p>\n<p>Henkil\u00f6it\u00e4: 2-4 henkil\u00f6\u00e4<br \/>\nPuu: kuusi<br \/>\nMuoto: kuusikulmio + 2 suorakulmiota<br \/>\nHuone: 3<br \/>\nSis\u00e4alue: 17,2 m\u00b2<br \/>\nKokonaiskorkeus: 3062 mm<br \/>\nSein\u00e4n korkeus: 1155 mm<br \/>\nLattian paksuus: 18 mm<br \/>\nKaton paksuus: 18 mm<br \/>\nSein\u00e4n paksuus: 45 mm<br \/>\nUlkopituus: 8150 x 4430 mm<br \/>\nOven koko: 780 x 1500 mm<br \/>\nIkkunan koko: 880 x 510 mm<\/p>\n<p>&nbsp;<\/p>\n<p><strong>Vakiosetti:<\/strong><\/p>\n<p>Puiset sein\u00e4t, lattiat, kattolevyt;<br \/>\nKatto peitetty valitun v\u00e4risill\u00e4 bitumikattohuovilla;<br \/>\n5 kaksinkertaista lasi-ikkunaa (kolme niist\u00e4 avattavia);<br \/>\nLukittava ovi, jossa kaksinkertainen kuusikulmainen ikkuna ja lukko;<br \/>\n3 huonetta: kuusikulmainen m\u00f6kki ja 2 suorakulmaista laajennusta;<\/p>\n<p>&nbsp;<\/p>\n<p><strong>Toimitus:<\/strong><\/p>\n<p>Rahtikoko: 2 lavaa: 1. lava \u2013 3,8 x 1,2 x 2,55 m ja 2. lava \u2013 2 x 1,2 x 2,55 m;<br \/>\nPaino: 1700 kg.<br \/>\nT\u00e4m\u00e4 leirint\u00e4m\u00f6kki toimitetaan asiakkaalle kokoamattomana mutta t\u00e4ysin valmiina, yksityiskohtaiset kokoamisohjeet ja piirustukset mukana, ja pakattuna kahdelle lavalle (KIT). Seinien, lattian ja katon elementit on koottu segmenteiksi.<\/p>\n<p>&nbsp;<\/p>\n<p><strong>Saatavilla olevat bitumikattohuopav\u00e4rit:<\/strong><\/p>\n<p>Musta, vihre\u00e4, punainen<\/p>\n<p><strong><img loading=\"lazy\" decoding=\"async\" class=\"alignnone wp-image-86158\" src=\"https:\/\/factory.sale\/wp-content\/uploads\/2024\/06\/colours-wooden-me-300x82.png\" alt=\"\" width=\"615\" height=\"168\" srcset=\"https:\/\/factory.sale\/wp-content\/uploads\/2024\/06\/colours-wooden-me-300x82.png 300w, https:\/\/factory.sale\/wp-content\/uploads\/2024\/06\/colours-wooden-me-150x41.png 150w, https:\/\/factory.sale\/wp-content\/uploads\/2024\/06\/colours-wooden-me-600x164.png 600w, https:\/\/factory.sale\/wp-content\/uploads\/2024\/06\/colours-wooden-me.png 638w\" sizes=\"auto, (max-width: 615px) 100vw, 615px\" \/><\/strong><\/p>\n<p>&nbsp;<\/p>\n<p><strong>Lis\u00e4ksi saatavilla (hinnat ilman arvonlis\u00e4veroa):<\/strong><\/p>\n<p><strong>Rakennusvaihtoehdot:<\/strong><\/p>\n<p>Eristetty lattia: 684,25 \u20ac<\/p>\n<p>Eristetty katto: 2455,25 \u20ac<\/p>\n<p>28 mm lattialaudat (pontattu): 793,5 \u20ac<\/p>\n<p>&nbsp;<\/p>\n<p><strong>Avattavat ikkunat:<\/strong><\/p>\n<p>3 ikkunaa 5 \u00e4 (standardi): 0 \u20ac<\/p>\n<p>4 ikkunaa 5 \u00e4: 92 \u20ac<\/p>\n<p>5 ikkunaa 5 \u00e4: 184 \u20ac<\/p>\n<p>&nbsp;<\/p>\n<p><strong>Sein\u00e4n korkeus:<\/strong><\/p>\n<p>Standardi 115,5 cm: 0 \u20ac<\/p>\n<p>Yksi segmentti korkeampi (128,5 cm): 408,25 \u20ac<\/p>\n<p>Kaksi segmentti\u00e4 korkeampi (141,5 cm): 810,75 \u20ac<\/p>\n<p>V\u00e4lisein\u00e4 ovella m\u00f6kin ja laajennuksen v\u00e4lill\u00e4:<\/p>\n<p>1 kpl \/ 241,5 \u20ac<\/p>\n<p>2 kpl \/ 483 \u20ac<\/p>\n<p>Kattopaneeli ikkunalla: 494,5 \u20ac<\/p>\n<p>&nbsp;<\/p>\n<p><strong>Lis\u00e4tarvikkeet:<\/strong><\/p>\n<p>Verhot (sininen, ruskea): 46 \u20ac<\/p>\n<p>Ovenpys\u00e4ytin: 23 \u20ac<\/p>\n<p>Ruostumattomasta ter\u00e4ksest\u00e4 valmistettu ovikynnys: 34,5 \u20ac<\/p>\n<p>Hylly: 46 \u20ac<\/p>\n<p>Kukkaruukku: 92 \u20ac<\/p>\n<p>Poronnahka: 218,5 \u20ac<\/p>\n<p>Ulkomaalaus (kysy lis\u00e4\u00e4): 977,5 \u20ac<\/p>\n<p>Ulkomaalaus (kysy lis\u00e4\u00e4): 281,75 \u20ac<\/p>\n<p>&nbsp;<\/p>\n<p>&nbsp;<\/p>\n<p>&nbsp;<\/p>\n<p>&nbsp;<\/p>\n<p><img loading=\"lazy\" decoding=\"async\" class=\"alignnone wp-image-86443\" src=\"https:\/\/factory.sale\/wp-content\/uploads\/2024\/06\/92m2-6-300x248.png\" alt=\"\" width=\"414\" height=\"342\" srcset=\"https:\/\/factory.sale\/wp-content\/uploads\/2024\/06\/92m2-6-300x248.png 300w, https:\/\/factory.sale\/wp-content\/uploads\/2024\/06\/92m2-6-150x124.png 150w, https:\/\/factory.sale\/wp-content\/uploads\/2024\/06\/92m2-6-600x496.png 600w, https:\/\/factory.sale\/wp-content\/uploads\/2024\/06\/92m2-6.png 726w\" sizes=\"auto, (max-width: 414px) 100vw, 414px\" \/><img loading=\"lazy\" decoding=\"async\" class=\"alignnone wp-image-86446\" src=\"https:\/\/factory.sale\/wp-content\/uploads\/2024\/06\/92m2-7-300x246.png\" alt=\"\" width=\"418\" height=\"343\" srcset=\"https:\/\/factory.sale\/wp-content\/uploads\/2024\/06\/92m2-7-300x246.png 300w, https:\/\/factory.sale\/wp-content\/uploads\/2024\/06\/92m2-7-150x123.png 150w, https:\/\/factory.sale\/wp-content\/uploads\/2024\/06\/92m2-7-600x492.png 600w, https:\/\/factory.sale\/wp-content\/uploads\/2024\/06\/92m2-7.png 732w\" sizes=\"auto, (max-width: 418px) 100vw, 418px\" \/><img loading=\"lazy\" decoding=\"async\" class=\"alignnone wp-image-86449\" src=\"https:\/\/factory.sale\/wp-content\/uploads\/2024\/06\/92m2-8-300x246.png\" alt=\"\" width=\"460\" height=\"377\" srcset=\"https:\/\/factory.sale\/wp-content\/uploads\/2024\/06\/92m2-8-300x246.png 300w, https:\/\/factory.sale\/wp-content\/uploads\/2024\/06\/92m2-8-150x123.png 150w, https:\/\/factory.sale\/wp-content\/uploads\/2024\/06\/92m2-8-600x492.png 600w, https:\/\/factory.sale\/wp-content\/uploads\/2024\/06\/92m2-8.png 732w\" sizes=\"auto, (max-width: 460px) 100vw, 460px\" \/><\/p>\n","protected":false},"excerpt":{"rendered":"<p>Pieni ja kodikas ja tilavampi leirint\u00e4m\u00f6kki kahdella laajennuksella antaa runsaasti tilaa kaikille tavaroillesi, sek\u00e4 tilap\u00e4isesti ett\u00e4 pysyv\u00e4sti. Kahdella laajennuksella varustettu m\u00f6kki on suurempi ja tilavampi rakenne, joten se tarjoaa enemm\u00e4n asuintilaa, jota voit k\u00e4ytt\u00e4\u00e4 varastotilana. N\u00e4m\u00e4 m\u00f6kit ovat my\u00f6s hyvi\u00e4 leirint\u00e4alueille. Kolme erillist\u00e4 tilaa mahdollistavat m\u00f6kin j\u00e4rjest\u00e4misen olohuoneeksi, makuuhuoneeksi ja kylpyhuoneeksi.<\/p>\n","protected":false},"featured_media":86454,"comment_status":"open","ping_status":"closed","template":"","meta":{"_acf_changed":false},"factory":[],"free-shipment":[],"product_brand":[],"product_cat":[1112,2889],"product_tag":[],"class_list":{"0":"post-86470","1":"product","2":"type-product","3":"status-publish","4":"has-post-thumbnail","6":"product_cat-elementtitalot","7":"product_cat-leirintamokit","9":"first","10":"instock","11":"sale","12":"taxable","13":"shipping-taxable","14":"purchasable","15":"product-type-simple"},"acf":[],"_links":{"self":[{"href":"https:\/\/factory.sale\/fi\/wp-json\/wp\/v2\/product\/86470","targetHints":{"allow":["GET"]}}],"collection":[{"href":"https:\/\/factory.sale\/fi\/wp-json\/wp\/v2\/product"}],"about":[{"href":"https:\/\/factory.sale\/fi\/wp-json\/wp\/v2\/types\/product"}],"replies":[{"embeddable":true,"href":"https:\/\/factory.sale\/fi\/wp-json\/wp\/v2\/comments?post=86470"}],"wp:featuredmedia":[{"embeddable":true,"href":"https:\/\/factory.sale\/fi\/wp-json\/wp\/v2\/media\/86454"}],"wp:attachment":[{"href":"https:\/\/factory.sale\/fi\/wp-json\/wp\/v2\/media?parent=86470"}],"wp:term":[{"taxonomy":"factory","embeddable":true,"href":"https:\/\/factory.sale\/fi\/wp-json\/wp\/v2\/factory?post=86470"},{"taxonomy":"free-shipment","embeddable":true,"href":"https:\/\/factory.sale\/fi\/wp-json\/wp\/v2\/free-shipment?post=86470"},{"taxonomy":"product_brand","embeddable":true,"href":"https:\/\/factory.sale\/fi\/wp-json\/wp\/v2\/product_brand?post=86470"},{"taxonomy":"product_cat","embeddable":true,"href":"https:\/\/factory.sale\/fi\/wp-json\/wp\/v2\/product_cat?post=86470"},{"taxonomy":"product_tag","embeddable":true,"href":"https:\/\/factory.sale\/fi\/wp-json\/wp\/v2\/product_tag?post=86470"}],"curies":[{"name":"wp","href":"https:\/\/api.w.org\/{rel}","templated":true}]}}