{"id":86426,"date":"2024-06-20T21:04:44","date_gmt":"2024-06-20T21:14:57","guid":{"rendered":"https:\/\/factory.sale\/?post_type=product&#038;p=86426"},"modified":"2025-01-21T11:18:43","modified_gmt":"2025-01-21T08:18:43","slug":"leirintamokki-24-m-x-59-m","status":"publish","type":"product","link":"https:\/\/factory.sale\/fi\/tuote\/leirintamokki-24-m-x-59-m\/","title":{"rendered":"Leirint\u00e4m\u00f6kki 2,4 m x 5,9 m"},"content":{"rendered":"<p>Leirint\u00e4m\u00f6kki, joka tunnetaan my\u00f6s nimell\u00e4 Glamping Pod, on loistava valinta ulkoilmael\u00e4m\u00e4\u00e4n. Se tarjoaa kodikkaan, mukavan ja tilavan majoituksen jopa 4-6 henkil\u00f6lle. Sen poikkeuksellinen muoto sulautuu maisemaan, tehden ymp\u00e4rist\u00f6st\u00e4 luonnollisen ja vieh\u00e4tt\u00e4v\u00e4n n\u00e4k\u00f6isen.<\/p>\n<p>Leirint\u00e4m\u00f6kit mahdollistavat luonnon l\u00e4heisyyden kokemisen, joten ne ovat usein leirint\u00e4alueiden omistajien ja musiikkifestivaalien j\u00e4rjest\u00e4jien valinta, jotka haluavat tarjota asiakkailleen hienostuneemman ja mukavamman vaihtoehdon perinteisille teltoille.<\/p>\n<p>Leirint\u00e4m\u00f6kit voidaan k\u00e4ytt\u00e4\u00e4 erinomaisesti my\u00f6s kauniina puutarha- tai vierastalona, kes\u00e4m\u00f6kkin\u00e4, kotitoimistona, ty\u00f6pajana, kalastajan m\u00f6kkin\u00e4, rantamajana, rentoutumispaikkana tai lasten leikkim\u00f6kkin\u00e4.<\/p>\n<p>Laadukkaimmista materiaaleista valmistetut leirint\u00e4m\u00f6kit edustavat ainutlaatuista leirint\u00e4majoitusta, tarjoten uskomattoman rentoutumiskokemuksen.<\/p>\n<p>&nbsp;<\/p>\n<p><strong>Tekniset tiedot:<\/strong><\/p>\n<p>Koko: 3-4 henkil\u00f6\u00e4<br \/>\nHuoneita: 2<br \/>\nSis\u00e4pinta-ala: 12,84 m\u00b2<br \/>\nUlkomitat: 2,4 m x 5,9 m<br \/>\nKorkeus: 2,6 m<br \/>\nPuu: M\u00e4nty<br \/>\nSein\u00e4n paksuus: 46 mm<br \/>\nLattian paksuus: 28 mm<br \/>\nKaton viimeistely: Suomalaista bitumikattotiilt\u00e4<br \/>\nIkkunan koko: 700 x 900 mm<br \/>\nOven koko: 1030 x 1900 mm<\/p>\n<p>&nbsp;<\/p>\n<p><strong>Vakiovarustus:<\/strong><\/p>\n<div>\n<ul>\n<li>m\u00f6kin sein\u00e4t\u00a0bitumikatolla<\/li>\n<li>lattia 28mm m\u00e4nnyn laudoista<\/li>\n<li>1 avattava kaksinkertaisella lasilla varustettu ikkuna takasein\u00e4ss\u00e4<\/li>\n<li>ranskalaisella tyylill\u00e4 kaksinkertaisella lasilla varustettu ovi, jossa on vakiokahva ja lukko<\/li>\n<li>v\u00e4lisein\u00e4 (jakaa m\u00f6kin tilan kahdeksi huoneeksi)<\/li>\n<\/ul>\n<\/div>\n<p>&nbsp;<\/p>\n<p><strong>Toimitus:<\/strong><\/p>\n<p>Lavan koko (LxPxK): 1 lava (1,2 x 5,9 x 1,2) 3000 kg<\/p>\n<p>Koottun m\u00f6kin mitat (LxPxK): 2,4 x 6,0 x 2,6, paino 3000 kg<\/p>\n<p><img loading=\"lazy\" decoding=\"async\" class=\"alignnone wp-image-86403\" src=\"https:\/\/factory.sale\/wp-content\/uploads\/2024\/06\/Insulated-pod-2.4-x-3.5-moodud-1-300x189.png\" alt=\"\" width=\"543\" height=\"342\" srcset=\"https:\/\/factory.sale\/wp-content\/uploads\/2024\/06\/Insulated-pod-2.4-x-3.5-moodud-1-300x189.png 300w, https:\/\/factory.sale\/wp-content\/uploads\/2024\/06\/Insulated-pod-2.4-x-3.5-moodud-1-1024x645.png 1024w, https:\/\/factory.sale\/wp-content\/uploads\/2024\/06\/Insulated-pod-2.4-x-3.5-moodud-1-150x94.png 150w, https:\/\/factory.sale\/wp-content\/uploads\/2024\/06\/Insulated-pod-2.4-x-3.5-moodud-1-600x378.png 600w, https:\/\/factory.sale\/wp-content\/uploads\/2024\/06\/Insulated-pod-2.4-x-3.5-moodud-1.png 1074w\" sizes=\"auto, (max-width: 543px) 100vw, 543px\" \/><\/p>\n<p>&nbsp;<\/p>\n<p><strong>Saatavilla lis\u00e4ksi (hinnat ilman ALV):<\/strong><\/p>\n<p>Puolipanoraamaikkuna 1265 \u20ac<br \/>\nT\u00e4ysi panoraamaikkuna 1518 \u20ac<br \/>\nTuplalasitettu ikkuna, ammattimaisesti maalattu maalauskammiossa antrasiitin v\u00e4riseksi, takasein\u00e4ll\u00e4 63,25 \u20ac<\/p>\n<p>&nbsp;<\/p>\n<p>&nbsp;<\/p>\n<p><strong>Terassi:<\/strong><\/p>\n<p>Ei terassia 0 \u20ac<br \/>\nTerassi, pituus 60 cm 0 \u20ac<br \/>\nTerassi, pituus 100 cm 63,25 \u20ac<\/p>\n<p>&nbsp;<\/p>\n<p><strong>Saatavilla olevat bitumikattotiilien v\u00e4rit:<\/strong><\/p>\n<p>Musta, vihre\u00e4, punainen<\/p>\n<p><strong><img loading=\"lazy\" decoding=\"async\" class=\"alignnone wp-image-86156\" src=\"https:\/\/factory.sale\/wp-content\/uploads\/2024\/06\/colours-wooden-me-300x82.png\" alt=\"\" width=\"563\" height=\"154\" srcset=\"https:\/\/factory.sale\/wp-content\/uploads\/2024\/06\/colours-wooden-me-300x82.png 300w, https:\/\/factory.sale\/wp-content\/uploads\/2024\/06\/colours-wooden-me-150x41.png 150w, https:\/\/factory.sale\/wp-content\/uploads\/2024\/06\/colours-wooden-me-600x164.png 600w, https:\/\/factory.sale\/wp-content\/uploads\/2024\/06\/colours-wooden-me.png 638w\" sizes=\"auto, (max-width: 563px) 100vw, 563px\" \/><\/strong><\/p>\n<p>&nbsp;<\/p>\n<p>&nbsp;<\/p>\n<p><strong>S\u00e4hk\u00f6varustelu:<\/strong><\/p>\n<p>Yksi pistorasia 69 \u20ac<br \/>\nTuplapistorasia 74,75 \u20ac<br \/>\nYksi kytkin 69 \u20ac<br \/>\nTuplakytkin 86,25 \u20ac<br \/>\nJohto yhdelle lampulle 28,75 \u20ac<br \/>\nSulaketaulu 138 \u20ac<br \/>\nUlkomaalin v\u00e4ri Camping PODille: 189,75 \u20ac<\/p>\n<p>&nbsp;<\/p>\n<p>&nbsp;<\/p>\n<p><strong>Saatavilla my\u00f6s paljon huonekaluja, kysy lis\u00e4\u00e4.<\/strong><\/p>\n<p>&nbsp;<\/p>\n<p>&nbsp;<\/p>\n<p>&nbsp;<\/p>\n<p><a href=\"https:\/\/factory.sale\/wp-content\/uploads\/2024\/06\/Standard-Camping-Pod-4.8-m.pdf\" target=\"_blank\" rel=\"noopener\">Ohjeet<\/a><\/p>\n<p><a href=\"https:\/\/factory.sale\/wp-content\/uploads\/2024\/06\/Camping-Pod-2.4x5.9-plans-book.pdf\" target=\"_blank\" rel=\"noopener\">Leirint\u00e4m\u00f6kin mitat<\/a><\/p>\n<p>&nbsp;<\/p>\n<p>&nbsp;<\/p>\n<div class=\"video-wrapper \"><iframe loading=\"lazy\" title=\"The folding bench from Woodprofesionals\" width=\"500\" height=\"281\" src=\"https:\/\/www.youtube.com\/embed\/rihF8b40BVs?feature=oembed\" frameborder=\"0\" allow=\"accelerometer; autoplay; clipboard-write; encrypted-media; gyroscope; picture-in-picture; web-share\" referrerpolicy=\"strict-origin-when-cross-origin\" allowfullscreen><\/iframe><\/div>\n<p>&nbsp;<\/p>\n","protected":false},"excerpt":{"rendered":"<p>Leirint\u00e4m\u00f6kki, tunnetaan my\u00f6s nimell\u00e4 glamping-pod, on erinomainen valinta ulkoilmael\u00e4m\u00e4\u00e4n. Se tarjoaa kodikkaan, mukavan ja tilavan majoituksen 4-6 hengelle. Sen erityinen muoto sulautuu maisemaan, mik\u00e4 tekee siit\u00e4 hyvin luonnollisen ja houkuttelevan n\u00e4k\u00f6isen.<\/p>\n","protected":false},"featured_media":97498,"comment_status":"open","ping_status":"closed","template":"","meta":{"_acf_changed":false},"factory":[],"free-shipment":[],"product_brand":[],"product_cat":[1112,2889],"product_tag":[],"class_list":{"0":"post-86426","1":"product","2":"type-product","3":"status-publish","4":"has-post-thumbnail","6":"product_cat-elementtitalot","7":"product_cat-leirintamokit","9":"first","10":"instock","11":"sale","12":"taxable","13":"shipping-taxable","14":"purchasable","15":"product-type-simple"},"acf":[],"_links":{"self":[{"href":"https:\/\/factory.sale\/fi\/wp-json\/wp\/v2\/product\/86426","targetHints":{"allow":["GET"]}}],"collection":[{"href":"https:\/\/factory.sale\/fi\/wp-json\/wp\/v2\/product"}],"about":[{"href":"https:\/\/factory.sale\/fi\/wp-json\/wp\/v2\/types\/product"}],"replies":[{"embeddable":true,"href":"https:\/\/factory.sale\/fi\/wp-json\/wp\/v2\/comments?post=86426"}],"wp:featuredmedia":[{"embeddable":true,"href":"https:\/\/factory.sale\/fi\/wp-json\/wp\/v2\/media\/97498"}],"wp:attachment":[{"href":"https:\/\/factory.sale\/fi\/wp-json\/wp\/v2\/media?parent=86426"}],"wp:term":[{"taxonomy":"factory","embeddable":true,"href":"https:\/\/factory.sale\/fi\/wp-json\/wp\/v2\/factory?post=86426"},{"taxonomy":"free-shipment","embeddable":true,"href":"https:\/\/factory.sale\/fi\/wp-json\/wp\/v2\/free-shipment?post=86426"},{"taxonomy":"product_brand","embeddable":true,"href":"https:\/\/factory.sale\/fi\/wp-json\/wp\/v2\/product_brand?post=86426"},{"taxonomy":"product_cat","embeddable":true,"href":"https:\/\/factory.sale\/fi\/wp-json\/wp\/v2\/product_cat?post=86426"},{"taxonomy":"product_tag","embeddable":true,"href":"https:\/\/factory.sale\/fi\/wp-json\/wp\/v2\/product_tag?post=86426"}],"curies":[{"name":"wp","href":"https:\/\/api.w.org\/{rel}","templated":true}]}}