{"id":86397,"date":"2024-06-20T13:01:19","date_gmt":"2024-06-20T20:38:54","guid":{"rendered":"https:\/\/factory.sale\/?post_type=product&#038;p=86397"},"modified":"2024-10-16T23:17:21","modified_gmt":"2024-10-16T20:17:21","slug":"eristetty-leirintamokki-24-m-x-35-m","status":"publish","type":"product","link":"https:\/\/factory.sale\/fi\/tuote\/eristetty-leirintamokki-24-m-x-35-m\/","title":{"rendered":"Eristetty leirint\u00e4m\u00f6kki 2,4 m x 3,5 m"},"content":{"rendered":"<p>Leirim\u00f6kki, tunnetaan my\u00f6s nimell\u00e4 glamping-m\u00f6kki, on erinomainen valinta ulkoilmael\u00e4m\u00e4\u00e4n. Se tarjoaa kodikkaan, mukavan ja tilavan majoituksen 4-6 hengelle. Sen erityinen muoto sulautuu maisemaan, mik\u00e4 tekee n\u00e4kym\u00e4st\u00e4 hyvin luonnollisen ja houkuttelevan.<\/p>\n<p>Leirim\u00f6kit mahdollistavat luonnon nautinnon, joten niit\u00e4 valitsevat usein leirint\u00e4alueiden omistajat ja musiikkifestivaalien j\u00e4rjest\u00e4j\u00e4t, jotka haluavat tarjota asiakkailleen hienostuneemman ja mukavamman telttailukokemuksen.<\/p>\n<p>Leirim\u00f6kkej\u00e4 voidaan my\u00f6s k\u00e4ytt\u00e4\u00e4 kauniina puutarha- tai vierasmajoina, kes\u00e4asuntoina, kotitoimistoina, ty\u00f6pajoina, kalastajien m\u00f6kkein\u00e4, rantam\u00f6kkein\u00e4, vapaa-ajan viettopaikkoina tai lasten leikkim\u00f6kkein\u00e4.<\/p>\n<p>Parhaista laatumateriaaleista valmistetut leirim\u00f6kit edustavat todella ainutlaatuista leirimajoitusta ja tarjoavat uskomattoman vapaa-ajan kokemuksen.<\/p>\n<p>&nbsp;<\/p>\n<p><strong>Tekniset tiedot:<\/strong><\/p>\n<p>Koko: 2 henkil\u00f6\u00e4<br \/>\nHuone: 1<br \/>\nSis\u00e4tila: 5.4 m\u00b2<br \/>\nUlkokoot: 2,4 m x 3,5 m<br \/>\nKorkeus: 2,6 m<br \/>\nPuu: m\u00e4nty<br \/>\nSein\u00e4: m\u00e4ntypaneelit sis\u00e4lt\u00e4 ja ulkoa: 14 mm; eristetyn sivusein\u00e4n paksuus: 126 mm; eristetyn etu- ja takasein\u00e4n paksuus: 118 mm<br \/>\nLattia: m\u00e4nty: 28 mm; eristetyn lattian paksuus: 158 mm<br \/>\nKivivillaeristys: 100 mm (lattia ja sein\u00e4t)<br \/>\nKatto: suomalaiset bitumikattotiilet<br \/>\nIkkunan koko: 700 x 900 mm<br \/>\nOven koko: 1010 x 1820 mm<\/p>\n<p>Eristetyt m\u00f6kin sein\u00e4t, p\u00e4\u00e4llystetty bitumikattotiilill\u00e4<br \/>\nEristetty m\u00e4ntylattia<br \/>\n1 kaksinkertainen lasi-ikkuna takasein\u00e4ss\u00e4<br \/>\nTanskalainen kaksinkertainen lasiovi, jossa tavallinen kahva ja lukko<br \/>\nTerassi valmistettu 28 mm kyll\u00e4stetyist\u00e4 terassilaudoista<\/p>\n<p>&nbsp;<\/p>\n<p><strong>Toimitus:<\/strong><\/p>\n<p>Lavan koko (LxPxK): 1 kpl (1,2 x 2,4 x 1,2) 1200 kg<\/p>\n<p>Kootun m\u00f6kin koko (LxPxK): (2,4 x 2,5 x 2,6) 1200 kg<\/p>\n<p><img loading=\"lazy\" decoding=\"async\" class=\"alignnone wp-image-86205\" src=\"https:\/\/factory.sale\/wp-content\/uploads\/2024\/06\/moodud-3-300x182.png\" alt=\"\" width=\"542\" height=\"329\" srcset=\"https:\/\/factory.sale\/wp-content\/uploads\/2024\/06\/moodud-3-300x182.png 300w, https:\/\/factory.sale\/wp-content\/uploads\/2024\/06\/moodud-3-1024x622.png 1024w, https:\/\/factory.sale\/wp-content\/uploads\/2024\/06\/moodud-3-150x91.png 150w, https:\/\/factory.sale\/wp-content\/uploads\/2024\/06\/moodud-3-600x364.png 600w, https:\/\/factory.sale\/wp-content\/uploads\/2024\/06\/moodud-3.png 1156w\" sizes=\"auto, (max-width: 542px) 100vw, 542px\" \/><\/p>\n<p>&nbsp;<\/p>\n<p><strong>Lis\u00e4ksi saatavilla (hinnat ilman ALV):<\/strong><\/p>\n<p>Puolipanoraamaikkuna: 1265 \u20ac<\/p>\n<p>T\u00e4yspanoraamaikkuna: 1518 \u20ac<\/p>\n<p>Kaksinkertainen lasi-ikkuna, ammattimaisesti maalattu maalauskammiossa antrasiittiv\u00e4rill\u00e4, takasein\u00e4ss\u00e4: 63,25 \u20ac<\/p>\n<p>Vakiokoristelaudat: 0 \u20ac<\/p>\n<p>Liimatut koristelaudat: 126,5 \u20ac<\/p>\n<p>Vakio-ovi: 0 \u20ac<\/p>\n<p>Premium-yksitt\u00e4isovi antrasiittiv\u00e4rill\u00e4: 189,75 \u20ac<\/p>\n<p>&nbsp;<\/p>\n<p>&nbsp;<\/p>\n<p><strong>Bitumikattotiilien saatavilla olevat v\u00e4rit:<\/strong><\/p>\n<p>Musta, vihre\u00e4, punainen<\/p>\n<p><img loading=\"lazy\" decoding=\"async\" class=\"alignnone wp-image-86158\" src=\"https:\/\/factory.sale\/wp-content\/uploads\/2024\/06\/colours-wooden-me-300x82.png\" alt=\"\" width=\"556\" height=\"152\" srcset=\"https:\/\/factory.sale\/wp-content\/uploads\/2024\/06\/colours-wooden-me-300x82.png 300w, https:\/\/factory.sale\/wp-content\/uploads\/2024\/06\/colours-wooden-me-150x41.png 150w, https:\/\/factory.sale\/wp-content\/uploads\/2024\/06\/colours-wooden-me-600x164.png 600w, https:\/\/factory.sale\/wp-content\/uploads\/2024\/06\/colours-wooden-me.png 638w\" sizes=\"auto, (max-width: 556px) 100vw, 556px\" \/><\/p>\n<p>&nbsp;<\/p>\n<p><strong>S\u00e4hk\u00f6:<\/strong><\/p>\n<p>Yksitt\u00e4inen pistorasia: 69 \u20ac<\/p>\n<p>Kaksinkertainen pistorasia: 74,75 \u20ac<\/p>\n<p>Yksitt\u00e4inen kytkin: 69 \u20ac<\/p>\n<p>Kaksinkertainen kytkin: 86,25 \u20ac<\/p>\n<p>Johto yhdelle lampulle: 28,75 \u20ac<\/p>\n<p>Sulaketaulu: 138 \u20ac<\/p>\n<p>&nbsp;<\/p>\n<p>&nbsp;<\/p>\n<p><strong>Leirim\u00f6kin ulkomaaliv\u00e4ri:<\/strong> 189,75 \u20ac<\/p>\n<p><em><strong>Lis\u00e4ksi saatavilla paljon kalusteita, kysy lis\u00e4tietoja.<\/strong><\/em><\/p>\n<p>&nbsp;<\/p>\n<p><a href=\"https:\/\/factory.sale\/wp-content\/uploads\/2024\/06\/Luxury-Insulated-Camping-Pod-5.5-x-2.4.pdf\" target=\"_blank\" rel=\"noopener\">Ohjeet<\/a><\/p>\n<p>&nbsp;<\/p>\n<div class=\"video-wrapper \"><iframe loading=\"lazy\" title=\"The folding bench from Woodprofesionals\" width=\"500\" height=\"281\" src=\"https:\/\/www.youtube.com\/embed\/rihF8b40BVs?feature=oembed\" frameborder=\"0\" allow=\"accelerometer; autoplay; clipboard-write; encrypted-media; gyroscope; picture-in-picture; web-share\" referrerpolicy=\"strict-origin-when-cross-origin\" allowfullscreen><\/iframe><\/div>\n","protected":false},"excerpt":{"rendered":"<p>Leirim\u00f6kki, tunnetaan my\u00f6s nimell\u00e4 glamping-m\u00f6kki, on erinomainen valinta ulkoilmael\u00e4m\u00e4\u00e4n. Se tarjoaa kodikkaan, mukavan ja tilavan majoituksen 4-6 hengelle. Sen erityinen muoto sulautuu maisemaan, mik\u00e4 tekee n\u00e4kym\u00e4st\u00e4 hyvin luonnollisen ja houkuttelevan.<\/p>\n","protected":false},"featured_media":86299,"comment_status":"open","ping_status":"closed","template":"","meta":{"_acf_changed":false},"factory":[],"free-shipment":[],"product_brand":[],"product_cat":[1112,2889],"product_tag":[],"class_list":{"0":"post-86397","1":"product","2":"type-product","3":"status-publish","4":"has-post-thumbnail","6":"product_cat-elementtitalot","7":"product_cat-leirintamokit","9":"first","10":"instock","11":"sale","12":"taxable","13":"shipping-taxable","14":"purchasable","15":"product-type-simple"},"acf":[],"_links":{"self":[{"href":"https:\/\/factory.sale\/fi\/wp-json\/wp\/v2\/product\/86397","targetHints":{"allow":["GET"]}}],"collection":[{"href":"https:\/\/factory.sale\/fi\/wp-json\/wp\/v2\/product"}],"about":[{"href":"https:\/\/factory.sale\/fi\/wp-json\/wp\/v2\/types\/product"}],"replies":[{"embeddable":true,"href":"https:\/\/factory.sale\/fi\/wp-json\/wp\/v2\/comments?post=86397"}],"wp:featuredmedia":[{"embeddable":true,"href":"https:\/\/factory.sale\/fi\/wp-json\/wp\/v2\/media\/86299"}],"wp:attachment":[{"href":"https:\/\/factory.sale\/fi\/wp-json\/wp\/v2\/media?parent=86397"}],"wp:term":[{"taxonomy":"factory","embeddable":true,"href":"https:\/\/factory.sale\/fi\/wp-json\/wp\/v2\/factory?post=86397"},{"taxonomy":"free-shipment","embeddable":true,"href":"https:\/\/factory.sale\/fi\/wp-json\/wp\/v2\/free-shipment?post=86397"},{"taxonomy":"product_brand","embeddable":true,"href":"https:\/\/factory.sale\/fi\/wp-json\/wp\/v2\/product_brand?post=86397"},{"taxonomy":"product_cat","embeddable":true,"href":"https:\/\/factory.sale\/fi\/wp-json\/wp\/v2\/product_cat?post=86397"},{"taxonomy":"product_tag","embeddable":true,"href":"https:\/\/factory.sale\/fi\/wp-json\/wp\/v2\/product_tag?post=86397"}],"curies":[{"name":"wp","href":"https:\/\/api.w.org\/{rel}","templated":true}]}}