{"id":86386,"date":"2024-06-26T10:09:59","date_gmt":"2024-06-26T10:11:27","guid":{"rendered":"https:\/\/factory.sale\/?post_type=product&#038;p=86386"},"modified":"2024-09-19T13:08:16","modified_gmt":"2024-09-19T10:08:16","slug":"leirimokki-30-x-48-m","status":"publish","type":"product","link":"https:\/\/factory.sale\/fi\/tuote\/leirimokki-30-x-48-m\/","title":{"rendered":"Leirim\u00f6kki 3,0 x 4,8 m"},"content":{"rendered":"<p>Leirim\u00f6kki 3,0 x 4,8 m on ainutlaatuinen tuote, joka on eritt\u00e4in suosittu koko Euroopassa. T\u00e4m\u00e4 m\u00f6kki ei todellakaan tarvitse perustusta, se voi olla pelk\u00e4ll\u00e4 alustalla tai jopa puuterassilla, laiturilla tai per\u00e4vaunulla. T\u00e4m\u00e4 kes\u00e4m\u00f6kki on liikuteltava ja sit\u00e4 voidaan helposti siirt\u00e4\u00e4 paikasta toiseen. Erinomainen valinta leirint\u00e4\u00e4n. Kalusteet voi valita lis\u00e4vaihtoehtona valikoimastamme tai omien mieltymysten mukaan.<\/p>\n<p><em>Koska kyseess\u00e4 on 3 metrin levyinen tuote, se toimitetaan vain osina. Helppoa kokoamista varten mukana on visuaalisilla ohjeilla varustettu opas.<\/em><\/p>\n<p>&nbsp;<\/p>\n<p><strong>Tekniset tiedot:<\/strong><\/p>\n<p>Koko: 2-4 henkil\u00f6\u00e4<br \/>\nHuoneet: 2<br \/>\nPuutyyppi: m\u00e4nty<br \/>\nSis\u00e4tila-ala: 9,1 m\u00b2<br \/>\nUlkomitat: 3,0 m x 4,8 m<br \/>\nKorkeus: 2,7 m<br \/>\nSein\u00e4n paksuus: 46 mm<br \/>\nLattian paksuus: 28 mm<br \/>\nKatto: Suomalaiset bitumikattotiilet<br \/>\nOven koko: 700 x 1800 mm<br \/>\nAukollisen ikkunan koko: 700 x 900 mm<br \/>\nTerassi: 0,2 m<\/p>\n<p>&nbsp;<\/p>\n<p><strong>Standardipaketti:<\/strong><\/p>\n<p>Puusein\u00e4t<br \/>\nRuostumattomasta ter\u00e4ksest\u00e4 valmistetut kiristyshihnat<br \/>\nKatto bitumikattotiilill\u00e4<br \/>\nLattia 28 mm m\u00e4ntylaudasta<br \/>\nKaksinkertainen lasinen avattava ikkuna tynnyrin takasein\u00e4ss\u00e4<br \/>\nOvi, jossa on kaksinkertainen lasinen kuusikulmainen ikkuna, tavallinen kahva ja lukko tynnyrin etuosassa<\/p>\n<p>&nbsp;<\/p>\n<p>&nbsp;<\/p>\n<p><strong>Lis\u00e4ksi saatavana (hinnat ilman ALV):<\/strong><\/p>\n<p><strong>Bitumikattotiilien saatavilla olevat v\u00e4rit:<\/strong><\/p>\n<p>musta, vihre\u00e4, punainen, harmaa<\/p>\n<p><strong><img loading=\"lazy\" decoding=\"async\" class=\"alignnone wp-image-86383\" src=\"https:\/\/factory.sale\/wp-content\/uploads\/2024\/06\/colours-2-300x69.png\" alt=\"\" width=\"552\" height=\"127\" srcset=\"https:\/\/factory.sale\/wp-content\/uploads\/2024\/06\/colours-2-300x69.png 300w, https:\/\/factory.sale\/wp-content\/uploads\/2024\/06\/colours-2-150x35.png 150w, https:\/\/factory.sale\/wp-content\/uploads\/2024\/06\/colours-2-600x139.png 600w, https:\/\/factory.sale\/wp-content\/uploads\/2024\/06\/colours-2.png 640w\" sizes=\"auto, (max-width: 552px) 100vw, 552px\" \/><\/strong><\/p>\n<p>&nbsp;<\/p>\n<p><strong>Sivusein\u00e4 liukuluukulla WC: lle:<\/strong> 569,25 \u20ac<\/p>\n<p><strong><em>Lis\u00e4ksi saatavana paljon kalusteita, kysy lis\u00e4tietoja.<\/em><\/strong><\/p>\n<p>&nbsp;<\/p>\n<p>&nbsp;<\/p>\n<p><a href=\"https:\/\/factory.sale\/wp-content\/uploads\/2024\/06\/Camping-Barrel-4.8-assembly-2018-02-05.pdf\" target=\"_blank\" rel=\"noopener\">Ohjeet<\/a><\/p>\n<div class=\"video-wrapper \"><iframe loading=\"lazy\" title=\"The folding bench from Woodprofesionals\" width=\"500\" height=\"281\" src=\"https:\/\/www.youtube.com\/embed\/rihF8b40BVs?feature=oembed\" frameborder=\"0\" allow=\"accelerometer; autoplay; clipboard-write; encrypted-media; gyroscope; picture-in-picture; web-share\" referrerpolicy=\"strict-origin-when-cross-origin\" allowfullscreen><\/iframe><\/div>\n","protected":false},"excerpt":{"rendered":"<p>Leirim\u00f6kki 3,0 x 4,8 m on ainutlaatuinen tuote, joka on eritt\u00e4in suosittu koko Euroopassa. T\u00e4m\u00e4 m\u00f6kki ei todellakaan tarvitse perustusta, se voi olla pelk\u00e4ll\u00e4 alustalla tai jopa puuterassilla, laiturilla tai per\u00e4vaunulla. T\u00e4m\u00e4 kes\u00e4m\u00f6kki on liikuteltava ja sit\u00e4 voidaan helposti siirt\u00e4\u00e4 paikasta toiseen. Erinomainen valinta leirint\u00e4\u00e4n. Kalusteet voi valita lis\u00e4vaihtoehtona valikoimastamme tai omien mieltymysten mukaan.<\/p>\n","protected":false},"featured_media":87013,"comment_status":"open","ping_status":"closed","template":"","meta":{"_acf_changed":false},"factory":[],"free-shipment":[],"product_brand":[],"product_cat":[1112,2889],"product_tag":[],"class_list":{"0":"post-86386","1":"product","2":"type-product","3":"status-publish","4":"has-post-thumbnail","6":"product_cat-elementtitalot","7":"product_cat-leirintamokit","9":"first","10":"instock","11":"sale","12":"taxable","13":"shipping-taxable","14":"purchasable","15":"product-type-simple"},"acf":[],"_links":{"self":[{"href":"https:\/\/factory.sale\/fi\/wp-json\/wp\/v2\/product\/86386","targetHints":{"allow":["GET"]}}],"collection":[{"href":"https:\/\/factory.sale\/fi\/wp-json\/wp\/v2\/product"}],"about":[{"href":"https:\/\/factory.sale\/fi\/wp-json\/wp\/v2\/types\/product"}],"replies":[{"embeddable":true,"href":"https:\/\/factory.sale\/fi\/wp-json\/wp\/v2\/comments?post=86386"}],"wp:featuredmedia":[{"embeddable":true,"href":"https:\/\/factory.sale\/fi\/wp-json\/wp\/v2\/media\/87013"}],"wp:attachment":[{"href":"https:\/\/factory.sale\/fi\/wp-json\/wp\/v2\/media?parent=86386"}],"wp:term":[{"taxonomy":"factory","embeddable":true,"href":"https:\/\/factory.sale\/fi\/wp-json\/wp\/v2\/factory?post=86386"},{"taxonomy":"free-shipment","embeddable":true,"href":"https:\/\/factory.sale\/fi\/wp-json\/wp\/v2\/free-shipment?post=86386"},{"taxonomy":"product_brand","embeddable":true,"href":"https:\/\/factory.sale\/fi\/wp-json\/wp\/v2\/product_brand?post=86386"},{"taxonomy":"product_cat","embeddable":true,"href":"https:\/\/factory.sale\/fi\/wp-json\/wp\/v2\/product_cat?post=86386"},{"taxonomy":"product_tag","embeddable":true,"href":"https:\/\/factory.sale\/fi\/wp-json\/wp\/v2\/product_tag?post=86386"}],"curies":[{"name":"wp","href":"https:\/\/api.w.org\/{rel}","templated":true}]}}