{"id":86371,"date":"2024-06-19T20:14:10","date_gmt":"2024-06-20T12:14:05","guid":{"rendered":"https:\/\/factory.sale\/?post_type=product&#038;p=86371"},"modified":"2024-09-19T20:33:49","modified_gmt":"2024-09-19T17:33:49","slug":"puutarhatynnyri-kalusteilla-33-m","status":"publish","type":"product","link":"https:\/\/factory.sale\/fi\/tuote\/puutarhatynnyri-kalusteilla-33-m\/","title":{"rendered":"Puutarhatynnyri kalusteilla 3,3 m"},"content":{"rendered":"<p>Puinen 3,3 m puutarhatynnyri kalusteilla on viihtyis\u00e4 ja mukava leirint\u00e4tuote, jossa on kaksi tilaa ja joka majoittaa jopa 4 henkil\u00f6\u00e4. Kest\u00e4v\u00e4st\u00e4 ja luonnollisesta m\u00e4nnyst\u00e4 valmistettu tynnyri on py\u00f6re\u00e4muotoinen ja tarjoaa avaran ja kodikkaan ymp\u00e4rist\u00f6n. Katto on p\u00e4\u00e4llystetty bitumikattotiileill\u00e4, ja tynnyri\u00e4 pit\u00e4v\u00e4t paikallaan kolme ruostumattomasta ter\u00e4ksest\u00e4 kiristysnauhaa. Muotoilussa on kaksi ikkunaa takasein\u00e4ss\u00e4 ja kaksi edess\u00e4, sek\u00e4 ovi, jossa on lukko ja suuri karkaistusta lasista ikkuna, jotta voit nauttia n\u00e4kymist\u00e4 ja raikkaasta ilmasta. Sis\u00e4ll\u00e4 on oleskelutila kahdella penkill\u00e4 ja makuutila kerross\u00e4ngyll\u00e4. Kaikki kalusteet sis\u00e4ltyv\u00e4t hintaan, ja lis\u00e4mukavuutta varten on saatavilla valinnaiset patjat. Koe leirint\u00e4 uudella tavalla 3,3 m nukkuvatynnyriss\u00e4 kalusteineen!<\/p>\n<p>&nbsp;<\/p>\n<p>&nbsp;<\/p>\n<p><strong>Tekniset tiedot:<\/strong><\/p>\n<p>Henkil\u00f6m\u00e4\u00e4r\u00e4: 4 henkil\u00f6\u00e4<br \/>\nPuu: M\u00e4nty<br \/>\nMuoto: Py\u00f6re\u00e4<br \/>\nHuoneita: 2<br \/>\nHalkaisija: 2,2 m<br \/>\nKokonaiskorkeus: 2,3 m<br \/>\nLattian paksuus: 44-46 mm<br \/>\nKaton paksuus: 46 mm<br \/>\nSein\u00e4n paksuus: 44-46 mm<br \/>\nOven koko: 690 x 1800 mm<br \/>\nIkkunan koko: 880 x 510 mm<\/p>\n<p>&nbsp;<\/p>\n<p>&nbsp;<\/p>\n<p><strong>Vakiovarustus:<\/strong><\/p>\n<p>M\u00e4ntypuusta valmistettu tynnyri;<br \/>\nKatto p\u00e4\u00e4llystetty valitsemallasi v\u00e4rill\u00e4 olevilla bitumikattotiilill\u00e4;<br \/>\n3 ruostumattomasta ter\u00e4ksest\u00e4 kiristysnauhaa;<br \/>\nKaksi avattavaa ikkunaa takasein\u00e4ss\u00e4;<br \/>\nKaksi avattavaa ikkunaa etusein\u00e4ss\u00e4;<br \/>\nOvet, joissa on lukko ja suuri karkaistusta lasista ikkuna;<br \/>\nKaksi huonetta: makuuhuone ja oleskeluhuone; 4-5 makuupaikkaa;<br \/>\nOleskeluhuone, jossa kaksi penkki\u00e4;<br \/>\nMakuuhuone, jossa kerross\u00e4nky (200 cm x 168 cm x 10 cm + 160 cm x 168 cm x 10 cm);<br \/>\nKaikki kalusteet sis\u00e4ltyv\u00e4t hintaan, patjat saatavilla lis\u00e4varusteena.<\/p>\n<p>&nbsp;<\/p>\n<p><strong>Toimitus:<\/strong><\/p>\n<p>Koottu l\u00e4hetys (P x L x K): 3,3 x 2,32 x 2,4 m.<\/p>\n<p>&nbsp;<\/p>\n<p><strong>Lis\u00e4ksi saatavilla (hinnat ilman ALV):<\/strong><br \/>\n<strong>Saatavilla olevat bitumikattotiilien v\u00e4rit:<\/strong><\/p>\n<p>Musta, vihre\u00e4, punainen<\/p>\n<p>&nbsp;<\/p>\n<p><strong><img loading=\"lazy\" decoding=\"async\" class=\"alignnone wp-image-86156\" src=\"https:\/\/factory.sale\/wp-content\/uploads\/2024\/06\/colours-wooden-me-300x82.png\" alt=\"\" width=\"563\" height=\"154\" srcset=\"https:\/\/factory.sale\/wp-content\/uploads\/2024\/06\/colours-wooden-me-300x82.png 300w, https:\/\/factory.sale\/wp-content\/uploads\/2024\/06\/colours-wooden-me-150x41.png 150w, https:\/\/factory.sale\/wp-content\/uploads\/2024\/06\/colours-wooden-me-600x164.png 600w, https:\/\/factory.sale\/wp-content\/uploads\/2024\/06\/colours-wooden-me.png 638w\" sizes=\"auto, (max-width: 563px) 100vw, 563px\" \/><\/strong><\/p>\n<p>&nbsp;<\/p>\n<p>&nbsp;<\/p>\n<p><strong>S\u00e4hk\u00f6varustelu:<\/strong><\/p>\n<p>Yksi pistorasia 69 \u20ac<br \/>\nTuplapistorasia 74,75 \u20ac<br \/>\nYksi kytkin 69 \u20ac<br \/>\nTuplakytkin 86,25 \u20ac<br \/>\nJohto yhdelle lampulle 28,75 \u20ac<br \/>\nSulaketaulu 138 \u20ac<\/p>\n<p>&nbsp;<\/p>\n<p><strong>Ulkomaali: 253 \u20ac<\/strong><\/p>\n<p><strong>Patjat: 442,75 \u20ac<\/strong><\/p>\n<p>&nbsp;<\/p>\n<div class=\"video-wrapper \"><iframe loading=\"lazy\" title=\"The folding bench from Woodprofesionals\" width=\"500\" height=\"281\" src=\"https:\/\/www.youtube.com\/embed\/rihF8b40BVs?feature=oembed\" frameborder=\"0\" allow=\"accelerometer; autoplay; clipboard-write; encrypted-media; gyroscope; picture-in-picture; web-share\" referrerpolicy=\"strict-origin-when-cross-origin\" allowfullscreen><\/iframe><\/div>\n","protected":false},"excerpt":{"rendered":"<p>Puutarhatynnyri kalusteilla 3,3 m on kodikas ja mukava leirint\u00e4tuotekahdella tilalla, johon mahtuu jopa 4 henkil\u00f6\u00e4. Tukevasta ja luonnollisesta m\u00e4nnyst\u00e4 valmistettu tynnyri on py\u00f6re\u00e4, tarjoten avarat ja kodikkaat tilat. Katto on peitetty bitumikatetiilill\u00e4 ja tynnyri on kiinnitetty kolmella ruostumattomalla ter\u00e4shihnalla.<\/p>\n","protected":false},"featured_media":86356,"comment_status":"open","ping_status":"closed","template":"","meta":{"_acf_changed":false},"factory":[],"free-shipment":[],"product_brand":[],"product_cat":[1112,2889],"product_tag":[],"class_list":{"0":"post-86371","1":"product","2":"type-product","3":"status-publish","4":"has-post-thumbnail","6":"product_cat-elementtitalot","7":"product_cat-leirintamokit","9":"first","10":"instock","11":"sale","12":"taxable","13":"shipping-taxable","14":"purchasable","15":"product-type-simple"},"acf":[],"_links":{"self":[{"href":"https:\/\/factory.sale\/fi\/wp-json\/wp\/v2\/product\/86371","targetHints":{"allow":["GET"]}}],"collection":[{"href":"https:\/\/factory.sale\/fi\/wp-json\/wp\/v2\/product"}],"about":[{"href":"https:\/\/factory.sale\/fi\/wp-json\/wp\/v2\/types\/product"}],"replies":[{"embeddable":true,"href":"https:\/\/factory.sale\/fi\/wp-json\/wp\/v2\/comments?post=86371"}],"wp:featuredmedia":[{"embeddable":true,"href":"https:\/\/factory.sale\/fi\/wp-json\/wp\/v2\/media\/86356"}],"wp:attachment":[{"href":"https:\/\/factory.sale\/fi\/wp-json\/wp\/v2\/media?parent=86371"}],"wp:term":[{"taxonomy":"factory","embeddable":true,"href":"https:\/\/factory.sale\/fi\/wp-json\/wp\/v2\/factory?post=86371"},{"taxonomy":"free-shipment","embeddable":true,"href":"https:\/\/factory.sale\/fi\/wp-json\/wp\/v2\/free-shipment?post=86371"},{"taxonomy":"product_brand","embeddable":true,"href":"https:\/\/factory.sale\/fi\/wp-json\/wp\/v2\/product_brand?post=86371"},{"taxonomy":"product_cat","embeddable":true,"href":"https:\/\/factory.sale\/fi\/wp-json\/wp\/v2\/product_cat?post=86371"},{"taxonomy":"product_tag","embeddable":true,"href":"https:\/\/factory.sale\/fi\/wp-json\/wp\/v2\/product_tag?post=86371"}],"curies":[{"name":"wp","href":"https:\/\/api.w.org\/{rel}","templated":true}]}}