{"id":86350,"date":"2024-06-19T19:24:47","date_gmt":"2024-06-19T19:51:30","guid":{"rendered":"https:\/\/factory.sale\/?post_type=product&#038;p=86350"},"modified":"2024-09-26T21:00:48","modified_gmt":"2024-09-26T18:00:48","slug":"leirintamokki-3-m-x-48-m","status":"publish","type":"product","link":"https:\/\/factory.sale\/fi\/tuote\/leirintamokki-3-m-x-48-m\/","title":{"rendered":"Leirint\u00e4m\u00f6kki 3 m x 4,8 m"},"content":{"rendered":"<p><strong>Tekniset tiedot:<\/strong><\/p>\n<p>Koko: 3-4 henkil\u00f6\u00e4<br \/>\nHuoneet: 2<br \/>\nSis\u00e4tila: 11,76 m\u00b2<br \/>\nUlkomitat: 3,0 m x 4,8 m<br \/>\nKorkeus: 2,7 m<br \/>\nPuumateriaali: M\u00e4nty<br \/>\nSein\u00e4n paksuus: 46 mm<br \/>\nLattian paksuus: 28 mm<br \/>\nKaton viimeistely: Suomalaiset bitumikatelaatat<br \/>\nIkkunan koko: 700 x 900 mm<br \/>\nOven koko: 1030 x 1900 mm<\/p>\n<p>&nbsp;<\/p>\n<p><strong>Vakiosetti:<\/strong><\/p>\n<p>Podin sein\u00e4t peitetty bitumikatelaatoilla<br \/>\nLattia 28 mm m\u00e4ntylaudoista<br \/>\nYksi avattava kaksinkertainen ikkuna takasein\u00e4ss\u00e4<br \/>\nRanskalaistyylinen kaksinkertainen lasiovi, jossa on tavallinen kahva ja lukko<br \/>\nSis\u00e4ll\u00e4 pieni huone ovella (kylpyhuonetta varten)<\/p>\n<p>&nbsp;<\/p>\n<p><strong>Toimitus:<\/strong><\/p>\n<p>3,0 m leve\u00e4 m\u00f6kki (t\u00e4ytyy toimittaa litte\u00e4pakettina, mutta on tilavampi ja tarjoaa mahdollisuuden sis\u00e4-WC<br \/>\n\/suihkutilalle).<\/p>\n<p>Paketin koko (LxPxK): 1p (1,2 x 4,8 x 1,3) 2800 kg<\/p>\n<p>&nbsp;<\/p>\n<p><strong>Lis\u00e4ksi saatavilla (hinnat ilman ALV<\/strong><strong>):<\/strong><\/p>\n<p>Puolipanoraamaikkuna 1265 .-<br \/>\nT\u00e4yspanoraamaikkuna 1518 .-<br \/>\nKaksinkertainen ikkuna, ammattilaismaalattu maalauskammiossa antrasiitin v\u00e4riseksi, takasein\u00e4ss\u00e4 63,25 .-<\/p>\n<p>&nbsp;<\/p>\n<p><strong>Terassi:<\/strong><\/p>\n<p>Ei terassia 0 .-<br \/>\n1 m pituinen terassi 143,75 .-<br \/>\n2 m pituinen terassi 281,75 .-<br \/>\n3 m pituinen terassi 419,75 .-<\/p>\n<p>&nbsp;<\/p>\n<p><strong>Saatavilla olevat bitumikatelaattojen v\u00e4rit:<\/strong><\/p>\n<p>Musta, vihre\u00e4, punainen<\/p>\n<p><img loading=\"lazy\" decoding=\"async\" class=\"alignnone wp-image-86158\" src=\"https:\/\/factory.sale\/wp-content\/uploads\/2024\/06\/colours-wooden-me-300x82.png\" alt=\"\" width=\"560\" height=\"153\" srcset=\"https:\/\/factory.sale\/wp-content\/uploads\/2024\/06\/colours-wooden-me-300x82.png 300w, https:\/\/factory.sale\/wp-content\/uploads\/2024\/06\/colours-wooden-me-150x41.png 150w, https:\/\/factory.sale\/wp-content\/uploads\/2024\/06\/colours-wooden-me-600x164.png 600w, https:\/\/factory.sale\/wp-content\/uploads\/2024\/06\/colours-wooden-me.png 638w\" sizes=\"auto, (max-width: 560px) 100vw, 560px\" \/><\/p>\n<p>&nbsp;<\/p>\n<p><strong><em>Saatavilla my\u00f6s paljon huonekaluja, kysy lis\u00e4\u00e4.<\/em><\/strong><\/p>\n<p>&nbsp;<\/p>\n<p><a href=\"https:\/\/factory.sale\/wp-content\/uploads\/2024\/06\/Camping-Pod-2.4-x-4.0-m.pdf\" target=\"_blank\" rel=\"noopener\">Ohjeet<\/a><\/p>\n<p>&nbsp;<\/p>\n<div class=\"video-wrapper \"><iframe loading=\"lazy\" title=\"The folding bench from Woodprofesionals\" width=\"500\" height=\"281\" src=\"https:\/\/www.youtube.com\/embed\/rihF8b40BVs?feature=oembed\" frameborder=\"0\" allow=\"accelerometer; autoplay; clipboard-write; encrypted-media; gyroscope; picture-in-picture; web-share\" referrerpolicy=\"strict-origin-when-cross-origin\" allowfullscreen><\/iframe><\/div>\n","protected":false},"excerpt":{"rendered":"<ul>\n<li>Podin sein\u00e4t peitetty bitumikatelaatoilla<\/li>\n<li>Lattia 28 mm m\u00e4ntylaudoista<\/li>\n<li>Yksi avattava kaksinkertainen ikkuna takasein\u00e4ss\u00e4<\/li>\n<li>Ranskalaistyylinen kaksinkertainen lasiovi, jossa on tavallinen kahva ja lukko<\/li>\n<li>Sis\u00e4ll\u00e4 pieni huone ovella (kylpyhuonetta varten)<\/li>\n<\/ul>\n","protected":false},"featured_media":86337,"comment_status":"open","ping_status":"closed","template":"","meta":{"_acf_changed":false},"factory":[],"free-shipment":[],"product_brand":[],"product_cat":[1112,2889],"product_tag":[],"class_list":{"0":"post-86350","1":"product","2":"type-product","3":"status-publish","4":"has-post-thumbnail","6":"product_cat-elementtitalot","7":"product_cat-leirintamokit","9":"first","10":"instock","11":"sale","12":"taxable","13":"shipping-taxable","14":"purchasable","15":"product-type-simple"},"acf":[],"_links":{"self":[{"href":"https:\/\/factory.sale\/fi\/wp-json\/wp\/v2\/product\/86350","targetHints":{"allow":["GET"]}}],"collection":[{"href":"https:\/\/factory.sale\/fi\/wp-json\/wp\/v2\/product"}],"about":[{"href":"https:\/\/factory.sale\/fi\/wp-json\/wp\/v2\/types\/product"}],"replies":[{"embeddable":true,"href":"https:\/\/factory.sale\/fi\/wp-json\/wp\/v2\/comments?post=86350"}],"wp:featuredmedia":[{"embeddable":true,"href":"https:\/\/factory.sale\/fi\/wp-json\/wp\/v2\/media\/86337"}],"wp:attachment":[{"href":"https:\/\/factory.sale\/fi\/wp-json\/wp\/v2\/media?parent=86350"}],"wp:term":[{"taxonomy":"factory","embeddable":true,"href":"https:\/\/factory.sale\/fi\/wp-json\/wp\/v2\/factory?post=86350"},{"taxonomy":"free-shipment","embeddable":true,"href":"https:\/\/factory.sale\/fi\/wp-json\/wp\/v2\/free-shipment?post=86350"},{"taxonomy":"product_brand","embeddable":true,"href":"https:\/\/factory.sale\/fi\/wp-json\/wp\/v2\/product_brand?post=86350"},{"taxonomy":"product_cat","embeddable":true,"href":"https:\/\/factory.sale\/fi\/wp-json\/wp\/v2\/product_cat?post=86350"},{"taxonomy":"product_tag","embeddable":true,"href":"https:\/\/factory.sale\/fi\/wp-json\/wp\/v2\/product_tag?post=86350"}],"curies":[{"name":"wp","href":"https:\/\/api.w.org\/{rel}","templated":true}]}}