{"id":86329,"date":"2024-06-19T18:01:40","date_gmt":"2024-06-19T19:07:49","guid":{"rendered":"https:\/\/factory.sale\/?post_type=product&#038;p=86329"},"modified":"2024-09-28T23:07:44","modified_gmt":"2024-09-28T20:07:44","slug":"kalustettu-leirintamokki-40-m","status":"publish","type":"product","link":"https:\/\/factory.sale\/fi\/tuote\/kalustettu-leirintamokki-40-m\/","title":{"rendered":"Kalustettu leirint\u00e4m\u00f6kki 4,0 m"},"content":{"rendered":"<p>Kalustettu leirint\u00e4m\u00f6kki sopii mainiosti telttapaikaksi. Se on valmistettu kuusesta ja tuntuu eritt\u00e4in luontoyst\u00e4v\u00e4lliselt\u00e4.<\/p>\n<p>Tynnyriss\u00e4mme on kaksi huonetta: yksi on nukkumiseen ja toinen istumiseen, ruokailuun ja tavaroiden s\u00e4ilytt\u00e4miseen. T\u00e4m\u00e4n tynnyrin avulla telttapaikkasi n\u00e4ytt\u00e4\u00e4 erilaiselta, luontoyst\u00e4v\u00e4lliselt\u00e4 ja viihtyis\u00e4lt\u00e4.<\/p>\n<p>&nbsp;<\/p>\n<p><strong>Tekniset tiedot:<\/strong><\/p>\n<p>Henkil\u00f6m\u00e4\u00e4r\u00e4: 2-4 henkil\u00f6\u00e4<br \/>\nPuulaji: M\u00e4nty<br \/>\nMuoto: Py\u00f6re\u00e4<br \/>\nHuoneet: 2<br \/>\nHalkaisija: 2200 mm<br \/>\nKorkeus: 2400 mm<br \/>\nSein\u00e4n paksuus: 44 mm<br \/>\nOven koko: 75 cm x 190 cm<br \/>\nIkkunan koko: 71,5 x 68 cm<\/p>\n<p>&nbsp;<\/p>\n<p><strong>Vakiosetti:<\/strong><\/p>\n<p>Tynnyri valmistettu kuusesta;<br \/>\nKatto peitetty valitsemallasi v\u00e4rill\u00e4 bitumikattotiilill\u00e4;<br \/>\n3 ruostumatonta ter\u00e4skiristysvy\u00f6t\u00e4;<br \/>\nYksi avattava ikkuna takasein\u00e4ss\u00e4;<br \/>\nOvi lukolla ja kuusikulmaisella ikkunalla;<br \/>\nKaksi huonetta: makuuhuone ja olo-\/ruokailuhuone kahdella penkill\u00e4 ja liukup\u00f6yd\u00e4ll\u00e4;<br \/>\nMahdollisuus tehd\u00e4 nukkumatilaa my\u00f6s olohuoneeseen;<br \/>\nKaksi helposti asennettavaa puulevy\u00e4 penkkien v\u00e4liin \u2013 muuttuu yksitt\u00e4iseksi s\u00e4ngyksi;<br \/>\nMakuuhuone, jossa nukkumatila: 2 x 2 m;<br \/>\nPienet penkit sis\u00e4\u00e4nk\u00e4ynnin yhteydess\u00e4 (syvyys 30 cm).<br \/>\nHinta sis\u00e4lt\u00e4\u00e4 kalusteet!<\/p>\n<p>&nbsp;<\/p>\n<p><strong>Toimitus:<\/strong><\/p>\n<p>Camping tynnyri 4,0 m toimitetaan asiakkaalle joko t\u00e4ysin koottuna tai osina, mutta t\u00e4ydellisen\u00e4, yksityiskohtaisilla kokoamisohjeilla ja piirustuksilla varustettuna, pakattuna lavalle (KIT).<\/p>\n<p>Kokoamisaika: noin 10 tuntia (2 henkil\u00f6\u00e4);<br \/>\nLavakoko KIT (P x L x K): 4,10 x 1,20 x 1,30 m;<br \/>\nKokonaisnukkuma-alue: 4,10 x 2,32 x 2,40 m.<\/p>\n<p>&nbsp;<\/p>\n<p><strong>Lis\u00e4varusteet (hinnat ilman ALV):<\/strong><\/p>\n<p><strong>Saatavilla oleva bitumikattotiilien v\u00e4ri:<\/strong><\/p>\n<p>Musta, vihre\u00e4, punainen<\/p>\n<p><img loading=\"lazy\" decoding=\"async\" class=\"alignnone wp-image-86157\" src=\"https:\/\/factory.sale\/wp-content\/uploads\/2024\/06\/colours-wooden-me-300x82.png\" sizes=\"auto, (max-width: 571px) 100vw, 571px\" srcset=\"https:\/\/factory.sale\/wp-content\/uploads\/2024\/06\/colours-wooden-me-300x82.png 300w, https:\/\/factory.sale\/wp-content\/uploads\/2024\/06\/colours-wooden-me-150x41.png 150w, https:\/\/factory.sale\/wp-content\/uploads\/2024\/06\/colours-wooden-me-600x164.png 600w, https:\/\/factory.sale\/wp-content\/uploads\/2024\/06\/colours-wooden-me.png 638w\" alt=\"\" width=\"571\" height=\"156\" \/><\/p>\n<p>&nbsp;<\/p>\n<p><strong><em>Patjasetti 198 cm x 180 cm x 100 cm 304,75 \u20ac<\/em><\/strong><\/p>\n<div class=\"video-wrapper \"><iframe loading=\"lazy\" title=\"The folding bench from Woodprofesionals\" width=\"500\" height=\"281\" src=\"https:\/\/www.youtube.com\/embed\/rihF8b40BVs?feature=oembed\" frameborder=\"0\" allow=\"accelerometer; autoplay; clipboard-write; encrypted-media; gyroscope; picture-in-picture; web-share\" referrerpolicy=\"strict-origin-when-cross-origin\" allowfullscreen><\/iframe><\/div>\n","protected":false},"excerpt":{"rendered":"<p>Kalustettu leirint\u00e4m\u00f6kki sopii mainiosti telttapaikaksi. Se on valmistettu kuusesta ja tuntuu eritt\u00e4in luontoyst\u00e4v\u00e4lliselt\u00e4.<\/p>\n<p>Tynnyriss\u00e4mme on kaksi huonetta: yksi on nukkumiseen ja toinen istumiseen, ruokailuun ja tavaroiden s\u00e4ilytt\u00e4miseen. T\u00e4m\u00e4n tynnyrin avulla telttapaikkasi n\u00e4ytt\u00e4\u00e4 erilaiselta, luontoyst\u00e4v\u00e4lliselt\u00e4 ja viihtyis\u00e4lt\u00e4.<\/p>\n","protected":false},"featured_media":86313,"comment_status":"open","ping_status":"closed","template":"","meta":{"_acf_changed":false},"factory":[],"free-shipment":[],"product_brand":[],"product_cat":[1112,2889],"product_tag":[],"class_list":{"0":"post-86329","1":"product","2":"type-product","3":"status-publish","4":"has-post-thumbnail","6":"product_cat-elementtitalot","7":"product_cat-leirintamokit","9":"first","10":"instock","11":"sale","12":"taxable","13":"shipping-taxable","14":"purchasable","15":"product-type-simple"},"acf":[],"_links":{"self":[{"href":"https:\/\/factory.sale\/fi\/wp-json\/wp\/v2\/product\/86329","targetHints":{"allow":["GET"]}}],"collection":[{"href":"https:\/\/factory.sale\/fi\/wp-json\/wp\/v2\/product"}],"about":[{"href":"https:\/\/factory.sale\/fi\/wp-json\/wp\/v2\/types\/product"}],"replies":[{"embeddable":true,"href":"https:\/\/factory.sale\/fi\/wp-json\/wp\/v2\/comments?post=86329"}],"wp:featuredmedia":[{"embeddable":true,"href":"https:\/\/factory.sale\/fi\/wp-json\/wp\/v2\/media\/86313"}],"wp:attachment":[{"href":"https:\/\/factory.sale\/fi\/wp-json\/wp\/v2\/media?parent=86329"}],"wp:term":[{"taxonomy":"factory","embeddable":true,"href":"https:\/\/factory.sale\/fi\/wp-json\/wp\/v2\/factory?post=86329"},{"taxonomy":"free-shipment","embeddable":true,"href":"https:\/\/factory.sale\/fi\/wp-json\/wp\/v2\/free-shipment?post=86329"},{"taxonomy":"product_brand","embeddable":true,"href":"https:\/\/factory.sale\/fi\/wp-json\/wp\/v2\/product_brand?post=86329"},{"taxonomy":"product_cat","embeddable":true,"href":"https:\/\/factory.sale\/fi\/wp-json\/wp\/v2\/product_cat?post=86329"},{"taxonomy":"product_tag","embeddable":true,"href":"https:\/\/factory.sale\/fi\/wp-json\/wp\/v2\/product_tag?post=86329"}],"curies":[{"name":"wp","href":"https:\/\/api.w.org\/{rel}","templated":true}]}}