{"id":86292,"date":"2024-06-19T13:55:02","date_gmt":"2024-06-19T17:42:02","guid":{"rendered":"https:\/\/factory.sale\/?post_type=product&#038;p=86292"},"modified":"2024-09-28T22:44:04","modified_gmt":"2024-09-28T19:44:04","slug":"eristetty-leirintamokki-24-m-x-3-m","status":"publish","type":"product","link":"https:\/\/factory.sale\/fi\/tuote\/eristetty-leirintamokki-24-m-x-3-m\/","title":{"rendered":"Eristetty leirint\u00e4m\u00f6kki 2,4 m x 3 m"},"content":{"rendered":"<p>Leirint\u00e4m\u00f6kki, tunnetaan my\u00f6s nimell\u00e4 Glamping Pod, on loistava valinta ulkoel\u00e4m\u00e4\u00e4n. Se tarjoaa kodikkaan, mukavan ja tilavan majoituksen 4-6 hengelle. Sen ainutlaatuinen muoto sulautuu maisemaan, tehden siit\u00e4 luonnollisen ja houkuttelevan n\u00e4k\u00f6isen.<\/p>\n<p>Leirint\u00e4m\u00f6kit mahdollistavat luonnon nauttimisen, joten leirint\u00e4alueiden omistajat ja musiikkifestivaalien j\u00e4rjest\u00e4j\u00e4t valitsevat ne usein tarjotakseen asiakkailleen hienostuneempaa ja mukavampaa telttailua.<\/p>\n<p>Leirint\u00e4m\u00f6kki sopivat my\u00f6s t\u00e4ydellisesti kauniiksi puutarha- tai vierastaloksi, kes\u00e4asunnoksi, kotitoimistoksi, ty\u00f6pajaksi, kalastajam\u00f6kiksi, rantam\u00f6kiksi, vapaa-ajan viettopaikaksi tai lasten leikkim\u00f6kiksi.<\/p>\n<p>Parhaista materiaaleista valmistetut leirint\u00e4m\u00f6kit edustavat ainutlaatuista leirint\u00e4majoitusta, tarjoten uskomattoman vapaa-ajan kokemuksen.<\/p>\n<p>&nbsp;<\/p>\n<p><strong>Tekniset tiedot:<\/strong><\/p>\n<p>Koko: 2 henkil\u00f6\u00e4<br \/>\nHuone: 1<br \/>\nSis\u00e4tila: 4,3 m\u00b2<br \/>\nUlkomitat: 2,4 m x 3,0 m<br \/>\nKorkeus: 2,6 m<br \/>\nPuu: M\u00e4nty<br \/>\nSein\u00e4t: M\u00e4nnyn sis\u00e4- ja ulkovuoraus: 14 mm; Eristetyn sivusein\u00e4n paksuus: 126 mm; Eristetyn etu- ja takasein\u00e4n paksuus: 118 mm<br \/>\nLattia: M\u00e4nty: 28 mm; Eristetyn lattian paksuus: 158 mm<br \/>\nKivivillan eristys: 100 mm (lattia ja sein\u00e4t)<br \/>\nKattop\u00e4\u00e4llyste: suomalaiset bitumikatelaatat<br \/>\nIkkunan koko: 700 x 900 mm<br \/>\nOven koko: 1010 x 1820 mm<br \/>\nTerassi: 1,0 m<br \/>\nEristetyt pod-sein\u00e4t, katettu bitumikatelaatoilla<br \/>\nEristetty m\u00e4ntylattia<br \/>\n1 avattava kaksinkertainen ikkunalasi takasein\u00e4ss\u00e4<br \/>\nTanskalainen kaksinkertainen ikkunalasi, vakio kahva ja lukko<br \/>\nTerassi, valmistettu 28 mm kyll\u00e4stetyist\u00e4 terassilaudoista<\/p>\n<p>&nbsp;<\/p>\n<p>&nbsp;<\/p>\n<p><strong>Toimitus:<\/strong><\/p>\n<p>Lavan koko (LxPxK): 1p (1,2 x 2,4 x 1,2) 1200 kg<br \/>\nAsennetun podin koko (LxPxK): (2,4 x 2,5 x 2,6) 1200 kg<\/p>\n<p><strong><img loading=\"lazy\" decoding=\"async\" class=\"alignnone wp-image-86285\" src=\"https:\/\/factory.sale\/wp-content\/uploads\/2024\/06\/insulated-pod-300x216.png\" alt=\"\" width=\"540\" height=\"389\" srcset=\"https:\/\/factory.sale\/wp-content\/uploads\/2024\/06\/insulated-pod-300x216.png 300w, https:\/\/factory.sale\/wp-content\/uploads\/2024\/06\/insulated-pod-150x108.png 150w, https:\/\/factory.sale\/wp-content\/uploads\/2024\/06\/insulated-pod-600x433.png 600w, https:\/\/factory.sale\/wp-content\/uploads\/2024\/06\/insulated-pod.png 948w\" sizes=\"auto, (max-width: 540px) 100vw, 540px\" \/><\/strong><\/p>\n<p>&nbsp;<\/p>\n<p><strong>Lis\u00e4ksi saatavilla (hinnat ilman ALV):<\/strong><\/p>\n<p>Puolipanoraamaikkuna 1265 .-<br \/>\nT\u00e4ysipanoraamaikkuna 1518 .-<br \/>\nKaksinkertainen ikkunalasi, ammattilaisen maalaama antrasiitin v\u00e4riseksi, takasein\u00e4ss\u00e4 63,25 .-<br \/>\nVakio koristeelliset laudat 0 .-<br \/>\nLiimatut koristeelliset laudat 126,5 .-<br \/>\nVakio ovi 0 .-<br \/>\nPremium yhden oven antrasiitin v\u00e4risen\u00e4 189,75 .-<\/p>\n<p>&nbsp;<\/p>\n<p><strong>Saatavilla oleva bitumikatelaatan v\u00e4ri:<\/strong><\/p>\n<p>Musta, vihre\u00e4, punainen<\/p>\n<p><img loading=\"lazy\" decoding=\"async\" class=\"alignnone wp-image-86158\" src=\"https:\/\/factory.sale\/wp-content\/uploads\/2024\/06\/colours-wooden-me-300x82.png\" alt=\"\" width=\"626\" height=\"171\" srcset=\"https:\/\/factory.sale\/wp-content\/uploads\/2024\/06\/colours-wooden-me-300x82.png 300w, https:\/\/factory.sale\/wp-content\/uploads\/2024\/06\/colours-wooden-me-150x41.png 150w, https:\/\/factory.sale\/wp-content\/uploads\/2024\/06\/colours-wooden-me-600x164.png 600w, https:\/\/factory.sale\/wp-content\/uploads\/2024\/06\/colours-wooden-me.png 638w\" sizes=\"auto, (max-width: 626px) 100vw, 626px\" \/><\/p>\n<p>&nbsp;<\/p>\n<p><strong>S\u00e4hk\u00f6j\u00e4rjestelm\u00e4t:<\/strong><\/p>\n<p>Yksitt\u00e4inen pistorasia 69 .-<br \/>\nKaksoispistorasia 74,75 .-<br \/>\nYksitt\u00e4inen kytkin 69 .-<br \/>\nKaksoiskytkin 86,25 .-<br \/>\nJohto yhdelle lampulle 28,75 .-<br \/>\nSulaketaulu 138 .-<\/p>\n<p>&nbsp;<\/p>\n<p><em><strong>Ulkomaali: <\/strong><\/em><em><strong>189,75 .-<\/strong><\/em><\/p>\n<p><em><strong>Saatavilla on my\u00f6s paljon huonekaluja, kysy lis\u00e4\u00e4.<\/strong><\/em><\/p>\n<p>&nbsp;<\/p>\n<p><a href=\"https:\/\/factory.sale\/wp-content\/uploads\/2024\/06\/Luxury-Insulated-Camping-Pod-5.5-x-2.4.pdf\" target=\"_blank\" rel=\"noopener\">Ohjeet<\/a><\/p>\n<p>&nbsp;<\/p>\n<div class=\"video-wrapper \"><iframe loading=\"lazy\" title=\"The folding bench from Woodprofesionals\" width=\"500\" height=\"281\" src=\"https:\/\/www.youtube.com\/embed\/rihF8b40BVs?feature=oembed\" frameborder=\"0\" allow=\"accelerometer; autoplay; clipboard-write; encrypted-media; gyroscope; picture-in-picture; web-share\" referrerpolicy=\"strict-origin-when-cross-origin\" allowfullscreen><\/iframe><\/div>\n","protected":false},"excerpt":{"rendered":"<p>Leirint\u00e4m\u00f6kki, tunnetaan my\u00f6s nimell\u00e4 Glamping Pod, on loistava valinta ulkoel\u00e4m\u00e4\u00e4n. Se tarjoaa kodikkaan, mukavan ja tilavan majoituksen 4-6 hengelle. Sen ainutlaatuinen muoto sulautuu maisemaan, tehden siit\u00e4 luonnollisen ja houkuttelevan n\u00e4k\u00f6isen.<\/p>\n","protected":false},"featured_media":86296,"comment_status":"open","ping_status":"closed","template":"","meta":{"_acf_changed":false},"factory":[],"free-shipment":[],"product_brand":[],"product_cat":[1112,2889],"product_tag":[],"class_list":{"0":"post-86292","1":"product","2":"type-product","3":"status-publish","4":"has-post-thumbnail","6":"product_cat-elementtitalot","7":"product_cat-leirintamokit","9":"first","10":"instock","11":"sale","12":"taxable","13":"shipping-taxable","14":"purchasable","15":"product-type-simple"},"acf":[],"_links":{"self":[{"href":"https:\/\/factory.sale\/fi\/wp-json\/wp\/v2\/product\/86292","targetHints":{"allow":["GET"]}}],"collection":[{"href":"https:\/\/factory.sale\/fi\/wp-json\/wp\/v2\/product"}],"about":[{"href":"https:\/\/factory.sale\/fi\/wp-json\/wp\/v2\/types\/product"}],"replies":[{"embeddable":true,"href":"https:\/\/factory.sale\/fi\/wp-json\/wp\/v2\/comments?post=86292"}],"wp:featuredmedia":[{"embeddable":true,"href":"https:\/\/factory.sale\/fi\/wp-json\/wp\/v2\/media\/86296"}],"wp:attachment":[{"href":"https:\/\/factory.sale\/fi\/wp-json\/wp\/v2\/media?parent=86292"}],"wp:term":[{"taxonomy":"factory","embeddable":true,"href":"https:\/\/factory.sale\/fi\/wp-json\/wp\/v2\/factory?post=86292"},{"taxonomy":"free-shipment","embeddable":true,"href":"https:\/\/factory.sale\/fi\/wp-json\/wp\/v2\/free-shipment?post=86292"},{"taxonomy":"product_brand","embeddable":true,"href":"https:\/\/factory.sale\/fi\/wp-json\/wp\/v2\/product_brand?post=86292"},{"taxonomy":"product_cat","embeddable":true,"href":"https:\/\/factory.sale\/fi\/wp-json\/wp\/v2\/product_cat?post=86292"},{"taxonomy":"product_tag","embeddable":true,"href":"https:\/\/factory.sale\/fi\/wp-json\/wp\/v2\/product_tag?post=86292"}],"curies":[{"name":"wp","href":"https:\/\/api.w.org\/{rel}","templated":true}]}}