{"id":86279,"date":"2024-06-19T13:22:29","date_gmt":"2024-06-19T13:44:45","guid":{"rendered":"https:\/\/factory.sale\/?post_type=product&#038;p=86279"},"modified":"2024-09-28T22:39:27","modified_gmt":"2024-09-28T19:39:27","slug":"leirintamokki-sivusisaankaynnilla-24-x-48-m","status":"publish","type":"product","link":"https:\/\/factory.sale\/fi\/tuote\/leirintamokki-sivusisaankaynnilla-24-x-48-m\/","title":{"rendered":"Leirint\u00e4m\u00f6kki sivusis\u00e4\u00e4nk\u00e4ynnill\u00e4 2,4 x 4,8 m"},"content":{"rendered":"<p>Leirint\u00e4m\u00f6kki 4,8 m, on ainutlaatuinen tuote, joka on eritt\u00e4in suosittu kaikkialla Euroopassa. T\u00e4m\u00e4 talo ei varsinaisesti tarvitse perustusta, se voidaan sijoittaa yksinkertaisesti pehmusteille tai vaikka puiselle terassille, lautalle, per\u00e4k\u00e4rrylle. T\u00e4m\u00e4 m\u00f6kki on liikkuva ja helposti siirrett\u00e4viss\u00e4 paikasta toiseen. Loistava valinta retkeilyyn. Kalusteet voidaan valita lis\u00e4vaihtoehdoksi valikoimastamme tai valintasi mukaan.<\/p>\n<p>&nbsp;<\/p>\n<p><strong>Tekniset tiedot:<\/strong><\/p>\n<p>Koko: 2 henkil\u00f6\u00e4<br \/>\nHuoneita: 2<br \/>\nPuu: m\u00e4nty<br \/>\nUlkomitat: 2,4 m x 4,8 m<br \/>\nKorkeus: 2,7 m<br \/>\nSein\u00e4n paksuus: 46 mm<br \/>\nLattian paksuus: 28 mm<br \/>\nKatto: Suomalainen bitumikatto<br \/>\nOven koko: 700 x 1800 mm<br \/>\nIkkuna: 700 x 900 mm<\/p>\n<p><img loading=\"lazy\" decoding=\"async\" class=\"alignnone wp-image-86268\" src=\"https:\/\/factory.sale\/wp-content\/uploads\/2024\/06\/moodud-4.8m-300x184.png\" alt=\"\" width=\"549\" height=\"337\" srcset=\"https:\/\/factory.sale\/wp-content\/uploads\/2024\/06\/moodud-4.8m-300x184.png 300w, https:\/\/factory.sale\/wp-content\/uploads\/2024\/06\/moodud-4.8m-1024x629.png 1024w, https:\/\/factory.sale\/wp-content\/uploads\/2024\/06\/moodud-4.8m-150x92.png 150w, https:\/\/factory.sale\/wp-content\/uploads\/2024\/06\/moodud-4.8m-1536x943.png 1536w, https:\/\/factory.sale\/wp-content\/uploads\/2024\/06\/moodud-4.8m-2048x1258.png 2048w, https:\/\/factory.sale\/wp-content\/uploads\/2024\/06\/moodud-4.8m-600x368.png 600w\" sizes=\"auto, (max-width: 549px) 100vw, 549px\" \/><\/p>\n<p>&nbsp;<\/p>\n<p>&nbsp;<\/p>\n<p><strong>Vakiopaketti:<\/strong><\/p>\n<p>Puiset tynnyrin sein\u00e4t<br \/>\nRuostumattomasta ter\u00e4ksest\u00e4 kiristysnauhat<br \/>\nKatto katettu bitumikatolla<br \/>\nLattia 28 mm m\u00e4ntylaudoista<br \/>\nTynnyrin takaosassa avattava kaksinkertainen lasi-ikkuna<br \/>\nTynnyrin etuosassa ovi, jossa on kuusikulmainen kaksinkertainen lasi-ikkuna, vakio kahva ja lukko<\/p>\n<p>&nbsp;<\/p>\n<p>&nbsp;<\/p>\n<p><strong>Lis\u00e4ksi saatavilla (hinnat ilman ALV<\/strong><strong>):<\/strong><\/p>\n<p><strong>Saatavilla olevat bitumikaton v\u00e4rit:<\/strong><\/p>\n<p>Musta, vihre\u00e4, punainen<\/p>\n<p><img loading=\"lazy\" decoding=\"async\" class=\"alignnone wp-image-86158\" src=\"https:\/\/factory.sale\/wp-content\/uploads\/2024\/06\/colours-wooden-me-300x82.png\" alt=\"\" width=\"604\" height=\"165\" srcset=\"https:\/\/factory.sale\/wp-content\/uploads\/2024\/06\/colours-wooden-me-300x82.png 300w, https:\/\/factory.sale\/wp-content\/uploads\/2024\/06\/colours-wooden-me-150x41.png 150w, https:\/\/factory.sale\/wp-content\/uploads\/2024\/06\/colours-wooden-me-600x164.png 600w, https:\/\/factory.sale\/wp-content\/uploads\/2024\/06\/colours-wooden-me.png 638w\" sizes=\"auto, (max-width: 604px) 100vw, 604px\" \/><\/p>\n<p>&nbsp;<\/p>\n<p><strong>S\u00e4hk\u00f6t:<\/strong><\/p>\n<p>Yksitt\u00e4inen pistorasia 69 .-<br \/>\nKaksoispistorasia 74,75 .-<br \/>\nYksitt\u00e4inen kytkin 69 .-<br \/>\nKaksoiskytkin 86,25 .-<br \/>\nJohto yhdelle lampulle 28,75 .-<br \/>\nSulaketaulu 138 .-<\/p>\n<p>&nbsp;<\/p>\n<p><strong><em>Camping tynnyrin maalauspalvelu 552 .-<\/em><\/strong><\/p>\n<p><strong><em>My\u00f6s paljon huonekaluja saatavilla, kysy lis\u00e4\u00e4.<\/em><\/strong><\/p>\n","protected":false},"excerpt":{"rendered":"<p>Leirint\u00e4m\u00f6kki 4,8 m, on ainutlaatuinen tuote, joka on eritt\u00e4in suosittu kaikkialla Euroopassa. T\u00e4m\u00e4 talo ei varsinaisesti tarvitse perustusta, se voidaan sijoittaa yksinkertaisesti pehmusteille tai vaikka puiselle terassille, lautalle, per\u00e4k\u00e4rrylle. T\u00e4m\u00e4 m\u00f6kki on liikkuva ja helposti siirrett\u00e4viss\u00e4 paikasta toiseen. Loistava valinta retkeilyyn. Kalusteet voidaan valita lis\u00e4vaihtoehdoksi valikoimastamme tai valintasi mukaan.<\/p>\n","protected":false},"featured_media":86271,"comment_status":"open","ping_status":"closed","template":"","meta":{"_acf_changed":false},"factory":[],"free-shipment":[],"product_brand":[],"product_cat":[793,2887],"product_tag":[],"class_list":{"0":"post-86279","1":"product","2":"type-product","3":"status-publish","4":"has-post-thumbnail","6":"product_cat-element-house","7":"product_cat-camping-cabins","9":"first","10":"instock","11":"sale","12":"taxable","13":"shipping-taxable","14":"purchasable","15":"product-type-simple"},"acf":[],"_links":{"self":[{"href":"https:\/\/factory.sale\/fi\/wp-json\/wp\/v2\/product\/86279","targetHints":{"allow":["GET"]}}],"collection":[{"href":"https:\/\/factory.sale\/fi\/wp-json\/wp\/v2\/product"}],"about":[{"href":"https:\/\/factory.sale\/fi\/wp-json\/wp\/v2\/types\/product"}],"replies":[{"embeddable":true,"href":"https:\/\/factory.sale\/fi\/wp-json\/wp\/v2\/comments?post=86279"}],"wp:featuredmedia":[{"embeddable":true,"href":"https:\/\/factory.sale\/fi\/wp-json\/wp\/v2\/media\/86271"}],"wp:attachment":[{"href":"https:\/\/factory.sale\/fi\/wp-json\/wp\/v2\/media?parent=86279"}],"wp:term":[{"taxonomy":"factory","embeddable":true,"href":"https:\/\/factory.sale\/fi\/wp-json\/wp\/v2\/factory?post=86279"},{"taxonomy":"free-shipment","embeddable":true,"href":"https:\/\/factory.sale\/fi\/wp-json\/wp\/v2\/free-shipment?post=86279"},{"taxonomy":"product_brand","embeddable":true,"href":"https:\/\/factory.sale\/fi\/wp-json\/wp\/v2\/product_brand?post=86279"},{"taxonomy":"product_cat","embeddable":true,"href":"https:\/\/factory.sale\/fi\/wp-json\/wp\/v2\/product_cat?post=86279"},{"taxonomy":"product_tag","embeddable":true,"href":"https:\/\/factory.sale\/fi\/wp-json\/wp\/v2\/product_tag?post=86279"}],"curies":[{"name":"wp","href":"https:\/\/api.w.org\/{rel}","templated":true}]}}