{"id":86262,"date":"2024-06-19T12:27:54","date_gmt":"2024-06-19T12:58:50","guid":{"rendered":"https:\/\/factory.sale\/?post_type=product&#038;p=86262"},"modified":"2024-09-26T15:17:19","modified_gmt":"2024-09-26T12:17:19","slug":"leirintamokki-48-m","status":"publish","type":"product","link":"https:\/\/factory.sale\/fi\/tuote\/leirintamokki-48-m\/","title":{"rendered":"Leirint\u00e4m\u00f6kki 4,8 m"},"content":{"rendered":"<p>Meid\u00e4n leirint\u00e4m\u00f6kki: Kotoisa ja hyvin varusteltu tila ulkoseikkailuihin<\/p>\n<p>Etsitk\u00f6 uutta tapaa nauttia luonnosta? Silloin ihastut meid\u00e4n leirint\u00f6m\u00f6kit, jotka on huolella suunniteltu tarjoamaan mukavuutta ja k\u00e4yt\u00e4nn\u00f6llisyytt\u00e4. Perinteisten matkailuvaunujen vieh\u00e4tyksest\u00e4 inspiroituneina n\u00e4m\u00e4 per\u00e4vaunuun perustuvat itsen\u00e4iset retkeilyvaunut on suunniteltu parantamaan ulkoilmael\u00e4myst\u00e4si. Ne sis\u00e4lt\u00e4v\u00e4t nukkumatilat, keitti\u00f6n, ruokailutilan ja runsaasti s\u00e4ilytystilaa. N\u00e4in voit tuntea olosi kotoisaksi miss\u00e4 tahansa matkustatkin.<\/p>\n<p>Materiaalit: Voit valita kahdesta materiaalivaihtoehdosta: m\u00e4nty tai l\u00e4mp\u00f6puu. Molemmissa on vankka 46 mm sein\u00e4paksuus, joka takaa kest\u00e4vyyden ja eristyksen. Lis\u00e4ksi ne on helppo koota ja kuljettaa.<\/p>\n<p>Ainutlaatuinen muotoilu: Meid\u00e4n leirint\u00e4m\u00f6kki ei ole tavallinen retkeilyvaunu. Se on moderni tulkinta perinteisest\u00e4 matkailuvaunusta, jossa nostalgia kohtaa toiminnallisuuden. Tulet rakastamaan sen esteettisi\u00e4 ja k\u00e4yt\u00e4nn\u00f6llisi\u00e4 ominaisuuksia.<\/p>\n<p><strong>Tekniset tiedot:<\/strong><\/p>\n<p>Koko: 4\u20136 henkil\u00f6\u00e4<br \/>\nHuoneita: 3<br \/>\nSis\u00e4pinta-ala: 8,83 m\u00b2<br \/>\nUlkomitat: 2,3 m x 4,8 m<br \/>\nKorkeus: 2,6 m<br \/>\nPuu: M\u00e4nty tai l\u00e4mp\u00f6puu<br \/>\nSein\u00e4n paksuus: 46 mm<br \/>\nLattian paksuus: 28 mm<br \/>\nKaton viimeistely: Suomalaista bitumikattotiilt\u00e4<br \/>\nOvi: 700 x 1800 mm<br \/>\nIkkunat: 700 x 900 mm toisella sivusein\u00e4ll\u00e4 ja 1020 x 1060 mm toisella sivusein\u00e4ll\u00e4<\/p>\n<p>&nbsp;<\/p>\n<p>&nbsp;<\/p>\n<p><strong>Vakiovarustus:<\/strong><\/p>\n<p>Vakiovarustukseen kuuluu puiset bussin sein\u00e4t ja ruostumattomasta ter\u00e4ksest\u00e4 kiristysnauhat kest\u00e4vyyden takaamiseksi. Lis\u00e4ksi katto on p\u00e4\u00e4llystetty bitumikattotiilell\u00e4 s\u00e4\u00e4nsuojaksi. Lattia on valmistettu 28 mm m\u00e4ntylaudoista mukavuuden ja eristyksen takaamiseksi. Bussissa on my\u00f6s kaksi tuplaikkunaa, jotka avautuvat sivuilla tuuletusta ja luonnonvaloa varten. Lopuksi, puinen sivuovi sis\u00e4lt\u00e4\u00e4 tuplalasitetun ikkunan, puiset kahvat ja lukon turvallisuuden ja k\u00e4ytt\u00f6mukavuuden takaamiseksi.<\/p>\n<p>&nbsp;<\/p>\n<p><strong>Camping Bus 4,8 m:<\/strong><\/p>\n<p>T\u00e4m\u00e4 malli sopii erinomaisesti perheille tai yst\u00e4v\u00e4porukoille, jotka haluavat nauttia luonnosta yhdess\u00e4. Se majoittaa mukavasti 4\u20136 henkil\u00f6\u00e4. Bussin leveys on 2,3 m, mik\u00e4 helpottaa sen toimitusta teille kuorma-autolla suoraan tehtaalta. Voit valita joko valmiiksi kootun tai kokoamattoman version (KIT). Jos valitset j\u00e4lkimm\u00e4isen, tarjoamme yksityiskohtaiset kokoamisohjeet helpottamaan kokoamista. Joka tapauksessa koet tyylik\u00e4st\u00e4 mukavuutta laadukkaiden materiaalien ansiosta.<\/p>\n<p>&nbsp;<\/p>\n<p><strong>Toimitustiedot:<\/strong><\/p>\n<p>Lavan koko: 1 lava (1,2 x 4,9 x 1,2 m), paino 2700 kg.<br \/>\nKootun bussin mitat: 2,4 x 4,9 x 2,6 m, paino 2700 kg.<\/p>\n<p><strong><img loading=\"lazy\" decoding=\"async\" class=\"alignnone wp-image-86258\" src=\"https:\/\/factory.sale\/wp-content\/uploads\/2024\/06\/moodud-4m-1-300x180.png\" alt=\"\" width=\"537\" height=\"322\" srcset=\"https:\/\/factory.sale\/wp-content\/uploads\/2024\/06\/moodud-4m-1-300x180.png 300w, https:\/\/factory.sale\/wp-content\/uploads\/2024\/06\/moodud-4m-1-1024x615.png 1024w, https:\/\/factory.sale\/wp-content\/uploads\/2024\/06\/moodud-4m-1-150x90.png 150w, https:\/\/factory.sale\/wp-content\/uploads\/2024\/06\/moodud-4m-1-600x361.png 600w, https:\/\/factory.sale\/wp-content\/uploads\/2024\/06\/moodud-4m-1.png 1178w\" sizes=\"auto, (max-width: 537px) 100vw, 537px\" \/><\/strong><\/p>\n<p><strong>Saatavilla lis\u00e4ksi (hinnat ilman ALV):<\/strong><\/p>\n<p>Puolipanoraamaikkuna 1265 \u20ac<br \/>\nT\u00e4ysi panoraamaikkuna 1518 \u20ac<br \/>\nTuplalasitettu ikkuna, ammattimaisesti maalattu maalauskammiossa antrasiitin v\u00e4riseksi, takasein\u00e4ll\u00e4 63,25 \u20ac<\/p>\n<p>&nbsp;<\/p>\n<p><strong>Terassi:<\/strong><\/p>\n<p>Ei terassia 0 \u20ac<br \/>\nTerassi, pituus 60 cm 0 \u20ac<br \/>\nTerassi, pituus 100 cm 63,25 \u20ac<\/p>\n<p>&nbsp;<\/p>\n<p><strong>Saatavilla olevat bitumikattotiilien v\u00e4rit:<\/strong><\/p>\n<p>Musta, vihre\u00e4, punainen<\/p>\n<p><strong><img loading=\"lazy\" decoding=\"async\" class=\"alignnone wp-image-86156\" src=\"https:\/\/factory.sale\/wp-content\/uploads\/2024\/06\/colours-wooden-me-300x82.png\" alt=\"\" width=\"563\" height=\"154\" srcset=\"https:\/\/factory.sale\/wp-content\/uploads\/2024\/06\/colours-wooden-me-300x82.png 300w, https:\/\/factory.sale\/wp-content\/uploads\/2024\/06\/colours-wooden-me-150x41.png 150w, https:\/\/factory.sale\/wp-content\/uploads\/2024\/06\/colours-wooden-me-600x164.png 600w, https:\/\/factory.sale\/wp-content\/uploads\/2024\/06\/colours-wooden-me.png 638w\" sizes=\"auto, (max-width: 563px) 100vw, 563px\" \/><\/strong><\/p>\n<p>&nbsp;<\/p>\n<p>&nbsp;<\/p>\n<p><strong>Puulaji:<\/strong><\/p>\n<p>M\u00e4nty 0 \u20ac<br \/>\nL\u00e4mp\u00f6puu 1302,95 \u20ac<\/p>\n<p>&nbsp;<\/p>\n<p>&nbsp;<\/p>\n<p><strong>S\u00e4hk\u00f6varustelu Camping Busseihin:<\/strong><\/p>\n<p>Yksi pistorasia 69 \u20ac<br \/>\nTuplapistorasia 74,75 \u20ac<br \/>\nYksi kytkin 69 \u20ac<br \/>\nTuplakytkin 86,25 \u20ac<br \/>\nJohto yhdelle lampulle 28,75 \u20ac<br \/>\nSulaketaulu 138 \u20ac<br \/>\nCamping PODin ulkomaalin v\u00e4ri: 189,75 \u20ac<\/p>\n<p><strong>Saatavilla my\u00f6s paljon huonekaluja, kysy lis\u00e4\u00e4.<\/strong><\/p>\n<p>&nbsp;<\/p>\n<p><a href=\"https:\/\/factory.sale\/wp-content\/uploads\/2024\/06\/Camping-Bus-4.8m.pdf\" target=\"_blank\" rel=\"noopener\">Ohjeet<\/a><\/p>\n<p>&nbsp;<\/p>\n<div class=\"video-wrapper \"><iframe loading=\"lazy\" title=\"The folding bench from Woodprofesionals\" width=\"500\" height=\"281\" src=\"https:\/\/www.youtube.com\/embed\/rihF8b40BVs?feature=oembed\" frameborder=\"0\" allow=\"accelerometer; autoplay; clipboard-write; encrypted-media; gyroscope; picture-in-picture; web-share\" referrerpolicy=\"strict-origin-when-cross-origin\" allowfullscreen><\/iframe><\/div>\n<p>&nbsp;<\/p>\n","protected":false},"excerpt":{"rendered":"<p>Meid\u00e4n leirint\u00e4m\u00f6kki: kodikas ja hyvin varusteltu tila ulkoiluseikkailuihin<\/p>\n<p>Etsitk\u00f6 uutta tapaa nauttia ulkoilmasta? Sitten rakastat meid\u00e4n leirint\u00e4m\u00f6kki, jotka on huolellisesti suunniteltu tarjoamaan mukavuutta ja k\u00e4tevyytt\u00e4. Klassisten asuntovaunujen vieh\u00e4tyksest\u00e4 inspiroituneina, n\u00e4m\u00e4 itsen\u00e4iset per\u00e4vaunuun perustuvat leirint\u00e4alueet on suunniteltu parantamaan ulkoiluasi. Niiss\u00e4 on makuutilat, keitti\u00f6, ruokailutila ja runsaasti s\u00e4ilytystilaa. N\u00e4in voit tuntea olosi kotoisaksi miss\u00e4 tahansa menetkin.<\/p>\n","protected":false},"featured_media":86229,"comment_status":"open","ping_status":"closed","template":"","meta":{"_acf_changed":false},"factory":[],"free-shipment":[],"product_brand":[],"product_cat":[1112,2889],"product_tag":[],"class_list":{"0":"post-86262","1":"product","2":"type-product","3":"status-publish","4":"has-post-thumbnail","6":"product_cat-elementtitalot","7":"product_cat-leirintamokit","9":"first","10":"instock","11":"sale","12":"taxable","13":"shipping-taxable","14":"purchasable","15":"product-type-simple"},"acf":[],"_links":{"self":[{"href":"https:\/\/factory.sale\/fi\/wp-json\/wp\/v2\/product\/86262","targetHints":{"allow":["GET"]}}],"collection":[{"href":"https:\/\/factory.sale\/fi\/wp-json\/wp\/v2\/product"}],"about":[{"href":"https:\/\/factory.sale\/fi\/wp-json\/wp\/v2\/types\/product"}],"replies":[{"embeddable":true,"href":"https:\/\/factory.sale\/fi\/wp-json\/wp\/v2\/comments?post=86262"}],"wp:featuredmedia":[{"embeddable":true,"href":"https:\/\/factory.sale\/fi\/wp-json\/wp\/v2\/media\/86229"}],"wp:attachment":[{"href":"https:\/\/factory.sale\/fi\/wp-json\/wp\/v2\/media?parent=86262"}],"wp:term":[{"taxonomy":"factory","embeddable":true,"href":"https:\/\/factory.sale\/fi\/wp-json\/wp\/v2\/factory?post=86262"},{"taxonomy":"free-shipment","embeddable":true,"href":"https:\/\/factory.sale\/fi\/wp-json\/wp\/v2\/free-shipment?post=86262"},{"taxonomy":"product_brand","embeddable":true,"href":"https:\/\/factory.sale\/fi\/wp-json\/wp\/v2\/product_brand?post=86262"},{"taxonomy":"product_cat","embeddable":true,"href":"https:\/\/factory.sale\/fi\/wp-json\/wp\/v2\/product_cat?post=86262"},{"taxonomy":"product_tag","embeddable":true,"href":"https:\/\/factory.sale\/fi\/wp-json\/wp\/v2\/product_tag?post=86262"}],"curies":[{"name":"wp","href":"https:\/\/api.w.org\/{rel}","templated":true}]}}