{"id":86223,"date":"2024-06-18T21:09:33","date_gmt":"2024-06-18T21:26:20","guid":{"rendered":"https:\/\/factory.sale\/?post_type=product&#038;p=86223"},"modified":"2025-01-13T11:54:06","modified_gmt":"2025-01-13T08:54:06","slug":"leirintamokki-2-4-m-x-4-8-m","status":"publish","type":"product","link":"https:\/\/factory.sale\/fi\/tuote\/leirintamokki-2-4-m-x-4-8-m\/","title":{"rendered":"Leirint\u00e4m\u00f6kki 2.4 m x 4.8 m"},"content":{"rendered":"<p>Leirint\u00e4m\u00f6kki, tunnetaan my\u00f6s nimell\u00e4 Glamping Pod, on loistava valinta ulkoilmael\u00e4m\u00e4\u00e4n. Se tarjoaa viihtyis\u00e4\u00e4, mukavaa ja tilavaa majoitusta 4-6 hengelle. Sen poikkeuksellinen muoto sulautuu maisemaan, mik\u00e4 tekee n\u00e4kym\u00e4st\u00e4 eritt\u00e4in luonnollisen ja houkuttelevan.<\/p>\n<p>Leirint\u00e4m\u00f6kit mahdollistavat ihmisten nauttia ulkoilmasta, ja siksi niit\u00e4 valitsevat usein leirint\u00e4alueiden omistajat ja musiikkifestivaalien j\u00e4rjest\u00e4j\u00e4t, jotka haluavat tarjota asiakkailleen hienostuneemman ja mukavamman tyyppisen teltan.<\/p>\n<p>Leirint\u00e4m\u00f6kit voidaan k\u00e4ytt\u00e4\u00e4 my\u00f6s kauniina puutarha- tai vierastalona, kes\u00e4asuntona, kotitoimistona, ty\u00f6pajana, kalastajien m\u00f6kkin\u00e4, rantamajana, vapaa-ajan paikkana tai lasten leikkim\u00f6kkin\u00e4.<\/p>\n<p>Parhaista materiaaleista valmistetut leirint\u00e4m\u00f6kit edustavat ainutlaatuista leirint\u00e4majoitusta, joka tarjoaa uskomattoman vapaa-ajanviettokokemuksen.<\/p>\n<p>&nbsp;<\/p>\n<p>&nbsp;<\/p>\n<p><strong>Tekniset tiedot:<\/strong><\/p>\n<p>Koko: 3-4 henkil\u00f6\u00e4<br \/>\nHuonetta: 2<br \/>\nSis\u00e4tila: 8,8 m\u00b2<br \/>\nUlkomitat: 2,4 m x 4,8 m<br \/>\nKorkeus: 2,6 m<br \/>\nPuu: m\u00e4ntypuu tai Thermo-puu<br \/>\nSein\u00e4n paksuus: 46 mm<br \/>\nLattian paksuus: 28 mm<br \/>\nKaton viimeistely: suomalaiset bitumikattotiilet<br \/>\nIkkunan koko: 700 x 900 mm<br \/>\nOven koko: 1030 x 1900 mm<\/p>\n<p>&nbsp;<\/p>\n<p>Vakiosetti sis\u00e4lt\u00e4\u00e4:<\/p>\n<div>\n<ul>\n<li>m\u00f6kin sein\u00e4t\u00a0bitumikatolla<\/li>\n<li>lattia 28mm m\u00e4nnyn laudoista<\/li>\n<li>1 avattava kaksinkertaisella lasilla varustettu ikkuna takasein\u00e4ss\u00e4<\/li>\n<li>ranskalaisella tyylill\u00e4 kaksinkertaisella lasilla varustettu ovi, jossa on vakiokahva ja lukko<\/li>\n<li>v\u00e4lisein\u00e4 (jakaa m\u00f6kin tilan kahdeksi huoneeksi)<\/li>\n<\/ul>\n<\/div>\n<p>&nbsp;<\/p>\n<p><strong>Toimitus:<\/strong><\/p>\n<p>Lavakoko (LxPxK): 1p (1,2 x 4,8 x 1,2) 2200 kg<br \/>\nKoottu podin koko (LxPxK): (2,4 x 4,9 x 2,6) 2200 kg<\/p>\n<p><strong><img loading=\"lazy\" decoding=\"async\" class=\"alignnone wp-image-86205\" src=\"https:\/\/factory.sale\/wp-content\/uploads\/2024\/06\/moodud-3-300x182.png\" alt=\"\" width=\"551\" height=\"334\" srcset=\"https:\/\/factory.sale\/wp-content\/uploads\/2024\/06\/moodud-3-300x182.png 300w, https:\/\/factory.sale\/wp-content\/uploads\/2024\/06\/moodud-3-1024x622.png 1024w, https:\/\/factory.sale\/wp-content\/uploads\/2024\/06\/moodud-3-150x91.png 150w, https:\/\/factory.sale\/wp-content\/uploads\/2024\/06\/moodud-3-600x364.png 600w, https:\/\/factory.sale\/wp-content\/uploads\/2024\/06\/moodud-3.png 1156w\" sizes=\"auto, (max-width: 551px) 100vw, 551px\" \/><\/strong><\/p>\n<p>&nbsp;<\/p>\n<p><strong>Lis\u00e4ksi saatavilla (hinnat ilman arvonlis\u00e4veroa):<\/strong><\/p>\n<p>Puolipanoraamaikkuna 1265 .-<br \/>\nT\u00e4ysipanoraamaikkuna 1518 .-<br \/>\nKaksinkertaisella lasilla varustettu ikkuna, ammattimaisesti maalattu maalauskammiossa antrasiittiv\u00e4rill\u00e4, takasein\u00e4ss\u00e4 63,25 .-<\/p>\n<p>&nbsp;<\/p>\n<p><strong>Terassi:<\/strong><\/p>\n<p>Ei terassia 0 .-<br \/>\nTerassi pituudeltaan 60 cm 0 .-<br \/>\nTerassi pituudeltaan 100 cm 63,25 .-<\/p>\n<p>&nbsp;<\/p>\n<p><strong>Bitumikattotiilien saatavilla olevat v\u00e4rit:<\/strong><\/p>\n<p>Musta, vihre\u00e4, punainen<\/p>\n<p><img loading=\"lazy\" decoding=\"async\" class=\"alignnone wp-image-86158\" src=\"https:\/\/factory.sale\/wp-content\/uploads\/2024\/06\/colours-wooden-me-300x82.png\" alt=\"\" width=\"637\" height=\"174\" srcset=\"https:\/\/factory.sale\/wp-content\/uploads\/2024\/06\/colours-wooden-me-300x82.png 300w, https:\/\/factory.sale\/wp-content\/uploads\/2024\/06\/colours-wooden-me-150x41.png 150w, https:\/\/factory.sale\/wp-content\/uploads\/2024\/06\/colours-wooden-me-600x164.png 600w, https:\/\/factory.sale\/wp-content\/uploads\/2024\/06\/colours-wooden-me.png 638w\" sizes=\"auto, (max-width: 637px) 100vw, 637px\" \/><\/p>\n<p>&nbsp;<\/p>\n<p><strong>Puulaji:<\/strong><\/p>\n<p>M\u00e4ntypuu 0 .-<br \/>\nThermo-puu 1302,95 .-<\/p>\n<p>&nbsp;<\/p>\n<p><strong>S\u00e4hk\u00f6varusteet Camping podeille:<\/strong><\/p>\n<p>Yksitt\u00e4inen pistorasia 69 .-<br \/>\nKaksoispistorasia 74,75 .-<br \/>\nYksitt\u00e4inen kytkin 69 .-<br \/>\nKaksoiskytkin 86,25 .-<br \/>\nKaapeli yhdelle lampulle 28,75 .-<br \/>\nSulakepaneeli 138 .-<\/p>\n<p>&nbsp;<\/p>\n<p>&nbsp;<\/p>\n<p><strong><em>Leirint\u00e4m\u00f6kki ulkomaalin v\u00e4ri 189,75 .-<\/em><\/strong><\/p>\n<p><strong><em>Saatavilla on my\u00f6s paljon huonekaluja, kysy lis\u00e4\u00e4.<\/em><\/strong><\/p>\n<p>&nbsp;<\/p>\n<p>&nbsp;<\/p>\n<p><a href=\"https:\/\/factory.sale\/wp-content\/uploads\/2024\/06\/Camping-Pod-2.4-x-4.0-m.pdf\" target=\"_blank\" rel=\"noopener\">Ohjeet<\/a><\/p>\n<div class=\"video-wrapper \"><iframe loading=\"lazy\" title=\"The folding bench from Woodprofesionals\" width=\"500\" height=\"281\" src=\"https:\/\/www.youtube.com\/embed\/rihF8b40BVs?feature=oembed\" frameborder=\"0\" allow=\"accelerometer; autoplay; clipboard-write; encrypted-media; gyroscope; picture-in-picture; web-share\" referrerpolicy=\"strict-origin-when-cross-origin\" allowfullscreen><\/iframe><\/div>\n<p>&nbsp;<\/p>\n","protected":false},"excerpt":{"rendered":"<p>Leirint\u00e4m\u00f6kki, tunnetaan my\u00f6s nimell\u00e4 Glamping Pod, on loistava valinta ulkoilmael\u00e4m\u00e4\u00e4n. Se tarjoaa viihtyis\u00e4\u00e4, mukavaa ja tilavaa majoitusta 4-6 hengelle. Sen poikkeuksellinen muoto sulautuu maisemaan, mik\u00e4 tekee n\u00e4kym\u00e4st\u00e4 eritt\u00e4in luonnollisen ja houkuttelevan.<\/p>\n","protected":false},"featured_media":86208,"comment_status":"open","ping_status":"closed","template":"","meta":{"_acf_changed":false},"factory":[],"free-shipment":[],"product_brand":[],"product_cat":[1112,2889],"product_tag":[],"class_list":{"0":"post-86223","1":"product","2":"type-product","3":"status-publish","4":"has-post-thumbnail","6":"product_cat-elementtitalot","7":"product_cat-leirintamokit","9":"first","10":"instock","11":"sale","12":"taxable","13":"shipping-taxable","14":"purchasable","15":"product-type-simple"},"acf":[],"_links":{"self":[{"href":"https:\/\/factory.sale\/fi\/wp-json\/wp\/v2\/product\/86223","targetHints":{"allow":["GET"]}}],"collection":[{"href":"https:\/\/factory.sale\/fi\/wp-json\/wp\/v2\/product"}],"about":[{"href":"https:\/\/factory.sale\/fi\/wp-json\/wp\/v2\/types\/product"}],"replies":[{"embeddable":true,"href":"https:\/\/factory.sale\/fi\/wp-json\/wp\/v2\/comments?post=86223"}],"wp:featuredmedia":[{"embeddable":true,"href":"https:\/\/factory.sale\/fi\/wp-json\/wp\/v2\/media\/86208"}],"wp:attachment":[{"href":"https:\/\/factory.sale\/fi\/wp-json\/wp\/v2\/media?parent=86223"}],"wp:term":[{"taxonomy":"factory","embeddable":true,"href":"https:\/\/factory.sale\/fi\/wp-json\/wp\/v2\/factory?post=86223"},{"taxonomy":"free-shipment","embeddable":true,"href":"https:\/\/factory.sale\/fi\/wp-json\/wp\/v2\/free-shipment?post=86223"},{"taxonomy":"product_brand","embeddable":true,"href":"https:\/\/factory.sale\/fi\/wp-json\/wp\/v2\/product_brand?post=86223"},{"taxonomy":"product_cat","embeddable":true,"href":"https:\/\/factory.sale\/fi\/wp-json\/wp\/v2\/product_cat?post=86223"},{"taxonomy":"product_tag","embeddable":true,"href":"https:\/\/factory.sale\/fi\/wp-json\/wp\/v2\/product_tag?post=86223"}],"curies":[{"name":"wp","href":"https:\/\/api.w.org\/{rel}","templated":true}]}}