{"id":86199,"date":"2024-06-26T09:37:33","date_gmt":"2024-06-26T09:56:25","guid":{"rendered":"https:\/\/factory.sale\/?post_type=product&#038;p=86199"},"modified":"2025-01-13T00:36:41","modified_gmt":"2025-01-12T21:36:41","slug":"leirintamokki-4m","status":"publish","type":"product","link":"https:\/\/factory.sale\/fi\/tuote\/leirintamokki-4m\/","title":{"rendered":"Leirint\u00e4m\u00f6kki 4m"},"content":{"rendered":"<p>Esittelyss\u00e4 Camping Bus 4 m, t\u00e4ydellinen valinta niille, jotka etsiv\u00e4t mukavuuden ja tyylin yhdistelm\u00e4\u00e4 luonnon keskell\u00e4. Olitpa sitten pakenemassa kaupungin kiireit\u00e4, tutkimassa uusia paikkoja tai yksinkertaisesti palauttamassa yhteytt\u00e4 luontoon, Camping Bus 4 m nostaa leirint\u00e4kokemuksesi unohtumattomalle tasolle. Tilaa omasi jo t\u00e4n\u00e4\u00e4n ja valmistaudu j\u00e4nnitt\u00e4v\u00e4\u00e4n luontoseikkailuun, joka odottaa sinua.<\/p>\n<p>Camping Bus 4 m on puinen m\u00f6kki, jossa on kaksi huonetta: yksi nukkumista ja toinen oleskelua varten. Makuuhuoneessa on paris\u00e4nky, ja olohuoneessa on vuodesohva ja minikeitti\u00f6. Voit helposti muuttaa vuodesohvan toiseksi paris\u00e4ngyksi, jos tarvitset lis\u00e4\u00e4 nukkumatilaa. Lis\u00e4ksi m\u00f6kiss\u00e4 on suuret ikkunat edess\u00e4 ja takana sek\u00e4 sivuovi ikkunalla, joiden kautta voit nauttia maisemista ja tuntea olosi l\u00e4hemp\u00e4n\u00e4 luontoa.<\/p>\n<p>Camping Bus 4 m tarjoaa monipuolista majoitusta 2\u20134 hengelle. Camping Busin 2,3 metrin leveys mahdollistaa valmiiksi koottuna toimituksen tehtaalta lopulliseen m\u00e4\u00e4r\u00e4np\u00e4\u00e4h\u00e4n. Asiakkaat voivat valita kootun version tai koota itse (KIT), mukana toimitettujen ohjeiden avulla.<\/p>\n<p>&nbsp;<\/p>\n<p>&nbsp;<\/p>\n<p><strong>Tekniset tiedot:<\/strong><\/p>\n<p>Koko: 2\u20134 henkil\u00f6\u00e4<br \/>\nHuoneita: 2<br \/>\nSis\u00e4pinta-ala: 7,32 m\u00b2<br \/>\nUlkomitat: 2,3 m x 4,0 m<br \/>\nKorkeus: 2,6 m<br \/>\nPuu: M\u00e4nnyst\u00e4 tai l\u00e4mp\u00f6puusta<br \/>\nSein\u00e4n paksuus: 46 mm<br \/>\nLattian paksuus: 28 mm<br \/>\nKaton viimeistely: Suomalaista bitumikattotiilt\u00e4<br \/>\nOvi: 700 x 1800 mm<br \/>\nIkkunat: Pod: 700 x 900 mm; Pavilion: 1020 x 1060 mm<br \/>\nVakiovarustus:<br \/>\nPuiset bussin sein\u00e4t<br \/>\nRuostumattomasta ter\u00e4ksest\u00e4 kiristysnauhat<br \/>\nKatto peitetty bitumikattotiilell\u00e4<br \/>\nLattia 28 mm m\u00e4ntylaudasta<br \/>\n2 avattavaa tuplaikkunaa (pod ja pavilion) bussin etu- ja takapuolella<br \/>\nPuiset sivuovet tuplalasitetulla ikkunalla, puinen kahva ja lukko<\/p>\n<p>&nbsp;<\/p>\n<p><strong>Toimitus:<\/strong><\/p>\n<p>Lavan koko (LxPxK): 1 lava (1,2 x 4,1 x 1,2) 2200 kg<br \/>\nKootun bussin koko (LxPxK): (2,4 x 4,1 x 2,6) 2200 kg<\/p>\n<p><strong><img loading=\"lazy\" decoding=\"async\" class=\"alignnone wp-image-86194\" src=\"https:\/\/factory.sale\/wp-content\/uploads\/2024\/06\/moodud-4m-300x202.png\" alt=\"\" width=\"611\" height=\"411\" srcset=\"https:\/\/factory.sale\/wp-content\/uploads\/2024\/06\/moodud-4m-300x202.png 300w, https:\/\/factory.sale\/wp-content\/uploads\/2024\/06\/moodud-4m-1024x689.png 1024w, https:\/\/factory.sale\/wp-content\/uploads\/2024\/06\/moodud-4m-150x101.png 150w, https:\/\/factory.sale\/wp-content\/uploads\/2024\/06\/moodud-4m-1536x1034.png 1536w, https:\/\/factory.sale\/wp-content\/uploads\/2024\/06\/moodud-4m-600x404.png 600w, https:\/\/factory.sale\/wp-content\/uploads\/2024\/06\/moodud-4m.png 1560w\" sizes=\"auto, (max-width: 611px) 100vw, 611px\" \/><\/strong><\/p>\n<p><strong>Lis\u00e4ksi saatavilla (hinnat ilman ALV):<\/strong><\/p>\n<p><strong>S\u00e4hk\u00f6varustelu Camping Busseihin:<\/strong><\/p>\n<p>Yksi pistorasia 69 \u20ac<br \/>\nTuplapistorasia 74,75 \u20ac<br \/>\nYksi kytkin 69 \u20ac<br \/>\nTuplakytkin 86,25 \u20ac<br \/>\nJohto yhdelle lampulle 28,75 \u20ac<br \/>\nSulaketaulu 138 \u20ac<\/p>\n<p>&nbsp;<\/p>\n<p><strong>Saatavilla olevat bitumikattotiilien v\u00e4rit:<\/strong><br \/>\nMusta, vihre\u00e4, punainen<\/p>\n<p>&nbsp;<\/p>\n<p><strong>Puulaji:<\/strong><\/p>\n<p>M\u00e4nnyst\u00e4 0 \u20ac<br \/>\nL\u00e4mp\u00f6puu 1035 \u20ac<br \/>\nCamping PODin ulkomaalin v\u00e4ri: 310,5 \u20ac<\/p>\n<p><strong><em>Saatavilla my\u00f6s paljon huonekaluja, kysy lis\u00e4\u00e4.<\/em><\/strong><\/p>\n<p>&nbsp;<\/p>\n<p>&nbsp;<\/p>\n<div class=\"video-wrapper \"><iframe loading=\"lazy\" title=\"The folding bench from Woodprofesionals\" width=\"500\" height=\"281\" src=\"https:\/\/www.youtube.com\/embed\/rihF8b40BVs?feature=oembed\" frameborder=\"0\" allow=\"accelerometer; autoplay; clipboard-write; encrypted-media; gyroscope; picture-in-picture; web-share\" referrerpolicy=\"strict-origin-when-cross-origin\" allowfullscreen><\/iframe><\/div>\n","protected":false},"excerpt":{"rendered":"<p>Esittelemme Camping bussin, joka on ihanteellinen valinta niille, jotka etsiv\u00e4t mukavuuden ja tyylin yhdistelm\u00e4\u00e4 luonnon keskell\u00e4. Halusitpa paeta kaupungin h\u00e4lin\u00e4\u00e4, tutustua uusiin paikkoihin tai yksinkertaisesti j\u00e4lleen yhdisty\u00e4 luonnon kanssa, Camping bussi nostaa telttailukokemuksesi unohtumattomiin korkeuksiin. Tartu tilaisuuteen tilata omasi jo t\u00e4n\u00e4\u00e4n ja valmistaudu j\u00e4nnitt\u00e4v\u00e4\u00e4n luontoseikkailuun, joka odottaa sinua.<\/p>\n","protected":false},"featured_media":86998,"comment_status":"open","ping_status":"closed","template":"","meta":{"_acf_changed":false},"factory":[],"free-shipment":[],"product_brand":[],"product_cat":[1112,2889],"product_tag":[],"class_list":{"0":"post-86199","1":"product","2":"type-product","3":"status-publish","4":"has-post-thumbnail","6":"product_cat-elementtitalot","7":"product_cat-leirintamokit","9":"first","10":"instock","11":"sale","12":"taxable","13":"shipping-taxable","14":"purchasable","15":"product-type-simple"},"acf":[],"_links":{"self":[{"href":"https:\/\/factory.sale\/fi\/wp-json\/wp\/v2\/product\/86199","targetHints":{"allow":["GET"]}}],"collection":[{"href":"https:\/\/factory.sale\/fi\/wp-json\/wp\/v2\/product"}],"about":[{"href":"https:\/\/factory.sale\/fi\/wp-json\/wp\/v2\/types\/product"}],"replies":[{"embeddable":true,"href":"https:\/\/factory.sale\/fi\/wp-json\/wp\/v2\/comments?post=86199"}],"wp:featuredmedia":[{"embeddable":true,"href":"https:\/\/factory.sale\/fi\/wp-json\/wp\/v2\/media\/86998"}],"wp:attachment":[{"href":"https:\/\/factory.sale\/fi\/wp-json\/wp\/v2\/media?parent=86199"}],"wp:term":[{"taxonomy":"factory","embeddable":true,"href":"https:\/\/factory.sale\/fi\/wp-json\/wp\/v2\/factory?post=86199"},{"taxonomy":"free-shipment","embeddable":true,"href":"https:\/\/factory.sale\/fi\/wp-json\/wp\/v2\/free-shipment?post=86199"},{"taxonomy":"product_brand","embeddable":true,"href":"https:\/\/factory.sale\/fi\/wp-json\/wp\/v2\/product_brand?post=86199"},{"taxonomy":"product_cat","embeddable":true,"href":"https:\/\/factory.sale\/fi\/wp-json\/wp\/v2\/product_cat?post=86199"},{"taxonomy":"product_tag","embeddable":true,"href":"https:\/\/factory.sale\/fi\/wp-json\/wp\/v2\/product_tag?post=86199"}],"curies":[{"name":"wp","href":"https:\/\/api.w.org\/{rel}","templated":true}]}}