{"id":86177,"date":"2024-06-17T21:16:12","date_gmt":"2024-06-17T21:31:17","guid":{"rendered":"https:\/\/factory.sale\/?post_type=product&#038;p=86177"},"modified":"2025-01-12T16:33:14","modified_gmt":"2025-01-12T13:33:14","slug":"leirintamokki-24-m-x-4-m","status":"publish","type":"product","link":"https:\/\/factory.sale\/fi\/tuote\/leirintamokki-24-m-x-4-m\/","title":{"rendered":"Leirint\u00e4m\u00f6kki 2,4 m x 4 m"},"content":{"rendered":"<p>Camping Pod, joka tunnetaan my\u00f6s nimell\u00e4 Glamping Pod, on erinomainen valinta ulkoel\u00e4m\u00e4\u00e4n. Se tarjoaa viihtyis\u00e4\u00e4, mukavaa ja tilavaa majoitusta 4-6 hengelle. Sen poikkeuksellinen muoto sulautuu maisemaan tehden siit\u00e4 eritt\u00e4in luonnollisen ja houkuttelevan n\u00e4k\u00f6isen.<\/p>\n<p>Camping Podit mahdollistavat ihmisten nauttia ulkoilmasta, joten niit\u00e4 valitsevat usein leirint\u00e4alueiden omistajat ja musiikkifestivaalien j\u00e4rjest\u00e4j\u00e4t, jotka haluavat tarjota asiakkailleen hienostuneempaa ja mukavampaa telttailua.<\/p>\n<p>Camping Podit sopivat my\u00f6s t\u00e4ydellisesti kauniiksi puutarha- tai vierastaloksi, kes\u00e4asunnoksi, kotitoimistoksi, ty\u00f6pajaksi, kalastajan m\u00f6kiksi, rantamajaksi, vapaa-ajan paikaksi tai leikkim\u00f6kiksi lapsille.<\/p>\n<p>Parhaista materiaaleista valmistetut Camping Podit edustavat ainutlaatuista leirint\u00e4majoitusta tarjoten uskomattoman vapaa-ajan kokemuksen.<\/p>\n<p>&nbsp;<\/p>\n<p><strong>Tekniset tiedot:<\/strong><\/p>\n<p>Koko: 3-4 henkil\u00f6\u00e4<br \/>\nHuone: 2<br \/>\nSis\u00e4tila: 7,4 m\u00b2<br \/>\nUlkomitat: 2,4 m x 4,0 m<br \/>\nKorkeus: 2,6 m<br \/>\nPuulaji: m\u00e4nty tai l\u00e4mp\u00f6puu<br \/>\nSein\u00e4n paksuus: 46 mm<br \/>\nLattian paksuus: 28 mm<br \/>\nKaton viimeistely: suomalaiset bitumikattotiilet<br \/>\nIkkunan koko: 700 x 900 mm<br \/>\nOven koko: 1030 x 1900 mm<\/p>\n<p>&nbsp;<\/p>\n<p>Podin sein\u00e4t peitetty bitumikattotiilill\u00e4<br \/>\nLattia 28 mm m\u00e4nnyn laudoista<br \/>\n1 avattava kaksinkertaisella lasilla varustettu ikkuna takasein\u00e4ss\u00e4<br \/>\nRanskalainen kaksinkertaisella lasilla varustettu ovi, jossa vakio kahva ja lukko<br \/>\nSis\u00e4sein\u00e4 (jakoen podin kahteen huoneeseen)<\/p>\n<p>&nbsp;<\/p>\n<p><strong>Toimitus:<\/strong><\/p>\n<p>Lavan koko (LxPxK): 1p (1,2 x 4,0 x 1,2) 2100 kg<\/p>\n<p>Kootun podin koko (LxPxK): (2,4 x 4,1 x 2,6) 2100 kg<\/p>\n<p>&nbsp;<\/p>\n<p><strong>Lis\u00e4ksi saatavilla (hinnat ilman ALV):<\/strong><\/p>\n<p>Puolipanoraamaikkuna 1265 .-<\/p>\n<p>T\u00e4yspanoraamaikkuna 1518 .-<\/p>\n<p>Kaksinkertaisella lasilla varustettu ikkuna, ammattimaisesti maalattu maalauskammiossa antrasiitin v\u00e4riseksi, takasein\u00e4ss\u00e4 63,25 .-<\/p>\n<p>&nbsp;<\/p>\n<p><strong>Terassi<\/strong><\/p>\n<p>Ei terassia 0 .-<\/p>\n<p>Terassi, pituus 60 cm 0 .-<\/p>\n<p>Terassi, pituus 100 cm 63,25 .-<\/p>\n<p>&nbsp;<\/p>\n<p>&nbsp;<\/p>\n<p><strong>Saatavilla olevat bitumikattotiilien v\u00e4rit:<\/strong><\/p>\n<p>Musta, vihre\u00e4, punainen<\/p>\n<p><img loading=\"lazy\" decoding=\"async\" class=\"alignnone wp-image-86158\" src=\"https:\/\/factory.sale\/wp-content\/uploads\/2024\/06\/colours-wooden-me-300x82.png\" alt=\"\" width=\"373\" height=\"102\" srcset=\"https:\/\/factory.sale\/wp-content\/uploads\/2024\/06\/colours-wooden-me-300x82.png 300w, https:\/\/factory.sale\/wp-content\/uploads\/2024\/06\/colours-wooden-me-150x41.png 150w, https:\/\/factory.sale\/wp-content\/uploads\/2024\/06\/colours-wooden-me-600x164.png 600w, https:\/\/factory.sale\/wp-content\/uploads\/2024\/06\/colours-wooden-me.png 638w\" sizes=\"auto, (max-width: 373px) 100vw, 373px\" \/><\/p>\n<p>&nbsp;<\/p>\n<p><strong>Puutyypit:<\/strong><\/p>\n<p>M\u00e4ntypuu 0 .-<\/p>\n<p>L\u00e4mp\u00f6puu 1024,65 .-<\/p>\n<p>&nbsp;<\/p>\n<p><strong>S\u00e4hk\u00f6varusteet Camping busseille:<\/strong><\/p>\n<p>Yksitt\u00e4inen pistorasia 69 .-<\/p>\n<p>Kaksoispistorasia 74,75 .-<\/p>\n<p>Yksitt\u00e4inen kytkin 69 .-<\/p>\n<p>Kaksoiskytkin 86,25 .-<\/p>\n<p>Kaapeli yhdelle lampulle 28,75 .-<\/p>\n<p>Sulakepaneeli 138 .-<\/p>\n<p>&nbsp;<\/p>\n<p>&nbsp;<\/p>\n<p><strong>Camping PODin ulkomaalin v\u00e4ri 189,75 .-<\/strong><\/p>\n<p><strong><em>Saatavilla my\u00f6s paljon huonekaluja, kysy lis\u00e4\u00e4.<\/em><\/strong><\/p>\n<p>&nbsp;<\/p>\n<p><a href=\"https:\/\/factory.sale\/wp-content\/uploads\/2024\/06\/Camping-Pod-2.4-x-4.0-m.pdf\" target=\"_blank\" rel=\"noopener\">Kokoamisohjeet<\/a><\/p>\n<div class=\"video-wrapper \"><iframe loading=\"lazy\" title=\"The folding bench from Woodprofesionals\" width=\"500\" height=\"281\" src=\"https:\/\/www.youtube.com\/embed\/rihF8b40BVs?feature=oembed\" frameborder=\"0\" allow=\"accelerometer; autoplay; clipboard-write; encrypted-media; gyroscope; picture-in-picture; web-share\" referrerpolicy=\"strict-origin-when-cross-origin\" allowfullscreen><\/iframe><\/div>\n","protected":false},"excerpt":{"rendered":"<p>Camping Pod, joka tunnetaan my\u00f6s nimell\u00e4 Glamping Pod, on erinomainen valinta ulkoel\u00e4m\u00e4\u00e4n. Se tarjoaa viihtyis\u00e4\u00e4, mukavaa ja tilavaa majoitusta 4-6 hengelle. Sen poikkeuksellinen muoto sulautuu maisemaan tehden siit\u00e4 eritt\u00e4in luonnollisen ja houkuttelevan n\u00e4k\u00f6isen.<\/p>\n","protected":false},"featured_media":86168,"comment_status":"open","ping_status":"closed","template":"","meta":{"_acf_changed":false},"factory":[],"free-shipment":[],"product_brand":[],"product_cat":[1112,2889],"product_tag":[],"class_list":{"0":"post-86177","1":"product","2":"type-product","3":"status-publish","4":"has-post-thumbnail","6":"product_cat-elementtitalot","7":"product_cat-leirintamokit","9":"first","10":"instock","11":"sale","12":"taxable","13":"shipping-taxable","14":"purchasable","15":"product-type-simple"},"acf":[],"_links":{"self":[{"href":"https:\/\/factory.sale\/fi\/wp-json\/wp\/v2\/product\/86177","targetHints":{"allow":["GET"]}}],"collection":[{"href":"https:\/\/factory.sale\/fi\/wp-json\/wp\/v2\/product"}],"about":[{"href":"https:\/\/factory.sale\/fi\/wp-json\/wp\/v2\/types\/product"}],"replies":[{"embeddable":true,"href":"https:\/\/factory.sale\/fi\/wp-json\/wp\/v2\/comments?post=86177"}],"wp:featuredmedia":[{"embeddable":true,"href":"https:\/\/factory.sale\/fi\/wp-json\/wp\/v2\/media\/86168"}],"wp:attachment":[{"href":"https:\/\/factory.sale\/fi\/wp-json\/wp\/v2\/media?parent=86177"}],"wp:term":[{"taxonomy":"factory","embeddable":true,"href":"https:\/\/factory.sale\/fi\/wp-json\/wp\/v2\/factory?post=86177"},{"taxonomy":"free-shipment","embeddable":true,"href":"https:\/\/factory.sale\/fi\/wp-json\/wp\/v2\/free-shipment?post=86177"},{"taxonomy":"product_brand","embeddable":true,"href":"https:\/\/factory.sale\/fi\/wp-json\/wp\/v2\/product_brand?post=86177"},{"taxonomy":"product_cat","embeddable":true,"href":"https:\/\/factory.sale\/fi\/wp-json\/wp\/v2\/product_cat?post=86177"},{"taxonomy":"product_tag","embeddable":true,"href":"https:\/\/factory.sale\/fi\/wp-json\/wp\/v2\/product_tag?post=86177"}],"curies":[{"name":"wp","href":"https:\/\/api.w.org\/{rel}","templated":true}]}}