{"id":86153,"date":"2024-06-26T09:47:58","date_gmt":"2024-06-26T09:49:54","guid":{"rendered":"https:\/\/factory.sale\/?post_type=product&#038;p=86153"},"modified":"2025-01-13T00:12:17","modified_gmt":"2025-01-12T21:12:17","slug":"leirintamokki-35-m","status":"publish","type":"product","link":"https:\/\/factory.sale\/fi\/tuote\/leirintamokki-35-m\/","title":{"rendered":"Leirint\u00e4m\u00f6kki 3,5 m"},"content":{"rendered":"<p>Meid\u00e4n 3,5 m Leirint\u00e4m\u00f6kki on t\u00e4ydellinen ratkaisu kaikille, jotka haluavat nauttia rentouttavasta ja mukavasta ulkolomasta. Olipa tarkoituksenasi paeta kaupungin vilin\u00e4\u00e4, tutkia uusia paikkoja tai kokea luonnon l\u00e4heisyys, meid\u00e4n 3,5 m Camping bussi tekee telttailukokemuksestasi unohtumattoman. Tilaa omasi jo t\u00e4n\u00e4\u00e4n ja valmistaudu ulkoiluseikkailuusi.<\/p>\n<p>Meid\u00e4n Leirint\u00e4m\u00f6kit on valmistettu korkealaatuisesta m\u00e4nnyst\u00e4 tai l\u00e4mp\u00f6puusta. Niiden sein\u00e4n paksuus on 46 mm. Ne eiv\u00e4t ole vain houkuttelevan n\u00e4k\u00f6isi\u00e4, vaan tarjoavat my\u00f6s ylim\u00e4\u00e4r\u00e4ist\u00e4 majoitustilaa.<\/p>\n<p>Leirint\u00e4m\u00f6kki, kooltaan 2,3 m x 3,5 m, majoittaa mukavasti 2-4 henkil\u00f6\u00e4. Lis\u00e4ksi 2,3 metrin leveyden ansiosta Camping bussi mahdollistaa t\u00e4ysin koottujen tuotteiden toimituksen tehtaalta lopulliseen kohteeseen kuorma-autolla. Vaihtoehtoisesti asiakkaat voivat valita koottavan version tai vastaanottaa sen kokoamattomana (KIT), mukana toimitettujen ohjeiden kera.<\/p>\n<p>&nbsp;<\/p>\n<p><strong>Tekniset tiedot:<\/strong><\/p>\n<ul>\n<li>Koko: 2-4 henkil\u00f6\u00e4;<\/li>\n<li>Huoneet: 2;<\/li>\n<li>Sis\u00e4tila: 6,32 m\u00b2;<\/li>\n<li>Ulkomitat: 2,3 m x 3,5 m;<\/li>\n<li>Korkeus: 2,6 m;<\/li>\n<li>Puutavara: m\u00e4nty tai l\u00e4mp\u00f6puu;<\/li>\n<li>Sein\u00e4n paksuus: 46 mm;<\/li>\n<li>Lattian paksuus: 28 mm;<\/li>\n<li>Katon viimeistely: suomalaiset bitumikattotiilet;<\/li>\n<li>Ovi: 700 x 1800 mm;<\/li>\n<li>Ikkunat: Kapseli: 700 x 900 mm; Paviljonki: 1020 x 1060 mm;<\/li>\n<\/ul>\n<p>&nbsp;<\/p>\n<p><strong>Vakiopaketti:<\/strong><\/p>\n<ul>\n<li>Puiset bussin sein\u00e4t<\/li>\n<li>Ruostumattomasta ter\u00e4ksest\u00e4 valmistetut kiristysnauhat<\/li>\n<li>Katto peitetty bitumikattotiilill\u00e4<\/li>\n<li>Lattia 28 mm m\u00e4nnyn laudoista<\/li>\n<li>Takapuolella avattava kapseli-ikkuna, kaksinkertaisella lasilla<\/li>\n<li>Puiset etuovet, kaksinkertaisella ikkunalasilla, puukahvalla ja lukolla<\/li>\n<\/ul>\n<p>&nbsp;<\/p>\n<p><strong>Toimitus:<\/strong><\/p>\n<p>Lavan koko: (LxPxK) on 1p (1,2 x 3,6 x 1,2) 2000 kg, kun taas koottu bussi on kooltaan (2,3 x 3,6 x 2,6) 2000 kg.<\/p>\n<p>&nbsp;<\/p>\n<p><strong>Saatavilla olevat bitumikattotiilien v\u00e4rit:<\/strong><\/p>\n<p>Musta, vihre\u00e4, punainen<\/p>\n<p><img loading=\"lazy\" decoding=\"async\" class=\"alignnone wp-image-86158\" src=\"https:\/\/factory.sale\/wp-content\/uploads\/2024\/06\/colours-wooden-me-300x82.png\" alt=\"\" width=\"472\" height=\"129\" srcset=\"https:\/\/factory.sale\/wp-content\/uploads\/2024\/06\/colours-wooden-me-300x82.png 300w, https:\/\/factory.sale\/wp-content\/uploads\/2024\/06\/colours-wooden-me-150x41.png 150w, https:\/\/factory.sale\/wp-content\/uploads\/2024\/06\/colours-wooden-me-600x164.png 600w, https:\/\/factory.sale\/wp-content\/uploads\/2024\/06\/colours-wooden-me.png 638w\" sizes=\"auto, (max-width: 472px) 100vw, 472px\" \/><\/p>\n<p>&nbsp;<\/p>\n<p><strong>Puutyypit:<\/strong><\/p>\n<p>M\u00e4ntypuu 0 .-<\/p>\n<p>L\u00e4mp\u00f6puu 1282,25 .-<\/p>\n<p>&nbsp;<\/p>\n<p><strong>Maalauspalvelu Camping bussille<\/strong> 270,25 .-<\/p>\n<p>&nbsp;<\/p>\n<p><strong>S\u00e4hk\u00f6varusteet Camping bussiin:<\/strong><\/p>\n<p>Yksitt\u00e4inen pistorasia 69 .-<br \/>\nKaksoispistorasia 74,75 .-<br \/>\nYksitt\u00e4inen kytkin 69 .-<br \/>\nKaksoiskytkin 86,25 .-<br \/>\nKaapeli yhdelle lampulle 28,75 .-<br \/>\nSulakepaneeli 138 .-<\/p>\n<p>&nbsp;<\/p>\n<p>&nbsp;<\/p>\n<p><em>Saatavilla my\u00f6s paljon huonekaluja Camping bussiin, kysy lis\u00e4\u00e4.<\/em><\/p>\n","protected":false},"excerpt":{"rendered":"<p>Meid\u00e4n 3,5 m Leirint\u00e4m\u00f6kki on t\u00e4ydellinen ratkaisu kaikille, jotka haluavat nauttia rentouttavasta ja mukavasta ulkolomasta. Olipa tarkoituksenasi paeta kaupungin vilin\u00e4\u00e4, tutkia uusia paikkoja tai kokea luonnon l\u00e4heisyys, meid\u00e4n 3,5 m Camping bussi tekee telttailukokemuksestasi unohtumattoman. Tilaa omasi jo t\u00e4n\u00e4\u00e4n ja valmistaudu ulkoiluseikkailuusi.<\/p>\n","protected":false},"featured_media":87004,"comment_status":"open","ping_status":"closed","template":"","meta":{"_acf_changed":false},"factory":[],"free-shipment":[],"product_brand":[],"product_cat":[1112,2889],"product_tag":[617],"class_list":{"0":"post-86153","1":"product","2":"type-product","3":"status-publish","4":"has-post-thumbnail","6":"product_cat-elementtitalot","7":"product_cat-leirintamokit","8":"product_tag-wood-fi","10":"first","11":"instock","12":"sale","13":"taxable","14":"shipping-taxable","15":"purchasable","16":"product-type-simple"},"acf":[],"_links":{"self":[{"href":"https:\/\/factory.sale\/fi\/wp-json\/wp\/v2\/product\/86153","targetHints":{"allow":["GET"]}}],"collection":[{"href":"https:\/\/factory.sale\/fi\/wp-json\/wp\/v2\/product"}],"about":[{"href":"https:\/\/factory.sale\/fi\/wp-json\/wp\/v2\/types\/product"}],"replies":[{"embeddable":true,"href":"https:\/\/factory.sale\/fi\/wp-json\/wp\/v2\/comments?post=86153"}],"wp:featuredmedia":[{"embeddable":true,"href":"https:\/\/factory.sale\/fi\/wp-json\/wp\/v2\/media\/87004"}],"wp:attachment":[{"href":"https:\/\/factory.sale\/fi\/wp-json\/wp\/v2\/media?parent=86153"}],"wp:term":[{"taxonomy":"factory","embeddable":true,"href":"https:\/\/factory.sale\/fi\/wp-json\/wp\/v2\/factory?post=86153"},{"taxonomy":"free-shipment","embeddable":true,"href":"https:\/\/factory.sale\/fi\/wp-json\/wp\/v2\/free-shipment?post=86153"},{"taxonomy":"product_brand","embeddable":true,"href":"https:\/\/factory.sale\/fi\/wp-json\/wp\/v2\/product_brand?post=86153"},{"taxonomy":"product_cat","embeddable":true,"href":"https:\/\/factory.sale\/fi\/wp-json\/wp\/v2\/product_cat?post=86153"},{"taxonomy":"product_tag","embeddable":true,"href":"https:\/\/factory.sale\/fi\/wp-json\/wp\/v2\/product_tag?post=86153"}],"curies":[{"name":"wp","href":"https:\/\/api.w.org\/{rel}","templated":true}]}}