{"id":86050,"date":"2024-06-10T10:18:17","date_gmt":"2024-06-10T10:27:55","guid":{"rendered":"https:\/\/factory.sale\/?post_type=product&#038;p=86050"},"modified":"2024-06-28T03:42:07","modified_gmt":"2024-06-28T03:42:07","slug":"taski-jontec-forward-free-f4h-2x5l-tehopuhdistusaine","status":"publish","type":"product","link":"https:\/\/factory.sale\/fi\/tuote\/taski-jontec-forward-free-f4h-2x5l-tehopuhdistusaine\/","title":{"rendered":"TASKI Jontec Forward free F4h 2x5L &#8211; Tehopuhdistusaine"},"content":{"rendered":"<p><strong>Tuotekoodi:<\/strong> 100857909<\/p>\n<p>&nbsp;<\/p>\n<p>&nbsp;<\/p>\n<p>Huuhteluvapaa, matalavaahtoinen tehopuhdistusaine vett\u00e4 siet\u00e4vien kovien pintojen tehopuhdistukseen, vahatun lattian pintapesuun sek\u00e4 kevyiden vahakerrosten poistoon. Ei sis\u00e4ll\u00e4 hajusteita eik\u00e4 v\u00e4riaineita.<\/p>\n<p>&nbsp;<\/p>\n<p><strong>Ominaisuudet <\/strong><\/p>\n<ul>\n<li>Nopeavaikutteinen ja tehokas<\/li>\n<li>Taloudellinen<\/li>\n<li>Monik\u00e4ytt\u00f6inen<\/li>\n<li>Tehopuhdistukseen ja pintavahan poistoon<\/li>\n<li>T\u00e4ytt\u00e4\u00e4 EU-Kukka ymp\u00e4rist\u00f6merkin kriteerit<\/li>\n<\/ul>\n<p>&nbsp;<\/p>\n<p><strong>Edut<\/strong><\/p>\n<ul>\n<li>Ei sis\u00e4ll\u00e4 hajusteita eik\u00e4 v\u00e4riaineita, kuivuu j\u00e4lki\u00e4 j\u00e4tt\u00e4m\u00e4tt\u00e4<\/li>\n<li>Tehokas jaksottaisessa siivouksessa sek\u00e4 perussiivouksessa<\/li>\n<li>K\u00e4ytt\u00f6liuoksen pH heikosti em\u00e4ksinen<\/li>\n<li>Matalavaahtoinen, soveltuu k\u00e4si- ja konemenetelmiin<\/li>\n<li>Poistaa hyvin rasva- ja pinttynytt\u00e4 likaa<\/li>\n<li>Soveltuu minimiannostuksella my\u00f6s linoleumilattioille<\/li>\n<\/ul>\n<p>&nbsp;<\/p>\n<p>&nbsp;<\/p>\n<p><strong>K\u00e4ytt\u00f6ohje<\/strong><\/p>\n<p>K\u00e4simenetelm\u00e4t:<br \/>\nAnnostele puhdistusaineliuos tahrakohtaan ja puhdista mikrokuitupyyhkeell\u00e4 tai k\u00e4yt\u00e4 kuivain- tai moppipyyhint\u00e4. Puhdista voimakkaammin likaantuneet pinnat liuoksessa kostutetulla siivouspyyhkeell\u00e4, kuivain- tai moppipyyhkimell\u00e4.<\/p>\n<p>Konemenetelm\u00e4t ja UHS-hoito:<br \/>\nAnnostele vedell\u00e4 t\u00e4ytettyyn yhdistelm\u00e4koneen s\u00e4ili\u00f6\u00f6n ja pese lattia. Huom! UHS-hoidossa kuivakiillota lattiapinta UHS-kiillotuskoneella pesun j\u00e4lkeen.<\/p>\n<p>Vahattujen lattioiden pintapesu:<br \/>\nAnnostele puhdistusaineliuos lattialle, anna vaikuttaa 5 minuuttia. Pese lattiapinta ja poista likainen liuos yhdistelm\u00e4koneella tai vedenimurilla.<\/p>\n<p>&nbsp;<\/p>\n<p><strong>Tuotetiedot:<\/strong><\/p>\n<ul>\n<li>Merkki: TASKI<\/li>\n<li>SKU configuration: 2&#215;5 L<\/li>\n<li>Myyntiyksik\u00f6n pakkaus: Box<\/li>\n<li>Pituus myyntiyksikk\u00f6: 280<\/li>\n<li>Leveys myyntiyksikk\u00f6: 191<\/li>\n<li>Korkeus myyntiyksikk\u00f6: 295<\/li>\n<li>Mitat mittayksikk\u00f6: mm<\/li>\n<li>Nettopaino: 10.18<\/li>\n<li>Bruttopaino: 10.75<\/li>\n<li>Painon mittayksikk\u00f6: kg<\/li>\n<\/ul>\n<p>&nbsp;<\/p>\n<div class=\"page\" title=\"Page 1\">\n<div class=\"section\">\n<div class=\"layoutArea\">\n<div class=\"column\">\n<p><a href=\"https:\/\/factory.sale\/wp-content\/uploads\/2024\/06\/24-MS1001899_FI02_FI_.pdf\" target=\"_blank\" rel=\"noopener\">Ka\u0308ytto\u0308turvallisuustiedote<\/a><\/p>\n<\/div>\n<\/div>\n<\/div>\n<\/div>\n<p><a href=\"https:\/\/factory.sale\/wp-content\/uploads\/2024\/06\/23-K00067-PIS-TASKI-Jontec-Forward-free-FI.pdf\" target=\"_blank\" rel=\"noopener\">Tuotelehti<\/a><\/p>\n<p>&nbsp;<\/p>\n","protected":false},"excerpt":{"rendered":"<p>Huuhteluvapaa, matalavaahtoinen tehopuhdistusaine vett\u00e4 siet\u00e4vien kovien pintojen tehopuhdistukseen, vahatun lattian pintapesuun sek\u00e4 kevyiden vahakerrosten poistoon. Ei sis\u00e4ll\u00e4 hajusteita eik\u00e4 v\u00e4riaineita.<\/p>\n<p>&nbsp;<\/p>\n<p><em>Hinta per astia! Min tilaus 2x5L<\/em><\/p>\n","protected":false},"featured_media":86060,"comment_status":"open","ping_status":"closed","template":"","meta":{"_acf_changed":false},"factory":[],"free-shipment":[],"product_brand":[],"product_cat":[441,422],"product_tag":[],"class_list":{"0":"post-86050","1":"product","2":"type-product","3":"status-publish","4":"has-post-thumbnail","6":"product_cat-ammattimaiset-siivoustuotteet","7":"product_cat-keemia-fi","9":"first","10":"instock","11":"sale","12":"taxable","13":"shipping-taxable","14":"purchasable","15":"product-type-simple"},"acf":[],"_links":{"self":[{"href":"https:\/\/factory.sale\/fi\/wp-json\/wp\/v2\/product\/86050","targetHints":{"allow":["GET"]}}],"collection":[{"href":"https:\/\/factory.sale\/fi\/wp-json\/wp\/v2\/product"}],"about":[{"href":"https:\/\/factory.sale\/fi\/wp-json\/wp\/v2\/types\/product"}],"replies":[{"embeddable":true,"href":"https:\/\/factory.sale\/fi\/wp-json\/wp\/v2\/comments?post=86050"}],"wp:featuredmedia":[{"embeddable":true,"href":"https:\/\/factory.sale\/fi\/wp-json\/wp\/v2\/media\/86060"}],"wp:attachment":[{"href":"https:\/\/factory.sale\/fi\/wp-json\/wp\/v2\/media?parent=86050"}],"wp:term":[{"taxonomy":"factory","embeddable":true,"href":"https:\/\/factory.sale\/fi\/wp-json\/wp\/v2\/factory?post=86050"},{"taxonomy":"free-shipment","embeddable":true,"href":"https:\/\/factory.sale\/fi\/wp-json\/wp\/v2\/free-shipment?post=86050"},{"taxonomy":"product_brand","embeddable":true,"href":"https:\/\/factory.sale\/fi\/wp-json\/wp\/v2\/product_brand?post=86050"},{"taxonomy":"product_cat","embeddable":true,"href":"https:\/\/factory.sale\/fi\/wp-json\/wp\/v2\/product_cat?post=86050"},{"taxonomy":"product_tag","embeddable":true,"href":"https:\/\/factory.sale\/fi\/wp-json\/wp\/v2\/product_tag?post=86050"}],"curies":[{"name":"wp","href":"https:\/\/api.w.org\/{rel}","templated":true}]}}