{"id":86035,"date":"2024-06-10T09:57:40","date_gmt":"2024-06-10T10:08:14","guid":{"rendered":"https:\/\/factory.sale\/?post_type=product&#038;p=86035"},"modified":"2024-06-27T17:44:32","modified_gmt":"2024-06-27T17:44:32","slug":"taski-jontec-jonclean-800-2x5l-tehopuhdistusaine","status":"publish","type":"product","link":"https:\/\/factory.sale\/fi\/tuote\/taski-jontec-jonclean-800-2x5l-tehopuhdistusaine\/","title":{"rendered":"TASKI Jontec Jonclean 800 2x5L &#8211; Tehopuhdistusaine"},"content":{"rendered":"<p><strong>Tuotekoodi:<\/strong> 100863639<\/p>\n<p>&nbsp;<\/p>\n<p>Em\u00e4ksinen tehopuhdistusaine teollisuus\u00f6ljyn ja -rasvalian poistoon k\u00e4si- ja konemenetelmin. Soveltuu my\u00f6s orgaanisen rasva- ja \u00f6ljylian poistamiseen. Est\u00e4\u00e4 lattioiden harmaantumisen ja palauttaa suojaamattomien lattioiden edustavan ulkon\u00e4\u00f6n. T\u00c4RKE\u00c4\u00c4: Tarkista materiaalin ja tuotteen yhteensopivuus ennen k\u00e4ytt\u00f6\u00e4. Ei saa k\u00e4ytt\u00e4\u00e4 em\u00e4ksisi\u00e4 aineita kest\u00e4m\u00e4tt\u00f6mille pinnoille (tiivisteen pH n. 12,5 ja k\u00e4ytt\u00f6liuoksen pH &gt;11).<\/p>\n<p>&nbsp;<\/p>\n<p><strong>Ominaisuudet <\/strong><\/p>\n<ul>\n<li>Emulgoi ja poistaa tehokkaasti pinttynytt\u00e4 ja kiinnittynytt\u00e4 likaa.<\/li>\n<li>Teho perustuu tehokkaisiin em\u00e4ksiin.<\/li>\n<li>Tehoaa nopeasti liev\u00e4st\u00e4 vaahtoamisesta huolimatta.<\/li>\n<li>Ei ep\u00e4miellytt\u00e4v\u00e4\u00e4 liuottimien tuoksua.<\/li>\n<li>Monik\u00e4ytt\u00f6inen, soveltuu k\u00e4si- ja konemenetelmiin.<\/li>\n<\/ul>\n<p>&nbsp;<\/p>\n<p><strong>Edut<\/strong><\/p>\n<ul>\n<li>Teho perustuu tehokkaisiin em\u00e4ksiin.<\/li>\n<li>Tehokas my\u00f6s painomusteen ja muun vaikeasti poistettavan pigmenttilian poistossa.<\/li>\n<li>Est\u00e4\u00e4 lattioiden harmaantumisen ja palauttaa suojaamattomien lattioiden ulkon\u00e4\u00f6n.<\/li>\n<li>Poistaa terva-, piki-, ja bitumilikaa sek\u00e4 renkaan j\u00e4lki\u00e4 ja vaikeita rasvatahroja.<\/li>\n<li>Soveltuu my\u00f6s orgaanisen rasva- ja \u00f6ljylian poistamiseen.<\/li>\n<\/ul>\n<p>&nbsp;<\/p>\n<p><strong>Tuotetiedot:<\/strong><\/p>\n<ul>\n<li>Merkki: TASKI<\/li>\n<li>SKU configuration: 2&#215;5 L<\/li>\n<li>Myyntiyksik\u00f6n pakkaus: Box<\/li>\n<li>Pituus myyntiyksikk\u00f6: 280<\/li>\n<li>Leveys myyntiyksikk\u00f6: 191<\/li>\n<li>Korkeus myyntiyksikk\u00f6:295<\/li>\n<li>Mitat mittayksikk\u00f6: mm<\/li>\n<li>Nettopaino: 10.8<\/li>\n<li>Bruttopaino: 11.37<\/li>\n<li>Painon mittayksikk\u00f6: kg<\/li>\n<\/ul>\n<div class=\"page\" title=\"Page 1\">\n<div class=\"section\">\n<div class=\"layoutArea\">\n<div class=\"column\">\n<p>&nbsp;<\/p>\n<p>&nbsp;<\/p>\n<p><a href=\"https:\/\/factory.sale\/wp-content\/uploads\/2024\/06\/21-MS1001601_FI02_FI_.pdf\" target=\"_blank\" rel=\"noopener\">Ka\u0308ytto\u0308turvallisuustiedote<\/a><\/p>\n<p><a href=\"https:\/\/factory.sale\/wp-content\/uploads\/2024\/06\/20-K00121-fi-FI.pdf\" target=\"_blank\" rel=\"noopener\">Tuotelehti<\/a><\/p>\n<\/div>\n<\/div>\n<\/div>\n<\/div>\n","protected":false},"excerpt":{"rendered":"<p>Em\u00e4ksinen tehopuhdistusaine teollisuus\u00f6ljyn ja -rasvalian poistoon k\u00e4si- ja konemenetelmin. Soveltuu my\u00f6s orgaanisen rasva- ja \u00f6ljylian poistamiseen. Est\u00e4\u00e4 lattioiden harmaantumisen ja palauttaa suojaamattomien lattioiden edustavan ulkon\u00e4\u00f6n. T\u00c4RKE\u00c4\u00c4: Tarkista materiaalin ja tuotteen yhteensopivuus ennen k\u00e4ytt\u00f6\u00e4. Ei saa k\u00e4ytt\u00e4\u00e4 em\u00e4ksisi\u00e4 aineita kest\u00e4m\u00e4tt\u00f6mille pinnoille (tiivisteen pH n. 12,5 ja k\u00e4ytt\u00f6liuoksen pH &gt;11).<\/p>\n<p>&nbsp;<\/p>\n<p><em>Hinta per astia! Min tilaus 2x5L<\/em><\/p>\n","protected":false},"featured_media":86031,"comment_status":"open","ping_status":"closed","template":"","meta":{"_acf_changed":false},"factory":[],"free-shipment":[],"product_brand":[],"product_cat":[441,422],"product_tag":[],"class_list":{"0":"post-86035","1":"product","2":"type-product","3":"status-publish","4":"has-post-thumbnail","6":"product_cat-ammattimaiset-siivoustuotteet","7":"product_cat-keemia-fi","9":"first","10":"instock","11":"sale","12":"taxable","13":"shipping-taxable","14":"purchasable","15":"product-type-simple"},"acf":[],"_links":{"self":[{"href":"https:\/\/factory.sale\/fi\/wp-json\/wp\/v2\/product\/86035","targetHints":{"allow":["GET"]}}],"collection":[{"href":"https:\/\/factory.sale\/fi\/wp-json\/wp\/v2\/product"}],"about":[{"href":"https:\/\/factory.sale\/fi\/wp-json\/wp\/v2\/types\/product"}],"replies":[{"embeddable":true,"href":"https:\/\/factory.sale\/fi\/wp-json\/wp\/v2\/comments?post=86035"}],"wp:featuredmedia":[{"embeddable":true,"href":"https:\/\/factory.sale\/fi\/wp-json\/wp\/v2\/media\/86031"}],"wp:attachment":[{"href":"https:\/\/factory.sale\/fi\/wp-json\/wp\/v2\/media?parent=86035"}],"wp:term":[{"taxonomy":"factory","embeddable":true,"href":"https:\/\/factory.sale\/fi\/wp-json\/wp\/v2\/factory?post=86035"},{"taxonomy":"free-shipment","embeddable":true,"href":"https:\/\/factory.sale\/fi\/wp-json\/wp\/v2\/free-shipment?post=86035"},{"taxonomy":"product_brand","embeddable":true,"href":"https:\/\/factory.sale\/fi\/wp-json\/wp\/v2\/product_brand?post=86035"},{"taxonomy":"product_cat","embeddable":true,"href":"https:\/\/factory.sale\/fi\/wp-json\/wp\/v2\/product_cat?post=86035"},{"taxonomy":"product_tag","embeddable":true,"href":"https:\/\/factory.sale\/fi\/wp-json\/wp\/v2\/product_tag?post=86035"}],"curies":[{"name":"wp","href":"https:\/\/api.w.org\/{rel}","templated":true}]}}