{"id":86016,"date":"2024-06-10T09:32:43","date_gmt":"2024-06-10T09:42:36","guid":{"rendered":"https:\/\/factory.sale\/?post_type=product&#038;p=86016"},"modified":"2024-06-26T13:46:39","modified_gmt":"2024-06-26T13:46:39","slug":"good-sense-fresh-o3a-6x0-75l-tekstiilipintojen-ja-huoneilman-raikastaja","status":"publish","type":"product","link":"https:\/\/factory.sale\/fi\/tuote\/good-sense-fresh-o3a-6x0-75l-tekstiilipintojen-ja-huoneilman-raikastaja\/","title":{"rendered":"Good Sense Fresh O3a 6&#215;0.75L &#8211; Tekstiilipintojen ja huoneilman raikastaja"},"content":{"rendered":"<p><strong>Tuotekoodi<\/strong>: 7512911<\/p>\n<p>&nbsp;<\/p>\n<p>Good Sense Fresh on k\u00e4ytt\u00f6valmis sumutinpullon avulla huoneilmaan ja pinnoille levitett\u00e4v\u00e4 raikastaja, joka poistaa pahaa hajua tekstiileist\u00e4 ja kalusteista.<\/p>\n<p>&nbsp;<\/p>\n<p><strong>Ominaisuudet <\/strong><\/p>\n<ul>\n<li>Ainutlaatuinen, patentoitu O.N.T. -teknologia, joka muuttaa pahanhajuiset molekyylit hajuttomiksi.<\/li>\n<li>Vaikuttaa nopeasti ja pitk\u00e4\u00e4n.<\/li>\n<li>Tehoaa monenlaisiin hajuihin (tupakka, ruoka, virtsa jne.).<\/li>\n<li>Turvallinen vesipesun kest\u00e4ville, v\u00e4rin pit\u00e4ville tekstiileille sek\u00e4 kalusteille.<\/li>\n<\/ul>\n<p>&nbsp;<\/p>\n<p><strong>Edut <\/strong><\/p>\n<ul>\n<li>Ei peit\u00e4 vaan poistaa pahat hajut.<\/li>\n<li>Saa huoneen ja kalusteet tuoksumaan nopeasti raikkailta.<\/li>\n<li>Voidaan liitt\u00e4\u00e4 osaksi normaaleja siivousrutiineja.<\/li>\n<li>Turvallinen vesipesun kest\u00e4ville, v\u00e4rin pit\u00e4ville tekstiileille sek\u00e4 kalusteille.<\/li>\n<\/ul>\n<p>&nbsp;<\/p>\n<p><strong>K\u00e4ytt\u00f6ohje<\/strong><\/p>\n<p>Good Sense Fresh on k\u00e4ytt\u00f6valmis; k\u00e4yt\u00e4 laimentamattomana.<br \/>\nOikea annostus s\u00e4\u00e4st\u00e4\u00e4 kustannuksia ja minimoi ymp\u00e4rist\u00f6vaikutukset.<\/p>\n<p>Suihkuta kangasta tai pintaa tasaisesti, kunnes se on kostea. Hajut poistuvat kankaan kuivuessa. Vaikeat hajut saattavat vaatia toisen k\u00e4sittelyn. Annostellun tuotteen m\u00e4\u00e4r\u00e4 vaikuttaa kuivumisaikaan. Anna k\u00e4sitellyn kankaan kuivua ennen k\u00e4ytt\u00f6\u00e4.<\/p>\n<p>&nbsp;<\/p>\n<p>&nbsp;<\/p>\n<p><strong>Tuotetiedot:<\/strong><\/p>\n<ul>\n<li>Merkki: Good Sense<\/li>\n<li>SKU configuration: 6&#215;0.75 L<\/li>\n<li>Myyntiyksik\u00f6n pakkaus: Box<\/li>\n<li>Pituus myyntiyksikk\u00f6: 236<\/li>\n<li>Leveys myyntiyksikk\u00f6: 190<\/li>\n<li>Korkeus myyntiyksikk\u00f6: 297<\/li>\n<li>Mitat mittayksikk\u00f6: mm<\/li>\n<li>Nettopaino: 4.5<\/li>\n<li>Bruttopaino: 5.19<\/li>\n<li>Painon mittayksikk\u00f6: kg<\/li>\n<\/ul>\n<div class=\"page\" title=\"Page 1\">\n<div class=\"section\">\n<div class=\"layoutArea\">\n<div class=\"column\">\n<p>&nbsp;<\/p>\n<p>&nbsp;<\/p>\n<p><a href=\"https:\/\/factory.sale\/wp-content\/uploads\/2024\/06\/16-MSDS4404_FI02_FI_.pdf\" target=\"_blank\" rel=\"noopener\">Ka\u0308ytto\u0308turvallisuustiedote<\/a><\/p>\n<p><a href=\"https:\/\/factory.sale\/wp-content\/uploads\/2024\/06\/17-P90180-fi-FI.pdf\" target=\"_blank\" rel=\"noopener\">Tuotelehti<\/a><\/p>\n<\/div>\n<\/div>\n<\/div>\n<\/div>\n","protected":false},"excerpt":{"rendered":"<p>Good Sense Fresh on k\u00e4ytt\u00f6valmis sumutinpullon avulla huoneilmaan ja pinnoille levitett\u00e4v\u00e4 raikastaja, joka poistaa pahaa hajua tekstiileist\u00e4 ja kalusteista.<\/p>\n<p>&nbsp;<\/p>\n<p><em>Hinta per astia! Min tilaus 6X0.75L<\/em><\/p>\n","protected":false},"featured_media":86013,"comment_status":"open","ping_status":"closed","template":"","meta":{"_acf_changed":false},"factory":[],"free-shipment":[],"product_brand":[],"product_cat":[441,422],"product_tag":[],"class_list":{"0":"post-86016","1":"product","2":"type-product","3":"status-publish","4":"has-post-thumbnail","6":"product_cat-ammattimaiset-siivoustuotteet","7":"product_cat-keemia-fi","9":"first","10":"instock","11":"sale","12":"taxable","13":"shipping-taxable","14":"purchasable","15":"product-type-simple"},"acf":[],"_links":{"self":[{"href":"https:\/\/factory.sale\/fi\/wp-json\/wp\/v2\/product\/86016","targetHints":{"allow":["GET"]}}],"collection":[{"href":"https:\/\/factory.sale\/fi\/wp-json\/wp\/v2\/product"}],"about":[{"href":"https:\/\/factory.sale\/fi\/wp-json\/wp\/v2\/types\/product"}],"replies":[{"embeddable":true,"href":"https:\/\/factory.sale\/fi\/wp-json\/wp\/v2\/comments?post=86016"}],"wp:featuredmedia":[{"embeddable":true,"href":"https:\/\/factory.sale\/fi\/wp-json\/wp\/v2\/media\/86013"}],"wp:attachment":[{"href":"https:\/\/factory.sale\/fi\/wp-json\/wp\/v2\/media?parent=86016"}],"wp:term":[{"taxonomy":"factory","embeddable":true,"href":"https:\/\/factory.sale\/fi\/wp-json\/wp\/v2\/factory?post=86016"},{"taxonomy":"free-shipment","embeddable":true,"href":"https:\/\/factory.sale\/fi\/wp-json\/wp\/v2\/free-shipment?post=86016"},{"taxonomy":"product_brand","embeddable":true,"href":"https:\/\/factory.sale\/fi\/wp-json\/wp\/v2\/product_brand?post=86016"},{"taxonomy":"product_cat","embeddable":true,"href":"https:\/\/factory.sale\/fi\/wp-json\/wp\/v2\/product_cat?post=86016"},{"taxonomy":"product_tag","embeddable":true,"href":"https:\/\/factory.sale\/fi\/wp-json\/wp\/v2\/product_tag?post=86016"}],"curies":[{"name":"wp","href":"https:\/\/api.w.org\/{rel}","templated":true}]}}