{"id":85995,"date":"2024-06-10T09:05:36","date_gmt":"2024-06-10T09:22:36","guid":{"rendered":"https:\/\/factory.sale\/?post_type=product&#038;p=85995"},"modified":"2024-06-25T23:05:04","modified_gmt":"2024-06-25T23:05:04","slug":"taski-jontec-extra-f3e-2x5l-polymeeripitoinen-hoitoaine","status":"publish","type":"product","link":"https:\/\/factory.sale\/fi\/tuote\/taski-jontec-extra-f3e-2x5l-polymeeripitoinen-hoitoaine\/","title":{"rendered":"TASKI Jontec Extra F3e 2x5L &#8211; Polymeeripitoinen hoitoaine"},"content":{"rendered":"<p><strong>Tuotekoodi:<\/strong> 7513160<\/p>\n<p>&nbsp;<\/p>\n<p>Puhdistus- ja hoitoaine. Muodostaa askelvarman kulutusta kest\u00e4v\u00e4n, yll\u00e4pitosiivousta helpottavan suojakalvon.<\/p>\n<p>&nbsp;<\/p>\n<p><strong>Ominaisuudet <\/strong><\/p>\n<ul>\n<li>Tehokas hoitava vaikutus kohteissa, joissa vilkas henkil\u00f6liikenne.<\/li>\n<li>Osa suomalaista linoleumilattioiden suoja- ja hoitoj\u00e4rjestelm\u00e4\u00e4.<\/li>\n<li>Muodostaa kirkkaan, kulutusta kest\u00e4v\u00e4n suojakalvon.<\/li>\n<li>Suojakalvo vahvistuu jokaisella k\u00e4ytt\u00f6kerralla.<\/li>\n<li>Soveltuu sek\u00e4 k\u00e4si- ett\u00e4 konemenetelmiin.<\/li>\n<li>Helpottaa p\u00e4ivitt\u00e4ist\u00e4 yll\u00e4pitosiivousta.<\/li>\n<\/ul>\n<p>&nbsp;<\/p>\n<p><strong>Edut <\/strong><\/p>\n<ul>\n<li>Tehokas polymeerien, vahojen ja pinta-aktiivisten aineiden yhdistelm\u00e4.<\/li>\n<li>Muodostaa lattialle askelvarman suojakalvon.<\/li>\n<li>Voidaan k\u00e4ytt\u00e4\u00e4 laimentamattomana suoja-aineeksi (linoleumi, kumilattiat) ja\/tai laimennettuna hoitoaineeksi.<\/li>\n<li>Lattianpinnan kiiltoa voidaan lis\u00e4t\u00e4 kiillottamalla.<\/li>\n<li>Miellytt\u00e4v\u00e4n raikas tuoksu.<\/li>\n<\/ul>\n<p>&nbsp;<\/p>\n<p><strong>Tuotetiedot:<\/strong><\/p>\n<ul>\n<li>Merkki: TASKI<\/li>\n<li>SKU configuration: 2&#215;5 L<\/li>\n<li>Myyntiyksik\u00f6n pakkaus: Box<\/li>\n<li>Pituus myyntiyksikk\u00f6: 280<\/li>\n<li>Leveys myyntiyksikk\u00f6: 191<\/li>\n<li>Korkeus myyntiyksikk\u00f6: 295<\/li>\n<li>Mitat mittayksikk\u00f6: mm<\/li>\n<li>Nettopaino: 10.28<\/li>\n<li>Bruttopaino: 10.85<\/li>\n<li>Painon mittayksikk\u00f6: kg<\/li>\n<\/ul>\n<p>&nbsp;<\/p>\n<div class=\"page\" title=\"Page 1\">\n<div class=\"section\">\n<div class=\"layoutArea\">\n<div class=\"column\">\n<p><a href=\"https:\/\/factory.sale\/wp-content\/uploads\/2024\/06\/12-MSDS5037_FI02_FI_.pdf\" target=\"_blank\" rel=\"noopener\">Ka\u0308ytto\u0308turvallisuustiedote<\/a><\/p>\n<p><a href=\"https:\/\/factory.sale\/wp-content\/uploads\/2024\/06\/13-P99554-fi-FI.pdf\" target=\"_blank\" rel=\"noopener\">Tuotelehti<\/a><\/p>\n<\/div>\n<\/div>\n<\/div>\n<\/div>\n<p>&nbsp;<\/p>\n","protected":false},"excerpt":{"rendered":"<p>Puhdistus- ja hoitoaine. Muodostaa askelvarman kulutusta kest\u00e4v\u00e4n, yll\u00e4pitosiivousta helpottavan suojakalvon.<\/p>\n<p>&nbsp;<\/p>\n<p><em>Hinta per astia! Min tilaus 2x5L<\/em><\/p>\n","protected":false},"featured_media":85992,"comment_status":"open","ping_status":"closed","template":"","meta":{"_acf_changed":false},"factory":[],"free-shipment":[],"product_brand":[],"product_cat":[441,422],"product_tag":[],"class_list":{"0":"post-85995","1":"product","2":"type-product","3":"status-publish","4":"has-post-thumbnail","6":"product_cat-ammattimaiset-siivoustuotteet","7":"product_cat-keemia-fi","9":"first","10":"instock","11":"sale","12":"taxable","13":"shipping-taxable","14":"purchasable","15":"product-type-simple"},"acf":[],"_links":{"self":[{"href":"https:\/\/factory.sale\/fi\/wp-json\/wp\/v2\/product\/85995","targetHints":{"allow":["GET"]}}],"collection":[{"href":"https:\/\/factory.sale\/fi\/wp-json\/wp\/v2\/product"}],"about":[{"href":"https:\/\/factory.sale\/fi\/wp-json\/wp\/v2\/types\/product"}],"replies":[{"embeddable":true,"href":"https:\/\/factory.sale\/fi\/wp-json\/wp\/v2\/comments?post=85995"}],"wp:featuredmedia":[{"embeddable":true,"href":"https:\/\/factory.sale\/fi\/wp-json\/wp\/v2\/media\/85992"}],"wp:attachment":[{"href":"https:\/\/factory.sale\/fi\/wp-json\/wp\/v2\/media?parent=85995"}],"wp:term":[{"taxonomy":"factory","embeddable":true,"href":"https:\/\/factory.sale\/fi\/wp-json\/wp\/v2\/factory?post=85995"},{"taxonomy":"free-shipment","embeddable":true,"href":"https:\/\/factory.sale\/fi\/wp-json\/wp\/v2\/free-shipment?post=85995"},{"taxonomy":"product_brand","embeddable":true,"href":"https:\/\/factory.sale\/fi\/wp-json\/wp\/v2\/product_brand?post=85995"},{"taxonomy":"product_cat","embeddable":true,"href":"https:\/\/factory.sale\/fi\/wp-json\/wp\/v2\/product_cat?post=85995"},{"taxonomy":"product_tag","embeddable":true,"href":"https:\/\/factory.sale\/fi\/wp-json\/wp\/v2\/product_tag?post=85995"}],"curies":[{"name":"wp","href":"https:\/\/api.w.org\/{rel}","templated":true}]}}