{"id":85974,"date":"2024-06-10T08:18:37","date_gmt":"2024-06-10T08:37:21","guid":{"rendered":"https:\/\/factory.sale\/?post_type=product&#038;p=85974"},"modified":"2024-06-29T15:44:42","modified_gmt":"2024-06-29T15:44:42","slug":"taski-jontec-tensol-free-sd-f4c-1x1-4l-puhdistus-ja-hoitoaine","status":"publish","type":"product","link":"https:\/\/factory.sale\/fi\/tuote\/taski-jontec-tensol-free-sd-f4c-1x1-4l-puhdistus-ja-hoitoaine\/","title":{"rendered":"TASKI Jontec Tensol free SD F4c 1&#215;1.4L &#8211; Puhdistus- ja hoitoaine"},"content":{"rendered":"<p><strong>Tuotekoodi:<\/strong> 100883798<\/p>\n<p>&nbsp;<\/p>\n<p>Matalavaahtoinen, tensidipohjainen, kerrostumaton puhdistus- ja hoitoaine vahatuille ja vahaamattomille vett\u00e4 siet\u00e4ville lattiapinnoille. Muodostaa askelvarman ja likaa hylkiv\u00e4n pinnan. SmartDose-annosteluj\u00e4rjestelm\u00e4 takaa tarkan annostelun sumutinpulloon, sankoon tai pesualtaaseen.<\/p>\n<p>&nbsp;<\/p>\n<p><strong>Ominaisuudet<\/strong><\/p>\n<ul>\n<li>Kuivuu j\u00e4lki\u00e4 j\u00e4tt\u00e4m\u00e4tt\u00e4.<\/li>\n<li>Ei sis\u00e4ll\u00e4 hajustetta eik\u00e4 v\u00e4riainetta.<\/li>\n<li>Matalavaahtoinen, soveltuu k\u00e4si- ja konemenetelmiin sek\u00e4 hoitokiillotukseen lattianhoitokoneilla.<\/li>\n<\/ul>\n<p>&nbsp;<\/p>\n<p><strong>Edut<\/strong><\/p>\n<ul>\n<li>Ymp\u00e4rist\u00f6merkitty (EU-Kukka).<\/li>\n<li>K\u00e4ytt\u00f6liuoksen pH neutraali.<\/li>\n<li>Hyv\u00e4 puhdistuskyky.<\/li>\n<li>Ei sis\u00e4ll\u00e4 hajusteita eik\u00e4 v\u00e4riaineita.<\/li>\n<li>Kiillotusmenetelm\u00e4t lis\u00e4\u00e4v\u00e4t lattiapinnan kitkaa.<\/li>\n<\/ul>\n<p>&nbsp;<\/p>\n<p><strong>Tuotekoodi:<\/strong><\/p>\n<ul>\n<li>Merkki: TASKI<\/li>\n<li>Dispensing Platform: SmartDose\u00ae<\/li>\n<li>SKU configuration: 1&#215;1.4 L<\/li>\n<li>Myyntiyksik\u00f6n pakkaus: Box<\/li>\n<li>Pituus myyntiyksikk\u00f6: 202<\/li>\n<li>Leveys myyntiyksikk\u00f6: 109<\/li>\n<li>Korkeus myyntiyksikk\u00f6: 247<\/li>\n<li>Mitat mittayksikk\u00f6: mm<\/li>\n<li>Nettopaino : 1.37<\/li>\n<li>Bruttopaino: 1.67<\/li>\n<li>Painon mittayksikk\u00f6: kg<\/li>\n<\/ul>\n<p>&nbsp;<\/p>\n<p><a href=\"https:\/\/factory.sale\/wp-content\/uploads\/2024\/06\/11-K01393-fi-FI.pdf\" target=\"_blank\" rel=\"noopener\">Tuotelehti<\/a><\/p>\n<div class=\"page\" title=\"Page 1\">\n<div class=\"section\">\n<div class=\"layoutArea\">\n<div class=\"column\">\n<p><a href=\"https:\/\/factory.sale\/wp-content\/uploads\/2024\/06\/12-MS1002380_FI02_FI_.pdf\" target=\"_blank\" rel=\"noopener\">Ka\u0308ytto\u0308turvallisuustiedote<\/a><\/p>\n<\/div>\n<\/div>\n<\/div>\n<\/div>\n","protected":false},"excerpt":{"rendered":"<p>Matalavaahtoinen, tensidipohjainen, kerrostumaton puhdistus- ja hoitoaine vahatuille ja vahaamattomille vett\u00e4 siet\u00e4ville lattiapinnoille. Muodostaa askelvarman ja likaa hylkiv\u00e4n pinnan. SmartDose-annosteluj\u00e4rjestelm\u00e4 takaa tarkan annostelun sumutinpulloon, sankoon tai pesualtaaseen.<\/p>\n<p>&nbsp;<\/p>\n<p><em>Hinta per astia! Min tilaus 2x5L<\/em><\/p>\n","protected":false},"featured_media":85971,"comment_status":"open","ping_status":"closed","template":"","meta":{"_acf_changed":false},"factory":[],"free-shipment":[],"product_brand":[],"product_cat":[345,310],"product_tag":[],"class_list":{"0":"post-85974","1":"product","2":"type-product","3":"status-publish","4":"has-post-thumbnail","6":"product_cat-chemistry","7":"product_cat-professional-cleaning-and-care-products-2","9":"first","10":"instock","11":"sale","12":"taxable","13":"shipping-taxable","14":"purchasable","15":"product-type-simple"},"acf":[],"_links":{"self":[{"href":"https:\/\/factory.sale\/fi\/wp-json\/wp\/v2\/product\/85974","targetHints":{"allow":["GET"]}}],"collection":[{"href":"https:\/\/factory.sale\/fi\/wp-json\/wp\/v2\/product"}],"about":[{"href":"https:\/\/factory.sale\/fi\/wp-json\/wp\/v2\/types\/product"}],"replies":[{"embeddable":true,"href":"https:\/\/factory.sale\/fi\/wp-json\/wp\/v2\/comments?post=85974"}],"wp:featuredmedia":[{"embeddable":true,"href":"https:\/\/factory.sale\/fi\/wp-json\/wp\/v2\/media\/85971"}],"wp:attachment":[{"href":"https:\/\/factory.sale\/fi\/wp-json\/wp\/v2\/media?parent=85974"}],"wp:term":[{"taxonomy":"factory","embeddable":true,"href":"https:\/\/factory.sale\/fi\/wp-json\/wp\/v2\/factory?post=85974"},{"taxonomy":"free-shipment","embeddable":true,"href":"https:\/\/factory.sale\/fi\/wp-json\/wp\/v2\/free-shipment?post=85974"},{"taxonomy":"product_brand","embeddable":true,"href":"https:\/\/factory.sale\/fi\/wp-json\/wp\/v2\/product_brand?post=85974"},{"taxonomy":"product_cat","embeddable":true,"href":"https:\/\/factory.sale\/fi\/wp-json\/wp\/v2\/product_cat?post=85974"},{"taxonomy":"product_tag","embeddable":true,"href":"https:\/\/factory.sale\/fi\/wp-json\/wp\/v2\/product_tag?post=85974"}],"curies":[{"name":"wp","href":"https:\/\/api.w.org\/{rel}","templated":true}]}}