{"id":85953,"date":"2024-06-10T08:03:12","date_gmt":"2024-06-10T08:12:04","guid":{"rendered":"https:\/\/factory.sale\/?post_type=product&#038;p=85953"},"modified":"2024-06-28T21:42:02","modified_gmt":"2024-06-28T21:42:02","slug":"taski-jontec-resitol-f2j-2x5l-kiiltava-lattiavaha","status":"publish","type":"product","link":"https:\/\/factory.sale\/fi\/tuote\/taski-jontec-resitol-f2j-2x5l-kiiltava-lattiavaha\/","title":{"rendered":"TASKI Jontec Resitol F2j 2x5L &#8211; Kiilt\u00e4v\u00e4 lattiavaha"},"content":{"rendered":"<p><strong>Tuotekoodi:<\/strong> 7512357<\/p>\n<p>&nbsp;<\/p>\n<p>Hyvin kulutusta kest\u00e4v\u00e4 askelvarma lattiavaha kaikille vett\u00e4 siet\u00e4ville koville lattioille. Kehitetty erityisesti est\u00e4m\u00e4\u00e4n alkoholihuuhteiden ja desinfektioaineiden vahapinnalle aiheuttamia vaurioita.<\/p>\n<p><strong>Ominaisuudet<\/strong><\/p>\n<p>Kulutusta kest\u00e4v\u00e4 vahakalvo suojaa lattiamateriaalia ja helpottaa yll\u00e4pitosiivousta. Koronj\u00e4ljet helposti poistettavissa. Taloudellinen ja helppo hoitaa. Askelvarma.<\/p>\n<p>&nbsp;<\/p>\n<p><strong>Edut<\/strong><\/p>\n<ul>\n<li>Kest\u00e4\u00e4 hyvin kulutusta.<\/li>\n<li>Muodostaa lattian v\u00e4ri\u00e4 ja kuviointia korostavan edustavan suojakalvon.<\/li>\n<li>Kiiltoaste lis\u00e4\u00e4ntyy kiillotettaessa.<\/li>\n<li>Est\u00e4\u00e4 alkoholihuuhteiden ja desinfektioaineiden vahapinnalle aiheuttamia vaurioita.<\/li>\n<li>Helppo levitt\u00e4\u00e4, kuivuu nopeasti.<\/li>\n<li>Askelvarmuus kansainv\u00e4listen ASTM D-2047 standardien mukainen.<\/li>\n<\/ul>\n<p>&nbsp;<\/p>\n<p><strong>Tuotekoodi:<\/strong><\/p>\n<ul>\n<li>Merkki: TASKI<\/li>\n<li>SKU configuration: 2&#215;5 L<\/li>\n<li>Myyntiyksik\u00f6n pakkaus: Box<\/li>\n<li>Pituus myyntiyksikk\u00f6: 280<\/li>\n<li>Leveys myyntiyksikk\u00f6: 191<\/li>\n<li>Korkeus myyntiyksikk\u00f6: 295<\/li>\n<li>Mitat mittayksikk\u00f6: mm<\/li>\n<li>Nettopaino: 10.3<\/li>\n<li>Bruttopaino: 10.87<\/li>\n<li>Painon mittayksikk\u00f6: kg<\/li>\n<\/ul>\n<p>&nbsp;<\/p>\n<p><a href=\"https:\/\/factory.sale\/wp-content\/uploads\/2024\/06\/7-P99967-fi-FI.pdf\" target=\"_blank\" rel=\"noopener\">Tuotelehti<\/a><\/p>\n<div class=\"page\" title=\"Page 1\">\n<div class=\"section\">\n<div class=\"layoutArea\">\n<div class=\"column\">\n<p><a href=\"https:\/\/factory.sale\/wp-content\/uploads\/2024\/06\/8-MSDS4754_FI02_FI_.pdf\" target=\"_blank\" rel=\"noopener\">Ka\u0308ytto\u0308turvallisuustiedote<\/a><\/p>\n<\/div>\n<\/div>\n<\/div>\n<\/div>\n<p>&nbsp;<\/p>\n","protected":false},"excerpt":{"rendered":"<p>Hyvin kulutusta kest\u00e4v\u00e4 askelvarma lattiavaha kaikille vett\u00e4 siet\u00e4ville koville lattioille. Kehitetty erityisesti est\u00e4m\u00e4\u00e4n alkoholihuuhteiden ja desinfektioaineiden vahapinnalle aiheuttamia vaurioita.<\/p>\n<p>&nbsp;<\/p>\n<p><em>Hinta per astia! Min tilaus 2x5L<\/em><\/p>\n","protected":false},"featured_media":85950,"comment_status":"open","ping_status":"closed","template":"","meta":{"_acf_changed":false},"factory":[],"free-shipment":[],"product_brand":[],"product_cat":[422,441],"product_tag":[],"class_list":{"0":"post-85953","1":"product","2":"type-product","3":"status-publish","4":"has-post-thumbnail","6":"product_cat-keemia-fi","7":"product_cat-ammattimaiset-siivoustuotteet","9":"first","10":"instock","11":"sale","12":"taxable","13":"shipping-taxable","14":"purchasable","15":"product-type-simple"},"acf":[],"_links":{"self":[{"href":"https:\/\/factory.sale\/fi\/wp-json\/wp\/v2\/product\/85953","targetHints":{"allow":["GET"]}}],"collection":[{"href":"https:\/\/factory.sale\/fi\/wp-json\/wp\/v2\/product"}],"about":[{"href":"https:\/\/factory.sale\/fi\/wp-json\/wp\/v2\/types\/product"}],"replies":[{"embeddable":true,"href":"https:\/\/factory.sale\/fi\/wp-json\/wp\/v2\/comments?post=85953"}],"wp:featuredmedia":[{"embeddable":true,"href":"https:\/\/factory.sale\/fi\/wp-json\/wp\/v2\/media\/85950"}],"wp:attachment":[{"href":"https:\/\/factory.sale\/fi\/wp-json\/wp\/v2\/media?parent=85953"}],"wp:term":[{"taxonomy":"factory","embeddable":true,"href":"https:\/\/factory.sale\/fi\/wp-json\/wp\/v2\/factory?post=85953"},{"taxonomy":"free-shipment","embeddable":true,"href":"https:\/\/factory.sale\/fi\/wp-json\/wp\/v2\/free-shipment?post=85953"},{"taxonomy":"product_brand","embeddable":true,"href":"https:\/\/factory.sale\/fi\/wp-json\/wp\/v2\/product_brand?post=85953"},{"taxonomy":"product_cat","embeddable":true,"href":"https:\/\/factory.sale\/fi\/wp-json\/wp\/v2\/product_cat?post=85953"},{"taxonomy":"product_tag","embeddable":true,"href":"https:\/\/factory.sale\/fi\/wp-json\/wp\/v2\/product_tag?post=85953"}],"curies":[{"name":"wp","href":"https:\/\/api.w.org\/{rel}","templated":true}]}}