{"id":85930,"date":"2024-06-09T17:49:05","date_gmt":"2024-06-09T18:00:17","guid":{"rendered":"https:\/\/factory.sale\/?post_type=product&#038;p=85930"},"modified":"2024-07-03T11:06:30","modified_gmt":"2024-07-03T11:06:30","slug":"taski-jontec-eternum-f2e-2x5l-kiiltavapintainen-tuoksuva-yleisvaha","status":"publish","type":"product","link":"https:\/\/factory.sale\/fi\/tuote\/taski-jontec-eternum-f2e-2x5l-kiiltavapintainen-tuoksuva-yleisvaha\/","title":{"rendered":"TASKI Jontec Eternum F2e 2x5L &#8211; Kiilt\u00e4v\u00e4pintainen, tuoksuva yleisvaha"},"content":{"rendered":"<p><strong>Tuotekoodi:<\/strong> 7512694<\/p>\n<p>&nbsp;<\/p>\n<p>Kiilt\u00e4v\u00e4, liukastumista est\u00e4v\u00e4 lattiaemulsio useimmille sileille ja vedenkest\u00e4ville koville lattioille. Sen teknologia takaa erinomaisen kulutuskest\u00e4vyyden naarmuja ja likaa vastaan. Se v\u00e4hent\u00e4\u00e4 yll\u00e4pitokustannuksia parantaakseen tuottavuutta. Se on ihanteellinen kaikilla arvostetuilla ja paljon liikenn\u00f6idyill\u00e4 alueilla, joissa tavalliset emulsiot vaativat korkeaa yll\u00e4pitotasoa. Sopii k\u00e4ytett\u00e4v\u00e4ksi perinteisill\u00e4 menetelmill\u00e4 sek\u00e4 TASKI ProSpeedill\u00e4. TASKI ProSpeed on helppok\u00e4ytt\u00f6inen ergonominen lattianviimeistelylevitin, joka tarjoaa korkealaatuisen lattianviimeistelykerroksen ja parantaa viimeistelykerroksen levityksen tuottavuutta samalla v\u00e4hent\u00e4en kemikaalien kulutusta ja pakkausj\u00e4tett\u00e4. TASKI ProSpeedin avulla tuotteen kulutusta voidaan hallita, samalla tarjoten yhten\u00e4isen korkealaatuisen lattianviimeistelykerroksen.<\/p>\n<p>&nbsp;<\/p>\n<ul>\n<li>Kiilt\u00e4v\u00e4 suojakerros<\/li>\n<li>Kova, kest\u00e4v\u00e4 ja kulutusta kest\u00e4v\u00e4 suojaus<\/li>\n<li>Erinomainen tarttuvuus useimpiin lattiatyyppeihin<\/li>\n<li>Liukastumista est\u00e4v\u00e4 kansainv\u00e4listen standardien mukaan (ASTM D-2047)<\/li>\n<li>Helppo korjata<\/li>\n<\/ul>\n<p>&nbsp;<\/p>\n<p>&nbsp;<\/p>\n<p><strong>Edut<\/strong><\/p>\n<p>Parantaa lattian luonnollista ulkon\u00e4k\u00f6\u00e4, antaen pitk\u00e4kestoisen kiilt\u00e4v\u00e4n pinnan. Erinomainen vastustuskyky naarmuille ja lialle, jopa kovassa k\u00e4yt\u00f6ss\u00e4. Sopii useimmille lattiatyypeille, kuten vinyyli, synteettinen, linoleumi, kivi, suljettu puu ja korkkilattiat. Levitt\u00e4\u00e4 tasaisesti, mik\u00e4 takaa t\u00e4ydellisen tasoituksen. Takaa liukastumisen eston ja turvallisuuden ty\u00f6ntekij\u00f6illesi ja asiakkailesi. Reagoi useimpiin yleisiin yll\u00e4pitomenetelmiin. Sopii perinteisiin sovelluksiin litte\u00e4ll\u00e4 mopilla, mopilla ja \u00e4mp\u00e4rill\u00e4 tai tavallisilla kiillotuslevittimill\u00e4. Parhaiden tulosten saavuttamiseksi valitse ProSpeed-lattianviimeistelylevitin, joka on osoittautunut v\u00e4hent\u00e4v\u00e4n operaattorin v\u00e4symyst\u00e4 perinteisiin menetelmiin verrattuna, parantaen samalla tuloksia ja tuottavuutta.<\/p>\n<p>&nbsp;<\/p>\n<p><strong>Tuotteen k\u00e4ytt\u00f6ohje<\/strong><\/p>\n<ol>\n<li>K\u00e4sittele vain poistettuja ja huolellisesti huuhdeltuja sek\u00e4 t\u00e4ysin kuivia lattioita. K\u00e4sittele huokoiset ja vaurioituneet lattiat yhdell\u00e4 Diverseyn lattian tiivistysaineella ennen levityst\u00e4.<\/li>\n<li>Kun k\u00e4yt\u00e4t TASKI ProSpeed -lattianviimeistelylevittimen kanssa, lue k\u00e4ytt\u00f6ohje ja tuoteseloste ennen levityst\u00e4.<\/li>\n<li>Kaada tuotetta s\u00e4\u00e4steli\u00e4\u00e4sti lattialle ja levit\u00e4 se tasaisesti viel\u00e4 m\u00e4rk\u00e4n\u00e4, limitt\u00e4in 1-1,5 m leveiss\u00e4 kaistoissa. Anna kuivua t\u00e4ysin (20-30 minuuttia) ennen lis\u00e4kerrosten levitt\u00e4mist\u00e4 samalla tavalla.<\/li>\n<li>Levit\u00e4 kaksi kerrosta ei-huokoisille, sileille lattioille. Kolme kerrosta on yleens\u00e4 riitt\u00e4v\u00e4 huokoisille lattioille.<\/li>\n<li>Linoleumi: ensimm\u00e4isen kerroksen kuivuttua, tasoita linoleumilattia yhdell\u00e4 levykoneella, joka on varustettu sinisell\u00e4 tyynyll\u00e4, sitten kostealla mopilla ja anna kuivua t\u00e4ysin ennen lis\u00e4kerrosten levitt\u00e4mist\u00e4.<\/li>\n<li>Pintakerroksen poistaminen ja uudelleen pinnoitus: k\u00e4yt\u00e4 Diverseyn lattian pintakerroksen poistajaa poistaaksesi yhden kerroksen kiillotusaineesta ja ker\u00e4\u00e4 likaantunut liuos kuivausimurilla tai m\u00e4rk\u00e4imurilla. Anna kuivua t\u00e4ysin ja levit\u00e4 lis\u00e4kerrokset.<\/li>\n<\/ol>\n<p>&nbsp;<\/p>\n<p><strong>Tekniset tiedot:<\/strong><\/p>\n<ul>\n<li>Merkki: TASKI<\/li>\n<li>SKU configuration: 2&#215;5 L<\/li>\n<li>Myyntiyksik\u00f6n pakkaus: Box<\/li>\n<li>Pituus myyntiyksikk\u00f6: 280<\/li>\n<li>Leveys myyntiyksikk\u00f6: 191<\/li>\n<li>Korkeus myyntiyksikk\u00f6: 295<\/li>\n<li>Mitat mittayksikk\u00f6: mm<\/li>\n<li>Nettopaino: 10.36<\/li>\n<li>Bruttopaino: 10.93<\/li>\n<li>Painon mittayksikk\u00f6: kg<\/li>\n<\/ul>\n<p>&nbsp;<\/p>\n<p><a href=\"https:\/\/factory.sale\/wp-content\/uploads\/2024\/06\/3-MSDS4848_FI02_FI_.pdf\" target=\"_blank\" rel=\"noopener\">K\u00e4ytt\u00f6turvallisuustiedote<\/a><\/p>\n<p><a href=\"https:\/\/factory.sale\/wp-content\/uploads\/2024\/06\/4-P87305-fi-FI.pdf\" target=\"_blank\" rel=\"noopener\">Tuotelehti<\/a><\/p>\n","protected":false},"excerpt":{"rendered":"<p>Kiilt\u00e4v\u00e4, liukastumista est\u00e4v\u00e4 lattiaemulsio useimmille sileille ja vedenkest\u00e4ville koville lattioille. Sen teknologia takaa erinomaisen kulutuskest\u00e4vyyden naarmuja ja likaa vastaan. Se v\u00e4hent\u00e4\u00e4 yll\u00e4pitokustannuksia parantaakseen tuottavuutta. Se on ihanteellinen kaikilla arvostetuilla ja paljon liikenn\u00f6idyill\u00e4 alueilla, joissa tavalliset emulsiot vaativat korkeaa yll\u00e4pitotasoa. Sopii k\u00e4ytett\u00e4v\u00e4ksi perinteisill\u00e4 menetelmill\u00e4 sek\u00e4 TASKI ProSpeedill\u00e4. TASKI ProSpeed on helppok\u00e4ytt\u00f6inen ergonominen lattianviimeistelylevitin, joka tarjoaa korkealaatuisen lattianviimeistelykerroksen ja parantaa viimeistelykerroksen levityksen tuottavuutta samalla v\u00e4hent\u00e4en kemikaalien kulutusta ja pakkausj\u00e4tett\u00e4. TASKI ProSpeedin avulla tuotteen kulutusta voidaan hallita, samalla tarjoten yhten\u00e4isen korkealaatuisen lattianviimeistelykerroksen.<\/p>\n<p>&nbsp;<\/p>\n<p><em>Hinta per astia! Min tilaus 2x5L<\/em><\/p>\n","protected":false},"featured_media":85927,"comment_status":"open","ping_status":"closed","template":"","meta":{"_acf_changed":false},"factory":[],"free-shipment":[],"product_brand":[],"product_cat":[1356,422],"product_tag":[1423,1424],"class_list":{"0":"post-85930","1":"product","2":"type-product","3":"status-publish","4":"has-post-thumbnail","6":"product_cat-probiootti-hygieniatuotteet","7":"product_cat-keemia-fi","8":"product_tag-chemistry-fi","9":"product_tag-cleaning-fi","11":"first","12":"instock","13":"sale","14":"taxable","15":"shipping-taxable","16":"purchasable","17":"product-type-simple"},"acf":[],"_links":{"self":[{"href":"https:\/\/factory.sale\/fi\/wp-json\/wp\/v2\/product\/85930","targetHints":{"allow":["GET"]}}],"collection":[{"href":"https:\/\/factory.sale\/fi\/wp-json\/wp\/v2\/product"}],"about":[{"href":"https:\/\/factory.sale\/fi\/wp-json\/wp\/v2\/types\/product"}],"replies":[{"embeddable":true,"href":"https:\/\/factory.sale\/fi\/wp-json\/wp\/v2\/comments?post=85930"}],"wp:featuredmedia":[{"embeddable":true,"href":"https:\/\/factory.sale\/fi\/wp-json\/wp\/v2\/media\/85927"}],"wp:attachment":[{"href":"https:\/\/factory.sale\/fi\/wp-json\/wp\/v2\/media?parent=85930"}],"wp:term":[{"taxonomy":"factory","embeddable":true,"href":"https:\/\/factory.sale\/fi\/wp-json\/wp\/v2\/factory?post=85930"},{"taxonomy":"free-shipment","embeddable":true,"href":"https:\/\/factory.sale\/fi\/wp-json\/wp\/v2\/free-shipment?post=85930"},{"taxonomy":"product_brand","embeddable":true,"href":"https:\/\/factory.sale\/fi\/wp-json\/wp\/v2\/product_brand?post=85930"},{"taxonomy":"product_cat","embeddable":true,"href":"https:\/\/factory.sale\/fi\/wp-json\/wp\/v2\/product_cat?post=85930"},{"taxonomy":"product_tag","embeddable":true,"href":"https:\/\/factory.sale\/fi\/wp-json\/wp\/v2\/product_tag?post=85930"}],"curies":[{"name":"wp","href":"https:\/\/api.w.org\/{rel}","templated":true}]}}