{"id":85867,"date":"2024-06-04T14:03:46","date_gmt":"2024-06-04T14:33:02","guid":{"rendered":"https:\/\/factory.sale\/?post_type=product&#038;p=85867"},"modified":"2024-06-25T14:48:54","modified_gmt":"2024-06-25T14:48:54","slug":"taski-jontec-matt-f2f-2x5l-mattapintainen-lattiavaha","status":"publish","type":"product","link":"https:\/\/factory.sale\/fi\/tuote\/taski-jontec-matt-f2f-2x5l-mattapintainen-lattiavaha\/","title":{"rendered":"TASKI Jontec Matt F2f 2x5L &#8211; Mattapintainen lattiavaha"},"content":{"rendered":"<p><strong>Tuotekoodi:<\/strong> 7513194<\/p>\n<p>&nbsp;<\/p>\n<p>Hyvin kulutusta kest\u00e4v\u00e4, askelvarma lattiavaha kaikille vett\u00e4 siet\u00e4ville koville lattioille. Tuote on kehitetty est\u00e4m\u00e4\u00e4n alkoholihuuhteiden ja desinfektioaineiden vahapinnalle aiheuttamia vaurioita.<\/p>\n<p>&nbsp;<\/p>\n<p><strong>Ominaisuudet<\/strong><\/p>\n<ul>\n<li>Kulutusta kest\u00e4v\u00e4 mattapintainen vahakalvo suojaa lattiamateriaalia ja helpottaa yll\u00e4pitosiivousta.<\/li>\n<li>Koronj\u00e4ljet helppo poistaa.<\/li>\n<li>Mattapinnan ansioista taloudellinen ja helppo hoitaa.<\/li>\n<li>Askelvarma.<\/li>\n<\/ul>\n<p>&nbsp;<\/p>\n<p><strong>Edut<\/strong><\/p>\n<ul>\n<li>Kaunis, tasainen mattapinta. Kest\u00e4\u00e4 hyvin kulutusta.<\/li>\n<li>Est\u00e4\u00e4 alkoholihuuhteiden ja desinfektioaineiden vahapinnalle aiheuttamia vaurioita.<\/li>\n<li>Helppo levitt\u00e4\u00e4, kuivuu nopeasti.<\/li>\n<li>Askelvarmuus kansainv\u00e4listen ASTM D-2047 standardien mukainen.<\/li>\n<\/ul>\n<p>&nbsp;<\/p>\n<p><strong>Tuotetiedot:<\/strong><\/p>\n<ul>\n<li>Merkki: TASKI<\/li>\n<li>SKU configuration: 2&#215;5 L<\/li>\n<li>Myyntiyksik\u00f6n pakkaus: Box<\/li>\n<li>Pituus myyntiyksikk\u00f6: 280<\/li>\n<li>Leveys myyntiyksikk\u00f6: 191<\/li>\n<li>Korkeus myyntiyksikk\u00f6: 295<\/li>\n<li>Mitat mittayksikk\u00f6: mm<\/li>\n<li>Nettopaino: 10.22<\/li>\n<li>Bruttopaino: 10.79<\/li>\n<li>Painon mittayksikk\u00f6: kg<\/li>\n<\/ul>\n<p>&nbsp;<\/p>\n<p>&nbsp;<\/p>\n<p><a href=\"https:\/\/factory.sale\/wp-content\/uploads\/2024\/06\/22-P99390-fi-FI.pdf\" target=\"_blank\" rel=\"noopener\">Tuotelehti<\/a><\/p>\n<div class=\"page\" title=\"Page 1\">\n<div class=\"section\">\n<div class=\"layoutArea\">\n<div class=\"column\">\n<p><a href=\"https:\/\/factory.sale\/wp-content\/uploads\/2024\/06\/21-MSDS5143_FI02_FI_.pdf\" target=\"_blank\" rel=\"noopener\">Ka\u0308ytto\u0308turvallisuustiedote<\/a><\/p>\n<\/div>\n<\/div>\n<\/div>\n<\/div>\n","protected":false},"excerpt":{"rendered":"<p>Hyvin kulutusta kest\u00e4v\u00e4, askelvarma lattiavaha kaikille vett\u00e4 siet\u00e4ville koville lattioille. Tuote on kehitetty est\u00e4m\u00e4\u00e4n alkoholihuuhteiden ja desinfektioaineiden vahapinnalle aiheuttamia vaurioita.<\/p>\n<p>&nbsp;<\/p>\n<p><em>Hinta per astia! Min tilaus 2x5L<\/em><\/p>\n","protected":false},"featured_media":85877,"comment_status":"open","ping_status":"closed","template":"","meta":{"_acf_changed":false},"factory":[],"free-shipment":[],"product_brand":[],"product_cat":[422,441],"product_tag":[],"class_list":{"0":"post-85867","1":"product","2":"type-product","3":"status-publish","4":"has-post-thumbnail","6":"product_cat-keemia-fi","7":"product_cat-ammattimaiset-siivoustuotteet","9":"first","10":"instock","11":"sale","12":"taxable","13":"shipping-taxable","14":"purchasable","15":"product-type-simple"},"acf":[],"_links":{"self":[{"href":"https:\/\/factory.sale\/fi\/wp-json\/wp\/v2\/product\/85867","targetHints":{"allow":["GET"]}}],"collection":[{"href":"https:\/\/factory.sale\/fi\/wp-json\/wp\/v2\/product"}],"about":[{"href":"https:\/\/factory.sale\/fi\/wp-json\/wp\/v2\/types\/product"}],"replies":[{"embeddable":true,"href":"https:\/\/factory.sale\/fi\/wp-json\/wp\/v2\/comments?post=85867"}],"wp:featuredmedia":[{"embeddable":true,"href":"https:\/\/factory.sale\/fi\/wp-json\/wp\/v2\/media\/85877"}],"wp:attachment":[{"href":"https:\/\/factory.sale\/fi\/wp-json\/wp\/v2\/media?parent=85867"}],"wp:term":[{"taxonomy":"factory","embeddable":true,"href":"https:\/\/factory.sale\/fi\/wp-json\/wp\/v2\/factory?post=85867"},{"taxonomy":"free-shipment","embeddable":true,"href":"https:\/\/factory.sale\/fi\/wp-json\/wp\/v2\/free-shipment?post=85867"},{"taxonomy":"product_brand","embeddable":true,"href":"https:\/\/factory.sale\/fi\/wp-json\/wp\/v2\/product_brand?post=85867"},{"taxonomy":"product_cat","embeddable":true,"href":"https:\/\/factory.sale\/fi\/wp-json\/wp\/v2\/product_cat?post=85867"},{"taxonomy":"product_tag","embeddable":true,"href":"https:\/\/factory.sale\/fi\/wp-json\/wp\/v2\/product_tag?post=85867"}],"curies":[{"name":"wp","href":"https:\/\/api.w.org\/{rel}","templated":true}]}}