{"id":85846,"date":"2024-06-04T11:44:16","date_gmt":"2024-06-04T11:58:41","guid":{"rendered":"https:\/\/factory.sale\/?post_type=product&#038;p=85846"},"modified":"2024-06-26T06:46:47","modified_gmt":"2024-06-26T06:46:47","slug":"taski-jontec-no1-f1c-2x5l-huuhteluvapaa-tehovahanpoistoaine","status":"publish","type":"product","link":"https:\/\/factory.sale\/fi\/tuote\/taski-jontec-no1-f1c-2x5l-huuhteluvapaa-tehovahanpoistoaine\/","title":{"rendered":"TASKI Jontec No1 F1c 2x5L &#8211; Huuhteluvapaa tehovahanpoistoaine"},"content":{"rendered":"<p><strong>Tuotekoodi:<\/strong> 101102722<\/p>\n<p>&nbsp;<\/p>\n<p>Em\u00e4ksinen huuhteluvapaa vahanpoistoaine vahan ja hoitoainekerrostumien poistoon em\u00e4ksisi\u00e4 aineita kest\u00e4vilt\u00e4 lattioilta.<\/p>\n<p>&nbsp;<\/p>\n<p><strong>Ominaisuudet <\/strong><\/p>\n<ul>\n<li>Tehokas ja nopeavaikutteinen. S\u00e4\u00e4st\u00e4\u00e4 jopa 50 prosenttia ty\u00f6aikaa perinteisiin vahanpoistoaineisiin verrattuna.<\/li>\n<li>Nopea ja helppo k\u00e4ytt\u00e4\u00e4; ei tarvita erillist\u00e4 huuhtelua, kosteapyyhint\u00e4 riitt\u00e4\u00e4.<\/li>\n<li>Miellytt\u00e4v\u00e4 tuoksu.<\/li>\n<\/ul>\n<p>&nbsp;<\/p>\n<p><strong>Edut<\/strong><\/p>\n<ul>\n<li>Tehokas; vahvasti em\u00e4ksinen.<\/li>\n<li>Vaikutusaika vain noin 2-5 min. Huuhteluvapaa.<\/li>\n<li>Hyv\u00e4 pinnan kostutus- ja emulgointikyky.<\/li>\n<li>K\u00e4ytett\u00e4ess\u00e4 maksimiannostusta pinnan hankaustarve v\u00e4henee oleellisesti tai sit\u00e4 ei tarvita lainkaan.<\/li>\n<\/ul>\n<p>&nbsp;<\/p>\n<p><strong>K\u00e4ytt\u00f6ohje<\/strong><\/p>\n<ol>\n<li>Annostele tuote t\u00e4yteen vesis\u00e4ili\u00f6\u00f6n\/\u00e4mp\u00e4riin.<\/li>\n<li>Levit\u00e4 liuos ja poista likaantunut liuos.<\/li>\n<li>\u00c4l\u00e4 anna kuivua.<\/li>\n<li>Anna tuotteen vaikuttaa 5-10 minuuttia.<\/li>\n<li>Hankaa lattiaa yksikiekkoisella koneella, joka on varustettu sopivalla tyynyll\u00e4. (Kun tuotetta k\u00e4ytet\u00e4\u00e4n korkealla konsentraatiolla, hankausta ei tarvita)<\/li>\n<li>Imuroi likaantunut liuos m\u00e4rk\u00e4imurilla.<\/li>\n<li>Pyyhi lattia kostealla mopilla j\u00e4\u00e4mien poistamiseksi.<\/li>\n<li>Anna lattian kuivua t\u00e4ysin ennen uudelleenpinnoitusta.<\/li>\n<li>Vaikeasti tavoitettavissa oleviin alueisiin k\u00e4yt\u00e4 jopa 25 % pitoisuutta mopin ja \u00e4mp\u00e4rin kanssa, anna<\/li>\n<li>vaikuttaa 10 minuuttia ja poista liete m\u00e4rk\u00e4imurilla. Hankausta ei tarvita.<\/li>\n<\/ol>\n<p>&nbsp;<\/p>\n<p>&nbsp;<\/p>\n<div class=\"page\" title=\"Page 1\">\n<div class=\"section\">\n<div class=\"layoutArea\">\n<div class=\"column\">\n<p><a href=\"https:\/\/factory.sale\/wp-content\/uploads\/2024\/06\/19-MS1004356_FI02_FI_.pdf\" target=\"_blank\" rel=\"noopener\">Ka\u0308ytto\u0308turvallisuustiedote<\/a><\/p>\n<p><a href=\"https:\/\/factory.sale\/wp-content\/uploads\/2024\/06\/18-P99002-fi-FI.pdf\" target=\"_blank\" rel=\"noopener\">Tuotelehti<\/a><\/p>\n<\/div>\n<\/div>\n<\/div>\n<\/div>\n","protected":false},"excerpt":{"rendered":"<p>Em\u00e4ksinen huuhteluvapaa vahanpoistoaine vahan ja hoitoainekerrostumien poistoon em\u00e4ksisi\u00e4 aineita kest\u00e4vilt\u00e4 lattioilta.<\/p>\n<p>&nbsp;<\/p>\n<p><em>Hinta per astia! Min tilaus 2x5L<\/em><\/p>\n","protected":false},"featured_media":85843,"comment_status":"open","ping_status":"closed","template":"","meta":{"_acf_changed":false},"factory":[],"free-shipment":[],"product_brand":[],"product_cat":[345,310],"product_tag":[],"class_list":{"0":"post-85846","1":"product","2":"type-product","3":"status-publish","4":"has-post-thumbnail","6":"product_cat-chemistry","7":"product_cat-professional-cleaning-and-care-products-2","9":"first","10":"instock","11":"sale","12":"taxable","13":"shipping-taxable","14":"purchasable","15":"product-type-simple"},"acf":[],"_links":{"self":[{"href":"https:\/\/factory.sale\/fi\/wp-json\/wp\/v2\/product\/85846","targetHints":{"allow":["GET"]}}],"collection":[{"href":"https:\/\/factory.sale\/fi\/wp-json\/wp\/v2\/product"}],"about":[{"href":"https:\/\/factory.sale\/fi\/wp-json\/wp\/v2\/types\/product"}],"replies":[{"embeddable":true,"href":"https:\/\/factory.sale\/fi\/wp-json\/wp\/v2\/comments?post=85846"}],"wp:featuredmedia":[{"embeddable":true,"href":"https:\/\/factory.sale\/fi\/wp-json\/wp\/v2\/media\/85843"}],"wp:attachment":[{"href":"https:\/\/factory.sale\/fi\/wp-json\/wp\/v2\/media?parent=85846"}],"wp:term":[{"taxonomy":"factory","embeddable":true,"href":"https:\/\/factory.sale\/fi\/wp-json\/wp\/v2\/factory?post=85846"},{"taxonomy":"free-shipment","embeddable":true,"href":"https:\/\/factory.sale\/fi\/wp-json\/wp\/v2\/free-shipment?post=85846"},{"taxonomy":"product_brand","embeddable":true,"href":"https:\/\/factory.sale\/fi\/wp-json\/wp\/v2\/product_brand?post=85846"},{"taxonomy":"product_cat","embeddable":true,"href":"https:\/\/factory.sale\/fi\/wp-json\/wp\/v2\/product_cat?post=85846"},{"taxonomy":"product_tag","embeddable":true,"href":"https:\/\/factory.sale\/fi\/wp-json\/wp\/v2\/product_tag?post=85846"}],"curies":[{"name":"wp","href":"https:\/\/api.w.org\/{rel}","templated":true}]}}