{"id":85823,"date":"2024-06-04T10:46:36","date_gmt":"2024-06-04T11:00:31","guid":{"rendered":"https:\/\/factory.sale\/?post_type=product&#038;p=85823"},"modified":"2024-06-26T07:02:09","modified_gmt":"2024-06-26T07:02:09","slug":"taski-jontec-prostrip-f1b-2x5l-huuhdeltava-tehovahanpoistoaine","status":"publish","type":"product","link":"https:\/\/factory.sale\/fi\/tuote\/taski-jontec-prostrip-f1b-2x5l-huuhdeltava-tehovahanpoistoaine\/","title":{"rendered":"TASKI Jontec ProStrip F1b 2x5L &#8211; Huuhdeltava tehovahanpoistoaine"},"content":{"rendered":"<p><strong>Tuotekoodi:<\/strong> 100888591<\/p>\n<p>&nbsp;<\/p>\n<p>Vaikeasti poistettavien vahakerrostumien ja UHS-vahojen poistoon em\u00e4ksisi\u00e4 aineita kest\u00e4vilt\u00e4 lattioilta.<\/p>\n<p>&nbsp;<\/p>\n<p><strong>Ominaisuudet <\/strong><\/p>\n<ul>\n<li>Eritt\u00e4in tehokas koostumus.<\/li>\n<li>Eritt\u00e4in hyv\u00e4 pinnan kostutus- ja emulgointikyky.<\/li>\n<li>Ongelmakohteisiin.<\/li>\n<\/ul>\n<p>&nbsp;<\/p>\n<p><strong>Edut<\/strong><\/p>\n<p>Nopeavaikutteinen.<br \/>\nV\u00e4hent\u00e4\u00e4\/poistaa ongelmalattioiden uudelleenpesutarvetta. S\u00e4\u00e4st\u00e4\u00e4 ty\u00f6aikaa.<\/p>\n<p>&nbsp;<\/p>\n<p><strong>K\u00e4ytt\u00f6ohje <\/strong><\/p>\n<ol>\n<li>TASKI Jontec ProStrip t\u00e4ytyy laimentaa.<\/li>\n<li>Annostele tuote kylm\u00e4ll\u00e4 vedell\u00e4 t\u00e4ytettyyn s\u00e4ili\u00f6\u00f6n\/\u00e4mp\u00e4riin.<\/li>\n<li>Levit\u00e4 liuos.<\/li>\n<li>Anna tuotteen vaikuttaa 5-10 minuuttia.<\/li>\n<li>Hankaa lattiaa yksikiekkoisella koneella, joka on varustettu sopivalla tyynyll\u00e4, ime likaantunut liuos m\u00e4rk\u00e4imurilla ja huuhtele huolellisesti 2 kertaa puhtaalla vedell\u00e4.<\/li>\n<li>Pyyhi lattia kostealla mopilla j\u00e4\u00e4mien poistamiseksi.<\/li>\n<li>Anna lattian kuivua t\u00e4ysin ennen lis\u00e4kerrosten levitt\u00e4mist\u00e4.<\/li>\n<\/ol>\n<p>&nbsp;<\/p>\n<p>&nbsp;<\/p>\n<p><strong>Tuotetiedot:<\/strong><\/p>\n<ul>\n<li>Merkki: TASKI<\/li>\n<li>SKU configuration: 2&#215;5 L<\/li>\n<li>Myyntiyksik\u00f6n pakkaus: Box<\/li>\n<li>Pituus myyntiyksikk\u00f6: 287<\/li>\n<li>Leveys myyntiyksikk\u00f6: 198<\/li>\n<li>Korkeus myyntiyksikk\u00f6: 309<\/li>\n<li>Mitat mittayksikk\u00f6: mm<\/li>\n<li>Nettopaino: 10.18<\/li>\n<li>Bruttopaino: 10.86<\/li>\n<li>Painon mittayksikk\u00f6: kg<\/li>\n<\/ul>\n<p>&nbsp;<\/p>\n<p><a href=\"https:\/\/factory.sale\/wp-content\/uploads\/2024\/06\/15-P99760-fi-FI.pdf\" target=\"_blank\" rel=\"noopener\">Tuotelehti<\/a><\/p>\n<div class=\"page\" title=\"Page 1\">\n<div class=\"section\">\n<div class=\"layoutArea\">\n<div class=\"column\">\n<p><a href=\"https:\/\/factory.sale\/wp-content\/uploads\/2024\/06\/16-MSDS5341_FI02_FI_.pdf\" target=\"_blank\" rel=\"noopener\">Ka\u0308ytto\u0308turvallisuustiedote<\/a><\/p>\n<\/div>\n<\/div>\n<\/div>\n<\/div>\n","protected":false},"excerpt":{"rendered":"<p>Vaikeasti poistettavien vahakerrostumien ja UHS-vahojen poistoon em\u00e4ksisi\u00e4 aineita kest\u00e4vilt\u00e4 lattioilta.<\/p>\n<p>&nbsp;<\/p>\n<p><em>Hinta per astia! Min tilaus 2x5L<\/em><\/p>\n","protected":false},"featured_media":85820,"comment_status":"open","ping_status":"closed","template":"","meta":{"_acf_changed":false},"factory":[],"free-shipment":[],"product_brand":[],"product_cat":[422,441],"product_tag":[],"class_list":{"0":"post-85823","1":"product","2":"type-product","3":"status-publish","4":"has-post-thumbnail","6":"product_cat-keemia-fi","7":"product_cat-ammattimaiset-siivoustuotteet","9":"first","10":"instock","11":"sale","12":"taxable","13":"shipping-taxable","14":"purchasable","15":"product-type-simple"},"acf":[],"_links":{"self":[{"href":"https:\/\/factory.sale\/fi\/wp-json\/wp\/v2\/product\/85823","targetHints":{"allow":["GET"]}}],"collection":[{"href":"https:\/\/factory.sale\/fi\/wp-json\/wp\/v2\/product"}],"about":[{"href":"https:\/\/factory.sale\/fi\/wp-json\/wp\/v2\/types\/product"}],"replies":[{"embeddable":true,"href":"https:\/\/factory.sale\/fi\/wp-json\/wp\/v2\/comments?post=85823"}],"wp:featuredmedia":[{"embeddable":true,"href":"https:\/\/factory.sale\/fi\/wp-json\/wp\/v2\/media\/85820"}],"wp:attachment":[{"href":"https:\/\/factory.sale\/fi\/wp-json\/wp\/v2\/media?parent=85823"}],"wp:term":[{"taxonomy":"factory","embeddable":true,"href":"https:\/\/factory.sale\/fi\/wp-json\/wp\/v2\/factory?post=85823"},{"taxonomy":"free-shipment","embeddable":true,"href":"https:\/\/factory.sale\/fi\/wp-json\/wp\/v2\/free-shipment?post=85823"},{"taxonomy":"product_brand","embeddable":true,"href":"https:\/\/factory.sale\/fi\/wp-json\/wp\/v2\/product_brand?post=85823"},{"taxonomy":"product_cat","embeddable":true,"href":"https:\/\/factory.sale\/fi\/wp-json\/wp\/v2\/product_cat?post=85823"},{"taxonomy":"product_tag","embeddable":true,"href":"https:\/\/factory.sale\/fi\/wp-json\/wp\/v2\/product_tag?post=85823"}],"curies":[{"name":"wp","href":"https:\/\/api.w.org\/{rel}","templated":true}]}}