{"id":85802,"date":"2024-06-04T10:07:44","date_gmt":"2024-06-04T10:34:21","guid":{"rendered":"https:\/\/factory.sale\/?post_type=product&#038;p=85802"},"modified":"2024-06-27T07:33:40","modified_gmt":"2024-06-27T07:33:40","slug":"taski-jontec-linosafe-f1g-2x5l-huuhdeltava-vahanpoistoaine-linoleumilattioille","status":"publish","type":"product","link":"https:\/\/factory.sale\/fi\/tuote\/taski-jontec-linosafe-f1g-2x5l-huuhdeltava-vahanpoistoaine-linoleumilattioille\/","title":{"rendered":"TASKI Jontec Linosafe F1g 2x5L &#8211; Huuhdeltava vahanpoistoaine linoleumilattioille"},"content":{"rendered":"<p><strong>Tuotekoodi:<\/strong> 7512688<\/p>\n<p>&nbsp;<\/p>\n<p>Vahan ja hoitoainekerrostumien poistoon linoleumilta.<\/p>\n<p>&nbsp;<\/p>\n<p><strong>Ominaisuudet<\/strong><\/p>\n<ul>\n<li>Tehokas, mutta turvallinen.<\/li>\n<li>Kehitetty erityisesti linoleumilattioiden turvalliseen vahanpoistoon.<\/li>\n<li>Ei v\u00e4rj\u00e4\u00e4 eik\u00e4 vahingoita vanhojakaan linoleumilattioita.<\/li>\n<li>Nopeavaikutteinen.<\/li>\n<\/ul>\n<p>&nbsp;<\/p>\n<p><strong>Edut <\/strong><\/p>\n<ul>\n<li>Turvallinen ja tehokas k\u00e4ytt\u00e4\u00e4 (sopii my\u00f6s muiden em\u00e4sherkkien pintojen peruspesuun, esim. marmori- ja kumilattiat).<\/li>\n<li>Koostumuksensa ansiosta erinomainen k\u00e4ytt\u00f6\u00f6nottopesuaine uusille vahattaville lattiamateriaaleille.<\/li>\n<li>Miellytt\u00e4v\u00e4 tuoksu.<\/li>\n<\/ul>\n<p>&nbsp;<\/p>\n<p><strong>K\u00e4ytt\u00f6ohje<\/strong><\/p>\n<ol>\n<li>Annostele tuote koneen t\u00e4yteen vesis\u00e4ili\u00f6\u00f6n.<\/li>\n<li>Levit\u00e4 liuos.<\/li>\n<li>Anna tuotteen vaikuttaa 5-10 minuuttia.<\/li>\n<li>\u00c4l\u00e4 anna lattian kuivua.<\/li>\n<li>Pese lattia yksilaikkakoneella ja sopivalla padilla, imuroi likainen liuos ja huuhtele perusteellisesti puhtaalla vedell\u00e4.<\/li>\n<li>Anna kuivua t\u00e4ysin ennen lis\u00e4kerrosten levitt\u00e4mist\u00e4.<\/li>\n<\/ol>\n<p>&nbsp;<\/p>\n<p><strong>Tuotetiedot:\u00a0<\/strong><\/p>\n<ul>\n<li>Merkki: TASKI<\/li>\n<li>SKU configuration: 2&#215;5 L<\/li>\n<li>Myyntiyksik\u00f6n pakkaus: Box<\/li>\n<li>Pituus myyntiyksikk\u00f6: 280<\/li>\n<li>Leveys myyntiyksikk\u00f6: 191<\/li>\n<li>Korkeus myyntiyksikk\u00f6: 295<\/li>\n<li>Mitat mittayksikk\u00f6: mm<\/li>\n<li>Nettopaino: 10.3<\/li>\n<li>Bruttopaino: 10.87<\/li>\n<li>Painon mittayksikk\u00f6: kg<\/li>\n<\/ul>\n<p>&nbsp;<\/p>\n<p><a href=\"https:\/\/factory.sale\/wp-content\/uploads\/2024\/06\/13-P99182-fi-FI.pdf\" target=\"_blank\" rel=\"noopener\">Tuotelehti<\/a><\/p>\n<p><a href=\"https:\/\/factory.sale\/wp-content\/uploads\/2024\/06\/14-MSDS4845_FI02_FI_.pdf\" target=\"_blank\" rel=\"noopener\">K\u00e4ytt\u00f6turvallisuustiedote<\/a><\/p>\n","protected":false},"excerpt":{"rendered":"<p>Vahan ja hoitoainekerrostumien poistoon linoleumilta.<\/p>\n<p>&nbsp;<\/p>\n<p><em>Hinta per astia! Min tilaus 2x5L<\/em><\/p>\n","protected":false},"featured_media":85795,"comment_status":"open","ping_status":"closed","template":"","meta":{"_acf_changed":false},"factory":[],"free-shipment":[],"product_brand":[],"product_cat":[422,441],"product_tag":[],"class_list":{"0":"post-85802","1":"product","2":"type-product","3":"status-publish","4":"has-post-thumbnail","6":"product_cat-keemia-fi","7":"product_cat-ammattimaiset-siivoustuotteet","9":"first","10":"instock","11":"sale","12":"taxable","13":"shipping-taxable","14":"purchasable","15":"product-type-simple"},"acf":[],"_links":{"self":[{"href":"https:\/\/factory.sale\/fi\/wp-json\/wp\/v2\/product\/85802","targetHints":{"allow":["GET"]}}],"collection":[{"href":"https:\/\/factory.sale\/fi\/wp-json\/wp\/v2\/product"}],"about":[{"href":"https:\/\/factory.sale\/fi\/wp-json\/wp\/v2\/types\/product"}],"replies":[{"embeddable":true,"href":"https:\/\/factory.sale\/fi\/wp-json\/wp\/v2\/comments?post=85802"}],"wp:featuredmedia":[{"embeddable":true,"href":"https:\/\/factory.sale\/fi\/wp-json\/wp\/v2\/media\/85795"}],"wp:attachment":[{"href":"https:\/\/factory.sale\/fi\/wp-json\/wp\/v2\/media?parent=85802"}],"wp:term":[{"taxonomy":"factory","embeddable":true,"href":"https:\/\/factory.sale\/fi\/wp-json\/wp\/v2\/factory?post=85802"},{"taxonomy":"free-shipment","embeddable":true,"href":"https:\/\/factory.sale\/fi\/wp-json\/wp\/v2\/free-shipment?post=85802"},{"taxonomy":"product_brand","embeddable":true,"href":"https:\/\/factory.sale\/fi\/wp-json\/wp\/v2\/product_brand?post=85802"},{"taxonomy":"product_cat","embeddable":true,"href":"https:\/\/factory.sale\/fi\/wp-json\/wp\/v2\/product_cat?post=85802"},{"taxonomy":"product_tag","embeddable":true,"href":"https:\/\/factory.sale\/fi\/wp-json\/wp\/v2\/product_tag?post=85802"}],"curies":[{"name":"wp","href":"https:\/\/api.w.org\/{rel}","templated":true}]}}