{"id":85770,"date":"2024-06-03T18:58:55","date_gmt":"2024-06-03T19:09:53","guid":{"rendered":"https:\/\/factory.sale\/?post_type=product&#038;p=85770"},"modified":"2024-06-30T09:05:03","modified_gmt":"2024-06-30T09:05:03","slug":"taski-sani-100-pur-eco-w1b-6x1l-saniteettipuhdistusaine","status":"publish","type":"product","link":"https:\/\/factory.sale\/fi\/tuote\/taski-sani-100-pur-eco-w1b-6x1l-saniteettipuhdistusaine\/","title":{"rendered":"TASKI Sani 100 Pur-Eco W1b 6x1L &#8211; Saniteettipuhdistusaine"},"content":{"rendered":"<p><strong>Tuotekoodi:<\/strong> 7520028<\/p>\n<p>&nbsp;<\/p>\n<p>Em\u00e4ksinen puhdistusaine, joka on kehitetty sanitetti- ja m\u00e4rk\u00e4tilojen kaikkien vett\u00e4 ja em\u00e4ksisi\u00e4 aineita kest\u00e4vien pintojen puhdistamiseen sek\u00e4 kovan veden vaikutuksesta syntyvien saostumien ja jo syntyneiden pinttymien poistamiseen. Sis\u00e4lt\u00e4\u00e4 hajustetta ja v\u00e4riainetta.<\/p>\n<p><strong>Ominaisuudet<\/strong><\/p>\n<ul>\n<li>Poistaa tehokkaasti ihorasvaa ja sitoo kovan veden suoloja est\u00e4en saostumien syntymist\u00e4.<\/li>\n<li>J\u00e4tt\u00e4\u00e4 siivouttuihin tiloihin puhtaan raikkaan tuoksun.<\/li>\n<li>S\u00e4\u00e4nn\u00f6llinen k\u00e4ytt\u00f6 est\u00e4\u00e4 kalkkisaostumien ja kalkkisaippuan muodostumisen.<\/li>\n<\/ul>\n<p>&nbsp;<\/p>\n<p><strong>Edut<\/strong><\/p>\n<ul>\n<li>K\u00e4ytt\u00f6liuoksen pH-arvo em\u00e4ksinen.<\/li>\n<li>Poistaa tehokkaasti ihorasvan, kosmetiikka- ja saippuaj\u00e4\u00e4m\u00e4t.<\/li>\n<li>S\u00e4\u00e4nn\u00f6llinen k\u00e4ytt\u00f6 est\u00e4\u00e4 kalkkisaostumien ja kalkkisaippuan muodostumisen.<\/li>\n<li>J\u00e4tt\u00e4\u00e4 miellytt\u00e4v\u00e4n raikkaan tuoksun.<\/li>\n<\/ul>\n<p>&nbsp;<\/p>\n<p><strong>K\u00e4ytt\u00f6ohje <\/strong><\/p>\n<p><strong>Mikrokuitumenetelm\u00e4:<\/strong><br \/>\nAnnostele puhdistusliuosta pinnalle ja puhdista mikrokuitupyyhkeell\u00e4\/puhdistussienell\u00e4 tai harjalla. K\u00e4yt\u00e4 taso- ja lattiapinnoille kuivain-tai moppipyyhint\u00e4.<\/p>\n<p><strong>Perinteinen siivous (sankomenetelm\u00e4):<\/strong><br \/>\nPuhdista pinnat liuoksessa kostutetulla siivouspyyhkeell\u00e4 tai k\u00e4yt\u00e4 tasoja lattiapinnoille kuivain- tai moppipyyhint\u00e4 sek\u00e4 jaksottain tai tarvittaessa hankausmoppia\/-pesint\u00e4 tai pesuharjaa.<\/p>\n<p>&nbsp;<\/p>\n<p><strong>Tuotetiedot:<\/strong><\/p>\n<ul>\n<li>Merkki:TASKI<\/li>\n<li>SKU configuration: 6&#215;1 L<\/li>\n<li>Myyntiyksik\u00f6n pakkaus: Box<\/li>\n<li>Pituus myyntiyksikk\u00f6: 236<\/li>\n<li>Leveys myyntiyksikk\u00f6: 160<\/li>\n<li>Korkeus myyntiyksikk\u00f6: 303<\/li>\n<li>Mitat mittayksikk\u00f6: mm<\/li>\n<li>Nettopaino: 6.35<\/li>\n<li>Bruttopaino: 6.93<\/li>\n<li>Painon mittayksikk\u00f6: kg<\/li>\n<\/ul>\n<p>&nbsp;<\/p>\n<p><a href=\"https:\/\/factory.sale\/wp-content\/uploads\/2024\/06\/11-P84979-PIS-TASKI-Sani-100-Pur-Eco-fi-FI.pdf\" target=\"_blank\" rel=\"noopener\">Tuotelehti<\/a><\/p>\n<p><a href=\"https:\/\/factory.sale\/wp-content\/uploads\/2024\/06\/12-MS1000738_FI02_FI_.pdf\" target=\"_blank\" rel=\"noopener\">K\u00e4ytt\u00f6turvallisuustiedote<\/a><\/p>\n","protected":false},"excerpt":{"rendered":"<p>Em\u00e4ksinen puhdistusaine, joka on kehitetty sanitetti- ja m\u00e4rk\u00e4tilojen kaikkien vett\u00e4 ja em\u00e4ksisi\u00e4 aineita kest\u00e4vien pintojen puhdistamiseen sek\u00e4 kovan veden vaikutuksesta syntyvien saostumien ja jo syntyneiden pinttymien poistamiseen. Sis\u00e4lt\u00e4\u00e4 hajustetta ja v\u00e4riainetta.<\/p>\n","protected":false},"featured_media":85766,"comment_status":"open","ping_status":"closed","template":"","meta":{"_acf_changed":false},"factory":[],"free-shipment":[],"product_brand":[],"product_cat":[422,441],"product_tag":[],"class_list":{"0":"post-85770","1":"product","2":"type-product","3":"status-publish","4":"has-post-thumbnail","6":"product_cat-keemia-fi","7":"product_cat-ammattimaiset-siivoustuotteet","9":"first","10":"instock","11":"sale","12":"taxable","13":"shipping-taxable","14":"purchasable","15":"product-type-simple"},"acf":[],"_links":{"self":[{"href":"https:\/\/factory.sale\/fi\/wp-json\/wp\/v2\/product\/85770","targetHints":{"allow":["GET"]}}],"collection":[{"href":"https:\/\/factory.sale\/fi\/wp-json\/wp\/v2\/product"}],"about":[{"href":"https:\/\/factory.sale\/fi\/wp-json\/wp\/v2\/types\/product"}],"replies":[{"embeddable":true,"href":"https:\/\/factory.sale\/fi\/wp-json\/wp\/v2\/comments?post=85770"}],"wp:featuredmedia":[{"embeddable":true,"href":"https:\/\/factory.sale\/fi\/wp-json\/wp\/v2\/media\/85766"}],"wp:attachment":[{"href":"https:\/\/factory.sale\/fi\/wp-json\/wp\/v2\/media?parent=85770"}],"wp:term":[{"taxonomy":"factory","embeddable":true,"href":"https:\/\/factory.sale\/fi\/wp-json\/wp\/v2\/factory?post=85770"},{"taxonomy":"free-shipment","embeddable":true,"href":"https:\/\/factory.sale\/fi\/wp-json\/wp\/v2\/free-shipment?post=85770"},{"taxonomy":"product_brand","embeddable":true,"href":"https:\/\/factory.sale\/fi\/wp-json\/wp\/v2\/product_brand?post=85770"},{"taxonomy":"product_cat","embeddable":true,"href":"https:\/\/factory.sale\/fi\/wp-json\/wp\/v2\/product_cat?post=85770"},{"taxonomy":"product_tag","embeddable":true,"href":"https:\/\/factory.sale\/fi\/wp-json\/wp\/v2\/product_tag?post=85770"}],"curies":[{"name":"wp","href":"https:\/\/api.w.org\/{rel}","templated":true}]}}