{"id":85757,"date":"2024-06-03T18:41:03","date_gmt":"2024-06-03T18:49:08","guid":{"rendered":"https:\/\/factory.sale\/?post_type=product&#038;p=85757"},"modified":"2024-06-28T12:33:08","modified_gmt":"2024-06-28T12:33:08","slug":"taski-jontec-300-f4a-2x5-l-yleispuhdistusaine","status":"publish","type":"product","link":"https:\/\/factory.sale\/fi\/tuote\/taski-jontec-300-f4a-2x5-l-yleispuhdistusaine\/","title":{"rendered":"TASKI Jontec 300 F4a 2&#215;5 L &#8211; Yleispuhdistusaine"},"content":{"rendered":"<p><strong>Tuotekoodi:<\/strong> 7512925<\/p>\n<p>&nbsp;<\/p>\n<p>Matalavaahtoinen yleispuhdistusaine vett\u00e4 siet\u00e4vien kovien pintojen p\u00e4ivitt\u00e4iseen ja jaksottaisen puhdistamisen. Tuotteessa ep\u00e4miellytt\u00e4vi\u00e4 hajuja poistava O.N.T. -teknologia. Soveltuu my\u00f6s siivoustekstiilien kostutukseen ja pesuun k\u00e4sin sek\u00e4 pyykinpesukoneessa.<\/p>\n<p>&nbsp;<\/p>\n<p><strong>Ominaisuudet <\/strong><\/p>\n<ul>\n<li>Tehokas.<\/li>\n<li>Turvallinen k\u00e4ytt\u00e4jille ja puhdistettaville pinnoille.<\/li>\n<li>J\u00e4tt\u00e4\u00e4 pitk\u00e4\u00e4n kest\u00e4v\u00e4n raikkaan tuoksun.<\/li>\n<li>O.N.T. -teknologian ansioista poistaa ep\u00e4miellytt\u00e4vi\u00e4 hajuja muuttamalla pahaa hajua aiheuttavien hajumolekyylien rakennetta.<\/li>\n<\/ul>\n<p>&nbsp;<\/p>\n<p><strong>Edut<\/strong><\/p>\n<ul>\n<li>Matalavaahtoinen, soveltuu k\u00e4si- ja konemenetelmiin.<\/li>\n<li>K\u00e4ytt\u00f6liuoksen ja tiivisteen pH heikosti em\u00e4ksinen.<\/li>\n<li>Tuotteessa pahoja hajuja poistava O.N.T.-teknologia.<\/li>\n<li>Tehokas ja nopeatoiminen.<\/li>\n<li>Kuivuu nopeasti j\u00e4lki\u00e4 j\u00e4tt\u00e4m\u00e4tt\u00e4.<\/li>\n<\/ul>\n<p>&nbsp;<\/p>\n<p><strong>K\u00e4ytt\u00f6ohje <\/strong><\/p>\n<p><strong>Annostus:<\/strong><br \/>\nMikrokuitumenetelm\u00e4: alkaen 2 ml \/ 500 ml vett\u00e4 (0,4 %)<br \/>\nPerinteinen sankomenetelm\u00e4: alkaen 2 ml \/ 5 l vett\u00e4 (0,04 %)<br \/>\nKonemenetelm\u00e4: alkaen 25 ml \/ 10 l vett\u00e4 (0,25 %), maksimi 200 ml \/ 10 l vett\u00e4 (2 %)<\/p>\n<p>&nbsp;<\/p>\n<p>&nbsp;<\/p>\n<p><strong>Tuotetiedot:<\/strong><\/p>\n<ul>\n<li>Merkki: TASKI<\/li>\n<li>SKU configuration: 2&#215;5 L<\/li>\n<li>Myyntiyksik\u00f6n pakkaus: Box<\/li>\n<li>Pituus myyntiyksikk\u00f6: 280<\/li>\n<li>Leveys myyntiyksikk\u00f6 : 191<\/li>\n<li>Korkeus myyntiyksikk\u00f6: 295<\/li>\n<li>Mitat mittayksikk\u00f6: mm<\/li>\n<li>Nettopaino: 10.02<\/li>\n<li>Bruttopaino: 10.59<\/li>\n<li>Painon mittayksikk\u00f6: kg<\/li>\n<\/ul>\n<p>&nbsp;<\/p>\n<p><a href=\"https:\/\/factory.sale\/wp-content\/uploads\/2024\/06\/tuotelehti-taski-1.pdf\" target=\"_blank\" rel=\"noopener\">Tuotelehti<\/a><\/p>\n<p><a href=\"https:\/\/factory.sale\/wp-content\/uploads\/2024\/06\/10-MSDS4927_FI02_FI_.pdf\" target=\"_blank\" rel=\"noopener\">K\u00e4ytt\u00f6turvallisuustiedote<\/a><\/p>\n","protected":false},"excerpt":{"rendered":"<p>Matalavaahtoinen yleispuhdistusaine vett\u00e4 siet\u00e4vien kovien pintojen p\u00e4ivitt\u00e4iseen ja jaksottaisen puhdistamisen. Tuotteessa ep\u00e4miellytt\u00e4vi\u00e4 hajuja poistava O.N.T. -teknologia. Soveltuu my\u00f6s siivoustekstiilien kostutukseen ja pesuun k\u00e4sin sek\u00e4 pyykinpesukoneessa.<\/p>\n","protected":false},"featured_media":85754,"comment_status":"open","ping_status":"closed","template":"","meta":{"_acf_changed":false},"factory":[],"free-shipment":[],"product_brand":[],"product_cat":[441,422],"product_tag":[],"class_list":{"0":"post-85757","1":"product","2":"type-product","3":"status-publish","4":"has-post-thumbnail","6":"product_cat-ammattimaiset-siivoustuotteet","7":"product_cat-keemia-fi","9":"first","10":"instock","11":"sale","12":"taxable","13":"shipping-taxable","14":"purchasable","15":"product-type-simple"},"acf":[],"_links":{"self":[{"href":"https:\/\/factory.sale\/fi\/wp-json\/wp\/v2\/product\/85757","targetHints":{"allow":["GET"]}}],"collection":[{"href":"https:\/\/factory.sale\/fi\/wp-json\/wp\/v2\/product"}],"about":[{"href":"https:\/\/factory.sale\/fi\/wp-json\/wp\/v2\/types\/product"}],"replies":[{"embeddable":true,"href":"https:\/\/factory.sale\/fi\/wp-json\/wp\/v2\/comments?post=85757"}],"wp:featuredmedia":[{"embeddable":true,"href":"https:\/\/factory.sale\/fi\/wp-json\/wp\/v2\/media\/85754"}],"wp:attachment":[{"href":"https:\/\/factory.sale\/fi\/wp-json\/wp\/v2\/media?parent=85757"}],"wp:term":[{"taxonomy":"factory","embeddable":true,"href":"https:\/\/factory.sale\/fi\/wp-json\/wp\/v2\/factory?post=85757"},{"taxonomy":"free-shipment","embeddable":true,"href":"https:\/\/factory.sale\/fi\/wp-json\/wp\/v2\/free-shipment?post=85757"},{"taxonomy":"product_brand","embeddable":true,"href":"https:\/\/factory.sale\/fi\/wp-json\/wp\/v2\/product_brand?post=85757"},{"taxonomy":"product_cat","embeddable":true,"href":"https:\/\/factory.sale\/fi\/wp-json\/wp\/v2\/product_cat?post=85757"},{"taxonomy":"product_tag","embeddable":true,"href":"https:\/\/factory.sale\/fi\/wp-json\/wp\/v2\/product_tag?post=85757"}],"curies":[{"name":"wp","href":"https:\/\/api.w.org\/{rel}","templated":true}]}}