{"id":85740,"date":"2024-06-03T15:58:39","date_gmt":"2024-06-03T16:13:22","guid":{"rendered":"https:\/\/factory.sale\/?post_type=product&#038;p=85740"},"modified":"2024-06-26T02:43:45","modified_gmt":"2024-06-26T02:43:45","slug":"taski-jontec-300-f4a-6x1l-yleispuhdistusaine","status":"publish","type":"product","link":"https:\/\/factory.sale\/fi\/tuote\/taski-jontec-300-f4a-6x1l-yleispuhdistusaine\/","title":{"rendered":"TASKI Jontec 300 F4a 6x1L &#8211; Yleispuhdistusaine"},"content":{"rendered":"<p><strong>Tuotekoodi:<\/strong> 7512923<\/p>\n<p>&nbsp;<\/p>\n<p>Matalavaahtoinen yleispuhdistusaine vett\u00e4 siet\u00e4vien kovien pintojen p\u00e4ivitt\u00e4iseen ja jaksottaisen puhdistamisen. Tuotteessa ep\u00e4miellytt\u00e4vi\u00e4 hajuja poistava O.N.T. -teknologia. Soveltuu my\u00f6s siivoustekstiilien kostutukseen ja pesuun k\u00e4sin sek\u00e4 pyykinpesukoneessa.<\/p>\n<p>&nbsp;<\/p>\n<p><strong>Ominaisuudet <\/strong><\/p>\n<ul>\n<li>Tehokas.<\/li>\n<li>Turvallinen k\u00e4ytt\u00e4jille ja puhdistettaville pinnoille.<\/li>\n<li>J\u00e4tt\u00e4\u00e4 pitk\u00e4\u00e4n kest\u00e4v\u00e4n raikkaan tuoksun.<\/li>\n<li>O.N.T. -teknologian ansioista poistaa ep\u00e4miellytt\u00e4vi\u00e4 hajuja muuttamalla pahaa hajua aiheuttavien hajumolekyylien rakennetta.<\/li>\n<\/ul>\n<p>&nbsp;<\/p>\n<p><strong>Edut<\/strong><\/p>\n<ul>\n<li>Matalavaahtoinen, soveltuu k\u00e4si- ja konemenetelmiin.<\/li>\n<li>K\u00e4ytt\u00f6liuoksen ja tiivisteen pH heikosti em\u00e4ksinen.<\/li>\n<li>Tuotteessa pahoja hajuja poistava O.N.T.-teknologia.<\/li>\n<li>Tehokas ja nopeatoiminen.<\/li>\n<li>Kuivuu nopeasti j\u00e4lki\u00e4 j\u00e4tt\u00e4m\u00e4tt\u00e4.<\/li>\n<\/ul>\n<p>&nbsp;<\/p>\n<p><strong>K\u00e4ytt\u00f6ohje <\/strong><\/p>\n<p><strong>Annostus:<\/strong><br \/>\nMikrokuitumenetelm\u00e4: alkaen 2 ml \/ 500 ml vett\u00e4 (0,4 %)<br \/>\nPerinteinen sankomenetelm\u00e4: alkaen 2 ml \/ 5 l vett\u00e4 (0,04 %)<br \/>\nKonemenetelm\u00e4: alkaen 25 ml \/ 10 l vett\u00e4 (0,25 %), maksimi 200 ml \/ 10 l vett\u00e4 (2 %)<\/p>\n<p>&nbsp;<\/p>\n<p>&nbsp;<\/p>\n<p><strong>Tuotetiedot:<\/strong><\/p>\n<ul>\n<li>Merkki: TASKI<\/li>\n<li>SKU configuration: 6&#215;1 L<\/li>\n<li>Myyntiyksik\u00f6n pakkaus: Box<\/li>\n<li>Pituus myyntiyksikk\u00f6: 236<\/li>\n<li>Leveys myyntiyksikk\u00f6 : 160<\/li>\n<li>Korkeus myyntiyksikk\u00f6: 303<\/li>\n<li>Mitat mittayksikk\u00f6: mm<\/li>\n<li>Nettopaino: 6.01<\/li>\n<li>Bruttopaino: 6.59<\/li>\n<li>Painon mittayksikk\u00f6: kg<\/li>\n<\/ul>\n<p>&nbsp;<\/p>\n<p><a href=\"https:\/\/factory.sale\/wp-content\/uploads\/2024\/06\/tuotelehti-taski-1.pdf\" target=\"_blank\" rel=\"noopener\">Tuotelehti<\/a><\/p>\n<p><a href=\"https:\/\/factory.sale\/wp-content\/uploads\/2024\/06\/10-MSDS4927_FI02_FI_.pdf\" target=\"_blank\" rel=\"noopener\">K\u00e4ytt\u00f6turvallisuustiedote<\/a><\/p>\n","protected":false},"excerpt":{"rendered":"<p>Matalavaahtoinen yleispuhdistusaine vett\u00e4 siet\u00e4vien kovien pintojen p\u00e4ivitt\u00e4iseen ja jaksottaisen puhdistamisen. Tuotteessa ep\u00e4miellytt\u00e4vi\u00e4 hajuja poistava O.N.T. -teknologia. Soveltuu my\u00f6s siivoustekstiilien kostutukseen ja pesuun k\u00e4sin sek\u00e4 pyykinpesukoneessa.<\/p>\n","protected":false},"featured_media":85737,"comment_status":"open","ping_status":"closed","template":"","meta":{"_acf_changed":false},"factory":[],"free-shipment":[],"product_brand":[],"product_cat":[422,441],"product_tag":[],"class_list":{"0":"post-85740","1":"product","2":"type-product","3":"status-publish","4":"has-post-thumbnail","6":"product_cat-keemia-fi","7":"product_cat-ammattimaiset-siivoustuotteet","9":"first","10":"instock","11":"sale","12":"taxable","13":"shipping-taxable","14":"purchasable","15":"product-type-simple"},"acf":[],"_links":{"self":[{"href":"https:\/\/factory.sale\/fi\/wp-json\/wp\/v2\/product\/85740","targetHints":{"allow":["GET"]}}],"collection":[{"href":"https:\/\/factory.sale\/fi\/wp-json\/wp\/v2\/product"}],"about":[{"href":"https:\/\/factory.sale\/fi\/wp-json\/wp\/v2\/types\/product"}],"replies":[{"embeddable":true,"href":"https:\/\/factory.sale\/fi\/wp-json\/wp\/v2\/comments?post=85740"}],"wp:featuredmedia":[{"embeddable":true,"href":"https:\/\/factory.sale\/fi\/wp-json\/wp\/v2\/media\/85737"}],"wp:attachment":[{"href":"https:\/\/factory.sale\/fi\/wp-json\/wp\/v2\/media?parent=85740"}],"wp:term":[{"taxonomy":"factory","embeddable":true,"href":"https:\/\/factory.sale\/fi\/wp-json\/wp\/v2\/factory?post=85740"},{"taxonomy":"free-shipment","embeddable":true,"href":"https:\/\/factory.sale\/fi\/wp-json\/wp\/v2\/free-shipment?post=85740"},{"taxonomy":"product_brand","embeddable":true,"href":"https:\/\/factory.sale\/fi\/wp-json\/wp\/v2\/product_brand?post=85740"},{"taxonomy":"product_cat","embeddable":true,"href":"https:\/\/factory.sale\/fi\/wp-json\/wp\/v2\/product_cat?post=85740"},{"taxonomy":"product_tag","embeddable":true,"href":"https:\/\/factory.sale\/fi\/wp-json\/wp\/v2\/product_tag?post=85740"}],"curies":[{"name":"wp","href":"https:\/\/api.w.org\/{rel}","templated":true}]}}