{"id":85715,"date":"2024-06-03T15:22:41","date_gmt":"2024-06-03T15:50:30","guid":{"rendered":"https:\/\/factory.sale\/?post_type=product&#038;p=85715"},"modified":"2024-06-25T20:10:21","modified_gmt":"2024-06-25T20:10:21","slug":"sure-interior-surface-cleaner-2x5l-yleispuhdistusaine-2","status":"publish","type":"product","link":"https:\/\/factory.sale\/fi\/tuote\/sure-interior-surface-cleaner-2x5l-yleispuhdistusaine-2\/","title":{"rendered":"SURE Interior &#038; Surface Cleaner 2x5L &#8211; Yleispuhdistusaine"},"content":{"rendered":"<p><strong>Tuotekoodi:<\/strong> 100892011<\/p>\n<p>&nbsp;<\/p>\n<p>SURE Yleispuhdistusaine on osa ainutlaatuista kasvipohjaista, 100 % biohajoavaa* ammattik\u00e4ytt\u00f6\u00f6n tarkoitettua tuotesarjaa. Tiivistetty SURE Yleispuhdistusaine sopii kaikkien vett\u00e4 siet\u00e4vien kovien pintojen puhdistamiseen (katto, sein\u00e4t, lattiat, tasopinnat). Se on erinomainen my\u00f6s keitti\u00f6n erilaisten pintojen puhdistuksessa.<\/p>\n<p>*Perustuu puolueettomaan OECD 301B -arviointiin.<\/p>\n<p>&nbsp;<\/p>\n<p><strong>Ominaisuudet<\/strong><\/p>\n<ul>\n<li>Ymp\u00e4rist\u00f6merkitty (EU-Kukka).<\/li>\n<li>Soveltuu kaikkien kovien vett\u00e4 siet\u00e4vien pintojen puhdistamiseen; my\u00f6s alumiini- jamuut pehme\u00e4t metallipinnat (messinki, kupari).<\/li>\n<li>Ei sis\u00e4ll\u00e4 hajusteita eik\u00e4 v\u00e4riaineita.<\/li>\n<li>Valmistettu uusiutuvista luonnon omista raaka-aineista.<\/li>\n<li>100 % biohajoava.<\/li>\n<li>Ei sis\u00e4ll\u00e4 luonnolle vaarallisia luokituksia. Ei vaaraluokituksia k\u00e4ytt\u00f6liuoksessa.<\/li>\n<\/ul>\n<p>&nbsp;<\/p>\n<p><strong>Edut<\/strong><\/p>\n<ul>\n<li>Tiivistetty tuote on taloudellista k\u00e4yt\u00f6ss\u00e4.<\/li>\n<li>Kuivuu nopeasti j\u00e4lki\u00e4 j\u00e4tt\u00e4m\u00e4tt\u00e4.<\/li>\n<li>Tehoaa my\u00f6s ruokarasvaan ja -likaan.<\/li>\n<li>V\u00e4hent\u00e4\u00e4 ymp\u00e4rist\u00f6rasitetta.<\/li>\n<\/ul>\n<p>&nbsp;<\/p>\n<p>&nbsp;<\/p>\n<p><strong>K\u00e4ytt\u00f6ohje<\/strong><\/p>\n<p><strong>Mikrokuitumenetelm\u00e4 (Spray-menetelm\u00e4):<\/strong><\/p>\n<ol>\n<li>Annostele 7,5 ml SURE Yleispuhdistusainetta vedell\u00e4 t\u00e4ytettyyn 750 ml:n SURE- annostelupulloon (1 %).<\/li>\n<li>Poista irtolika.<\/li>\n<li>Annostele puhdistusliuosta pinnalle ja puhdista pinta mikrokuitupyyhkeell\u00e4.<\/li>\n<li>Huuhtele ruuan kanssa kosketuksiin joutuvat pinnat puhtaalla vedell\u00e4 ja puhtaalla mikrokuitupyyhkeell\u00e4, anna pinnan kuivua.<\/li>\n<\/ol>\n<p>&nbsp;<\/p>\n<p><strong>Perinteinen siivous (sankomenetelm\u00e4):<\/strong><\/p>\n<ol>\n<li>Annostus: 3-15 ml SURE Yleispuhdistusainetta 1 litraan k\u00e4denl\u00e4mp\u00f6ist\u00e4 vett\u00e4 (0,3 &#8211; 1,5 % liuos).<\/li>\n<li>Poista irtolika.<\/li>\n<li>Annostele puhdistusliuos puhdistettavalle pinnalle ja puhdista pinta siivouspyyhkeell\u00e4, pesuharjalla tai moppi-\/kuivainpyyhkimell\u00e4.<\/li>\n<li>Huuhtele puhtaalla vedell\u00e4 ja anna kuivua.<\/li>\n<\/ol>\n<p>&nbsp;<\/p>\n<p><strong>Tuotetiedot:<\/strong><\/p>\n<ul>\n<li>Merkki: SURE<\/li>\n<li>SKU configuration: 2&#215;5 L<\/li>\n<li>Myyntiyksik\u00f6n pakkaus: Box<\/li>\n<li>Pituus myyntiyksikk\u00f6: 280<\/li>\n<li>Leveys myyntiyksikk\u00f6: 191<\/li>\n<li>Korkeus myyntiyksikk\u00f6: 295<\/li>\n<li>Mitat mittayksikk\u00f6: mm<\/li>\n<li>Nettopaino: 10.1<\/li>\n<li>Bruttopaino: 10.67<\/li>\n<li>Painon mittayksikk\u00f6: kg<\/li>\n<\/ul>\n<p>&nbsp;<\/p>\n<p><a href=\"https:\/\/factory.sale\/wp-content\/uploads\/2024\/06\/MS1002594_FI02_FI_.pdf\" target=\"_blank\" rel=\"noopener\">K\u00e4ytt\u00f6turvallisuustiedote<\/a><\/p>\n<p><a href=\"https:\/\/factory.sale\/wp-content\/uploads\/2024\/06\/6K00115-PIS-SURE-Interior-Surface-Cleaner-fi-FI.pdf\" target=\"_blank\" rel=\"noopener\">Tuotelehti<\/a><\/p>\n","protected":false},"excerpt":{"rendered":"<p>SURE Yleispuhdistusaine on osa ainutlaatuista kasvipohjaista, 100 % biohajoavaa* ammattik\u00e4ytt\u00f6\u00f6n tarkoitettua tuotesarjaa. Tiivistetty SURE Yleispuhdistusaine sopii kaikkien vett\u00e4 siet\u00e4vien kovien pintojen puhdistamiseen (katto, sein\u00e4t, lattiat, tasopinnat). Se on erinomainen my\u00f6s keitti\u00f6n erilaisten pintojen puhdistuksessa.<\/p>\n","protected":false},"featured_media":85702,"comment_status":"open","ping_status":"closed","template":"","meta":{"_acf_changed":false},"factory":[],"free-shipment":[],"product_brand":[],"product_cat":[441,422],"product_tag":[],"class_list":{"0":"post-85715","1":"product","2":"type-product","3":"status-publish","4":"has-post-thumbnail","6":"product_cat-ammattimaiset-siivoustuotteet","7":"product_cat-keemia-fi","9":"first","10":"instock","11":"sale","12":"taxable","13":"shipping-taxable","14":"purchasable","15":"product-type-simple"},"acf":[],"_links":{"self":[{"href":"https:\/\/factory.sale\/fi\/wp-json\/wp\/v2\/product\/85715","targetHints":{"allow":["GET"]}}],"collection":[{"href":"https:\/\/factory.sale\/fi\/wp-json\/wp\/v2\/product"}],"about":[{"href":"https:\/\/factory.sale\/fi\/wp-json\/wp\/v2\/types\/product"}],"replies":[{"embeddable":true,"href":"https:\/\/factory.sale\/fi\/wp-json\/wp\/v2\/comments?post=85715"}],"wp:featuredmedia":[{"embeddable":true,"href":"https:\/\/factory.sale\/fi\/wp-json\/wp\/v2\/media\/85702"}],"wp:attachment":[{"href":"https:\/\/factory.sale\/fi\/wp-json\/wp\/v2\/media?parent=85715"}],"wp:term":[{"taxonomy":"factory","embeddable":true,"href":"https:\/\/factory.sale\/fi\/wp-json\/wp\/v2\/factory?post=85715"},{"taxonomy":"free-shipment","embeddable":true,"href":"https:\/\/factory.sale\/fi\/wp-json\/wp\/v2\/free-shipment?post=85715"},{"taxonomy":"product_brand","embeddable":true,"href":"https:\/\/factory.sale\/fi\/wp-json\/wp\/v2\/product_brand?post=85715"},{"taxonomy":"product_cat","embeddable":true,"href":"https:\/\/factory.sale\/fi\/wp-json\/wp\/v2\/product_cat?post=85715"},{"taxonomy":"product_tag","embeddable":true,"href":"https:\/\/factory.sale\/fi\/wp-json\/wp\/v2\/product_tag?post=85715"}],"curies":[{"name":"wp","href":"https:\/\/api.w.org\/{rel}","templated":true}]}}