{"id":85656,"date":"2024-06-03T10:27:04","date_gmt":"2024-06-03T10:36:32","guid":{"rendered":"https:\/\/factory.sale\/?post_type=product&#038;p=85656"},"modified":"2024-06-26T04:01:39","modified_gmt":"2024-06-26T04:01:39","slug":"sure-floor-cleaner-6x1l-matalavaahtoinen-yleispuhdistusaine-kasi-ja-konemenetelmiin","status":"publish","type":"product","link":"https:\/\/factory.sale\/fi\/tuote\/sure-floor-cleaner-6x1l-matalavaahtoinen-yleispuhdistusaine-kasi-ja-konemenetelmiin\/","title":{"rendered":"SURE Floor Cleaner 6x1L &#8211; Matalavaahtoinen yleispuhdistusaine k\u00e4si-ja konemenetelmiin"},"content":{"rendered":"<p><strong>Tuotekoodi:<\/strong> 100891586<\/p>\n<p>&nbsp;<\/p>\n<p>SURE Matalavaahtoinen yleispuhdistusaine on osa ainutlaatuista kasvipohjaista, 100 % biohajoavaa ammattik\u00e4ytt\u00f6\u00f6n tarkoitettua tuotesarjaa. Heikosti em\u00e4ksinen SURE Matalavaahtoinen yleispuhdistusaine on tehokas, mutta turvallinen. Se soveltuu kaikkien vett\u00e4 siet\u00e4vien kovien pintojen puhdistamiseen k\u00e4si- ja konemenetelmiin sek\u00e4 annostusta muuttamalla my\u00f6s tehopuhdistukseen, siivoustekstiilien kostutukseen ja pesuun painehuuhtelukoneella sek\u00e4 pyykinpesukoneessa.<\/p>\n<p>&nbsp;<\/p>\n<p><strong>Ominaisuudet <\/strong><\/p>\n<ul>\n<li>Ymp\u00e4rist\u00f6merkitty (EU-Kukka).<\/li>\n<li>Matalavaahtoinen, k\u00e4si- ja konemenetelmiin.<\/li>\n<li>Tehokas, helppo, miellytt\u00e4v\u00e4 ja turvallinen k\u00e4ytt\u00e4\u00e4.<\/li>\n<li>Ei sis\u00e4ll\u00e4 k\u00e4ytt\u00e4j\u00e4lle tai luonnolle vaarallisia luokituksia.<\/li>\n<li>Kasvipohjainen. 100 %:sti biohajoava.<\/li>\n<li>Kuivuu nopeasti j\u00e4lki\u00e4 j\u00e4tt\u00e4m\u00e4tt\u00e4.<\/li>\n<li>Ei sis\u00e4ll\u00e4 hajusteita eik\u00e4 v\u00e4riaineita.<\/li>\n<li>K\u00e4ytt\u00f6liuoksen pH n. 10.<\/li>\n<\/ul>\n<p>&nbsp;<\/p>\n<p><strong>Edut <\/strong><\/p>\n<ul>\n<li>Tehokas<\/li>\n<li>Laajak\u00e4ytt\u00f6inen &#8211; kalusteille, lattioille, m\u00e4rk\u00e4tiloihin, elintarviketiloihin ja teollisuuteen<\/li>\n<li>Matalavaahtoinen; soveltuu k\u00e4si- ja konemenetelmiin sek\u00e4 siivoustekstiilien kostutukseen pyykinpesukoneessa<\/li>\n<\/ul>\n<p>&nbsp;<\/p>\n<p><strong>K\u00e4ytt\u00f6ohje <\/strong><\/p>\n<p><strong>K\u00e4simenetelm\u00e4t:<\/strong> annostele puhdistusliuosta tahrakohtaan ja puhdista mikrokuitupyyhkeell\u00e4 tai k\u00e4yt\u00e4 kuivain- tai moppipyyhint\u00e4. Puhdista voimakkaammin likaantuneet kohdat liuoksessa kostutetulla mikrokuitupyyhkeell\u00e4, kuivain- tai moppipyyhkimell\u00e4.<\/p>\n<p><strong>Yhdistelm\u00e4kone:<\/strong> annostele vedell\u00e4 t\u00e4ytettyyn puhdasvesis\u00e4ili\u00f6\u00f6n ja pese lattia. K\u00e4yt\u00e4 tarvittaessa ep\u00e4suoraa puhdistusmenetelm\u00e4\u00e4.<\/p>\n<p>&nbsp;<\/p>\n<p><strong>Tuotetiedot:\u00a0<\/strong><\/p>\n<ul>\n<li>Merkki: SURE<\/li>\n<li>SKU configuration 6&#215;1: L<\/li>\n<li>Myyntiyksik\u00f6n pakkaus: Box<\/li>\n<li>Pituus myyntiyksikk\u00f6: 236<\/li>\n<li>Leveys myyntiyksikk\u00f6: 160<\/li>\n<li>Korkeus myyntiyksikk\u00f6: 303<\/li>\n<li>Mitat mittayksikk\u00f6: mm<\/li>\n<li>Nettopaino: 6.12<\/li>\n<li>Bruttopaino: 6.7<\/li>\n<li>Painon mittayksikk\u00f6: kg<\/li>\n<\/ul>\n<p>&nbsp;<\/p>\n<p><a href=\"https:\/\/factory.sale\/wp-content\/uploads\/2024\/06\/SURE-K00188-MASTER.pdf\" target=\"_blank\" rel=\"noopener\">Tuotelehti<\/a><\/p>\n","protected":false},"excerpt":{"rendered":"<p>SURE Matalavaahtoinen yleispuhdistusaine on osa ainutlaatuista kasvipohjaista, 100 % biohajoavaa ammattik\u00e4ytt\u00f6\u00f6n tarkoitettua tuotesarjaa. Heikosti em\u00e4ksinen SURE Matalavaahtoinen yleispuhdistusaine on tehokas, mutta turvallinen. Se soveltuu kaikkien vett\u00e4 siet\u00e4vien kovien pintojen puhdistamiseen k\u00e4si- ja konemenetelmiin sek\u00e4 annostusta muuttamalla my\u00f6s tehopuhdistukseen, siivoustekstiilien kostutukseen ja pesuun painehuuhtelukoneella sek\u00e4 pyykinpesukoneessa.<\/p>\n","protected":false},"featured_media":85649,"comment_status":"open","ping_status":"closed","template":"","meta":{"_acf_changed":false},"factory":[],"free-shipment":[],"product_brand":[],"product_cat":[422,441],"product_tag":[],"class_list":{"0":"post-85656","1":"product","2":"type-product","3":"status-publish","4":"has-post-thumbnail","6":"product_cat-keemia-fi","7":"product_cat-ammattimaiset-siivoustuotteet","9":"first","10":"instock","11":"sale","12":"taxable","13":"shipping-taxable","14":"purchasable","15":"product-type-simple"},"acf":[],"_links":{"self":[{"href":"https:\/\/factory.sale\/fi\/wp-json\/wp\/v2\/product\/85656","targetHints":{"allow":["GET"]}}],"collection":[{"href":"https:\/\/factory.sale\/fi\/wp-json\/wp\/v2\/product"}],"about":[{"href":"https:\/\/factory.sale\/fi\/wp-json\/wp\/v2\/types\/product"}],"replies":[{"embeddable":true,"href":"https:\/\/factory.sale\/fi\/wp-json\/wp\/v2\/comments?post=85656"}],"wp:featuredmedia":[{"embeddable":true,"href":"https:\/\/factory.sale\/fi\/wp-json\/wp\/v2\/media\/85649"}],"wp:attachment":[{"href":"https:\/\/factory.sale\/fi\/wp-json\/wp\/v2\/media?parent=85656"}],"wp:term":[{"taxonomy":"factory","embeddable":true,"href":"https:\/\/factory.sale\/fi\/wp-json\/wp\/v2\/factory?post=85656"},{"taxonomy":"free-shipment","embeddable":true,"href":"https:\/\/factory.sale\/fi\/wp-json\/wp\/v2\/free-shipment?post=85656"},{"taxonomy":"product_brand","embeddable":true,"href":"https:\/\/factory.sale\/fi\/wp-json\/wp\/v2\/product_brand?post=85656"},{"taxonomy":"product_cat","embeddable":true,"href":"https:\/\/factory.sale\/fi\/wp-json\/wp\/v2\/product_cat?post=85656"},{"taxonomy":"product_tag","embeddable":true,"href":"https:\/\/factory.sale\/fi\/wp-json\/wp\/v2\/product_tag?post=85656"}],"curies":[{"name":"wp","href":"https:\/\/api.w.org\/{rel}","templated":true}]}}