{"id":85640,"date":"2024-06-03T09:54:37","date_gmt":"2024-06-03T10:09:35","guid":{"rendered":"https:\/\/factory.sale\/?post_type=product&#038;p=85640"},"modified":"2024-06-30T02:13:30","modified_gmt":"2024-06-30T02:13:30","slug":"taski-jontec-300-free-f4a-2x5l-matalavaahtoinen-yleispuhdistusaine","status":"publish","type":"product","link":"https:\/\/factory.sale\/fi\/tuote\/taski-jontec-300-free-f4a-2x5l-matalavaahtoinen-yleispuhdistusaine\/","title":{"rendered":"TASKI Jontec 300 free F4a 2x5L &#8211; Matalavaahtoinen yleispuhdistusaine"},"content":{"rendered":"<p><strong>Product code:<\/strong> 7513117<\/p>\n<p>&nbsp;<\/p>\n<p>Ymp\u00e4rist\u00f6merkitty matalavaahtoinen yleispuhdistusaine kaikkien vett\u00e4 siet\u00e4vien kovien pintojen puhdistamiseen. Soveltuu my\u00f6s siivoustekstiilien kostutukseen ja pesuun k\u00e4sin sek\u00e4 pyykinpesukoneessa.<\/p>\n<p>&nbsp;<\/p>\n<p><strong>Ominaisuudet<\/strong><\/p>\n<ul>\n<li>Matalavaahtoinen, ei sis\u00e4ll\u00e4 hajusteita eik\u00e4 v\u00e4riaineita.<\/li>\n<li>Nopeavaikutteinen, kuivuu j\u00e4lki\u00e4 j\u00e4tt\u00e4m\u00e4tt\u00e4.<\/li>\n<li>Monik\u00e4ytt\u00f6inen, my\u00f6s aroille pinnoille sek\u00e4 lasipintojen puhdistukseen.<\/li>\n<\/ul>\n<p>&nbsp;<\/p>\n<p><strong>Edut<\/strong><\/p>\n<ul>\n<li>Ymp\u00e4rist\u00f6merkitty (EU-kukka).<\/li>\n<li>K\u00e4ytt\u00f6liuoksen ja tiivisteen pH heikosti em\u00e4ksinen.<\/li>\n<li>Turvallinen k\u00e4ytt\u00e4jille ja pinnoille.<\/li>\n<li>Tehokas.<\/li>\n<li>Matalavaahtoinen; soveltuu k\u00e4si- ja konemenetelmiin sek\u00e4 siivoustekstiilien kostutukseen pyykinpesukoneessa.<\/li>\n<\/ul>\n<p>&nbsp;<\/p>\n<p><strong>K\u00e4ytt\u00f6ohje<\/strong><\/p>\n<p><strong>Mikrokuitu- ja sankomenetelm\u00e4:<\/strong><br \/>\nAnnostele puhdistusaineliuos tahrakohtaan ja puhdista mikrokuitupyyhkeell\u00e4 tai k\u00e4yt\u00e4 kuivain- tai moppipyyhint\u00e4. Puhdista voimakkaammin likaantuneet pinnat liuoksessa kostutetulla mikrokuitupyyhkeell\u00e4, kuivain- tai moppipyyhkimell\u00e4.<\/p>\n<p><strong>Konemenetelm\u00e4:<\/strong><br \/>\nPese lattia yhdistelm\u00e4koneella, k\u00e4yt\u00e4 tarvittaessa ep\u00e4suoraa puhdistusmenetelm\u00e4\u00e4.<\/p>\n<p>&nbsp;<\/p>\n<p>&nbsp;<\/p>\n<p><strong>Tuotetiedot:<\/strong><\/p>\n<ul>\n<li>Merkki: TASKI<\/li>\n<li>SKU configuration: 2&#215;5 L<\/li>\n<li>Myyntiyksik\u00f6n pakkaus: Box<\/li>\n<li>Pituus myyntiyksikk\u00f6: 280<\/li>\n<li>Leveys myyntiyksikk\u00f6: 191<\/li>\n<li>Korkeus myyntiyksikk\u00f6: 295<\/li>\n<li>Mitat mittayksikk\u00f6: mm<\/li>\n<li>Nettopaino: 10.05<\/li>\n<li>Bruttopaino: 10.62<\/li>\n<li>Painon mittayksikk\u00f6: kg<\/li>\n<\/ul>\n<p>&nbsp;<\/p>\n<p>&nbsp;<\/p>\n<p><a href=\"https:\/\/factory.sale\/wp-content\/uploads\/2024\/06\/P90817-MASTER-2.pdf\" target=\"_blank\" rel=\"noopener\">Tuotelehti<\/a><\/p>\n","protected":false},"excerpt":{"rendered":"<p>Ymp\u00e4rist\u00f6merkitty matalavaahtoinen yleispuhdistusaine kaikkien vett\u00e4 siet\u00e4vien kovien pintojen puhdistamiseen. Soveltuu my\u00f6s siivoustekstiilien kostutukseen ja pesuun k\u00e4sin sek\u00e4 pyykinpesukoneessa.<\/p>\n","protected":false},"featured_media":85637,"comment_status":"open","ping_status":"closed","template":"","meta":{"_acf_changed":false},"factory":[],"free-shipment":[],"product_brand":[],"product_cat":[441,422],"product_tag":[],"class_list":{"0":"post-85640","1":"product","2":"type-product","3":"status-publish","4":"has-post-thumbnail","6":"product_cat-ammattimaiset-siivoustuotteet","7":"product_cat-keemia-fi","9":"first","10":"instock","11":"sale","12":"taxable","13":"shipping-taxable","14":"purchasable","15":"product-type-simple"},"acf":[],"_links":{"self":[{"href":"https:\/\/factory.sale\/fi\/wp-json\/wp\/v2\/product\/85640","targetHints":{"allow":["GET"]}}],"collection":[{"href":"https:\/\/factory.sale\/fi\/wp-json\/wp\/v2\/product"}],"about":[{"href":"https:\/\/factory.sale\/fi\/wp-json\/wp\/v2\/types\/product"}],"replies":[{"embeddable":true,"href":"https:\/\/factory.sale\/fi\/wp-json\/wp\/v2\/comments?post=85640"}],"wp:featuredmedia":[{"embeddable":true,"href":"https:\/\/factory.sale\/fi\/wp-json\/wp\/v2\/media\/85637"}],"wp:attachment":[{"href":"https:\/\/factory.sale\/fi\/wp-json\/wp\/v2\/media?parent=85640"}],"wp:term":[{"taxonomy":"factory","embeddable":true,"href":"https:\/\/factory.sale\/fi\/wp-json\/wp\/v2\/factory?post=85640"},{"taxonomy":"free-shipment","embeddable":true,"href":"https:\/\/factory.sale\/fi\/wp-json\/wp\/v2\/free-shipment?post=85640"},{"taxonomy":"product_brand","embeddable":true,"href":"https:\/\/factory.sale\/fi\/wp-json\/wp\/v2\/product_brand?post=85640"},{"taxonomy":"product_cat","embeddable":true,"href":"https:\/\/factory.sale\/fi\/wp-json\/wp\/v2\/product_cat?post=85640"},{"taxonomy":"product_tag","embeddable":true,"href":"https:\/\/factory.sale\/fi\/wp-json\/wp\/v2\/product_tag?post=85640"}],"curies":[{"name":"wp","href":"https:\/\/api.w.org\/{rel}","templated":true}]}}